{"id":823,"date":"2009-10-08T21:22:08","date_gmt":"2009-10-08T19:22:08","guid":{"rendered":"http:\/\/www.sk8.net\/wp\/?page_id=823"},"modified":"2025-02-18T11:44:28","modified_gmt":"2025-02-18T10:44:28","slug":"robney-mullen-par-aymeric-nocus","status":"publish","type":"page","link":"https:\/\/www.sk8.net\/wp\/?page_id=823","title":{"rendered":"Rodney Mullen par Aymeric Nocus"},"content":{"rendered":"\n<figure class=\"wp-block-embed is-type-video is-provider-youtube wp-block-embed-youtube wp-embed-aspect-4-3 wp-has-aspect-ratio\"><div class=\"wp-block-embed__wrapper\">\n<iframe loading=\"lazy\" title=\"Rodney Mullen Limited DVD EDITION 2K7\" width=\"800\" height=\"600\" src=\"https:\/\/www.youtube.com\/embed\/Oh7ogBEJ9NM?feature=oembed\" frameborder=\"0\" allow=\"accelerometer; autoplay; clipboard-write; encrypted-media; gyroscope; picture-in-picture; web-share\" referrerpolicy=\"strict-origin-when-cross-origin\" allowfullscreen><\/iframe>\n<\/div><\/figure>\n\n\n<p>L&rsquo;histoire de notre petit univers qu&rsquo;est le microcosme du skateboard est ponctu\u00e9e d&rsquo;un bon nombre de grands noms et de tout autant de l\u00e9gendes ayant contribu\u00e9 d&rsquo;une fa\u00e7on ou d&rsquo;une autre \u00e0 son \u00e9dification &#8211; et quand bien m\u00eame seulement une poign\u00e9e de ceux-ci seraient \u00e0 \u00e9lever au rang de v\u00e9ritables pionniers, tous sont unanimes : Rodney Mullen figurerait incontestablement parmi eux. D\u00e9j\u00e0 v\u00e9ritable pav\u00e9 dans la marre en mati\u00e8re de technique \u00e0 l&rsquo;\u00e9poque du freestyle et ce malgr\u00e9 la rencontre de tous les obstacles possibles et imaginables au cours de sa carri\u00e8re (\u00e0 d\u00e9couvrir dans son autobiographie : The Mutt &#8211; How to Skateboard and Not Kill Yourself), ce fils de m\u00e9decin \u00e9lev\u00e9 dans une petite ferme de Gainesville en Floride, avec l&rsquo;aide des bonnes personnes, a pav\u00e9 la voie vers les grandes lignes du street technique moderne \u00e0 une \u00e9poque o\u00f9 le ollie en flat n&rsquo;\u00e9tait encore qu&rsquo;une burlesque utopie. Rencontre avec l&rsquo;un des p\u00e8res fondateurs du skateboard universel, dont l&rsquo;humilit\u00e9, la simplicit\u00e9 et l&rsquo;humanit\u00e9 constituent d\u00e9j\u00e0 \u00e0 eux seuls une le\u00e7on de vie.<\/p>\n<p>(contexte de l&rsquo;interview : soir\u00e9e priv\u00e9e GLOBE \u00e0 Monistrol. Eero Anttila boit des bi\u00e8res, Haslam d\u00e9conne avec THE DITCH, Decenzo skate la mini, Schuster parle fran\u00e7ais et Chet Thomas n&rsquo;est pas l\u00e0. Mullen d\u00e9ambule dans l&rsquo;arri\u00e8re-cour du g\u00eete Alternatif tenu par Damien, un grand sourire aux l\u00e8vres et r\u00e9pond le plus pos\u00e9ment du monde aux questions de chacun m\u00eame les plus b\u00e2teau ou les plus excentriques, un sourire comme viss\u00e9 sur le visage, serrant des mains, faisant de grands gestes, signant boards et photos de l&rsquo;\u00e9poque ramen\u00e9s par des fans de la premi\u00e8re heure, et racontant sa vie)<\/p>\n<p>Aymeric &#8211; Tout d&rsquo;abord c&rsquo;est vraiment un honneur que de te rencontrer et je tiens \u00e0 te remercier au nom de tous ce soir ici d&rsquo;\u00eatre pass\u00e9 nous voir. Je suis un grand fan de toute ton oeuvre pour le skate, j&rsquo;ai \u00e9norm\u00e9ment de respect pour ta carri\u00e8re, j&rsquo;ai m\u00eame \u00e9t\u00e9 jusqu&rsquo;\u00e0 lire ton autobiographie. Au fil des ann\u00e9es (d\u00e9cennies !) tu as sorti \u00e9norm\u00e9ment de video parts, y en a-t-il une en particulier dont tu sois particuli\u00e8rement satisfait ?<\/p>\n<p>Rodney &#8211; Merci beaucoup. Je pense que la video part dont je suis le plus satisfait c&rsquo;\u00e9tait ma part dans la vid\u00e9o Globe \u00ab\u00a0Opinion\u00a0\u00bb, je ne sais pas si tu l&rsquo;as vue ?(Aymeric &#8211; bien s\u00fbr que oui ! c&rsquo;\u00e9tait une de mes premi\u00e8res vraies vid\u00e9os de skate, je mattais ta part ainsi que celle de Danny Gonzales en boucle \u00e0 l&rsquo;\u00e9poque !)Excellent ! En fait en gros j&rsquo;ai vraiment aim\u00e9 travailler sur celle-l\u00e0, parce que j&rsquo;avais carte blanche pour filmer vraiment tout ce que je voulais, j&rsquo;ai m\u00eame pu faire un peu de freestyle, c&rsquo;\u00e9tait vraiment libre dans l&rsquo;esprit, j&rsquo;ai pu faire un truc polyvalent, et d&rsquo;une mani\u00e8re g\u00e9n\u00e9rale j&rsquo;ai vraiment aim\u00e9 le r\u00e9sultat, m\u00eame la musique passait super bien. Tu savais qu&rsquo;\u00e0 l&rsquo;origine ces footages \u00e9taient destin\u00e9s \u00e0 une vid\u00e9o Enjoi ? Marc Johnson \u00e9tait chez Enjoi aussi \u00e0 l&rsquo;\u00e9poque, c&rsquo;est un tr\u00e8s bon ami \u00e0 moi et j&rsquo;\u00e9tais donc super content d&rsquo;\u00eatre dans le m\u00eame team que lui, puis finalement il s&rsquo;est barr\u00e9, et d\u00e8s lors je n&rsquo;avais plus vraiment de rep\u00e8res au sein d&rsquo;Enjoi. C&rsquo;est en grande partie ce pourquoi j&rsquo;ai fini par partir aussi, et par lancer Almost.<\/p>\n<p>Aymeric &#8211; Ah c&rsquo;est chouette de savoir \u00e7a. Une autre de mes parts pr\u00e9f\u00e9r\u00e9es de toi &#8211; et celle que je m&rsquo;attendais \u00e0 ce que tu mentionnes, pour \u00eatre honn\u00eate, vu \u00e0 quel point tu t&rsquo;es investi dedans &#8211; c&rsquo;\u00e9tait ta part dans la vid\u00e9o Plan B \u00ab\u00a0Questionable\u00a0\u00bb (1992).<\/p>\n<p>Rodney &#8211; Vraiment ? Et bien en fait, filmer celle-l\u00e0 a \u00e9t\u00e9 quelque chose de plut\u00f4t dur, j&rsquo;\u00e9tais franchement nerveux tout le long &#8211; en fait \u00e0 cette \u00e9poque le freestyle crevait \u00e0 petit feu, et je sentais ma carri\u00e8re toucher \u00e0 sa fin. Ce sont des gens comme Mike Ternasky (RIP), qui continuaient \u00e0 croire en moi et \u00e0 voir du potentiel dans mon skate, qui ont essay\u00e9 de me lancer dans de nouvelles directions et c&rsquo;est plus ou moins cette p\u00e9riode-l\u00e0 de ma vie que cette video part repr\u00e9sente. Je ne croyais franchement pas du tout en moi, et tu vois le tout dernier trick de la part ?(Aymeric &#8211; le casper slide ?) Ouais, le casper. En fait c&rsquo;est Mike T qui m&rsquo;a conduit \u00e0 ce spot, a pris ma board, m&rsquo;a montr\u00e9 le trick avec ses mains et m&rsquo;a dit, \u00ab\u00a0Rodney tu vois \u00e7a ? C&rsquo;est ton nouveau d\u00e9part. C&rsquo;est ce que tu vas faire \u00e0 partir de maintenant\u00a0\u00bb. Donc je l&rsquo;ai fait, pas tr\u00e8s s\u00fbr de moi, j&rsquo;ai fini ma part, et je me rappellerai toujours du soir de la premi\u00e8re de la vid\u00e9o : quand mon nom est apparu sur l&rsquo;\u00e9cran tout le monde s&rsquo;est soudainement t\u00fb, et on pouvait entendre les mouches voler pendant toute la dur\u00e9e de la part. Je me sentais tout petit, je flippais \u00e0 mort, je me disais \u00ab\u00a0putain \u00e7a y est, c&rsquo;est trop pourri, je suis fini\u00a0\u00bb. Et le dernier trick est pass\u00e9 \u00e0 l&rsquo;\u00e9cran, au ralenti, fondu au noir. Et l\u00e0 tout le monde s&rsquo;est lev\u00e9 et m&rsquo;a acclam\u00e9 ! Je me suis senti tellement rassur\u00e9, mais \u00e0 un point. Je pense que c&rsquo;est aussi pour \u00e7a que je pr\u00e9f\u00e8re ma part dans la \u00ab\u00a0Virtual Reality\u00a0\u00bb (la vid\u00e9o Plan B suivante, NDLR) \u00e0 celle de la \u00ab\u00a0Questionable\u00a0\u00bb : j&rsquo;avais davantage confiance en moi, \u00e7a n&rsquo;\u00e9tait plus du tout un genre de nouveau d\u00e9part, j&rsquo;avais mes rep\u00e8res de pos\u00e9s et je n&rsquo;avais plus qu&rsquo;\u00e0 continuer \u00e0 faire mon truc \u00e0 moi. C&rsquo;est aussi \u00e0 ce moment-l\u00e0 que j&rsquo;ai commenc\u00e9 \u00e0 faire tous les darkslides.<\/p>\n<p>Aymeric &#8211; Je vois ! Il y a aussi une chose pour laquelle j&rsquo;aimerai te remercier, avant d&rsquo;oublier. Je pense que je ne t&rsquo;apprends pas comment tout le monde bloque sur tes vid\u00e9os, en particulier dans leurs premi\u00e8res ann\u00e9es de skate au moment o\u00f9 ils se rendent compte de tout ce qu&rsquo;il est possible de faire sur un skate. Et bien outre l&rsquo;aspect purement technique, un \u00e9l\u00e9ment de ton skate qui moi m&rsquo;a particuli\u00e8rement marqu\u00e9 durant mes premi\u00e8res ann\u00e9es de pratique a \u00e9t\u00e9 ta fa\u00e7on de sourire en permanence, sur chaque putain de trick, dans chaque vid\u00e9o. A mon avis, inconsciemment \u00e0 travers \u00e7a tu influences \u00e9norm\u00e9ment de kids et rappelle \u00e0 tout le monde que le skate c&rsquo;est cens\u00e9 \u00eatre une activit\u00e9 amusante, et pas un sport chiant ou une sorte de devoir. Je pense que d\u00e9j\u00e0 rien que \u00e7a, \u00e7a m\u00e9rite un profond respect, et je tenais \u00e0 le souligner.<\/p>\n<p>Rodney &#8211; Merci, merci beaucoup. Ca c&rsquo;est aussi quelque chose que j&rsquo;appr\u00e9cie \u00e9norm\u00e9ment dans le skate &#8211; on peut voyager partout dans le monde, on rencontrera toujours des gens partageant la m\u00eame passion et la vivant tout autant \u00e0 fond, en prenant le m\u00eame pied sous la m\u00eame enseigne, c&rsquo;est g\u00e9nial.<\/p>\n<p>Aymeric &#8211; Oui, c&rsquo;est un peu comme un langage universel. Je tenais \u00e0 le souligner parce que personnellement, je sais que j&rsquo;ai du mal avec certains skaters qui ont plus l&rsquo;air de se faire chier sur une board qu&rsquo;autre chose, comme s&rsquo;ils \u00e9taient en train de faire leurs devoirs. Ce que je veux dire c&rsquo;est que le skate c&rsquo;est cens\u00e9 \u00eatre marrant, donc si on aime pas en faire et qu&rsquo;on ne s&rsquo;amuse pas pourquoi continuer ?<\/p>\n<p>Rodney &#8211; (rires) c&rsquo;est tr\u00e8s vrai ! j&rsquo;ai fait des observations similaires moi aussi, partout o\u00f9 je vais je rencontre des gens qui font toujours genre \u00ab\u00a0ah l\u00e0 l\u00e0 j&rsquo;aime pas le skate, \u00e7a me stresse de filmer&#8230;\u00a0\u00bb, ce \u00e0 quoi je r\u00e9ponds toujours \u00ab\u00a0ben alors, pourquoi est-ce que tu le fais ?\u00a0\u00bb (rires)<\/p>\n<p>Un gamin &#8211; Eh Rodney, tu as eu quoi comme sponsors board avant de lancer Almost ?<\/p>\n<p>Rodney &#8211; Euh, alors. J&rsquo;ai \u00e9t\u00e9 chez Enjoi, et World Industries avant \u00e7a. J&rsquo;ai aussi \u00e9t\u00e9 chez Plan B, chez Powell.<\/p>\n<p>Rodney &#8211; (rires) OUI A-TEAM ! Hahaha j&rsquo;avais compl\u00e8tement zapp\u00e9 cette p\u00e9riode !<\/p>\n<p>Aymeric &#8211; Je t&rsquo;ai dit que j&rsquo;ai lu ton bouquin !<\/p>\n<p>Rodney &#8211; (rires)<\/p>\n<p>Doble &#8211; HEYYYY RODNEYYYYYYYYY !!!!! PUBLIC DOMAINNNNNNNNNNNNN !!!!<\/p>\n<p>Gamin n\u00b02 &#8211; Eh Rodney, au moment d&rsquo;inventer tous les tricks modernes \u00e0 quoi pensais-tu exactement, comment est-ce que tu concevais \u00e7a ? Par exemple le flip ?<\/p>\n<p>Rodney &#8211; Oh le kickflip, et bien&#8230; Bon, tu vois d&rsquo;o\u00f9 vient le ollie ? En gros dans les ann\u00e9es 80 mon team mate chez Powell Alan Gelfand faisait des aerials sans grabber en vert et le trick a rapidement \u00e9t\u00e9 baptis\u00e9 \u00ab\u00a0ollie\u00a0\u00bb, \u00e0 cause du surnom d&rsquo;Alan qui \u00e9tait Ollie. A force de le voir faire \u00e7a j&rsquo;ai commenc\u00e9 \u00e0 bosser un truc similaire mais sur le flat, en poppant le tail, et vous savez tous comment \u00e7a marche un ollie, on poppe le tail et le nose monte, puis on l&rsquo;abaisse et il redescend&#8230; J&rsquo;\u00e9tais un des premiers \u00e0 bosser ce truc comme \u00e7a et j&rsquo;essayais de le monter au maximum pour voir ce qu&rsquo;il \u00e9tait possible de faire avec, de les grabber, de les tweaker. Et un jour j&rsquo;en ai popp\u00e9 un trop haut et il a commenc\u00e9 \u00e0 monter dangereusement, du coup j&rsquo;ai voulu vacquer ma board avec mes pieds, et \u00e7a a fait un flip. Du coup j&rsquo;ai creus\u00e9 le truc, et le lendemain je savais faire des kickflips.<\/p>\n<p>Aymeric &#8211; Des \u00ab\u00a0magic flips\u00a0\u00bb ! (premier nom ridicule donn\u00e9 au ollie flip \u00e0 l&rsquo;\u00e9poque du freestyle, NDLR)<\/p>\n<p>Rodney &#8211; (rires)<\/p>\n<p>Aymeric &#8211; Maintenant j&rsquo;ai une question un peu plus sp\u00e9cifique voir m\u00eame \u00e9go\u00efste &#8211; parce que j&rsquo;en fais beaucoup, j&rsquo;aimerai bien savoir ce que tu penses des ollie impossible front foots ?<\/p>\n<p>Rodney &#8211; Oh je trouve que \u00e7a d\u00e9chire comme trick !<\/p>\n<p>Aymeric &#8211; Alex Moul en a des puissants !<\/p>\n<p>Rodney &#8211; Ouais carr\u00e9ment ! Il est super bon aussi quant il s&rsquo;agit de rajouter un frontside 180 dedans !<br \/>Gamin n\u00b03 &#8211; Quand on t&rsquo;a propos\u00e9 d&rsquo;\u00eatre un personnage jouable dans la s\u00e9rie des jeux vid\u00e9o Tony Hawk&rsquo;s Pro Skater, on t&rsquo;a pay\u00e9 ?<\/p>\n<p>Rodney &#8211; (rires) ah oui \u00e7a, \u00e7a m&rsquo;a rapport\u00e9 pas mal. Tellement que c&rsquo;est ce qui paye ma maison !<\/p>\n<p>Gamin n\u00b04 &#8211; Rodney, pourquoi est-ce que tu ne fais pas plus de tourn\u00e9es ? Et que tu sembles moins filmer qu&rsquo;\u00e0 une \u00e9poque ?<\/p>\n<p>Aymeric &#8211; Oui c&rsquo;est clair, tout le monde a toujours envie de voir Mullen, les gens te r\u00e9clament !<\/p>\n<p>Rodney &#8211; Oh, vous pensez sinc\u00e8rement que les gens voudraient que je parte en tourn\u00e9e plus souvent ?&#8230; Pour \u00eatre honn\u00eate, je sens juste que je vieillis &#8211; j&rsquo;aimerai pouvoir dire le contraire, mais je n&rsquo;y peux rien &#8211; et je ne suis pas s\u00fbr que \u00e7a soit moi que les gens ont envie de voir de nos jours, j&rsquo;ai l&rsquo;impression que je dois laisser ma place, la roue tourne. Le skate a tant chang\u00e9, regardez les autres mecs plus jeunes dans le team, ils tapent tous des pires rails et font des gros gaps que jamais je pourrais toucher, et c&rsquo;est eux que tout le monde acclame, j&rsquo;imagine donc que c&rsquo;est \u00e7a que les gens veulent et moi du coup, je ne me sens pas trop \u00e0 ma place et je me fais tout petit. Je me suis bless\u00e9 pas mal ces derni\u00e8res ann\u00e9es aussi, ce qui m&rsquo;a par ailleurs forc\u00e9 \u00e0 skater \u00e9norm\u00e9ment en switch, d&rsquo;ailleurs maintenant je n&rsquo;ai plus vraiment de stance. Je ne sais pas trop quoi faire en fait, j&rsquo;y pense pas mal ces temps-ci et \u00e7a m&rsquo;inqui\u00e8te&#8230; Qu&rsquo;est-ce que tu penses que les gens aimeraient voir dans ma prochaine part ? Quels genres de tricks, tu penses que je devrais prendre une direction en particulier ?<\/p>\n<p>Aymeric &#8211; Mec !! Ca n&rsquo;est pas \u00e0 nous que tu devrais demander \u00e7a, mais \u00e0 toi-m\u00eame. Ecoute-toi avant toute chose et fais ton propre truc, comme tu l&rsquo;as toujours fait, c&rsquo;est \u00e7a qui a toujours march\u00e9 pour toi. Tant de gens ont grandi en regardant tes vid\u00e9os et si tu as gagn\u00e9 le respect de tant de g\u00e9n\u00e9rations c&rsquo;est bien pour ton authenticit\u00e9 et ton int\u00e9grit\u00e9. Je sais qu&rsquo;au long de ta carri\u00e8re tu as toujours entendu les gens talk-shitter sur ton genre de skate et radoter sur l&rsquo;importance du style au-del\u00e0 des tricks, mais dans ton cas c&rsquo;est de la connerie, quoique tu fasses il y aura toujours quelqu&rsquo;un de m\u00e9content pour te tirer dans les pattes, \u00e7a n&rsquo;est que de l&rsquo;hypocrisie quelque part parce que regarde, je suis s\u00fbr que dans les 200-et-quelques personnes invit\u00e9es ce soir, en temps normal il y en aurait \u00e9norm\u00e9ment qui diraient ne pas kiffer ton skate pour une raison X ou Y, ceci dit en pratique regarde, ils ont quand m\u00eame tous fait le d\u00e9placement pour te voir !<\/p>\n<p>Rodney &#8211; (rires) hahaha c&rsquo;est vrai !<\/p>\n<p>Aymeric &#8211; Mais oui. Tu as gagn\u00e9 le respect de tout le monde pendant des d\u00e9cennies pour \u00eatre rest\u00e9 fid\u00e8le \u00e0 ta conception du truc, donc continue. Si j&rsquo;\u00e9tais en position de te donner un conseil c&rsquo;est bien qu&rsquo;\u00e0 mon avis tu devrais avoir plus confiance en toi, tu es encore la source d&rsquo;inspiration de plein de kids partout dans le monde, et des skaters de toutes \u00e9poques et g\u00e9n\u00e9rations ont t\u00f4t ou tard \u00e9t\u00e9 influenc\u00e9s par ton skate qu&rsquo;ils daignent l&rsquo;admettre ou non. Montre-toi fort et passe mille lieues au-dessus de ces conneries, reste toi-m\u00eame, continue de briller \u00e0 ta fa\u00e7on et surtout continue.<\/p>\n<p>Rodney &#8211; Merci. Franchement du fond du coeur merci beaucoup.<\/p>\n\n\n<figure class=\"wp-block-embed is-type-video is-provider-youtube wp-block-embed-youtube wp-embed-aspect-16-9 wp-has-aspect-ratio\"><div class=\"wp-block-embed__wrapper\">\n<iframe loading=\"lazy\" title=\"RODNEY MULLEN | FROM THE GROUND UP [HD DOC.]\" width=\"800\" height=\"450\" src=\"https:\/\/www.youtube.com\/embed\/ieC_5foElVk?feature=oembed\" frameborder=\"0\" allow=\"accelerometer; autoplay; clipboard-write; encrypted-media; gyroscope; picture-in-picture; web-share\" referrerpolicy=\"strict-origin-when-cross-origin\" allowfullscreen><\/iframe>\n<\/div><\/figure>\n","protected":false},"excerpt":{"rendered":"<p>L&rsquo;histoire de notre petit univers qu&rsquo;est le microcosme du skateboard est ponctu\u00e9e d&rsquo;un bon nombre de grands noms et de<\/p>\n","protected":false},"author":2,"featured_media":0,"parent":83,"menu_order":0,"comment_status":"closed","ping_status":"open","template":"","meta":{"colormag_page_container_layout":"default_layout","colormag_page_sidebar_layout":"default_layout","footnotes":""},"class_list":["post-823","page","type-page","status-publish","hentry"],"yoast_head":"<!-- This site is optimized with the Yoast SEO plugin v27.4 - https:\/\/yoast.com\/product\/yoast-seo-wordpress\/ -->\n<title>Rodney Mullen par Aymeric Nocus - SK8.NET<\/title>\n<meta name=\"robots\" content=\"index, follow, max-snippet:-1, max-image-preview:large, max-video-preview:-1\" \/>\n<link rel=\"canonical\" href=\"https:\/\/www.sk8.net\/wp\/?page_id=823\" \/>\n<meta property=\"og:locale\" content=\"fr_FR\" \/>\n<meta property=\"og:type\" content=\"article\" \/>\n<meta property=\"og:title\" content=\"Rodney Mullen par Aymeric Nocus - SK8.NET\" \/>\n<meta property=\"og:description\" content=\"L&rsquo;histoire de notre petit univers qu&rsquo;est le microcosme du skateboard est ponctu\u00e9e d&rsquo;un bon nombre de grands noms et de\" \/>\n<meta property=\"og:url\" content=\"https:\/\/www.sk8.net\/wp\/?page_id=823\" \/>\n<meta property=\"og:site_name\" content=\"SK8.NET\" \/>\n<meta property=\"article:publisher\" content=\"https:\/\/www.facebook.com\/sk8pointnet\/\" \/>\n<meta property=\"article:modified_time\" content=\"2025-02-18T10:44:28+00:00\" \/>\n<meta name=\"twitter:card\" content=\"summary_large_image\" \/>\n<meta name=\"twitter:site\" content=\"@sk8net\" \/>\n<meta name=\"twitter:label1\" content=\"Dur\u00e9e de lecture estim\u00e9e\" \/>\n\t<meta name=\"twitter:data1\" content=\"12 minutes\" \/>\n<script type=\"application\/ld+json\" class=\"yoast-schema-graph\">{\"@context\":\"https:\\\/\\\/schema.org\",\"@graph\":[{\"@type\":\"WebPage\",\"@id\":\"https:\\\/\\\/www.sk8.net\\\/wp\\\/?page_id=823\",\"url\":\"https:\\\/\\\/www.sk8.net\\\/wp\\\/?page_id=823\",\"name\":\"Rodney Mullen par Aymeric Nocus - SK8.NET\",\"isPartOf\":{\"@id\":\"https:\\\/\\\/www.sk8.net\\\/wp\\\/#website\"},\"datePublished\":\"2009-10-08T19:22:08+00:00\",\"dateModified\":\"2025-02-18T10:44:28+00:00\",\"breadcrumb\":{\"@id\":\"https:\\\/\\\/www.sk8.net\\\/wp\\\/?page_id=823#breadcrumb\"},\"inLanguage\":\"fr-FR\",\"potentialAction\":[{\"@type\":\"ReadAction\",\"target\":[\"https:\\\/\\\/www.sk8.net\\\/wp\\\/?page_id=823\"]}]},{\"@type\":\"BreadcrumbList\",\"@id\":\"https:\\\/\\\/www.sk8.net\\\/wp\\\/?page_id=823#breadcrumb\",\"itemListElement\":[{\"@type\":\"ListItem\",\"position\":1,\"name\":\"PROFILS\",\"item\":\"https:\\\/\\\/www.sk8.net\\\/wp\\\/?page_id=83\"},{\"@type\":\"ListItem\",\"position\":2,\"name\":\"Rodney Mullen par Aymeric Nocus\"}]},{\"@type\":\"WebSite\",\"@id\":\"https:\\\/\\\/www.sk8.net\\\/wp\\\/#website\",\"url\":\"https:\\\/\\\/www.sk8.net\\\/wp\\\/\",\"name\":\"SK8.NET\",\"description\":\"Skateboard Mag.\",\"publisher\":{\"@id\":\"https:\\\/\\\/www.sk8.net\\\/wp\\\/#organization\"},\"alternateName\":\"www.sk8.net\",\"potentialAction\":[{\"@type\":\"SearchAction\",\"target\":{\"@type\":\"EntryPoint\",\"urlTemplate\":\"https:\\\/\\\/www.sk8.net\\\/wp\\\/?s={search_term_string}\"},\"query-input\":{\"@type\":\"PropertyValueSpecification\",\"valueRequired\":true,\"valueName\":\"search_term_string\"}}],\"inLanguage\":\"fr-FR\"},{\"@type\":\"Organization\",\"@id\":\"https:\\\/\\\/www.sk8.net\\\/wp\\\/#organization\",\"name\":\"SK8.NET\",\"url\":\"https:\\\/\\\/www.sk8.net\\\/wp\\\/\",\"logo\":{\"@type\":\"ImageObject\",\"inLanguage\":\"fr-FR\",\"@id\":\"https:\\\/\\\/www.sk8.net\\\/wp\\\/#\\\/schema\\\/logo\\\/image\\\/\",\"url\":\"https:\\\/\\\/www.sk8.net\\\/wp\\\/wp-content\\\/uploads\\\/2023\\\/01\\\/Logo-SK8net_Clrs_2017.png\",\"contentUrl\":\"https:\\\/\\\/www.sk8.net\\\/wp\\\/wp-content\\\/uploads\\\/2023\\\/01\\\/Logo-SK8net_Clrs_2017.png\",\"width\":865,\"height\":250,\"caption\":\"SK8.NET\"},\"image\":{\"@id\":\"https:\\\/\\\/www.sk8.net\\\/wp\\\/#\\\/schema\\\/logo\\\/image\\\/\"},\"sameAs\":[\"https:\\\/\\\/www.facebook.com\\\/sk8pointnet\\\/\",\"https:\\\/\\\/x.com\\\/sk8net\",\"https:\\\/\\\/www.instagram.com\\\/sk8pointnet\\\/\",\"https:\\\/\\\/www.linkedin.com\\\/in\\\/sk8-net-030404a9\\\/\"]}]}<\/script>\n<!-- \/ Yoast SEO plugin. -->","yoast_head_json":{"title":"Rodney Mullen par Aymeric Nocus - SK8.NET","robots":{"index":"index","follow":"follow","max-snippet":"max-snippet:-1","max-image-preview":"max-image-preview:large","max-video-preview":"max-video-preview:-1"},"canonical":"https:\/\/www.sk8.net\/wp\/?page_id=823","og_locale":"fr_FR","og_type":"article","og_title":"Rodney Mullen par Aymeric Nocus - SK8.NET","og_description":"L&rsquo;histoire de notre petit univers qu&rsquo;est le microcosme du skateboard est ponctu\u00e9e d&rsquo;un bon nombre de grands noms et de","og_url":"https:\/\/www.sk8.net\/wp\/?page_id=823","og_site_name":"SK8.NET","article_publisher":"https:\/\/www.facebook.com\/sk8pointnet\/","article_modified_time":"2025-02-18T10:44:28+00:00","twitter_card":"summary_large_image","twitter_site":"@sk8net","twitter_misc":{"Dur\u00e9e de lecture estim\u00e9e":"12 minutes"},"schema":{"@context":"https:\/\/schema.org","@graph":[{"@type":"WebPage","@id":"https:\/\/www.sk8.net\/wp\/?page_id=823","url":"https:\/\/www.sk8.net\/wp\/?page_id=823","name":"Rodney Mullen par Aymeric Nocus - SK8.NET","isPartOf":{"@id":"https:\/\/www.sk8.net\/wp\/#website"},"datePublished":"2009-10-08T19:22:08+00:00","dateModified":"2025-02-18T10:44:28+00:00","breadcrumb":{"@id":"https:\/\/www.sk8.net\/wp\/?page_id=823#breadcrumb"},"inLanguage":"fr-FR","potentialAction":[{"@type":"ReadAction","target":["https:\/\/www.sk8.net\/wp\/?page_id=823"]}]},{"@type":"BreadcrumbList","@id":"https:\/\/www.sk8.net\/wp\/?page_id=823#breadcrumb","itemListElement":[{"@type":"ListItem","position":1,"name":"PROFILS","item":"https:\/\/www.sk8.net\/wp\/?page_id=83"},{"@type":"ListItem","position":2,"name":"Rodney Mullen par Aymeric Nocus"}]},{"@type":"WebSite","@id":"https:\/\/www.sk8.net\/wp\/#website","url":"https:\/\/www.sk8.net\/wp\/","name":"SK8.NET","description":"Skateboard Mag.","publisher":{"@id":"https:\/\/www.sk8.net\/wp\/#organization"},"alternateName":"www.sk8.net","potentialAction":[{"@type":"SearchAction","target":{"@type":"EntryPoint","urlTemplate":"https:\/\/www.sk8.net\/wp\/?s={search_term_string}"},"query-input":{"@type":"PropertyValueSpecification","valueRequired":true,"valueName":"search_term_string"}}],"inLanguage":"fr-FR"},{"@type":"Organization","@id":"https:\/\/www.sk8.net\/wp\/#organization","name":"SK8.NET","url":"https:\/\/www.sk8.net\/wp\/","logo":{"@type":"ImageObject","inLanguage":"fr-FR","@id":"https:\/\/www.sk8.net\/wp\/#\/schema\/logo\/image\/","url":"https:\/\/www.sk8.net\/wp\/wp-content\/uploads\/2023\/01\/Logo-SK8net_Clrs_2017.png","contentUrl":"https:\/\/www.sk8.net\/wp\/wp-content\/uploads\/2023\/01\/Logo-SK8net_Clrs_2017.png","width":865,"height":250,"caption":"SK8.NET"},"image":{"@id":"https:\/\/www.sk8.net\/wp\/#\/schema\/logo\/image\/"},"sameAs":["https:\/\/www.facebook.com\/sk8pointnet\/","https:\/\/x.com\/sk8net","https:\/\/www.instagram.com\/sk8pointnet\/","https:\/\/www.linkedin.com\/in\/sk8-net-030404a9\/"]}]}},"amp_enabled":true,"_links":{"self":[{"href":"https:\/\/www.sk8.net\/wp\/index.php?rest_route=\/wp\/v2\/pages\/823","targetHints":{"allow":["GET"]}}],"collection":[{"href":"https:\/\/www.sk8.net\/wp\/index.php?rest_route=\/wp\/v2\/pages"}],"about":[{"href":"https:\/\/www.sk8.net\/wp\/index.php?rest_route=\/wp\/v2\/types\/page"}],"author":[{"embeddable":true,"href":"https:\/\/www.sk8.net\/wp\/index.php?rest_route=\/wp\/v2\/users\/2"}],"replies":[{"embeddable":true,"href":"https:\/\/www.sk8.net\/wp\/index.php?rest_route=%2Fwp%2Fv2%2Fcomments&post=823"}],"version-history":[{"count":0,"href":"https:\/\/www.sk8.net\/wp\/index.php?rest_route=\/wp\/v2\/pages\/823\/revisions"}],"up":[{"embeddable":true,"href":"https:\/\/www.sk8.net\/wp\/index.php?rest_route=\/wp\/v2\/pages\/83"}],"wp:attachment":[{"href":"https:\/\/www.sk8.net\/wp\/index.php?rest_route=%2Fwp%2Fv2%2Fmedia&parent=823"}],"curies":[{"name":"wp","href":"https:\/\/api.w.org\/{rel}","templated":true}]}}