{"id":6899,"date":"2012-03-07T17:12:06","date_gmt":"2012-03-07T15:12:06","guid":{"rendered":"http:\/\/www.sk8.net\/wp\/?page_id=6899"},"modified":"2026-02-14T16:43:17","modified_gmt":"2026-02-14T15:43:17","slug":"skatepark-des-ursulines-bruxelles","status":"publish","type":"page","link":"https:\/\/www.sk8.net\/wp\/?page_id=6899","title":{"rendered":"BRUXELLES (Belgique)"},"content":{"rendered":"\n<figure class=\"wp-block-image aligncenter is-resized\"><img loading=\"lazy\" decoding=\"async\" width=\"605\" height=\"228\" sizes=\"auto, (max-width: 605px) 100vw, 605px\" src=\"http:\/\/www.sk8.net\/wp\/wp-content\/uploads\/2012\/03\/ursulines-01.jpg\" alt=\"\" class=\"wp-image-6929\" style=\"width:900px\" title=\"ursulines-01\" srcset=\"https:\/\/www.sk8.net\/wp\/wp-content\/uploads\/2012\/03\/ursulines-01.jpg 605w, https:\/\/www.sk8.net\/wp\/wp-content\/uploads\/2012\/03\/ursulines-01-92x34.jpg 92w, https:\/\/www.sk8.net\/wp\/wp-content\/uploads\/2012\/03\/ursulines-01-300x113.jpg 300w, https:\/\/www.sk8.net\/wp\/wp-content\/uploads\/2012\/03\/ursulines-01-590x222.jpg 590w\" \/><\/figure>\n\n\n\n<p>Situ\u00e9 a quelques pas de la c\u00e9l\u00e8bre place carr\u00e9 de Bruxelles, \u00e0 l&rsquo;entr\u00e9e du quartiers des Ursulines, Square des Ursulines&#8230; le skatepark est en acc\u00e8s libre. Un bowl de bonne facture, mais plut\u00f4t trapu et d&rsquo;une grande air de street.<\/p>\n\n\n\n<h4 class=\"wp-block-heading has-text-align-center has-cm-color-2-color has-text-color has-link-color wp-elements-1faf817c45c69b886a4ad3aee969a200\">LE SPOT VA ETRE REFAIT ENTIEREMENT EN 2026.<br \/>PLUS D&rsquo;INFOS : <a href=\"https:\/\/www.sk8.net\/wp\/?p=41293\" target=\"_blank\" rel=\"noreferrer noopener\">www.sk8.net<\/a><\/h4>\n\n\n\n<p><iframe loading=\"lazy\" src=\"https:\/\/www.google.com\/maps\/d\/embed?mid=z86aT6R3CXek.kt0zK253nRj8\" width=\"900\" height=\"400\"><\/iframe><\/p>\n","protected":false},"excerpt":{"rendered":"<p>Situ\u00e9 a quelques pas de la c\u00e9l\u00e8bre place carr\u00e9 de Bruxelles, \u00e0 l&rsquo;entr\u00e9e du quartiers des Ursulines, Square des Ursulines&#8230;<\/p>\n","protected":false},"author":2,"featured_media":0,"parent":21232,"menu_order":0,"comment_status":"closed","ping_status":"open","template":"","meta":{"colormag_page_container_layout":"default_layout","colormag_page_sidebar_layout":"default_layout","footnotes":""},"class_list":["post-6899","page","type-page","status-publish","hentry"],"yoast_head":"<!-- This site is optimized with the Yoast SEO plugin v27.4 - https:\/\/yoast.com\/product\/yoast-seo-wordpress\/ -->\n<title>BRUXELLES (Belgique) - SK8.NET<\/title>\n<meta name=\"robots\" content=\"index, follow, max-snippet:-1, max-image-preview:large, max-video-preview:-1\" \/>\n<link rel=\"canonical\" href=\"https:\/\/www.sk8.net\/wp\/?page_id=6899\" \/>\n<meta property=\"og:locale\" content=\"fr_FR\" \/>\n<meta property=\"og:type\" content=\"article\" \/>\n<meta property=\"og:title\" content=\"BRUXELLES (Belgique) - SK8.NET\" \/>\n<meta property=\"og:description\" content=\"Situ\u00e9 a quelques pas de la c\u00e9l\u00e8bre place carr\u00e9 de Bruxelles, \u00e0 l&rsquo;entr\u00e9e du quartiers des Ursulines, Square des Ursulines&#8230;\" \/>\n<meta property=\"og:url\" content=\"https:\/\/www.sk8.net\/wp\/?page_id=6899\" \/>\n<meta property=\"og:site_name\" content=\"SK8.NET\" \/>\n<meta property=\"article:publisher\" content=\"https:\/\/www.facebook.com\/sk8pointnet\/\" \/>\n<meta property=\"article:modified_time\" content=\"2026-02-14T15:43:17+00:00\" \/>\n<meta property=\"og:image\" content=\"https:\/\/www.sk8.net\/wp\/wp-content\/uploads\/2012\/03\/ursulines-01.jpg\" \/>\n\t<meta property=\"og:image:width\" content=\"605\" \/>\n\t<meta property=\"og:image:height\" content=\"228\" \/>\n\t<meta property=\"og:image:type\" content=\"image\/jpeg\" \/>\n<meta name=\"twitter:card\" content=\"summary_large_image\" \/>\n<meta name=\"twitter:site\" content=\"@sk8net\" \/>\n<meta name=\"twitter:label1\" content=\"Dur\u00e9e de lecture estim\u00e9e\" \/>\n\t<meta name=\"twitter:data1\" content=\"1 minute\" \/>\n<script type=\"application\/ld+json\" class=\"yoast-schema-graph\">{\"@context\":\"https:\\\/\\\/schema.org\",\"@graph\":[{\"@type\":\"WebPage\",\"@id\":\"https:\\\/\\\/www.sk8.net\\\/wp\\\/?page_id=6899\",\"url\":\"https:\\\/\\\/www.sk8.net\\\/wp\\\/?page_id=6899\",\"name\":\"BRUXELLES (Belgique) - SK8.NET\",\"isPartOf\":{\"@id\":\"https:\\\/\\\/www.sk8.net\\\/wp\\\/#website\"},\"primaryImageOfPage\":{\"@id\":\"https:\\\/\\\/www.sk8.net\\\/wp\\\/?page_id=6899#primaryimage\"},\"image\":{\"@id\":\"https:\\\/\\\/www.sk8.net\\\/wp\\\/?page_id=6899#primaryimage\"},\"thumbnailUrl\":\"http:\\\/\\\/www.sk8.net\\\/wp\\\/wp-content\\\/uploads\\\/2012\\\/03\\\/ursulines-01.jpg\",\"datePublished\":\"2012-03-07T15:12:06+00:00\",\"dateModified\":\"2026-02-14T15:43:17+00:00\",\"breadcrumb\":{\"@id\":\"https:\\\/\\\/www.sk8.net\\\/wp\\\/?page_id=6899#breadcrumb\"},\"inLanguage\":\"fr-FR\",\"potentialAction\":[{\"@type\":\"ReadAction\",\"target\":[\"https:\\\/\\\/www.sk8.net\\\/wp\\\/?page_id=6899\"]}]},{\"@type\":\"ImageObject\",\"inLanguage\":\"fr-FR\",\"@id\":\"https:\\\/\\\/www.sk8.net\\\/wp\\\/?page_id=6899#primaryimage\",\"url\":\"http:\\\/\\\/www.sk8.net\\\/wp\\\/wp-content\\\/uploads\\\/2012\\\/03\\\/ursulines-01.jpg\",\"contentUrl\":\"http:\\\/\\\/www.sk8.net\\\/wp\\\/wp-content\\\/uploads\\\/2012\\\/03\\\/ursulines-01.jpg\"},{\"@type\":\"BreadcrumbList\",\"@id\":\"https:\\\/\\\/www.sk8.net\\\/wp\\\/?page_id=6899#breadcrumb\",\"itemListElement\":[{\"@type\":\"ListItem\",\"position\":1,\"name\":\"SKATEPARK LISTE\",\"item\":\"https:\\\/\\\/www.sk8.net\\\/wp\\\/?page_id=27163\"},{\"@type\":\"ListItem\",\"position\":2,\"name\":\"SKATEPARKS_M>Z\",\"item\":\"https:\\\/\\\/www.sk8.net\\\/wp\\\/?page_id=21232\"},{\"@type\":\"ListItem\",\"position\":3,\"name\":\"BRUXELLES (Belgique)\"}]},{\"@type\":\"WebSite\",\"@id\":\"https:\\\/\\\/www.sk8.net\\\/wp\\\/#website\",\"url\":\"https:\\\/\\\/www.sk8.net\\\/wp\\\/\",\"name\":\"SK8.NET\",\"description\":\"Skateboard Mag.\",\"publisher\":{\"@id\":\"https:\\\/\\\/www.sk8.net\\\/wp\\\/#organization\"},\"alternateName\":\"www.sk8.net\",\"potentialAction\":[{\"@type\":\"SearchAction\",\"target\":{\"@type\":\"EntryPoint\",\"urlTemplate\":\"https:\\\/\\\/www.sk8.net\\\/wp\\\/?s={search_term_string}\"},\"query-input\":{\"@type\":\"PropertyValueSpecification\",\"valueRequired\":true,\"valueName\":\"search_term_string\"}}],\"inLanguage\":\"fr-FR\"},{\"@type\":\"Organization\",\"@id\":\"https:\\\/\\\/www.sk8.net\\\/wp\\\/#organization\",\"name\":\"SK8.NET\",\"url\":\"https:\\\/\\\/www.sk8.net\\\/wp\\\/\",\"logo\":{\"@type\":\"ImageObject\",\"inLanguage\":\"fr-FR\",\"@id\":\"https:\\\/\\\/www.sk8.net\\\/wp\\\/#\\\/schema\\\/logo\\\/image\\\/\",\"url\":\"https:\\\/\\\/www.sk8.net\\\/wp\\\/wp-content\\\/uploads\\\/2023\\\/01\\\/Logo-SK8net_Clrs_2017.png\",\"contentUrl\":\"https:\\\/\\\/www.sk8.net\\\/wp\\\/wp-content\\\/uploads\\\/2023\\\/01\\\/Logo-SK8net_Clrs_2017.png\",\"width\":865,\"height\":250,\"caption\":\"SK8.NET\"},\"image\":{\"@id\":\"https:\\\/\\\/www.sk8.net\\\/wp\\\/#\\\/schema\\\/logo\\\/image\\\/\"},\"sameAs\":[\"https:\\\/\\\/www.facebook.com\\\/sk8pointnet\\\/\",\"https:\\\/\\\/x.com\\\/sk8net\",\"https:\\\/\\\/www.instagram.com\\\/sk8pointnet\\\/\",\"https:\\\/\\\/www.linkedin.com\\\/in\\\/sk8-net-030404a9\\\/\"]}]}<\/script>\n<!-- \/ Yoast SEO plugin. -->","yoast_head_json":{"title":"BRUXELLES (Belgique) - SK8.NET","robots":{"index":"index","follow":"follow","max-snippet":"max-snippet:-1","max-image-preview":"max-image-preview:large","max-video-preview":"max-video-preview:-1"},"canonical":"https:\/\/www.sk8.net\/wp\/?page_id=6899","og_locale":"fr_FR","og_type":"article","og_title":"BRUXELLES (Belgique) - SK8.NET","og_description":"Situ\u00e9 a quelques pas de la c\u00e9l\u00e8bre place carr\u00e9 de Bruxelles, \u00e0 l&rsquo;entr\u00e9e du quartiers des Ursulines, Square des Ursulines&#8230;","og_url":"https:\/\/www.sk8.net\/wp\/?page_id=6899","og_site_name":"SK8.NET","article_publisher":"https:\/\/www.facebook.com\/sk8pointnet\/","article_modified_time":"2026-02-14T15:43:17+00:00","og_image":[{"width":605,"height":228,"url":"https:\/\/www.sk8.net\/wp\/wp-content\/uploads\/2012\/03\/ursulines-01.jpg","type":"image\/jpeg"}],"twitter_card":"summary_large_image","twitter_site":"@sk8net","twitter_misc":{"Dur\u00e9e de lecture estim\u00e9e":"1 minute"},"schema":{"@context":"https:\/\/schema.org","@graph":[{"@type":"WebPage","@id":"https:\/\/www.sk8.net\/wp\/?page_id=6899","url":"https:\/\/www.sk8.net\/wp\/?page_id=6899","name":"BRUXELLES (Belgique) - SK8.NET","isPartOf":{"@id":"https:\/\/www.sk8.net\/wp\/#website"},"primaryImageOfPage":{"@id":"https:\/\/www.sk8.net\/wp\/?page_id=6899#primaryimage"},"image":{"@id":"https:\/\/www.sk8.net\/wp\/?page_id=6899#primaryimage"},"thumbnailUrl":"http:\/\/www.sk8.net\/wp\/wp-content\/uploads\/2012\/03\/ursulines-01.jpg","datePublished":"2012-03-07T15:12:06+00:00","dateModified":"2026-02-14T15:43:17+00:00","breadcrumb":{"@id":"https:\/\/www.sk8.net\/wp\/?page_id=6899#breadcrumb"},"inLanguage":"fr-FR","potentialAction":[{"@type":"ReadAction","target":["https:\/\/www.sk8.net\/wp\/?page_id=6899"]}]},{"@type":"ImageObject","inLanguage":"fr-FR","@id":"https:\/\/www.sk8.net\/wp\/?page_id=6899#primaryimage","url":"http:\/\/www.sk8.net\/wp\/wp-content\/uploads\/2012\/03\/ursulines-01.jpg","contentUrl":"http:\/\/www.sk8.net\/wp\/wp-content\/uploads\/2012\/03\/ursulines-01.jpg"},{"@type":"BreadcrumbList","@id":"https:\/\/www.sk8.net\/wp\/?page_id=6899#breadcrumb","itemListElement":[{"@type":"ListItem","position":1,"name":"SKATEPARK LISTE","item":"https:\/\/www.sk8.net\/wp\/?page_id=27163"},{"@type":"ListItem","position":2,"name":"SKATEPARKS_M>Z","item":"https:\/\/www.sk8.net\/wp\/?page_id=21232"},{"@type":"ListItem","position":3,"name":"BRUXELLES (Belgique)"}]},{"@type":"WebSite","@id":"https:\/\/www.sk8.net\/wp\/#website","url":"https:\/\/www.sk8.net\/wp\/","name":"SK8.NET","description":"Skateboard Mag.","publisher":{"@id":"https:\/\/www.sk8.net\/wp\/#organization"},"alternateName":"www.sk8.net","potentialAction":[{"@type":"SearchAction","target":{"@type":"EntryPoint","urlTemplate":"https:\/\/www.sk8.net\/wp\/?s={search_term_string}"},"query-input":{"@type":"PropertyValueSpecification","valueRequired":true,"valueName":"search_term_string"}}],"inLanguage":"fr-FR"},{"@type":"Organization","@id":"https:\/\/www.sk8.net\/wp\/#organization","name":"SK8.NET","url":"https:\/\/www.sk8.net\/wp\/","logo":{"@type":"ImageObject","inLanguage":"fr-FR","@id":"https:\/\/www.sk8.net\/wp\/#\/schema\/logo\/image\/","url":"https:\/\/www.sk8.net\/wp\/wp-content\/uploads\/2023\/01\/Logo-SK8net_Clrs_2017.png","contentUrl":"https:\/\/www.sk8.net\/wp\/wp-content\/uploads\/2023\/01\/Logo-SK8net_Clrs_2017.png","width":865,"height":250,"caption":"SK8.NET"},"image":{"@id":"https:\/\/www.sk8.net\/wp\/#\/schema\/logo\/image\/"},"sameAs":["https:\/\/www.facebook.com\/sk8pointnet\/","https:\/\/x.com\/sk8net","https:\/\/www.instagram.com\/sk8pointnet\/","https:\/\/www.linkedin.com\/in\/sk8-net-030404a9\/"]}]}},"amp_enabled":true,"_links":{"self":[{"href":"https:\/\/www.sk8.net\/wp\/index.php?rest_route=\/wp\/v2\/pages\/6899","targetHints":{"allow":["GET"]}}],"collection":[{"href":"https:\/\/www.sk8.net\/wp\/index.php?rest_route=\/wp\/v2\/pages"}],"about":[{"href":"https:\/\/www.sk8.net\/wp\/index.php?rest_route=\/wp\/v2\/types\/page"}],"author":[{"embeddable":true,"href":"https:\/\/www.sk8.net\/wp\/index.php?rest_route=\/wp\/v2\/users\/2"}],"replies":[{"embeddable":true,"href":"https:\/\/www.sk8.net\/wp\/index.php?rest_route=%2Fwp%2Fv2%2Fcomments&post=6899"}],"version-history":[{"count":0,"href":"https:\/\/www.sk8.net\/wp\/index.php?rest_route=\/wp\/v2\/pages\/6899\/revisions"}],"up":[{"embeddable":true,"href":"https:\/\/www.sk8.net\/wp\/index.php?rest_route=\/wp\/v2\/pages\/21232"}],"wp:attachment":[{"href":"https:\/\/www.sk8.net\/wp\/index.php?rest_route=%2Fwp%2Fv2%2Fmedia&parent=6899"}],"curies":[{"name":"wp","href":"https:\/\/api.w.org\/{rel}","templated":true}]}}