{"id":6516,"date":"2012-01-21T16:34:04","date_gmt":"2012-01-21T14:34:04","guid":{"rendered":"http:\/\/www.sk8.net\/wp\/?page_id=6516"},"modified":"2026-02-13T13:25:23","modified_gmt":"2026-02-13T12:25:23","slug":"skatepark-de-la-roche-sur-yon-85","status":"publish","type":"page","link":"https:\/\/www.sk8.net\/wp\/?page_id=6516","title":{"rendered":"LA ROCHE-SUR-YON (85)"},"content":{"rendered":"\n<figure class=\"wp-block-image aligncenter is-resized\"><img loading=\"lazy\" decoding=\"async\" width=\"590\" height=\"300\" sizes=\"auto, (max-width: 590px) 100vw, 590px\" src=\"http:\/\/www.sk8.net\/wp\/wp-content\/uploads\/2012\/01\/Skatepark_larochesuryon_590x300.jpg\" alt=\"Skatepark_larochesuryon_590x300\" class=\"wp-image-21377\" style=\"width:900px\" srcset=\"https:\/\/www.sk8.net\/wp\/wp-content\/uploads\/2012\/01\/Skatepark_larochesuryon_590x300.jpg 590w, https:\/\/www.sk8.net\/wp\/wp-content\/uploads\/2012\/01\/Skatepark_larochesuryon_590x300-92x47.jpg 92w, https:\/\/www.sk8.net\/wp\/wp-content\/uploads\/2012\/01\/Skatepark_larochesuryon_590x300-300x153.jpg 300w\" \/><\/figure>\n\n\n\n<p><br \/>&gt; Situ\u00e9 \u00e0 environs 60 km au sud de Nantes, ce skatepark enti\u00e9rement en b\u00e9ton construit en 1978, fait figure de dinosaure, le plus vieux skatepark fran\u00e7ais, le seul et unique rescap\u00e9 de la folie des ann\u00e9es 70.<br \/>Situ\u00e9 dans le quartier de la G\u00e9n\u00e9raudi\u00e9re, avenue des Marais &#8211; 85000 La Roche sur Yon. Vous y trouverais un cadre bucolique et agr\u00e9able, avec un enorme Ditch, un Bowl comme on en fait plus tellement il est rade, et un vrais Half-pipe. Le spot \u00ab\u00a0Roots\u00a0\u00bb par exellence, le b\u00e9ton y est rugueux, les roues en 101A sont \u00e0 \u00e9viter ;) !<\/p>\n\n\n\n<p><iframe loading=\"lazy\" src=\"https:\/\/www.google.com\/maps\/d\/embed?mid=z86aT6R3CXek.kZW180dxASxg\" width=\"900\" height=\"380\"><\/iframe><\/p>\n\n\n\n<figure class=\"wp-block-embed is-type-rich is-provider-flickr wp-block-embed-flickr\"><div class=\"wp-block-embed__wrapper\">\n<a data-flickr-embed='true' href='https:\/\/www.flickr.com\/photos\/sk8net\/albums\/72157601039315997\/' title='La Roche sur Yon by www.sk8.net, on Flickr'><img src='https:\/\/live.staticflickr.com\/1299\/916883810_eec6c5a259_c.jpg' width='800' height='600' alt='Le Bowl'><\/a><script async src='https:\/\/embedr.flickr.com\/assets\/client-code.js' charset='utf-8'><\/script>\n<\/div><\/figure>\n","protected":false},"excerpt":{"rendered":"<p>&gt; Situ\u00e9 \u00e0 environs 60 km au sud de Nantes, ce skatepark enti\u00e9rement en b\u00e9ton construit en 1978, fait figure<\/p>\n","protected":false},"author":2,"featured_media":0,"parent":21232,"menu_order":0,"comment_status":"closed","ping_status":"open","template":"","meta":{"colormag_page_container_layout":"default_layout","colormag_page_sidebar_layout":"default_layout","footnotes":""},"class_list":["post-6516","page","type-page","status-publish","hentry"],"yoast_head":"<!-- This site is optimized with the Yoast SEO plugin v27.4 - https:\/\/yoast.com\/product\/yoast-seo-wordpress\/ -->\n<title>LA ROCHE-SUR-YON (85) - SK8.NET<\/title>\n<meta name=\"robots\" content=\"index, follow, max-snippet:-1, max-image-preview:large, max-video-preview:-1\" \/>\n<link rel=\"canonical\" href=\"https:\/\/www.sk8.net\/wp\/?page_id=6516\" \/>\n<meta property=\"og:locale\" content=\"fr_FR\" \/>\n<meta property=\"og:type\" content=\"article\" \/>\n<meta property=\"og:title\" content=\"LA ROCHE-SUR-YON (85) - SK8.NET\" \/>\n<meta property=\"og:description\" content=\"&gt; Situ\u00e9 \u00e0 environs 60 km au sud de Nantes, ce skatepark enti\u00e9rement en b\u00e9ton construit en 1978, fait figure\" \/>\n<meta property=\"og:url\" content=\"https:\/\/www.sk8.net\/wp\/?page_id=6516\" \/>\n<meta property=\"og:site_name\" content=\"SK8.NET\" \/>\n<meta property=\"article:publisher\" content=\"https:\/\/www.facebook.com\/www.sk8.net\" \/>\n<meta property=\"article:modified_time\" content=\"2026-02-13T12:25:23+00:00\" \/>\n<meta property=\"og:image\" content=\"https:\/\/www.sk8.net\/wp\/wp-content\/uploads\/2012\/01\/Skatepark_larochesuryon_590x300.jpg\" \/>\n\t<meta property=\"og:image:width\" content=\"590\" \/>\n\t<meta property=\"og:image:height\" content=\"300\" \/>\n\t<meta property=\"og:image:type\" content=\"image\/jpeg\" \/>\n<meta name=\"twitter:card\" content=\"summary_large_image\" \/>\n<meta name=\"twitter:site\" content=\"@sk8net\" \/>\n<meta name=\"twitter:label1\" content=\"Dur\u00e9e de lecture estim\u00e9e\" \/>\n\t<meta name=\"twitter:data1\" content=\"1 minute\" \/>\n<script type=\"application\/ld+json\" class=\"yoast-schema-graph\">{\"@context\":\"https:\\\/\\\/schema.org\",\"@graph\":[{\"@type\":\"WebPage\",\"@id\":\"https:\\\/\\\/www.sk8.net\\\/wp\\\/?page_id=6516\",\"url\":\"https:\\\/\\\/www.sk8.net\\\/wp\\\/?page_id=6516\",\"name\":\"LA ROCHE-SUR-YON (85) - SK8.NET\",\"isPartOf\":{\"@id\":\"https:\\\/\\\/www.sk8.net\\\/wp\\\/#website\"},\"primaryImageOfPage\":{\"@id\":\"https:\\\/\\\/www.sk8.net\\\/wp\\\/?page_id=6516#primaryimage\"},\"image\":{\"@id\":\"https:\\\/\\\/www.sk8.net\\\/wp\\\/?page_id=6516#primaryimage\"},\"thumbnailUrl\":\"http:\\\/\\\/www.sk8.net\\\/wp\\\/wp-content\\\/uploads\\\/2012\\\/01\\\/Skatepark_larochesuryon_590x300.jpg\",\"datePublished\":\"2012-01-21T14:34:04+00:00\",\"dateModified\":\"2026-02-13T12:25:23+00:00\",\"breadcrumb\":{\"@id\":\"https:\\\/\\\/www.sk8.net\\\/wp\\\/?page_id=6516#breadcrumb\"},\"inLanguage\":\"fr-FR\",\"potentialAction\":[{\"@type\":\"ReadAction\",\"target\":[\"https:\\\/\\\/www.sk8.net\\\/wp\\\/?page_id=6516\"]}]},{\"@type\":\"ImageObject\",\"inLanguage\":\"fr-FR\",\"@id\":\"https:\\\/\\\/www.sk8.net\\\/wp\\\/?page_id=6516#primaryimage\",\"url\":\"http:\\\/\\\/www.sk8.net\\\/wp\\\/wp-content\\\/uploads\\\/2012\\\/01\\\/Skatepark_larochesuryon_590x300.jpg\",\"contentUrl\":\"http:\\\/\\\/www.sk8.net\\\/wp\\\/wp-content\\\/uploads\\\/2012\\\/01\\\/Skatepark_larochesuryon_590x300.jpg\"},{\"@type\":\"BreadcrumbList\",\"@id\":\"https:\\\/\\\/www.sk8.net\\\/wp\\\/?page_id=6516#breadcrumb\",\"itemListElement\":[{\"@type\":\"ListItem\",\"position\":1,\"name\":\"SKATEPARK LISTE\",\"item\":\"https:\\\/\\\/www.sk8.net\\\/wp\\\/?page_id=27163\"},{\"@type\":\"ListItem\",\"position\":2,\"name\":\"SKATEPARKS_M>Z\",\"item\":\"https:\\\/\\\/www.sk8.net\\\/wp\\\/?page_id=21232\"},{\"@type\":\"ListItem\",\"position\":3,\"name\":\"LA ROCHE-SUR-YON (85)\"}]},{\"@type\":\"WebSite\",\"@id\":\"https:\\\/\\\/www.sk8.net\\\/wp\\\/#website\",\"url\":\"https:\\\/\\\/www.sk8.net\\\/wp\\\/\",\"name\":\"SK8.NET\",\"description\":\"Skateboard Mag.\",\"publisher\":{\"@id\":\"https:\\\/\\\/www.sk8.net\\\/wp\\\/#\\\/schema\\\/person\\\/cf7f51a71a4228606919be51c1276846\"},\"alternateName\":\"www.sk8.net\",\"potentialAction\":[{\"@type\":\"SearchAction\",\"target\":{\"@type\":\"EntryPoint\",\"urlTemplate\":\"https:\\\/\\\/www.sk8.net\\\/wp\\\/?s={search_term_string}\"},\"query-input\":{\"@type\":\"PropertyValueSpecification\",\"valueRequired\":true,\"valueName\":\"search_term_string\"}}],\"inLanguage\":\"fr-FR\"},{\"@type\":[\"Person\",\"Organization\"],\"@id\":\"https:\\\/\\\/www.sk8.net\\\/wp\\\/#\\\/schema\\\/person\\\/cf7f51a71a4228606919be51c1276846\",\"name\":\"2-fre\",\"logo\":{\"@id\":\"https:\\\/\\\/www.sk8.net\\\/wp\\\/#\\\/schema\\\/person\\\/image\\\/\"},\"sameAs\":[\"http:\\\/\\\/www.sk8.net\",\"https:\\\/\\\/www.facebook.com\\\/www.sk8.net\",\"https:\\\/\\\/www.instagram.com\\\/skhuitpointnet\",\"https:\\\/\\\/www.youtube.com\\\/@sk8pointnet277\"]}]}<\/script>\n<!-- \/ Yoast SEO plugin. -->","yoast_head_json":{"title":"LA ROCHE-SUR-YON (85) - SK8.NET","robots":{"index":"index","follow":"follow","max-snippet":"max-snippet:-1","max-image-preview":"max-image-preview:large","max-video-preview":"max-video-preview:-1"},"canonical":"https:\/\/www.sk8.net\/wp\/?page_id=6516","og_locale":"fr_FR","og_type":"article","og_title":"LA ROCHE-SUR-YON (85) - SK8.NET","og_description":"&gt; Situ\u00e9 \u00e0 environs 60 km au sud de Nantes, ce skatepark enti\u00e9rement en b\u00e9ton construit en 1978, fait figure","og_url":"https:\/\/www.sk8.net\/wp\/?page_id=6516","og_site_name":"SK8.NET","article_publisher":"https:\/\/www.facebook.com\/www.sk8.net","article_modified_time":"2026-02-13T12:25:23+00:00","og_image":[{"width":590,"height":300,"url":"https:\/\/www.sk8.net\/wp\/wp-content\/uploads\/2012\/01\/Skatepark_larochesuryon_590x300.jpg","type":"image\/jpeg"}],"twitter_card":"summary_large_image","twitter_site":"@sk8net","twitter_misc":{"Dur\u00e9e de lecture estim\u00e9e":"1 minute"},"schema":{"@context":"https:\/\/schema.org","@graph":[{"@type":"WebPage","@id":"https:\/\/www.sk8.net\/wp\/?page_id=6516","url":"https:\/\/www.sk8.net\/wp\/?page_id=6516","name":"LA ROCHE-SUR-YON (85) - SK8.NET","isPartOf":{"@id":"https:\/\/www.sk8.net\/wp\/#website"},"primaryImageOfPage":{"@id":"https:\/\/www.sk8.net\/wp\/?page_id=6516#primaryimage"},"image":{"@id":"https:\/\/www.sk8.net\/wp\/?page_id=6516#primaryimage"},"thumbnailUrl":"http:\/\/www.sk8.net\/wp\/wp-content\/uploads\/2012\/01\/Skatepark_larochesuryon_590x300.jpg","datePublished":"2012-01-21T14:34:04+00:00","dateModified":"2026-02-13T12:25:23+00:00","breadcrumb":{"@id":"https:\/\/www.sk8.net\/wp\/?page_id=6516#breadcrumb"},"inLanguage":"fr-FR","potentialAction":[{"@type":"ReadAction","target":["https:\/\/www.sk8.net\/wp\/?page_id=6516"]}]},{"@type":"ImageObject","inLanguage":"fr-FR","@id":"https:\/\/www.sk8.net\/wp\/?page_id=6516#primaryimage","url":"http:\/\/www.sk8.net\/wp\/wp-content\/uploads\/2012\/01\/Skatepark_larochesuryon_590x300.jpg","contentUrl":"http:\/\/www.sk8.net\/wp\/wp-content\/uploads\/2012\/01\/Skatepark_larochesuryon_590x300.jpg"},{"@type":"BreadcrumbList","@id":"https:\/\/www.sk8.net\/wp\/?page_id=6516#breadcrumb","itemListElement":[{"@type":"ListItem","position":1,"name":"SKATEPARK LISTE","item":"https:\/\/www.sk8.net\/wp\/?page_id=27163"},{"@type":"ListItem","position":2,"name":"SKATEPARKS_M>Z","item":"https:\/\/www.sk8.net\/wp\/?page_id=21232"},{"@type":"ListItem","position":3,"name":"LA ROCHE-SUR-YON (85)"}]},{"@type":"WebSite","@id":"https:\/\/www.sk8.net\/wp\/#website","url":"https:\/\/www.sk8.net\/wp\/","name":"SK8.NET","description":"Skateboard Mag.","publisher":{"@id":"https:\/\/www.sk8.net\/wp\/#\/schema\/person\/cf7f51a71a4228606919be51c1276846"},"alternateName":"www.sk8.net","potentialAction":[{"@type":"SearchAction","target":{"@type":"EntryPoint","urlTemplate":"https:\/\/www.sk8.net\/wp\/?s={search_term_string}"},"query-input":{"@type":"PropertyValueSpecification","valueRequired":true,"valueName":"search_term_string"}}],"inLanguage":"fr-FR"},{"@type":["Person","Organization"],"@id":"https:\/\/www.sk8.net\/wp\/#\/schema\/person\/cf7f51a71a4228606919be51c1276846","name":"2-fre","logo":{"@id":"https:\/\/www.sk8.net\/wp\/#\/schema\/person\/image\/"},"sameAs":["http:\/\/www.sk8.net","https:\/\/www.facebook.com\/www.sk8.net","https:\/\/www.instagram.com\/skhuitpointnet","https:\/\/www.youtube.com\/@sk8pointnet277"]}]}},"amp_enabled":true,"_links":{"self":[{"href":"https:\/\/www.sk8.net\/wp\/index.php?rest_route=\/wp\/v2\/pages\/6516","targetHints":{"allow":["GET"]}}],"collection":[{"href":"https:\/\/www.sk8.net\/wp\/index.php?rest_route=\/wp\/v2\/pages"}],"about":[{"href":"https:\/\/www.sk8.net\/wp\/index.php?rest_route=\/wp\/v2\/types\/page"}],"author":[{"embeddable":true,"href":"https:\/\/www.sk8.net\/wp\/index.php?rest_route=\/wp\/v2\/users\/2"}],"replies":[{"embeddable":true,"href":"https:\/\/www.sk8.net\/wp\/index.php?rest_route=%2Fwp%2Fv2%2Fcomments&post=6516"}],"version-history":[{"count":0,"href":"https:\/\/www.sk8.net\/wp\/index.php?rest_route=\/wp\/v2\/pages\/6516\/revisions"}],"up":[{"embeddable":true,"href":"https:\/\/www.sk8.net\/wp\/index.php?rest_route=\/wp\/v2\/pages\/21232"}],"wp:attachment":[{"href":"https:\/\/www.sk8.net\/wp\/index.php?rest_route=%2Fwp%2Fv2%2Fmedia&parent=6516"}],"curies":[{"name":"wp","href":"https:\/\/api.w.org\/{rel}","templated":true}]}}