{"id":63,"date":"2009-08-11T20:47:44","date_gmt":"2009-08-11T18:47:44","guid":{"rendered":"http:\/\/90plan.ovh.net\/~sklvdrhx\/wp\/?page_id=63"},"modified":"2026-02-12T10:00:49","modified_gmt":"2026-02-12T09:00:49","slug":"skatepark-de-crolles-38","status":"publish","type":"page","link":"https:\/\/www.sk8.net\/wp\/?page_id=63","title":{"rendered":"CROLLES (38)"},"content":{"rendered":"\n<figure class=\"wp-block-image aligncenter is-resized\"><img loading=\"lazy\" decoding=\"async\" width=\"590\" height=\"300\" sizes=\"auto, (max-width: 590px) 100vw, 590px\" src=\"http:\/\/www.sk8.net\/wp\/wp-content\/uploads\/2009\/08\/Skatepark-crolles_590x300.jpg\" alt=\"Skatepark-crolles_590x300\" class=\"wp-image-21282\" style=\"width:900px\" srcset=\"https:\/\/www.sk8.net\/wp\/wp-content\/uploads\/2009\/08\/Skatepark-crolles_590x300.jpg 590w, https:\/\/www.sk8.net\/wp\/wp-content\/uploads\/2009\/08\/Skatepark-crolles_590x300-92x47.jpg 92w, https:\/\/www.sk8.net\/wp\/wp-content\/uploads\/2009\/08\/Skatepark-crolles_590x300-300x153.jpg 300w\" \/><\/figure>\n\n\n\n<p>&gt; Skatepark b\u00e9ton construit en 2008 par la soci\u00e9t\u00e9 R\u00e9cr\u00e9ation Urbaine. Situ\u00e9 \u00e0 une quinzaine de kilom\u00e9tre de Grenoble.Constitu\u00e9 d&rsquo;une partie Bowl, tr\u00e8s bien agenc\u00e9, qui permet de carver pendant des heures, facilement maitrisable quelque soit votre niveau. Une partie Street, constitu\u00e9 de Lanceurs, Ledge, Tables&#8230; etc, etc. Le skatepark est situ\u00e9 dans un cadre agr\u00e9able, entour\u00e9 de montagnes, un point d&rsquo;eau est disponible et un grand terrain offre la possibilit\u00e9e de camping. A skater absoluement.<\/p>\n\n\n\n<p>Adresse : Rue Du Moulin 38920 CROLLES<br \/>Pour s&rsquo;y rendre :> Depuis Grenoble : Prendre l\u2019A41 direction Chamb\u00e9ry. Prendre la sortie 24 B, direction Crolles.<br \/>> Depuis Chamberry : Prendre l\u2019A41 direction Grenoble. Prendre la sortie 24, direction Crolles.<br \/>>> Puis, au troisi\u00e8me rond-point prendre \u00e0 droite Rue G\u00e9n\u00e9ral De gaulle. Laissez vous guider vous \u00eates arriv\u00e9 !<br \/>>> Le blog du Spot : <a href=\"http:\/\/boarder-kids.over-blog.com\" target=\"_blank\" rel=\"noopener\">http:\/\/boarder-kids.over-blog.com<\/a><br \/><iframe loading=\"lazy\" src=\"https:\/\/www.google.com\/maps\/d\/embed?mid=z86aT6R3CXek.kx8GdQ2QrNt4\" width=\"900\" height=\"380\"><\/iframe><br \/><\/p>\n\n\n\n<figure class=\"wp-block-embed is-type-rich is-provider-flickr wp-block-embed-flickr\"><div class=\"wp-block-embed__wrapper\">\n<a data-flickr-embed='true' href='https:\/\/www.flickr.com\/photos\/sk8net\/albums\/72157649239189194\/' title='Skatepark de Crolles (38) by www.sk8.net, on Flickr'><img src='https:\/\/live.staticflickr.com\/2539\/3698466655_1225464361_c.jpg' width='800' height='600' alt='Crolles (38) - France'><\/a><script async src='https:\/\/embedr.flickr.com\/assets\/client-code.js' charset='utf-8'><\/script>\n<\/div><\/figure>\n","protected":false},"excerpt":{"rendered":"<p>&gt; Skatepark b\u00e9ton construit en 2008 par la soci\u00e9t\u00e9 R\u00e9cr\u00e9ation Urbaine. Situ\u00e9 \u00e0 une quinzaine de kilom\u00e9tre de Grenoble.Constitu\u00e9 d&rsquo;une<\/p>\n","protected":false},"author":2,"featured_media":0,"parent":15,"menu_order":0,"comment_status":"closed","ping_status":"open","template":"","meta":{"colormag_page_container_layout":"default_layout","colormag_page_sidebar_layout":"default_layout","footnotes":""},"class_list":["post-63","page","type-page","status-publish","hentry"],"yoast_head":"<!-- This site is optimized with the Yoast SEO plugin v27.4 - https:\/\/yoast.com\/product\/yoast-seo-wordpress\/ -->\n<title>CROLLES (38) - SK8.NET<\/title>\n<meta name=\"robots\" content=\"index, follow, max-snippet:-1, max-image-preview:large, max-video-preview:-1\" \/>\n<link rel=\"canonical\" href=\"https:\/\/www.sk8.net\/wp\/?page_id=63\" \/>\n<meta property=\"og:locale\" content=\"fr_FR\" \/>\n<meta property=\"og:type\" content=\"article\" \/>\n<meta property=\"og:title\" content=\"CROLLES (38) - SK8.NET\" \/>\n<meta property=\"og:description\" content=\"&gt; Skatepark b\u00e9ton construit en 2008 par la soci\u00e9t\u00e9 R\u00e9cr\u00e9ation Urbaine. Situ\u00e9 \u00e0 une quinzaine de kilom\u00e9tre de Grenoble.Constitu\u00e9 d&rsquo;une\" \/>\n<meta property=\"og:url\" content=\"https:\/\/www.sk8.net\/wp\/?page_id=63\" \/>\n<meta property=\"og:site_name\" content=\"SK8.NET\" \/>\n<meta property=\"article:publisher\" content=\"https:\/\/www.facebook.com\/sk8pointnet\/\" \/>\n<meta property=\"article:modified_time\" content=\"2026-02-12T09:00:49+00:00\" \/>\n<meta property=\"og:image\" content=\"https:\/\/www.sk8.net\/wp\/wp-content\/uploads\/2021\/11\/Skatepark-crolles_590x300.jpg\" \/>\n\t<meta property=\"og:image:width\" content=\"590\" \/>\n\t<meta property=\"og:image:height\" content=\"300\" \/>\n\t<meta property=\"og:image:type\" content=\"image\/jpeg\" \/>\n<meta name=\"twitter:card\" content=\"summary_large_image\" \/>\n<meta name=\"twitter:site\" content=\"@sk8net\" \/>\n<meta name=\"twitter:label1\" content=\"Dur\u00e9e de lecture estim\u00e9e\" \/>\n\t<meta name=\"twitter:data1\" content=\"1 minute\" \/>\n<script type=\"application\/ld+json\" class=\"yoast-schema-graph\">{\"@context\":\"https:\\\/\\\/schema.org\",\"@graph\":[{\"@type\":\"WebPage\",\"@id\":\"https:\\\/\\\/www.sk8.net\\\/wp\\\/?page_id=63\",\"url\":\"https:\\\/\\\/www.sk8.net\\\/wp\\\/?page_id=63\",\"name\":\"CROLLES (38) - SK8.NET\",\"isPartOf\":{\"@id\":\"https:\\\/\\\/www.sk8.net\\\/wp\\\/#website\"},\"primaryImageOfPage\":{\"@id\":\"https:\\\/\\\/www.sk8.net\\\/wp\\\/?page_id=63#primaryimage\"},\"image\":{\"@id\":\"https:\\\/\\\/www.sk8.net\\\/wp\\\/?page_id=63#primaryimage\"},\"thumbnailUrl\":\"http:\\\/\\\/www.sk8.net\\\/wp\\\/wp-content\\\/uploads\\\/2009\\\/08\\\/Skatepark-crolles_590x300.jpg\",\"datePublished\":\"2009-08-11T18:47:44+00:00\",\"dateModified\":\"2026-02-12T09:00:49+00:00\",\"breadcrumb\":{\"@id\":\"https:\\\/\\\/www.sk8.net\\\/wp\\\/?page_id=63#breadcrumb\"},\"inLanguage\":\"fr-FR\",\"potentialAction\":[{\"@type\":\"ReadAction\",\"target\":[\"https:\\\/\\\/www.sk8.net\\\/wp\\\/?page_id=63\"]}]},{\"@type\":\"ImageObject\",\"inLanguage\":\"fr-FR\",\"@id\":\"https:\\\/\\\/www.sk8.net\\\/wp\\\/?page_id=63#primaryimage\",\"url\":\"http:\\\/\\\/www.sk8.net\\\/wp\\\/wp-content\\\/uploads\\\/2009\\\/08\\\/Skatepark-crolles_590x300.jpg\",\"contentUrl\":\"http:\\\/\\\/www.sk8.net\\\/wp\\\/wp-content\\\/uploads\\\/2009\\\/08\\\/Skatepark-crolles_590x300.jpg\"},{\"@type\":\"BreadcrumbList\",\"@id\":\"https:\\\/\\\/www.sk8.net\\\/wp\\\/?page_id=63#breadcrumb\",\"itemListElement\":[{\"@type\":\"ListItem\",\"position\":1,\"name\":\"SKATEPARK LISTE\",\"item\":\"https:\\\/\\\/www.sk8.net\\\/wp\\\/?page_id=27163\"},{\"@type\":\"ListItem\",\"position\":2,\"name\":\"SKATEPARKS_A>H\",\"item\":\"https:\\\/\\\/www.sk8.net\\\/wp\\\/?page_id=15\"},{\"@type\":\"ListItem\",\"position\":3,\"name\":\"CROLLES (38)\"}]},{\"@type\":\"WebSite\",\"@id\":\"https:\\\/\\\/www.sk8.net\\\/wp\\\/#website\",\"url\":\"https:\\\/\\\/www.sk8.net\\\/wp\\\/\",\"name\":\"SK8.NET\",\"description\":\"Skateboard Mag.\",\"publisher\":{\"@id\":\"https:\\\/\\\/www.sk8.net\\\/wp\\\/#organization\"},\"alternateName\":\"www.sk8.net\",\"potentialAction\":[{\"@type\":\"SearchAction\",\"target\":{\"@type\":\"EntryPoint\",\"urlTemplate\":\"https:\\\/\\\/www.sk8.net\\\/wp\\\/?s={search_term_string}\"},\"query-input\":{\"@type\":\"PropertyValueSpecification\",\"valueRequired\":true,\"valueName\":\"search_term_string\"}}],\"inLanguage\":\"fr-FR\"},{\"@type\":\"Organization\",\"@id\":\"https:\\\/\\\/www.sk8.net\\\/wp\\\/#organization\",\"name\":\"SK8.NET\",\"url\":\"https:\\\/\\\/www.sk8.net\\\/wp\\\/\",\"logo\":{\"@type\":\"ImageObject\",\"inLanguage\":\"fr-FR\",\"@id\":\"https:\\\/\\\/www.sk8.net\\\/wp\\\/#\\\/schema\\\/logo\\\/image\\\/\",\"url\":\"https:\\\/\\\/www.sk8.net\\\/wp\\\/wp-content\\\/uploads\\\/2023\\\/01\\\/Logo-SK8net_Clrs_2017.png\",\"contentUrl\":\"https:\\\/\\\/www.sk8.net\\\/wp\\\/wp-content\\\/uploads\\\/2023\\\/01\\\/Logo-SK8net_Clrs_2017.png\",\"width\":865,\"height\":250,\"caption\":\"SK8.NET\"},\"image\":{\"@id\":\"https:\\\/\\\/www.sk8.net\\\/wp\\\/#\\\/schema\\\/logo\\\/image\\\/\"},\"sameAs\":[\"https:\\\/\\\/www.facebook.com\\\/sk8pointnet\\\/\",\"https:\\\/\\\/x.com\\\/sk8net\",\"https:\\\/\\\/www.instagram.com\\\/sk8pointnet\\\/\",\"https:\\\/\\\/www.linkedin.com\\\/in\\\/sk8-net-030404a9\\\/\"]}]}<\/script>\n<!-- \/ Yoast SEO plugin. -->","yoast_head_json":{"title":"CROLLES (38) - SK8.NET","robots":{"index":"index","follow":"follow","max-snippet":"max-snippet:-1","max-image-preview":"max-image-preview:large","max-video-preview":"max-video-preview:-1"},"canonical":"https:\/\/www.sk8.net\/wp\/?page_id=63","og_locale":"fr_FR","og_type":"article","og_title":"CROLLES (38) - SK8.NET","og_description":"&gt; Skatepark b\u00e9ton construit en 2008 par la soci\u00e9t\u00e9 R\u00e9cr\u00e9ation Urbaine. Situ\u00e9 \u00e0 une quinzaine de kilom\u00e9tre de Grenoble.Constitu\u00e9 d&rsquo;une","og_url":"https:\/\/www.sk8.net\/wp\/?page_id=63","og_site_name":"SK8.NET","article_publisher":"https:\/\/www.facebook.com\/sk8pointnet\/","article_modified_time":"2026-02-12T09:00:49+00:00","og_image":[{"width":590,"height":300,"url":"https:\/\/www.sk8.net\/wp\/wp-content\/uploads\/2021\/11\/Skatepark-crolles_590x300.jpg","type":"image\/jpeg"}],"twitter_card":"summary_large_image","twitter_site":"@sk8net","twitter_misc":{"Dur\u00e9e de lecture estim\u00e9e":"1 minute"},"schema":{"@context":"https:\/\/schema.org","@graph":[{"@type":"WebPage","@id":"https:\/\/www.sk8.net\/wp\/?page_id=63","url":"https:\/\/www.sk8.net\/wp\/?page_id=63","name":"CROLLES (38) - SK8.NET","isPartOf":{"@id":"https:\/\/www.sk8.net\/wp\/#website"},"primaryImageOfPage":{"@id":"https:\/\/www.sk8.net\/wp\/?page_id=63#primaryimage"},"image":{"@id":"https:\/\/www.sk8.net\/wp\/?page_id=63#primaryimage"},"thumbnailUrl":"http:\/\/www.sk8.net\/wp\/wp-content\/uploads\/2009\/08\/Skatepark-crolles_590x300.jpg","datePublished":"2009-08-11T18:47:44+00:00","dateModified":"2026-02-12T09:00:49+00:00","breadcrumb":{"@id":"https:\/\/www.sk8.net\/wp\/?page_id=63#breadcrumb"},"inLanguage":"fr-FR","potentialAction":[{"@type":"ReadAction","target":["https:\/\/www.sk8.net\/wp\/?page_id=63"]}]},{"@type":"ImageObject","inLanguage":"fr-FR","@id":"https:\/\/www.sk8.net\/wp\/?page_id=63#primaryimage","url":"http:\/\/www.sk8.net\/wp\/wp-content\/uploads\/2009\/08\/Skatepark-crolles_590x300.jpg","contentUrl":"http:\/\/www.sk8.net\/wp\/wp-content\/uploads\/2009\/08\/Skatepark-crolles_590x300.jpg"},{"@type":"BreadcrumbList","@id":"https:\/\/www.sk8.net\/wp\/?page_id=63#breadcrumb","itemListElement":[{"@type":"ListItem","position":1,"name":"SKATEPARK LISTE","item":"https:\/\/www.sk8.net\/wp\/?page_id=27163"},{"@type":"ListItem","position":2,"name":"SKATEPARKS_A>H","item":"https:\/\/www.sk8.net\/wp\/?page_id=15"},{"@type":"ListItem","position":3,"name":"CROLLES (38)"}]},{"@type":"WebSite","@id":"https:\/\/www.sk8.net\/wp\/#website","url":"https:\/\/www.sk8.net\/wp\/","name":"SK8.NET","description":"Skateboard Mag.","publisher":{"@id":"https:\/\/www.sk8.net\/wp\/#organization"},"alternateName":"www.sk8.net","potentialAction":[{"@type":"SearchAction","target":{"@type":"EntryPoint","urlTemplate":"https:\/\/www.sk8.net\/wp\/?s={search_term_string}"},"query-input":{"@type":"PropertyValueSpecification","valueRequired":true,"valueName":"search_term_string"}}],"inLanguage":"fr-FR"},{"@type":"Organization","@id":"https:\/\/www.sk8.net\/wp\/#organization","name":"SK8.NET","url":"https:\/\/www.sk8.net\/wp\/","logo":{"@type":"ImageObject","inLanguage":"fr-FR","@id":"https:\/\/www.sk8.net\/wp\/#\/schema\/logo\/image\/","url":"https:\/\/www.sk8.net\/wp\/wp-content\/uploads\/2023\/01\/Logo-SK8net_Clrs_2017.png","contentUrl":"https:\/\/www.sk8.net\/wp\/wp-content\/uploads\/2023\/01\/Logo-SK8net_Clrs_2017.png","width":865,"height":250,"caption":"SK8.NET"},"image":{"@id":"https:\/\/www.sk8.net\/wp\/#\/schema\/logo\/image\/"},"sameAs":["https:\/\/www.facebook.com\/sk8pointnet\/","https:\/\/x.com\/sk8net","https:\/\/www.instagram.com\/sk8pointnet\/","https:\/\/www.linkedin.com\/in\/sk8-net-030404a9\/"]}]}},"amp_enabled":true,"_links":{"self":[{"href":"https:\/\/www.sk8.net\/wp\/index.php?rest_route=\/wp\/v2\/pages\/63","targetHints":{"allow":["GET"]}}],"collection":[{"href":"https:\/\/www.sk8.net\/wp\/index.php?rest_route=\/wp\/v2\/pages"}],"about":[{"href":"https:\/\/www.sk8.net\/wp\/index.php?rest_route=\/wp\/v2\/types\/page"}],"author":[{"embeddable":true,"href":"https:\/\/www.sk8.net\/wp\/index.php?rest_route=\/wp\/v2\/users\/2"}],"replies":[{"embeddable":true,"href":"https:\/\/www.sk8.net\/wp\/index.php?rest_route=%2Fwp%2Fv2%2Fcomments&post=63"}],"version-history":[{"count":0,"href":"https:\/\/www.sk8.net\/wp\/index.php?rest_route=\/wp\/v2\/pages\/63\/revisions"}],"up":[{"embeddable":true,"href":"https:\/\/www.sk8.net\/wp\/index.php?rest_route=\/wp\/v2\/pages\/15"}],"wp:attachment":[{"href":"https:\/\/www.sk8.net\/wp\/index.php?rest_route=%2Fwp%2Fv2%2Fmedia&parent=63"}],"curies":[{"name":"wp","href":"https:\/\/api.w.org\/{rel}","templated":true}]}}