{"id":38531,"date":"2024-07-05T16:38:54","date_gmt":"2024-07-05T14:38:54","guid":{"rendered":"https:\/\/www.sk8.net\/wp\/?page_id=38531"},"modified":"2026-02-13T13:32:46","modified_gmt":"2026-02-13T12:32:46","slug":"magalas-34","status":"publish","type":"page","link":"https:\/\/www.sk8.net\/wp\/?page_id=38531","title":{"rendered":"MAGALAS (34)"},"content":{"rendered":"\n<figure class=\"wp-block-image size-full is-resized\"><img loading=\"lazy\" decoding=\"async\" width=\"800\" height=\"450\" sizes=\"auto, (max-width: 800px) 100vw, 800px\" src=\"https:\/\/www.sk8.net\/wp\/wp-content\/uploads\/2024\/07\/Skatepark_Magalas_800x450.jpg\" alt=\"\" class=\"wp-image-38533\" style=\"width:900px\" srcset=\"https:\/\/www.sk8.net\/wp\/wp-content\/uploads\/2024\/07\/Skatepark_Magalas_800x450.jpg 800w, https:\/\/www.sk8.net\/wp\/wp-content\/uploads\/2024\/07\/Skatepark_Magalas_800x450-590x332.jpg 590w, https:\/\/www.sk8.net\/wp\/wp-content\/uploads\/2024\/07\/Skatepark_Magalas_800x450-768x432.jpg 768w\" \/><\/figure>\n\n\n\n<p>20 km au nord de B\u00e9ziers<br \/>Chem. de Rignac, 34480 Magalas<br \/>Petit et bien con\u00e7u. Acc\u00e8s libre<\/p>\n\n\n\n<iframe loading=\"lazy\" src=\"https:\/\/www.google.com\/maps\/d\/embed?mid=1RG2pZkpki6UnMvadMlIQ9wuauKEctH4&#038;hl=fr&#038;ehbc=2E312F\" width=\"900\" height=\"480\"><\/iframe>\n\n\n\n<figure class=\"wp-block-gallery has-nested-images columns-4 wp-block-gallery-1 is-layout-flex wp-block-gallery-is-layout-flex\">\n<figure class=\"wp-block-image size-full\"><img loading=\"lazy\" decoding=\"async\" width=\"900\" height=\"675\" sizes=\"auto, (max-width: 900px) 100vw, 900px\" data-id=\"38534\" src=\"https:\/\/www.sk8.net\/wp\/wp-content\/uploads\/2024\/07\/Magalas_900-01.jpg\" alt=\"\" class=\"wp-image-38534\" srcset=\"https:\/\/www.sk8.net\/wp\/wp-content\/uploads\/2024\/07\/Magalas_900-01.jpg 900w, https:\/\/www.sk8.net\/wp\/wp-content\/uploads\/2024\/07\/Magalas_900-01-590x443.jpg 590w, https:\/\/www.sk8.net\/wp\/wp-content\/uploads\/2024\/07\/Magalas_900-01-768x576.jpg 768w\" \/><\/figure>\n\n\n\n<figure class=\"wp-block-image size-full\"><img loading=\"lazy\" decoding=\"async\" width=\"900\" height=\"675\" sizes=\"auto, (max-width: 900px) 100vw, 900px\" data-id=\"38536\" src=\"https:\/\/www.sk8.net\/wp\/wp-content\/uploads\/2024\/07\/Magalas_900-03.jpg\" alt=\"\" class=\"wp-image-38536\" srcset=\"https:\/\/www.sk8.net\/wp\/wp-content\/uploads\/2024\/07\/Magalas_900-03.jpg 900w, https:\/\/www.sk8.net\/wp\/wp-content\/uploads\/2024\/07\/Magalas_900-03-590x443.jpg 590w, https:\/\/www.sk8.net\/wp\/wp-content\/uploads\/2024\/07\/Magalas_900-03-768x576.jpg 768w\" \/><\/figure>\n\n\n\n<figure class=\"wp-block-image size-full\"><img loading=\"lazy\" decoding=\"async\" width=\"900\" height=\"675\" sizes=\"auto, (max-width: 900px) 100vw, 900px\" data-id=\"38538\" src=\"https:\/\/www.sk8.net\/wp\/wp-content\/uploads\/2024\/07\/Magalas_900-05.jpg\" alt=\"\" class=\"wp-image-38538\" srcset=\"https:\/\/www.sk8.net\/wp\/wp-content\/uploads\/2024\/07\/Magalas_900-05.jpg 900w, https:\/\/www.sk8.net\/wp\/wp-content\/uploads\/2024\/07\/Magalas_900-05-590x443.jpg 590w, https:\/\/www.sk8.net\/wp\/wp-content\/uploads\/2024\/07\/Magalas_900-05-768x576.jpg 768w\" \/><\/figure>\n\n\n\n<figure class=\"wp-block-image size-full\"><img loading=\"lazy\" decoding=\"async\" width=\"900\" height=\"675\" sizes=\"auto, (max-width: 900px) 100vw, 900px\" data-id=\"38539\" src=\"https:\/\/www.sk8.net\/wp\/wp-content\/uploads\/2024\/07\/Magalas_900-06.jpg\" alt=\"\" class=\"wp-image-38539\" srcset=\"https:\/\/www.sk8.net\/wp\/wp-content\/uploads\/2024\/07\/Magalas_900-06.jpg 900w, https:\/\/www.sk8.net\/wp\/wp-content\/uploads\/2024\/07\/Magalas_900-06-590x443.jpg 590w, https:\/\/www.sk8.net\/wp\/wp-content\/uploads\/2024\/07\/Magalas_900-06-768x576.jpg 768w\" \/><\/figure>\n\n\n\n<figure class=\"wp-block-image size-full\"><img loading=\"lazy\" decoding=\"async\" width=\"900\" height=\"245\" sizes=\"auto, (max-width: 900px) 100vw, 900px\" data-id=\"38535\" src=\"https:\/\/www.sk8.net\/wp\/wp-content\/uploads\/2024\/07\/Magalas_900-02.jpg\" alt=\"\" class=\"wp-image-38535\" srcset=\"https:\/\/www.sk8.net\/wp\/wp-content\/uploads\/2024\/07\/Magalas_900-02.jpg 900w, https:\/\/www.sk8.net\/wp\/wp-content\/uploads\/2024\/07\/Magalas_900-02-590x161.jpg 590w, https:\/\/www.sk8.net\/wp\/wp-content\/uploads\/2024\/07\/Magalas_900-02-768x209.jpg 768w\" \/><\/figure>\n<\/figure>\n\n\n\n<p>Spoted \/ Txt &amp; photos: 2-fre\u00a9 &#8211; www.sk8.net\u2028&gt; Ne pas utiliser sans autorisations.<\/p>\n","protected":false},"excerpt":{"rendered":"<p>20 km au nord de B\u00e9ziersChem. de Rignac, 34480 MagalasPetit et bien con\u00e7u. Acc\u00e8s libre Spoted \/ Txt &amp; photos:<\/p>\n","protected":false},"author":2,"featured_media":0,"parent":0,"menu_order":0,"comment_status":"closed","ping_status":"closed","template":"","meta":{"colormag_page_container_layout":"default_layout","colormag_page_sidebar_layout":"default_layout","footnotes":""},"class_list":["post-38531","page","type-page","status-publish","hentry"],"yoast_head":"<!-- This site is optimized with the Yoast SEO plugin v27.4 - https:\/\/yoast.com\/product\/yoast-seo-wordpress\/ -->\n<title>MAGALAS (34) - SK8.NET<\/title>\n<meta name=\"robots\" content=\"index, follow, max-snippet:-1, max-image-preview:large, max-video-preview:-1\" \/>\n<link rel=\"canonical\" href=\"https:\/\/www.sk8.net\/wp\/?page_id=38531\" \/>\n<meta property=\"og:locale\" content=\"fr_FR\" \/>\n<meta property=\"og:type\" content=\"article\" \/>\n<meta property=\"og:title\" content=\"MAGALAS (34) - SK8.NET\" \/>\n<meta property=\"og:description\" content=\"20 km au nord de B\u00e9ziersChem. de Rignac, 34480 MagalasPetit et bien con\u00e7u. Acc\u00e8s libre Spoted \/ Txt &amp; photos:\" \/>\n<meta property=\"og:url\" content=\"https:\/\/www.sk8.net\/wp\/?page_id=38531\" \/>\n<meta property=\"og:site_name\" content=\"SK8.NET\" \/>\n<meta property=\"article:publisher\" content=\"https:\/\/www.facebook.com\/sk8pointnet\/\" \/>\n<meta property=\"article:modified_time\" content=\"2026-02-13T12:32:46+00:00\" \/>\n<meta property=\"og:image\" content=\"https:\/\/www.sk8.net\/wp\/wp-content\/uploads\/2024\/07\/Skatepark_Magalas_800x450.jpg\" \/>\n\t<meta property=\"og:image:width\" content=\"800\" \/>\n\t<meta property=\"og:image:height\" content=\"450\" \/>\n\t<meta property=\"og:image:type\" content=\"image\/jpeg\" \/>\n<meta name=\"twitter:card\" content=\"summary_large_image\" \/>\n<meta name=\"twitter:site\" content=\"@sk8net\" \/>\n<script type=\"application\/ld+json\" class=\"yoast-schema-graph\">{\"@context\":\"https:\\\/\\\/schema.org\",\"@graph\":[{\"@type\":\"WebPage\",\"@id\":\"https:\\\/\\\/www.sk8.net\\\/wp\\\/?page_id=38531\",\"url\":\"https:\\\/\\\/www.sk8.net\\\/wp\\\/?page_id=38531\",\"name\":\"MAGALAS (34) - SK8.NET\",\"isPartOf\":{\"@id\":\"https:\\\/\\\/www.sk8.net\\\/wp\\\/#website\"},\"primaryImageOfPage\":{\"@id\":\"https:\\\/\\\/www.sk8.net\\\/wp\\\/?page_id=38531#primaryimage\"},\"image\":{\"@id\":\"https:\\\/\\\/www.sk8.net\\\/wp\\\/?page_id=38531#primaryimage\"},\"thumbnailUrl\":\"https:\\\/\\\/www.sk8.net\\\/wp\\\/wp-content\\\/uploads\\\/2024\\\/07\\\/Skatepark_Magalas_800x450.jpg\",\"datePublished\":\"2024-07-05T14:38:54+00:00\",\"dateModified\":\"2026-02-13T12:32:46+00:00\",\"inLanguage\":\"fr-FR\",\"potentialAction\":[{\"@type\":\"ReadAction\",\"target\":[\"https:\\\/\\\/www.sk8.net\\\/wp\\\/?page_id=38531\"]}]},{\"@type\":\"ImageObject\",\"inLanguage\":\"fr-FR\",\"@id\":\"https:\\\/\\\/www.sk8.net\\\/wp\\\/?page_id=38531#primaryimage\",\"url\":\"https:\\\/\\\/www.sk8.net\\\/wp\\\/wp-content\\\/uploads\\\/2024\\\/07\\\/Skatepark_Magalas_800x450.jpg\",\"contentUrl\":\"https:\\\/\\\/www.sk8.net\\\/wp\\\/wp-content\\\/uploads\\\/2024\\\/07\\\/Skatepark_Magalas_800x450.jpg\",\"width\":800,\"height\":450},{\"@type\":\"WebSite\",\"@id\":\"https:\\\/\\\/www.sk8.net\\\/wp\\\/#website\",\"url\":\"https:\\\/\\\/www.sk8.net\\\/wp\\\/\",\"name\":\"SK8.NET\",\"description\":\"Skateboard Mag.\",\"publisher\":{\"@id\":\"https:\\\/\\\/www.sk8.net\\\/wp\\\/#organization\"},\"alternateName\":\"www.sk8.net\",\"potentialAction\":[{\"@type\":\"SearchAction\",\"target\":{\"@type\":\"EntryPoint\",\"urlTemplate\":\"https:\\\/\\\/www.sk8.net\\\/wp\\\/?s={search_term_string}\"},\"query-input\":{\"@type\":\"PropertyValueSpecification\",\"valueRequired\":true,\"valueName\":\"search_term_string\"}}],\"inLanguage\":\"fr-FR\"},{\"@type\":\"Organization\",\"@id\":\"https:\\\/\\\/www.sk8.net\\\/wp\\\/#organization\",\"name\":\"SK8.NET\",\"url\":\"https:\\\/\\\/www.sk8.net\\\/wp\\\/\",\"logo\":{\"@type\":\"ImageObject\",\"inLanguage\":\"fr-FR\",\"@id\":\"https:\\\/\\\/www.sk8.net\\\/wp\\\/#\\\/schema\\\/logo\\\/image\\\/\",\"url\":\"https:\\\/\\\/www.sk8.net\\\/wp\\\/wp-content\\\/uploads\\\/2023\\\/01\\\/Logo-SK8net_Clrs_2017.png\",\"contentUrl\":\"https:\\\/\\\/www.sk8.net\\\/wp\\\/wp-content\\\/uploads\\\/2023\\\/01\\\/Logo-SK8net_Clrs_2017.png\",\"width\":865,\"height\":250,\"caption\":\"SK8.NET\"},\"image\":{\"@id\":\"https:\\\/\\\/www.sk8.net\\\/wp\\\/#\\\/schema\\\/logo\\\/image\\\/\"},\"sameAs\":[\"https:\\\/\\\/www.facebook.com\\\/sk8pointnet\\\/\",\"https:\\\/\\\/x.com\\\/sk8net\",\"https:\\\/\\\/www.instagram.com\\\/sk8pointnet\\\/\",\"https:\\\/\\\/www.linkedin.com\\\/in\\\/sk8-net-030404a9\\\/\"]}]}<\/script>\n<!-- \/ Yoast SEO plugin. -->","yoast_head_json":{"title":"MAGALAS (34) - SK8.NET","robots":{"index":"index","follow":"follow","max-snippet":"max-snippet:-1","max-image-preview":"max-image-preview:large","max-video-preview":"max-video-preview:-1"},"canonical":"https:\/\/www.sk8.net\/wp\/?page_id=38531","og_locale":"fr_FR","og_type":"article","og_title":"MAGALAS (34) - SK8.NET","og_description":"20 km au nord de B\u00e9ziersChem. de Rignac, 34480 MagalasPetit et bien con\u00e7u. Acc\u00e8s libre Spoted \/ Txt &amp; photos:","og_url":"https:\/\/www.sk8.net\/wp\/?page_id=38531","og_site_name":"SK8.NET","article_publisher":"https:\/\/www.facebook.com\/sk8pointnet\/","article_modified_time":"2026-02-13T12:32:46+00:00","og_image":[{"width":800,"height":450,"url":"https:\/\/www.sk8.net\/wp\/wp-content\/uploads\/2024\/07\/Skatepark_Magalas_800x450.jpg","type":"image\/jpeg"}],"twitter_card":"summary_large_image","twitter_site":"@sk8net","schema":{"@context":"https:\/\/schema.org","@graph":[{"@type":"WebPage","@id":"https:\/\/www.sk8.net\/wp\/?page_id=38531","url":"https:\/\/www.sk8.net\/wp\/?page_id=38531","name":"MAGALAS (34) - SK8.NET","isPartOf":{"@id":"https:\/\/www.sk8.net\/wp\/#website"},"primaryImageOfPage":{"@id":"https:\/\/www.sk8.net\/wp\/?page_id=38531#primaryimage"},"image":{"@id":"https:\/\/www.sk8.net\/wp\/?page_id=38531#primaryimage"},"thumbnailUrl":"https:\/\/www.sk8.net\/wp\/wp-content\/uploads\/2024\/07\/Skatepark_Magalas_800x450.jpg","datePublished":"2024-07-05T14:38:54+00:00","dateModified":"2026-02-13T12:32:46+00:00","inLanguage":"fr-FR","potentialAction":[{"@type":"ReadAction","target":["https:\/\/www.sk8.net\/wp\/?page_id=38531"]}]},{"@type":"ImageObject","inLanguage":"fr-FR","@id":"https:\/\/www.sk8.net\/wp\/?page_id=38531#primaryimage","url":"https:\/\/www.sk8.net\/wp\/wp-content\/uploads\/2024\/07\/Skatepark_Magalas_800x450.jpg","contentUrl":"https:\/\/www.sk8.net\/wp\/wp-content\/uploads\/2024\/07\/Skatepark_Magalas_800x450.jpg","width":800,"height":450},{"@type":"WebSite","@id":"https:\/\/www.sk8.net\/wp\/#website","url":"https:\/\/www.sk8.net\/wp\/","name":"SK8.NET","description":"Skateboard Mag.","publisher":{"@id":"https:\/\/www.sk8.net\/wp\/#organization"},"alternateName":"www.sk8.net","potentialAction":[{"@type":"SearchAction","target":{"@type":"EntryPoint","urlTemplate":"https:\/\/www.sk8.net\/wp\/?s={search_term_string}"},"query-input":{"@type":"PropertyValueSpecification","valueRequired":true,"valueName":"search_term_string"}}],"inLanguage":"fr-FR"},{"@type":"Organization","@id":"https:\/\/www.sk8.net\/wp\/#organization","name":"SK8.NET","url":"https:\/\/www.sk8.net\/wp\/","logo":{"@type":"ImageObject","inLanguage":"fr-FR","@id":"https:\/\/www.sk8.net\/wp\/#\/schema\/logo\/image\/","url":"https:\/\/www.sk8.net\/wp\/wp-content\/uploads\/2023\/01\/Logo-SK8net_Clrs_2017.png","contentUrl":"https:\/\/www.sk8.net\/wp\/wp-content\/uploads\/2023\/01\/Logo-SK8net_Clrs_2017.png","width":865,"height":250,"caption":"SK8.NET"},"image":{"@id":"https:\/\/www.sk8.net\/wp\/#\/schema\/logo\/image\/"},"sameAs":["https:\/\/www.facebook.com\/sk8pointnet\/","https:\/\/x.com\/sk8net","https:\/\/www.instagram.com\/sk8pointnet\/","https:\/\/www.linkedin.com\/in\/sk8-net-030404a9\/"]}]}},"amp_enabled":true,"_links":{"self":[{"href":"https:\/\/www.sk8.net\/wp\/index.php?rest_route=\/wp\/v2\/pages\/38531","targetHints":{"allow":["GET"]}}],"collection":[{"href":"https:\/\/www.sk8.net\/wp\/index.php?rest_route=\/wp\/v2\/pages"}],"about":[{"href":"https:\/\/www.sk8.net\/wp\/index.php?rest_route=\/wp\/v2\/types\/page"}],"author":[{"embeddable":true,"href":"https:\/\/www.sk8.net\/wp\/index.php?rest_route=\/wp\/v2\/users\/2"}],"replies":[{"embeddable":true,"href":"https:\/\/www.sk8.net\/wp\/index.php?rest_route=%2Fwp%2Fv2%2Fcomments&post=38531"}],"version-history":[{"count":0,"href":"https:\/\/www.sk8.net\/wp\/index.php?rest_route=\/wp\/v2\/pages\/38531\/revisions"}],"wp:attachment":[{"href":"https:\/\/www.sk8.net\/wp\/index.php?rest_route=%2Fwp%2Fv2%2Fmedia&parent=38531"}],"curies":[{"name":"wp","href":"https:\/\/api.w.org\/{rel}","templated":true}]}}