{"id":37479,"date":"2023-12-21T11:50:56","date_gmt":"2023-12-21T10:50:56","guid":{"rendered":"https:\/\/www.sk8.net\/wp\/?page_id=37479"},"modified":"2026-02-14T17:43:33","modified_gmt":"2026-02-14T16:43:33","slug":"cms_street-2023-tokyo","status":"publish","type":"page","link":"https:\/\/www.sk8.net\/wp\/?page_id=37479","title":{"rendered":"CMS_STREET 2023 (TOKYO)"},"content":{"rendered":"\n<h5 class=\"wp-block-heading has-text-align-center\">Street Skateboarding World Championships 2023<br \/>\u2028Tokyo, Ariake Colosseum, d\u00e9cembre 2023<\/h5>\n\n\n\n<p><em>C\u2019est \u00e0 quelques centaines de m\u00e8tres \u00e0 peine du skatepark qui a accueilli les premi\u00e8res \u00e9preuves olympiques de l\u2019histoire du skateboard que se sont d\u00e9roul\u00e9s les championnats du monde street 2023, plus pr\u00e9cis\u00e9ment dans l\u2019Ariake Colosseum, imposante salle pouvant accueillir jusqu\u2019\u00e0 10.000 spectateurs, th\u00e9\u00e2tre des \u00e9preuves de tennis de Tokyo 2020.<\/em><\/p>\n\n\n\n<figure class=\"wp-block-image size-full\"><img loading=\"lazy\" decoding=\"async\" width=\"897\" height=\"444\" sizes=\"auto, (max-width: 897px) 100vw, 897px\" src=\"https:\/\/www.sk8.net\/wp\/wp-content\/uploads\/2023\/12\/tokyo-1-jpg.webp\" alt=\"\" class=\"wp-image-37493\" srcset=\"https:\/\/www.sk8.net\/wp\/wp-content\/uploads\/2023\/12\/tokyo-1-jpg.webp 897w, https:\/\/www.sk8.net\/wp\/wp-content\/uploads\/2023\/12\/tokyo-1-590x292.webp 590w, https:\/\/www.sk8.net\/wp\/wp-content\/uploads\/2023\/12\/tokyo-1-768x380.webp 768w\" \/><\/figure>\n\n\n\n<p style=\"font-size:15px\">7 riders \u00e9taient sur place pour repr\u00e9senter la France : <strong>Charlotte Hym, Lucie Schoonheere, J\u00e9romine Louvet et Cerise Michaud<\/strong> chez les femmes, <strong>Joseph Garbaccio, Benjamin Garcia et Vincent Milou<\/strong> chez les hommes, Aur\u00e9lien Giraud, tenant du titre, a malheureusement d\u00fb faire l\u2019impasse pour raisons personnelles, mais rien de grave pas d\u2019inqui\u00e9tude, notre lyonnais favori sera de retour sur les contests internationaux tr\u00e8s prochainement !<\/p>\n\n\n\n<div class=\"wp-block-media-text has-media-on-the-right is-stacked-on-mobile\" style=\"grid-template-columns:auto 65%\"><div class=\"wp-block-media-text__content\">\n<p style=\"font-size:15px\"><strong>Cerise Michaud<\/strong>, en qu\u00eate d\u2019exp\u00e9rience au niveau international, n\u2019a pu faire mieux qu\u2019une 67e place finale, peu \u00e0 l\u2019aise sur ce park plut\u00f4t engag\u00e9, elle aura malgr\u00e9 tout su construire un run fluide et poser quelques tricks bien styl\u00e9s, work in progress !<br \/><\/p>\n\n\n\n<p class=\"has-text-align-right has-small-font-size\"><strong>Cerise Michaud &#8211; frontside 50-50<\/strong><\/p>\n<\/div><figure class=\"wp-block-media-text__media\"><picture class=\"wp-picture-37485\" style=\"display: contents;\"><source type=\"image\/webp\" srcset=\"https:\/\/www.sk8.net\/wp\/wp-content\/uploads\/2023\/12\/Cerise-Michaud-frontside-50-50-590x393.webp 590w, https:\/\/www.sk8.net\/wp\/wp-content\/uploads\/2023\/12\/Cerise-Michaud-frontside-50-50-768x512.webp 768w\" sizes=\"auto, (max-width: 900px) 100vw, 900px\"><img loading=\"lazy\" decoding=\"async\" width=\"900\" height=\"600\" src=\"https:\/\/www.sk8.net\/wp\/wp-content\/uploads\/2023\/12\/Cerise-Michaud-frontside-50-50.jpg\" alt=\"\" class=\"wp-image-37485 size-full\" srcset=\"https:\/\/www.sk8.net\/wp\/wp-content\/uploads\/2023\/12\/Cerise-Michaud-frontside-50-50.jpg 900w, https:\/\/www.sk8.net\/wp\/wp-content\/uploads\/2023\/12\/Cerise-Michaud-frontside-50-50-590x393.webp 590w, https:\/\/www.sk8.net\/wp\/wp-content\/uploads\/2023\/12\/Cerise-Michaud-frontside-50-50-768x512.webp 768w\" sizes=\"auto, (max-width: 900px) 100vw, 900px\" \/><\/picture><\/figure><\/div>\n\n\n\n<p style=\"font-size:15px\"><strong>Lucie Schoonheere<\/strong> esp\u00e9rait poursuivre sur la lanc\u00e9e de sa belle 10eme place obtenue \u00e0 Lausanne en septembre dernier, malheureusement une blessure \u00e0 la cheville contract\u00e9e d\u00e8s le premier jour des entra\u00eenements va vite refreiner ses ardeurs et la forcer \u00e0 rouler tout en retenue, elle termine 43eme.<\/p>\n\n\n\n<figure class=\"wp-block-image size-full\"><picture class=\"wp-picture-37481\" style=\"display: contents;\"><source type=\"image\/webp\" srcset=\"https:\/\/www.sk8.net\/wp\/wp-content\/uploads\/2023\/12\/Lucie-Schoonheere-frontside-boardslide-590x393.webp 590w, https:\/\/www.sk8.net\/wp\/wp-content\/uploads\/2023\/12\/Lucie-Schoonheere-frontside-boardslide-768x512.webp 768w\" sizes=\"auto, (max-width: 900px) 100vw, 900px\"><img loading=\"lazy\" decoding=\"async\" width=\"900\" height=\"600\" sizes=\"auto, (max-width: 900px) 100vw, 900px\" src=\"https:\/\/www.sk8.net\/wp\/wp-content\/uploads\/2023\/12\/Lucie-Schoonheere-frontside-boardslide.jpg\" alt=\"\" class=\"wp-image-37481\" srcset=\"https:\/\/www.sk8.net\/wp\/wp-content\/uploads\/2023\/12\/Lucie-Schoonheere-frontside-boardslide.jpg 900w, https:\/\/www.sk8.net\/wp\/wp-content\/uploads\/2023\/12\/Lucie-Schoonheere-frontside-boardslide-590x393.webp 590w, https:\/\/www.sk8.net\/wp\/wp-content\/uploads\/2023\/12\/Lucie-Schoonheere-frontside-boardslide-768x512.webp 768w\" \/><\/picture><figcaption class=\"wp-element-caption\"><strong><mark style=\"background-color:rgba(0, 0, 0, 0)\" class=\"has-inline-color has-white-color\">Lucie Schoonheere &#8211; frontside boardslide<\/mark><\/strong><\/figcaption><\/figure>\n\n\n\n<div class=\"wp-block-media-text is-stacked-on-mobile\"><figure class=\"wp-block-media-text__media\"><img loading=\"lazy\" decoding=\"async\" width=\"379\" height=\"516\" src=\"https:\/\/www.sk8.net\/wp\/wp-content\/uploads\/2023\/12\/Charlotte-Hym-boardslide_02.jpg\" alt=\"\" class=\"wp-image-37519 size-full\"\/><\/figure><div class=\"wp-block-media-text__content\">\n<p style=\"font-size:15px\"><strong>Charlotte Hym<\/strong> a elle aussi connu une adaptation au spot nippon un peu brutale, en effet, un switch boardslide sur un rail ne s\u2019est pas pass\u00e9 comme pr\u00e9vu et la chute qui s\u2019en est suivie a \u00e9t\u00e9 assez violente, pas de blessure importante \u00e0 d\u00e9plorer mais une confiance entam\u00e9e qui ne lui a pas permis de se l\u00e2cher et d\u2019encha\u00eener ses tricks sereinement, elle non plus ne passe le cap des qualifications et se classe 41eme.<\/p>\n\n\n\n<p class=\"has-small-font-size\"><strong>Charlotte Hym &#8211; boardslide<\/strong><\/p>\n<\/div><\/div>\n\n\n\n<p style=\"font-size:15px\">Seule fran\u00e7aise \u00e0 atteindre les quarts de finale, J\u00e9romine Louvet accroche une belle 27eme place mondiale, r\u00e9sultat important dans l\u2019optique d\u2019acc\u00e9der \u00e0 la phase 2 des qualifications pour Paris 2024. J\u00e9romine s\u2019est montr\u00e9e \u00e0 l\u2019aise avec ses tricks \u00ab signatures \u00bb comme le feeble grind, le backside five-O et le backside nosegrind, mais elle a \u00e9galement apport\u00e9 de la nouveaut\u00e9 avec un backside lipslide sur le \u2018bump to bar\u2019 ! Il lui faudra cependant un peu plus de consistance lors des prochaines \u00e9preuves pour atteindre les demies mais la progression est r\u00e9elle !<\/p>\n\n\n\n<div class=\"wp-block-media-text is-stacked-on-mobile\" style=\"grid-template-columns:64% auto\"><figure class=\"wp-block-media-text__media\"><img loading=\"lazy\" decoding=\"async\" width=\"657\" height=\"438\" src=\"https:\/\/www.sk8.net\/wp\/wp-content\/uploads\/2023\/12\/Jeromine-Louvet-backside-lipslide_02-jpg.webp\" alt=\"\" class=\"wp-image-37522 size-full\" srcset=\"https:\/\/www.sk8.net\/wp\/wp-content\/uploads\/2023\/12\/Jeromine-Louvet-backside-lipslide_02-jpg.webp 657w, https:\/\/www.sk8.net\/wp\/wp-content\/uploads\/2023\/12\/Jeromine-Louvet-backside-lipslide_02-590x393.webp 590w\" sizes=\"auto, (max-width: 657px) 100vw, 657px\" \/><\/figure><div class=\"wp-block-media-text__content\">\n<p><mark style=\"background-color:rgba(0, 0, 0, 0)\" class=\"has-inline-color has-luminous-vivid-amber-color\">R\u00e9sultats Femmes :<br \/>1-Yumeka Oda \u2013 JPN<br \/>2-Rayssa Leal \u2013 BRA<br \/>3-Momiji Nishiya \u2013 JPN<br \/>\u2026<br \/>27-J\u00e9romine Louvet \u2013 FRA<br \/>41-Charlotte Hym \u2013 FRA<br \/>43-Lucie Schoonheere \u2013 FRA<br \/>67-Cerise Michaud \u2013 FRA<\/mark><\/p>\n\n\n\n<p><\/p>\n\n\n\n<p class=\"has-small-font-size\"><strong>J\u00e9romine Louvet &#8211; backside lipslide<\/strong><\/p>\n<\/div><\/div>\n\n\n\n<hr class=\"wp-block-separator aligncenter has-alpha-channel-opacity is-style-wide\"\/>\n\n\n\n<div class=\"wp-block-media-text has-media-on-the-right is-stacked-on-mobile\" style=\"grid-template-columns:auto 60%\"><div class=\"wp-block-media-text__content\">\n<p style=\"font-size:15px\">Chez les hommes, malgr\u00e9 des practices solides, Benji Garcia n\u2019arrive malheureusement pas \u00e0 rentrer un run complet, pourtant sur le papier il y avait du lourd et de quoi certainement passer en quarts, mais Ben a \u00e9t\u00e9 trahi par un nollie crooks dans le premier run et un bs tail dans le 2eme, \u00e0 ce niveau-l\u00e0 \u00e7a ne pardonne pas, il se classe 61eme.<\/p>\n\n\n\n<p class=\"has-text-align-right has-small-font-size\"><strong>Benjamin Garcia &#8211; backside tailslide<\/strong><\/p>\n<\/div><figure class=\"wp-block-media-text__media\"><img loading=\"lazy\" decoding=\"async\" width=\"379\" height=\"516\" src=\"https:\/\/www.sk8.net\/wp\/wp-content\/uploads\/2023\/12\/Benjamin-Garcia-backside-tailslide_02-1-jpg.webp\" alt=\"\" class=\"wp-image-37516 size-full\"\/><\/figure><\/div>\n\n\n\n<div class=\"wp-block-media-text is-stacked-on-mobile has-cm-color-5-background-color has-background\" style=\"grid-template-columns:60% auto\"><figure class=\"wp-block-media-text__media\"><img loading=\"lazy\" decoding=\"async\" width=\"379\" height=\"516\" src=\"https:\/\/www.sk8.net\/wp\/wp-content\/uploads\/2023\/12\/Joseph-Garbaccio-fs-180-switch-crooked_2.jpg\" alt=\"\" class=\"wp-image-37528 size-full\"\/><\/figure><div class=\"wp-block-media-text__content\">\n<p class=\"has-cm-color-4-color has-text-color has-link-color wp-elements-b6cb5e1d8eccd7464d341bdd348c130f\" style=\"font-size:15px\"><strong>Joseph Garbaccio<\/strong> a montr\u00e9 une forte progression ces derniers mois, progression illustr\u00e9e par une demi-finale \u00e0 Sharjah en f\u00e9vrier, ainsi qu\u2019un quart \u00e0 Lausanne en septembre, on \u00e9tait donc en droit d\u2019attendre le m\u00eame type de performance de la part de Jojo, d\u2019autant plus que le normand trouvait le park \u00e0 son go\u00fbt et proposait du tr\u00e8s, tr\u00e8s solide\u2026mais l\u00e0 encore, comme pour Benji, ce sont des tricks \u00ab de base \u00bb qui lui ont fait d\u00e9faut et emp\u00eacher d\u2019envisager un parcours plus conforme \u00e0 ses attentes, une chute sur le dernier trick \u2013 fs 180 to switch crooked sur le hubba \u2013 dans le premier run, et un backside nosebluntslide rat\u00e9 sur le petit ledge dans le deuxi\u00e8me, il rentre \u00e0 la maison avec une 55eme place.<\/p>\n\n\n\n<p class=\"has-text-align-left has-cm-color-4-color has-text-color has-link-color has-small-font-size wp-elements-0f35989d538e3adb4070d0b3c308a248\" style=\"font-size:15px\"><strong>Joseph Garbaccio &#8211; fs 180 switch crooked<\/strong><\/p>\n<\/div><\/div>\n\n\n\n<p style=\"font-size:15px\">Les ambitions de <strong>Vincent Milou<\/strong> \u00e9taient, \u00e0 juste titre, d\u2019aller chercher un podium sur ces championnats du monde, en effet, fra\u00eechement r\u00e9compens\u00e9 d\u2019une deuxi\u00e8me place \u00e0 la SLS Supercrown deux semaines plus t\u00f4t, on peut dire que le landais est actuellement en pleine bourre !<br \/>Mais l\u00e0 encore, la d\u00e9sillusion, apr\u00e8s avoir termin\u00e9 les qualifications \u00e0 la deuxi\u00e8me place, les quarts \u00e0 la dixi\u00e8me, il \u00e9choue en demi-finale \u00e0 la neuvi\u00e8me place manquant le cut d\u2019une place pour 1.51pts, et ce, malgr\u00e9 un run sans faute diff\u00e9rent de ce qu\u2019il avait propos\u00e9 dans les tours pr\u00e9c\u00e9dents, et ponctu\u00e9 d\u2019un switch frontside nosebluntslide, ajout\u00e9 \u00e0 cela un flip fs tailslide sur le hubba et un switch flip backside lipslide sur le rail pendant la session single tricks, solide ! Mais le run scor\u00e9 (seulement) 72pts lui a \u00e9t\u00e9 fatal pour esp\u00e9rer poursuivre sa route. Vincent est tout de m\u00eame 9eme mondial et a une nouvelle fois montr\u00e9 qu\u2019il faudra compter sur lui lors des prochaines \u00e9ch\u00e9ances.<\/p>\n\n\n\n<figure class=\"wp-block-image size-full is-resized\"><img loading=\"lazy\" decoding=\"async\" width=\"900\" height=\"600\" sizes=\"auto, (max-width: 900px) 100vw, 900px\" src=\"https:\/\/www.sk8.net\/wp\/wp-content\/uploads\/2023\/12\/Vincent-Milou-switch-flip-backside-lipslide-jpg.webp\" alt=\"\" class=\"wp-image-37484\" style=\"width:1140px;height:auto\" srcset=\"https:\/\/www.sk8.net\/wp\/wp-content\/uploads\/2023\/12\/Vincent-Milou-switch-flip-backside-lipslide-jpg.webp 900w, https:\/\/www.sk8.net\/wp\/wp-content\/uploads\/2023\/12\/Vincent-Milou-switch-flip-backside-lipslide-590x393.webp 590w, https:\/\/www.sk8.net\/wp\/wp-content\/uploads\/2023\/12\/Vincent-Milou-switch-flip-backside-lipslide-768x512.webp 768w\" \/><figcaption class=\"wp-element-caption\"><strong><mark style=\"background-color:rgba(0, 0, 0, 0)\" class=\"has-inline-color has-white-color\">Vincent Milou &#8211; switch flip backside lipslide<\/mark><\/strong><\/figcaption><\/figure>\n\n\n\n<p class=\"has-text-align-center has-cm-color-5-background-color has-background\" style=\"font-size:15px\"><mark style=\"background-color:rgba(0, 0, 0, 0)\" class=\"has-inline-color has-luminous-vivid-amber-color\">R\u00e9sultats Hommes: 1-Sora Shirai \u2013 JPN &#8211; 2-Kairi Netsuke \u2013 JPN &#8211; 3-Yuto Horigome \u2013 JPN &#8211; \u2026 &#8211; 9-Vincent Milou \u2013 FRA &#8211; 55-Joseph Garbaccio \u2013 FRA &#8211; 61-Benjamin Garcia &#8211; FRA<\/mark><\/p>\n\n\n\n<p class=\"has-text-align-left\" style=\"font-size:15px\">Prochain et ultime rendez-vous de la phase 1 du circuit qualificatif pour les jeux, Duba\u00ef du 25 f\u00e9vrier au 3 mars (park) et du 3 au 10 mars (street).<br \/>Pour rappel, le top 44 dans chaque discipline acc\u00e8dera \u00e0 la phase 2 (dans la limite de 6 quotas par nation), les \u00e9preuves de la phase 2 se d\u00e9rouleront \u00e0 Shanghai du 16 au 19 mai (street &amp; park), et \u00e0 Budapest du 20 au 23 juin (street &amp; park).<\/p>\n\n\n\n<p class=\"has-text-align-center has-cm-color-5-background-color has-background\" style=\"font-size:15px\"><mark style=\"background-color:rgba(0, 0, 0, 0)\" class=\"has-inline-color has-luminous-vivid-amber-color\">Classement riders fran\u00e7ais OWSR (Olympic World Skate Ranking)<br \/>Hommes : 3\/ Aur\u00e9lien Giraud &#8211; 12\/ Vincent Milou &#8211; 28\/ Joseph Garbaccio &#8211; 62\/Ben Garcia &#8211; 100\/ Lawrence Ravail &#8211; 112\/ Max Berguin &#8211; 150\/ Lucien Gourdal<br \/>Femmes : 27\/ Lucie Schoonheere &#8211; 29\/ Charlotte Hym &#8211; 38\/ J\u00e9romine Louvet &#8211; 61\/ Cerise Michaud<\/mark><\/p>\n\n\n\n<p class=\"has-small-font-size\">Cr\u00e9dit photo \u00a9Greg Poissonnier<\/p>\n\n\n\n<p><\/p>\n","protected":false},"excerpt":{"rendered":"<p>Street Skateboarding World Championships 2023\u2028Tokyo, Ariake Colosseum, d\u00e9cembre 2023 C\u2019est \u00e0 quelques centaines de m\u00e8tres \u00e0 peine du skatepark qui<\/p>\n","protected":false},"author":2,"featured_media":0,"parent":0,"menu_order":0,"comment_status":"closed","ping_status":"closed","template":"","meta":{"colormag_page_container_layout":"default_layout","colormag_page_sidebar_layout":"default_layout","footnotes":""},"class_list":["post-37479","page","type-page","status-publish","hentry"],"amp_enabled":true,"_links":{"self":[{"href":"https:\/\/www.sk8.net\/wp\/index.php?rest_route=\/wp\/v2\/pages\/37479","targetHints":{"allow":["GET"]}}],"collection":[{"href":"https:\/\/www.sk8.net\/wp\/index.php?rest_route=\/wp\/v2\/pages"}],"about":[{"href":"https:\/\/www.sk8.net\/wp\/index.php?rest_route=\/wp\/v2\/types\/page"}],"author":[{"embeddable":true,"href":"https:\/\/www.sk8.net\/wp\/index.php?rest_route=\/wp\/v2\/users\/2"}],"replies":[{"embeddable":true,"href":"https:\/\/www.sk8.net\/wp\/index.php?rest_route=%2Fwp%2Fv2%2Fcomments&post=37479"}],"version-history":[{"count":0,"href":"https:\/\/www.sk8.net\/wp\/index.php?rest_route=\/wp\/v2\/pages\/37479\/revisions"}],"wp:attachment":[{"href":"https:\/\/www.sk8.net\/wp\/index.php?rest_route=%2Fwp%2Fv2%2Fmedia&parent=37479"}],"curies":[{"name":"wp","href":"https:\/\/api.w.org\/{rel}","templated":true}]}}