{"id":36264,"date":"2023-06-04T19:33:39","date_gmt":"2023-06-04T17:33:39","guid":{"rendered":"https:\/\/www.sk8.net\/wp\/?page_id=36264"},"modified":"2026-02-14T17:48:23","modified_gmt":"2026-02-14T16:48:23","slug":"resultats_cfs_street-2023_perpignan","status":"publish","type":"page","link":"https:\/\/www.sk8.net\/wp\/?page_id=36264","title":{"rendered":"R\u00c9SULTATS_CFS_STREET 2023_PERPIGNAN"},"content":{"rendered":"\n<p>4 ans que nous n\u2019\u00e9tions pas retourn\u00e9s au skatepark du moulin \u00e0 vent \u00e0&nbsp;<strong>Perpignan<\/strong>, mais il y a des choses qui ne changent pas&nbsp;: un park parfaitement entretenu et d\u00e9sormais agr\u00e9ment\u00e9 d\u2019un pumptrack, un soleil encore et toujours pr\u00e9sent (m\u00eame si un peu de pluie serait la bienvenue actuellement\u2026), et un accueil aux petits oignons de la part des membres de l\u2019asso&nbsp;<strong>Brave Arts<\/strong>&nbsp;!<br \/>Le d\u00e9cor est plant\u00e9, 150 riders venus de toute la France se sont donc retrouv\u00e9s en pays catalans pour tenter de d\u00e9crocher le titre national pour certains, mais surtout se faire une bonne grosse session pour les autres&nbsp;!<\/p>\n\n\n\n<figure class=\"wp-block-image aligncenter size-full\"><img loading=\"lazy\" decoding=\"async\" width=\"900\" height=\"423\" sizes=\"auto, (max-width: 900px) 100vw, 900px\" src=\"https:\/\/www.sk8.net\/wp\/wp-content\/uploads\/2023\/06\/2be7da02-0df2-55e5-5cff-0f450325a355-1.jpg\" alt=\"\" class=\"wp-image-36255\" srcset=\"https:\/\/www.sk8.net\/wp\/wp-content\/uploads\/2023\/06\/2be7da02-0df2-55e5-5cff-0f450325a355-1.jpg 900w, https:\/\/www.sk8.net\/wp\/wp-content\/uploads\/2023\/06\/2be7da02-0df2-55e5-5cff-0f450325a355-1-590x277.jpg 590w, https:\/\/www.sk8.net\/wp\/wp-content\/uploads\/2023\/06\/2be7da02-0df2-55e5-5cff-0f450325a355-1-768x361.jpg 768w\" \/><\/figure>\n\n\n\n<p>Preuve, s\u2019il en faut, de l\u2019engouement des jeunes filles pour le skateboard, une bonne trentaine d\u2019entre-elles dans la cat\u00e9gorie&nbsp;<strong>U16<\/strong>&nbsp;a offert un spectacle de qualit\u00e9 avec des runs m\u00ealant technique et engagement, ne reculant pas devant le plus gros rail du park ni le gros set de marches.&nbsp;<strong>Uma Schevenels<\/strong>, 13 ans, s\u2019est montr\u00e9e la plus \u00e0 son aise pendant la finale et remporte son premier titre de&nbsp;<strong>championne de France<\/strong>&nbsp;en ponctuant son run par un boardslide sur le gros rail. Le podium est compl\u00e9t\u00e9 par&nbsp;<strong>Diane Lamy<\/strong>, 2eme, gr\u00e2ce notamment \u00e0 son d\u00e9sormais fameux fs halfcab flip, et&nbsp;<strong>Aubane Rituper<\/strong>, la skateuse d\u2019Aix les Bains&nbsp;et ses variantes de fifty-fifty!<\/p>\n\n\n\n<div class=\"wp-block-media-text is-stacked-on-mobile\"><figure class=\"wp-block-media-text__media\"><img loading=\"lazy\" decoding=\"async\" width=\"900\" height=\"600\" src=\"https:\/\/www.sk8.net\/wp\/wp-content\/uploads\/2023\/06\/6861b323-22c1-97b6-7eb3-12029ced4d1f.jpg\" alt=\"\" class=\"wp-image-36243 size-full\" srcset=\"https:\/\/www.sk8.net\/wp\/wp-content\/uploads\/2023\/06\/6861b323-22c1-97b6-7eb3-12029ced4d1f.jpg 900w, https:\/\/www.sk8.net\/wp\/wp-content\/uploads\/2023\/06\/6861b323-22c1-97b6-7eb3-12029ced4d1f-590x393.jpg 590w, https:\/\/www.sk8.net\/wp\/wp-content\/uploads\/2023\/06\/6861b323-22c1-97b6-7eb3-12029ced4d1f-768x512.jpg 768w\" sizes=\"auto, (max-width: 900px) 100vw, 900px\" \/><\/figure><div class=\"wp-block-media-text__content\">\n<p><em>R\u00e9sultats femmes U16 :<\/em><br \/>1-Uma Schevenels (Lassosala\u00ef skate club)<br \/>2-Diane Lamy (Lassosala\u00ef skate club)<br \/>3-Aubane Rituper (Roule qui peut)<br \/>4-Mila Perea (Oldskullz \u2013 Asvm)<br \/>5-Agathe Maguy (Santocha Skate Club)<br \/>6-El\u00e9onore Dantin (Tribe Skateboard Club)<br \/>7-Elissa El Hila (Clermont Skate School)<br \/>8-Charlotte Daney (Bordeaux Skate Culture)<\/p>\n<\/div><\/div>\n\n\n\n<div class=\"wp-block-media-text has-media-on-the-right is-stacked-on-mobile\" style=\"grid-template-columns:auto 47%\"><div class=\"wp-block-media-text__content\">\n<p>Dans la m\u00eame cat\u00e9gorie mais chez les gar\u00e7ons, le tenant du titre&nbsp;<strong>Liam Le Franc<\/strong>, pass\u00e9 dans la cat\u00e9gorie sup\u00e9rieure, laissait le champ libre \u00e0 ses poursuivants, mais c\u2019\u00e9tait sans compter sur l\u2019arriv\u00e9e de l\u2019invit\u00e9 surprise&nbsp;: le franco-am\u00e9ricain&nbsp;<strong>Julian Agliardi&nbsp;<\/strong>! Le jeune ripper de Long Beach actuellement en tourn\u00e9e des contests en France, n\u2019a pas train\u00e9 pour prendre ses marques sur le spot perpignanais et faire d\u00e9monstration de l\u2019\u00e9tendue de son talent, du gros au tech, tout y passe, il s\u2019est m\u00eame impos\u00e9 sur le&nbsp;<strong>Best Trick<\/strong>&nbsp;avec un fs bluntslide flip to fakie out&nbsp;! Juste derri\u00e8re,&nbsp;<strong>Axel Van Cuyck<\/strong>&nbsp;n\u2019a pas manqu\u00e9 de mettre la pression sur Julian le surclassant m\u00eame dans les runs avec un second passage scor\u00e9 67.90pts, mais n\u2019a pas pu rivaliser avec ses Single Tricks, une belle 2eme place et un titre de&nbsp;<strong>vice-champion de France<\/strong>&nbsp;U16 tout de m\u00eame.&nbsp;<strong>Kristen Billon<\/strong>&nbsp;confirme les attentes \u00e0 son sujet et monte sur la 3eme marche de la \u00ab&nbsp;boite&nbsp;\u00bb, skateur tout terrain, s\u00e9lection de tricks originale, vitesse et efficacit\u00e9, Kristen a vraiment r\u00e9gal\u00e9 tout au long du week-end&nbsp;!<\/p>\n<\/div><figure class=\"wp-block-media-text__media\"><img loading=\"lazy\" decoding=\"async\" width=\"619\" height=\"900\" src=\"https:\/\/www.sk8.net\/wp\/wp-content\/uploads\/2023\/06\/cf282db7-4e0b-027e-7003-2e18423626e1-1-619x900.jpg\" alt=\"\" class=\"wp-image-36258 size-full\" srcset=\"https:\/\/www.sk8.net\/wp\/wp-content\/uploads\/2023\/06\/cf282db7-4e0b-027e-7003-2e18423626e1-1-619x900.jpg 619w, https:\/\/www.sk8.net\/wp\/wp-content\/uploads\/2023\/06\/cf282db7-4e0b-027e-7003-2e18423626e1-1-406x590.jpg 406w, https:\/\/www.sk8.net\/wp\/wp-content\/uploads\/2023\/06\/cf282db7-4e0b-027e-7003-2e18423626e1-1-768x1117.jpg 768w, https:\/\/www.sk8.net\/wp\/wp-content\/uploads\/2023\/06\/cf282db7-4e0b-027e-7003-2e18423626e1-1.jpg 900w\" sizes=\"auto, (max-width: 619px) 100vw, 619px\" \/><\/figure><\/div>\n\n\n\n<div class=\"wp-block-media-text is-stacked-on-mobile\"><figure class=\"wp-block-media-text__media\"><img loading=\"lazy\" decoding=\"async\" width=\"900\" height=\"520\" src=\"https:\/\/www.sk8.net\/wp\/wp-content\/uploads\/2023\/06\/0ad12b98-76b9-2f2c-81fa-1eee0219227b.jpg\" alt=\"\" class=\"wp-image-36248 size-full\" srcset=\"https:\/\/www.sk8.net\/wp\/wp-content\/uploads\/2023\/06\/0ad12b98-76b9-2f2c-81fa-1eee0219227b.jpg 900w, https:\/\/www.sk8.net\/wp\/wp-content\/uploads\/2023\/06\/0ad12b98-76b9-2f2c-81fa-1eee0219227b-590x341.jpg 590w, https:\/\/www.sk8.net\/wp\/wp-content\/uploads\/2023\/06\/0ad12b98-76b9-2f2c-81fa-1eee0219227b-768x444.jpg 768w\" sizes=\"auto, (max-width: 900px) 100vw, 900px\" \/><\/figure><div class=\"wp-block-media-text__content\">\n<p><em>R\u00e9sultats Hommes U16:<\/em><br \/>1-Julian Agliardi (Azur Skateboard)<br \/>2-Axel Van Cuyck (Skate Holidays)<br \/>3-Kristen Billon (West surf &amp; wild skate association)<br \/>4-Eliot Monnet (Asvm)<br \/>5-Robin Palmaro (Asvm \u2013 Oldskullz)<br \/>6-Lucien Herland (Snam &amp; Co)<br \/>7-Youri Auboiron-Morlet (Skate Club Albi)<br \/>8-Marius Fruh (Feelethik)<\/p>\n<\/div><\/div>\n\n\n\n<figure class=\"wp-block-image size-full is-resized\"><img loading=\"lazy\" decoding=\"async\" width=\"900\" height=\"493\" sizes=\"auto, (max-width: 900px) 100vw, 900px\" src=\"https:\/\/www.sk8.net\/wp\/wp-content\/uploads\/2023\/06\/cdf7ec4f-917e-d486-49ab-e387d074c383-1.jpg\" alt=\"\" class=\"wp-image-36256\" style=\"width:900px\" srcset=\"https:\/\/www.sk8.net\/wp\/wp-content\/uploads\/2023\/06\/cdf7ec4f-917e-d486-49ab-e387d074c383-1.jpg 900w, https:\/\/www.sk8.net\/wp\/wp-content\/uploads\/2023\/06\/cdf7ec4f-917e-d486-49ab-e387d074c383-1-590x323.jpg 590w, https:\/\/www.sk8.net\/wp\/wp-content\/uploads\/2023\/06\/cdf7ec4f-917e-d486-49ab-e387d074c383-1-768x421.jpg 768w\" \/><\/figure>\n\n\n\n<p>Passation de pouvoir amorc\u00e9e dans la cat\u00e9gorie&nbsp;<strong>Femme +16&nbsp;<\/strong>? Rien n\u2019est moins s\u00fbr mais il est clair que la n\u00e9o Bordelaise&nbsp;<strong>Lucie Schoonheere<\/strong>&nbsp;monte en puissance et n\u2019est pas pr\u00eate de s\u2019arr\u00eater en si bon chemin. Elle d\u00e9croche son premier titre dans la cat\u00e9gorie majeure en surclassant la quintuple championne de France&nbsp;<strong>Charlotte Hym<\/strong>, mais il ne faut pas enterrer cette derni\u00e8re trop vite pour autant, si ce frontside boardslide sur le gros rail \u00e9tait pass\u00e9\u2026bref, avec des \u00ab&nbsp;si&nbsp;\u00bb \u2026quoi qu\u2019il en soit Lucie a fait d\u00e9monstration de sa progression \u00e0 grands coups de 3-6 back et flip fs boardslide, Charlotte de son c\u00f4t\u00e9 continue de perfectionner ses \u00ab&nbsp;switch skills&nbsp;\u00bb, il faudra donc continuer de compter sur elle dans le futur \u00e9videmment&nbsp;!&nbsp;<strong>Sissy Dr\u00e9goire-Perron<\/strong>&nbsp;compl\u00e8te le podium, la bretonne a r\u00e9gal\u00e9 le public avec une approche tr\u00e8s street du spot, ollie up to ollie nose manny enchain\u00e9 avec boardslide sur le moyen rail, fifty fs shove it out etc\u2026Ne pas oublier&nbsp;<strong>J\u00e9romine Louvet&nbsp;<\/strong>qui avait mis\u00e9 sur un feeble sur le gros rail pour venir chambouler la hierarchie mais qui n\u2019a malheureusement pas r\u00e9ussi \u00e0 le poser durant la session Single Tricks&nbsp;!<\/p>\n\n\n\n<div class=\"wp-block-media-text is-stacked-on-mobile\"><figure class=\"wp-block-media-text__media\"><img loading=\"lazy\" decoding=\"async\" width=\"900\" height=\"600\" src=\"https:\/\/www.sk8.net\/wp\/wp-content\/uploads\/2023\/06\/33c8b1be-52fe-3b97-4d36-d9e3e0e32c6f.jpg\" alt=\"\" class=\"wp-image-36253 size-full\" srcset=\"https:\/\/www.sk8.net\/wp\/wp-content\/uploads\/2023\/06\/33c8b1be-52fe-3b97-4d36-d9e3e0e32c6f.jpg 900w, https:\/\/www.sk8.net\/wp\/wp-content\/uploads\/2023\/06\/33c8b1be-52fe-3b97-4d36-d9e3e0e32c6f-590x393.jpg 590w, https:\/\/www.sk8.net\/wp\/wp-content\/uploads\/2023\/06\/33c8b1be-52fe-3b97-4d36-d9e3e0e32c6f-768x512.jpg 768w\" sizes=\"auto, (max-width: 900px) 100vw, 900px\" \/><\/figure><div class=\"wp-block-media-text__content\">\n<p><em>R\u00e9sultats Femmes +16:<\/em><br \/>1-Lucie Schoonheere (Skate Holidays)<br \/>2-Charlotte Hym (Tribe Skateboard Club)<br \/>3-Sissy Dr\u00e9goire-Perron (West surf &amp; wild skate association)<br \/>4-J\u00e9romine Louvet (Copain Coping)<br \/>5-Izaidi Cabral de Pina (Amour Skateclub)<br \/>6-Olivia Couturier (Adrsb)<br \/>7-Ambre Petitjean (Santocha Skate Club)<br \/>8-Camille Nogaro (Tribe Skateboard Club)<br \/>9-Maylisse Combes (Old Skullz Skateboard)<\/p>\n<\/div><\/div>\n\n\n\n<p>En l\u2019absence d\u2019<strong>Aur\u00e9lien Giraud<\/strong>&nbsp;et&nbsp;<strong>Vincent Milou,<\/strong>&nbsp;les pr\u00e9tendants ne manquaient pas pour venir d\u00e9crocher le titre de Champion de France, parmi eux&nbsp;<strong>Lawrence Ravail, Lukas Larrue&nbsp;<\/strong>ou encore&nbsp;<strong>Lucien Gourdal<\/strong>, mais ces trois-l\u00e0 voient leurs espoirs stopp\u00e9s d\u00e8s les demi-finales&nbsp;!<br \/>En revanche&nbsp;<strong>Max Berguin, Antoine Laurent, Ben Garcia&nbsp;<\/strong>ou encore&nbsp;<strong>Joseph Garbaccio<\/strong>&nbsp;r\u00e9pondent pr\u00e9sents aux attentes que l\u2019on peut avoir \u00e0 leur sujet&nbsp;!<br \/>Vice-Champion de France en 2022,&nbsp;<strong>Max Berguin s\u2019adjuge le titre en 2023<\/strong>sur sa toute derni\u00e8re tentative des Single Tricks avec un frontside nosegrind nollie flip out huit vis&nbsp;et synchro sur \u00ab&nbsp;simply the best&nbsp;\u00bb de la regrett\u00e9e Tina Turner, moment incroyable&nbsp;! L\u2019octuple Champion de France&nbsp;<strong>Joseph Garbaccio<\/strong>s\u2019adjuge la 2eme&nbsp;place avec un skate tr\u00e8s solide et engag\u00e9, technique et puissant, Joseph ne cesse de progresser, c\u2019est tr\u00e8s prometteur pour les \u00e9ch\u00e9ances internationales \u00e0 venir.&nbsp;<strong>Benjamin Garcia&nbsp;<\/strong>avec sa consistance habituelle grimpe sur la 3eme&nbsp;marche du podium, sobri\u00e9t\u00e9 et efficacit\u00e9 sont les ma\u00eetres mots&nbsp;! Un mot quand m\u00eame sur celui qui a termin\u00e9 en t\u00eate des demi-finales,&nbsp;<strong>Antoine Laurent<\/strong>, il a absolument survol\u00e9 le park du Moulin \u00e0 Vent, \u00e7a skate vite, la s\u00e9lection de tricks est aux petits oignons, et l\u2019ex\u00e9cution est irr\u00e9prochable, dommage qu\u2019il lui ait manqu\u00e9 un trick en finale pour obtenir un score complet,&nbsp;<strong>Skateboard Plaisir&nbsp;<\/strong>!<\/p>\n\n\n\n<figure class=\"wp-block-image aligncenter size-full is-resized\"><img loading=\"lazy\" decoding=\"async\" width=\"900\" height=\"378\" sizes=\"auto, (max-width: 900px) 100vw, 900px\" src=\"https:\/\/www.sk8.net\/wp\/wp-content\/uploads\/2023\/06\/71ec5426-b992-e2a2-0d63-f4072624c7e2-1.jpg\" alt=\"\" class=\"wp-image-36262\" style=\"width:900px\" srcset=\"https:\/\/www.sk8.net\/wp\/wp-content\/uploads\/2023\/06\/71ec5426-b992-e2a2-0d63-f4072624c7e2-1.jpg 900w, https:\/\/www.sk8.net\/wp\/wp-content\/uploads\/2023\/06\/71ec5426-b992-e2a2-0d63-f4072624c7e2-1-590x248.jpg 590w, https:\/\/www.sk8.net\/wp\/wp-content\/uploads\/2023\/06\/71ec5426-b992-e2a2-0d63-f4072624c7e2-1-768x323.jpg 768w\" \/><\/figure>\n\n\n\n<div class=\"wp-block-media-text is-stacked-on-mobile\"><figure class=\"wp-block-media-text__media\"><img loading=\"lazy\" decoding=\"async\" width=\"900\" height=\"642\" src=\"https:\/\/www.sk8.net\/wp\/wp-content\/uploads\/2023\/06\/c0282a96-c71f-5985-f182-d5f6bf527829.jpg\" alt=\"\" class=\"wp-image-36247 size-full\" srcset=\"https:\/\/www.sk8.net\/wp\/wp-content\/uploads\/2023\/06\/c0282a96-c71f-5985-f182-d5f6bf527829.jpg 900w, https:\/\/www.sk8.net\/wp\/wp-content\/uploads\/2023\/06\/c0282a96-c71f-5985-f182-d5f6bf527829-590x421.jpg 590w, https:\/\/www.sk8.net\/wp\/wp-content\/uploads\/2023\/06\/c0282a96-c71f-5985-f182-d5f6bf527829-768x548.jpg 768w\" sizes=\"auto, (max-width: 900px) 100vw, 900px\" \/><\/figure><div class=\"wp-block-media-text__content\">\n<p><em>R\u00e9sultats Hommes +16:<\/em><br \/>1-Max Berguin (Lassosala\u00ef skate club)<br \/>2-Joseph Garbaccio (Lassosala\u00ef skate club)<br \/>3-Benjamin Garcia (Paris Skate Culture)<br \/>4-Antoine Laurent (Asvm)<br \/>5-Carl Bourguignon (Tribe Skateboard Club)<br \/>6-Cl\u00e9ment Jourdan (Ados Lyon)<br \/>7-Th\u00e9o Moga (Sk8therapy)<br \/>8-Josh Poole (Lassosala\u00ef skate club)<\/p>\n<\/div><\/div>\n\n\n\n<p>Merci au SNBPE &#8211;&nbsp;<strong>Syndicat national du b\u00e9ton pr\u00eat \u00e0 l&#8217;emploi&nbsp;<\/strong>&#8211; d&rsquo;avoir r\u00e9compens\u00e9 2 riders pour leurs performances et \u00e9tats d&rsquo;esprit tout au long du week-end !<br \/><strong>Izaidi Cabral de Pina&nbsp;<\/strong>et&nbsp;<strong>Josh Poole<\/strong>&nbsp;remportent le troph\u00e9e \u00ab\u00a0Concrete Spirit\u00a0\u00bb du SNBPE !<br \/>F\u00e9licitations \u00e0&nbsp;<strong>J\u00e9romine Louvet&nbsp;<\/strong>qui remporte le&nbsp;<strong>Best Trick Contest<\/strong>&nbsp;Femmes pr\u00e9sent\u00e9 par&nbsp;<strong>Skatepark de France<\/strong>&nbsp;avec un boardslide sur le gros rail !<br \/>Et&nbsp;<strong>Julian Agliardi<\/strong>&nbsp;pour son fs blunt flip 180 out r\u00e9compens\u00e9 par&nbsp;<strong>Titus<\/strong>&nbsp;!<\/p>\n\n\n\n<figure class=\"wp-block-embed is-type-video is-provider-youtube wp-block-embed-youtube wp-embed-aspect-16-9 wp-has-aspect-ratio\"><div class=\"wp-block-embed__wrapper\">\n<iframe loading=\"lazy\" title=\"Championnat de France Street 2023 - Perpignan - Highlights\" width=\"800\" height=\"450\" src=\"https:\/\/www.youtube.com\/embed\/2pm7sgXsNDk?feature=oembed\" frameborder=\"0\" allow=\"accelerometer; autoplay; clipboard-write; encrypted-media; gyroscope; picture-in-picture; web-share\" referrerpolicy=\"strict-origin-when-cross-origin\" allowfullscreen><\/iframe>\n<\/div><\/figure>\n\n\n\n<figure class=\"wp-block-embed is-type-video is-provider-youtube wp-block-embed-youtube wp-embed-aspect-16-9 wp-has-aspect-ratio\"><div class=\"wp-block-embed__wrapper\">\n<iframe loading=\"lazy\" title=\"Best Trick Street Contest CDF Perpignan 2023\" width=\"800\" height=\"450\" src=\"https:\/\/www.youtube.com\/embed\/27VZRtWtX1A?feature=oembed\" frameborder=\"0\" allow=\"accelerometer; autoplay; clipboard-write; encrypted-media; gyroscope; picture-in-picture; web-share\" referrerpolicy=\"strict-origin-when-cross-origin\" allowfullscreen><\/iframe>\n<\/div><\/figure>\n","protected":false},"excerpt":{"rendered":"<p>4 ans que nous n\u2019\u00e9tions pas retourn\u00e9s au skatepark du moulin \u00e0 vent \u00e0&nbsp;Perpignan, mais il y a des choses<\/p>\n","protected":false},"author":2,"featured_media":0,"parent":0,"menu_order":0,"comment_status":"closed","ping_status":"closed","template":"","meta":{"colormag_page_container_layout":"default_layout","colormag_page_sidebar_layout":"default_layout","footnotes":""},"class_list":["post-36264","page","type-page","status-publish","hentry"],"yoast_head":"<!-- This site is optimized with the Yoast SEO plugin v27.4 - https:\/\/yoast.com\/product\/yoast-seo-wordpress\/ -->\n<title>R\u00c9SULTATS_CFS_STREET 2023_PERPIGNAN - SK8.NET<\/title>\n<meta name=\"robots\" content=\"index, follow, max-snippet:-1, max-image-preview:large, max-video-preview:-1\" \/>\n<link rel=\"canonical\" href=\"https:\/\/www.sk8.net\/wp\/?page_id=36264\" \/>\n<meta property=\"og:locale\" content=\"fr_FR\" \/>\n<meta property=\"og:type\" content=\"article\" \/>\n<meta property=\"og:title\" content=\"R\u00c9SULTATS_CFS_STREET 2023_PERPIGNAN - SK8.NET\" \/>\n<meta property=\"og:description\" content=\"4 ans que nous n\u2019\u00e9tions pas retourn\u00e9s au skatepark du moulin \u00e0 vent \u00e0&nbsp;Perpignan, mais il y a des choses\" \/>\n<meta property=\"og:url\" content=\"https:\/\/www.sk8.net\/wp\/?page_id=36264\" \/>\n<meta property=\"og:site_name\" content=\"SK8.NET\" \/>\n<meta property=\"article:publisher\" content=\"https:\/\/www.facebook.com\/sk8pointnet\/\" \/>\n<meta property=\"article:modified_time\" content=\"2026-02-14T16:48:23+00:00\" \/>\n<meta property=\"og:image\" content=\"https:\/\/www.sk8.net\/wp\/wp-content\/uploads\/2023\/06\/2be7da02-0df2-55e5-5cff-0f450325a355-1.jpg\" \/>\n\t<meta property=\"og:image:width\" content=\"900\" \/>\n\t<meta property=\"og:image:height\" content=\"423\" \/>\n\t<meta property=\"og:image:type\" content=\"image\/jpeg\" \/>\n<meta name=\"twitter:card\" content=\"summary_large_image\" \/>\n<meta name=\"twitter:site\" content=\"@sk8net\" \/>\n<meta name=\"twitter:label1\" content=\"Dur\u00e9e de lecture estim\u00e9e\" \/>\n\t<meta name=\"twitter:data1\" content=\"7 minutes\" \/>\n<script type=\"application\/ld+json\" class=\"yoast-schema-graph\">{\"@context\":\"https:\\\/\\\/schema.org\",\"@graph\":[{\"@type\":\"WebPage\",\"@id\":\"https:\\\/\\\/www.sk8.net\\\/wp\\\/?page_id=36264\",\"url\":\"https:\\\/\\\/www.sk8.net\\\/wp\\\/?page_id=36264\",\"name\":\"R\u00c9SULTATS_CFS_STREET 2023_PERPIGNAN - SK8.NET\",\"isPartOf\":{\"@id\":\"https:\\\/\\\/www.sk8.net\\\/wp\\\/#website\"},\"primaryImageOfPage\":{\"@id\":\"https:\\\/\\\/www.sk8.net\\\/wp\\\/?page_id=36264#primaryimage\"},\"image\":{\"@id\":\"https:\\\/\\\/www.sk8.net\\\/wp\\\/?page_id=36264#primaryimage\"},\"thumbnailUrl\":\"https:\\\/\\\/www.sk8.net\\\/wp\\\/wp-content\\\/uploads\\\/2023\\\/06\\\/2be7da02-0df2-55e5-5cff-0f450325a355-1.jpg\",\"datePublished\":\"2023-06-04T17:33:39+00:00\",\"dateModified\":\"2026-02-14T16:48:23+00:00\",\"inLanguage\":\"fr-FR\",\"potentialAction\":[{\"@type\":\"ReadAction\",\"target\":[\"https:\\\/\\\/www.sk8.net\\\/wp\\\/?page_id=36264\"]}]},{\"@type\":\"ImageObject\",\"inLanguage\":\"fr-FR\",\"@id\":\"https:\\\/\\\/www.sk8.net\\\/wp\\\/?page_id=36264#primaryimage\",\"url\":\"https:\\\/\\\/www.sk8.net\\\/wp\\\/wp-content\\\/uploads\\\/2023\\\/06\\\/2be7da02-0df2-55e5-5cff-0f450325a355-1.jpg\",\"contentUrl\":\"https:\\\/\\\/www.sk8.net\\\/wp\\\/wp-content\\\/uploads\\\/2023\\\/06\\\/2be7da02-0df2-55e5-5cff-0f450325a355-1.jpg\",\"width\":900,\"height\":423},{\"@type\":\"WebSite\",\"@id\":\"https:\\\/\\\/www.sk8.net\\\/wp\\\/#website\",\"url\":\"https:\\\/\\\/www.sk8.net\\\/wp\\\/\",\"name\":\"SK8.NET\",\"description\":\"Skateboard Mag.\",\"publisher\":{\"@id\":\"https:\\\/\\\/www.sk8.net\\\/wp\\\/#organization\"},\"alternateName\":\"www.sk8.net\",\"potentialAction\":[{\"@type\":\"SearchAction\",\"target\":{\"@type\":\"EntryPoint\",\"urlTemplate\":\"https:\\\/\\\/www.sk8.net\\\/wp\\\/?s={search_term_string}\"},\"query-input\":{\"@type\":\"PropertyValueSpecification\",\"valueRequired\":true,\"valueName\":\"search_term_string\"}}],\"inLanguage\":\"fr-FR\"},{\"@type\":\"Organization\",\"@id\":\"https:\\\/\\\/www.sk8.net\\\/wp\\\/#organization\",\"name\":\"SK8.NET\",\"url\":\"https:\\\/\\\/www.sk8.net\\\/wp\\\/\",\"logo\":{\"@type\":\"ImageObject\",\"inLanguage\":\"fr-FR\",\"@id\":\"https:\\\/\\\/www.sk8.net\\\/wp\\\/#\\\/schema\\\/logo\\\/image\\\/\",\"url\":\"https:\\\/\\\/www.sk8.net\\\/wp\\\/wp-content\\\/uploads\\\/2023\\\/01\\\/Logo-SK8net_Clrs_2017.png\",\"contentUrl\":\"https:\\\/\\\/www.sk8.net\\\/wp\\\/wp-content\\\/uploads\\\/2023\\\/01\\\/Logo-SK8net_Clrs_2017.png\",\"width\":865,\"height\":250,\"caption\":\"SK8.NET\"},\"image\":{\"@id\":\"https:\\\/\\\/www.sk8.net\\\/wp\\\/#\\\/schema\\\/logo\\\/image\\\/\"},\"sameAs\":[\"https:\\\/\\\/www.facebook.com\\\/sk8pointnet\\\/\",\"https:\\\/\\\/x.com\\\/sk8net\",\"https:\\\/\\\/www.instagram.com\\\/sk8pointnet\\\/\",\"https:\\\/\\\/www.linkedin.com\\\/in\\\/sk8-net-030404a9\\\/\"]}]}<\/script>\n<!-- \/ Yoast SEO plugin. -->","yoast_head_json":{"title":"R\u00c9SULTATS_CFS_STREET 2023_PERPIGNAN - SK8.NET","robots":{"index":"index","follow":"follow","max-snippet":"max-snippet:-1","max-image-preview":"max-image-preview:large","max-video-preview":"max-video-preview:-1"},"canonical":"https:\/\/www.sk8.net\/wp\/?page_id=36264","og_locale":"fr_FR","og_type":"article","og_title":"R\u00c9SULTATS_CFS_STREET 2023_PERPIGNAN - SK8.NET","og_description":"4 ans que nous n\u2019\u00e9tions pas retourn\u00e9s au skatepark du moulin \u00e0 vent \u00e0&nbsp;Perpignan, mais il y a des choses","og_url":"https:\/\/www.sk8.net\/wp\/?page_id=36264","og_site_name":"SK8.NET","article_publisher":"https:\/\/www.facebook.com\/sk8pointnet\/","article_modified_time":"2026-02-14T16:48:23+00:00","og_image":[{"width":900,"height":423,"url":"https:\/\/www.sk8.net\/wp\/wp-content\/uploads\/2023\/06\/2be7da02-0df2-55e5-5cff-0f450325a355-1.jpg","type":"image\/jpeg"}],"twitter_card":"summary_large_image","twitter_site":"@sk8net","twitter_misc":{"Dur\u00e9e de lecture estim\u00e9e":"7 minutes"},"schema":{"@context":"https:\/\/schema.org","@graph":[{"@type":"WebPage","@id":"https:\/\/www.sk8.net\/wp\/?page_id=36264","url":"https:\/\/www.sk8.net\/wp\/?page_id=36264","name":"R\u00c9SULTATS_CFS_STREET 2023_PERPIGNAN - SK8.NET","isPartOf":{"@id":"https:\/\/www.sk8.net\/wp\/#website"},"primaryImageOfPage":{"@id":"https:\/\/www.sk8.net\/wp\/?page_id=36264#primaryimage"},"image":{"@id":"https:\/\/www.sk8.net\/wp\/?page_id=36264#primaryimage"},"thumbnailUrl":"https:\/\/www.sk8.net\/wp\/wp-content\/uploads\/2023\/06\/2be7da02-0df2-55e5-5cff-0f450325a355-1.jpg","datePublished":"2023-06-04T17:33:39+00:00","dateModified":"2026-02-14T16:48:23+00:00","inLanguage":"fr-FR","potentialAction":[{"@type":"ReadAction","target":["https:\/\/www.sk8.net\/wp\/?page_id=36264"]}]},{"@type":"ImageObject","inLanguage":"fr-FR","@id":"https:\/\/www.sk8.net\/wp\/?page_id=36264#primaryimage","url":"https:\/\/www.sk8.net\/wp\/wp-content\/uploads\/2023\/06\/2be7da02-0df2-55e5-5cff-0f450325a355-1.jpg","contentUrl":"https:\/\/www.sk8.net\/wp\/wp-content\/uploads\/2023\/06\/2be7da02-0df2-55e5-5cff-0f450325a355-1.jpg","width":900,"height":423},{"@type":"WebSite","@id":"https:\/\/www.sk8.net\/wp\/#website","url":"https:\/\/www.sk8.net\/wp\/","name":"SK8.NET","description":"Skateboard Mag.","publisher":{"@id":"https:\/\/www.sk8.net\/wp\/#organization"},"alternateName":"www.sk8.net","potentialAction":[{"@type":"SearchAction","target":{"@type":"EntryPoint","urlTemplate":"https:\/\/www.sk8.net\/wp\/?s={search_term_string}"},"query-input":{"@type":"PropertyValueSpecification","valueRequired":true,"valueName":"search_term_string"}}],"inLanguage":"fr-FR"},{"@type":"Organization","@id":"https:\/\/www.sk8.net\/wp\/#organization","name":"SK8.NET","url":"https:\/\/www.sk8.net\/wp\/","logo":{"@type":"ImageObject","inLanguage":"fr-FR","@id":"https:\/\/www.sk8.net\/wp\/#\/schema\/logo\/image\/","url":"https:\/\/www.sk8.net\/wp\/wp-content\/uploads\/2023\/01\/Logo-SK8net_Clrs_2017.png","contentUrl":"https:\/\/www.sk8.net\/wp\/wp-content\/uploads\/2023\/01\/Logo-SK8net_Clrs_2017.png","width":865,"height":250,"caption":"SK8.NET"},"image":{"@id":"https:\/\/www.sk8.net\/wp\/#\/schema\/logo\/image\/"},"sameAs":["https:\/\/www.facebook.com\/sk8pointnet\/","https:\/\/x.com\/sk8net","https:\/\/www.instagram.com\/sk8pointnet\/","https:\/\/www.linkedin.com\/in\/sk8-net-030404a9\/"]}]}},"amp_enabled":true,"_links":{"self":[{"href":"https:\/\/www.sk8.net\/wp\/index.php?rest_route=\/wp\/v2\/pages\/36264","targetHints":{"allow":["GET"]}}],"collection":[{"href":"https:\/\/www.sk8.net\/wp\/index.php?rest_route=\/wp\/v2\/pages"}],"about":[{"href":"https:\/\/www.sk8.net\/wp\/index.php?rest_route=\/wp\/v2\/types\/page"}],"author":[{"embeddable":true,"href":"https:\/\/www.sk8.net\/wp\/index.php?rest_route=\/wp\/v2\/users\/2"}],"replies":[{"embeddable":true,"href":"https:\/\/www.sk8.net\/wp\/index.php?rest_route=%2Fwp%2Fv2%2Fcomments&post=36264"}],"version-history":[{"count":0,"href":"https:\/\/www.sk8.net\/wp\/index.php?rest_route=\/wp\/v2\/pages\/36264\/revisions"}],"wp:attachment":[{"href":"https:\/\/www.sk8.net\/wp\/index.php?rest_route=%2Fwp%2Fv2%2Fmedia&parent=36264"}],"curies":[{"name":"wp","href":"https:\/\/api.w.org\/{rel}","templated":true}]}}