{"id":36141,"date":"2023-05-27T13:20:50","date_gmt":"2023-05-27T11:20:50","guid":{"rendered":"https:\/\/www.sk8.net\/wp\/?page_id=36141"},"modified":"2026-02-14T17:49:22","modified_gmt":"2026-02-14T16:49:22","slug":"pswc_massy_mai-2023","status":"publish","type":"page","link":"https:\/\/www.sk8.net\/wp\/?page_id=36141","title":{"rendered":"LES R\u00c9SULTATS DU PSWC_MASSY_MAI 2023"},"content":{"rendered":"\n<p>Les r\u00e9sultats complet du Paris Slalom World Cup, qui c&rsquo;est d\u00e9roul\u00e9 le 20-21 mai \u00e0 Massy (91) au lieu du Trocad\u00e9ro &#8211; Paris, comme il \u00e9tait pr\u00e9vu.<\/p>\n\n\n\n<figure class=\"wp-block-gallery has-nested-images columns-2 is-cropped wp-block-gallery-1 is-layout-flex wp-block-gallery-is-layout-flex\">\n<figure class=\"wp-block-image size-full\"><a href=\"https:\/\/www.sk8.net\/wp\/wp-content\/uploads\/2023\/05\/Paris-Slalom-World-Cup-2023-Results-medium_Page_30.jpg\"><img loading=\"lazy\" decoding=\"async\" width=\"900\" height=\"610\" sizes=\"auto, (max-width: 900px) 100vw, 900px\" data-id=\"36185\" src=\"https:\/\/www.sk8.net\/wp\/wp-content\/uploads\/2023\/05\/Paris-Slalom-World-Cup-2023-Results-medium_Page_30.jpg\" alt=\"\" class=\"wp-image-36185\" srcset=\"https:\/\/www.sk8.net\/wp\/wp-content\/uploads\/2023\/05\/Paris-Slalom-World-Cup-2023-Results-medium_Page_30.jpg 900w, https:\/\/www.sk8.net\/wp\/wp-content\/uploads\/2023\/05\/Paris-Slalom-World-Cup-2023-Results-medium_Page_30-590x400.jpg 590w, https:\/\/www.sk8.net\/wp\/wp-content\/uploads\/2023\/05\/Paris-Slalom-World-Cup-2023-Results-medium_Page_30-768x521.jpg 768w\" \/><\/a><\/figure>\n\n\n\n<figure class=\"wp-block-image size-full\"><a href=\"https:\/\/www.sk8.net\/wp\/wp-content\/uploads\/2023\/05\/Paris-Slalom-World-Cup-2023-Results-medium_Page_31.jpg\"><img loading=\"lazy\" decoding=\"async\" width=\"900\" height=\"610\" sizes=\"auto, (max-width: 900px) 100vw, 900px\" data-id=\"36186\" src=\"https:\/\/www.sk8.net\/wp\/wp-content\/uploads\/2023\/05\/Paris-Slalom-World-Cup-2023-Results-medium_Page_31.jpg\" alt=\"\" class=\"wp-image-36186\" srcset=\"https:\/\/www.sk8.net\/wp\/wp-content\/uploads\/2023\/05\/Paris-Slalom-World-Cup-2023-Results-medium_Page_31.jpg 900w, https:\/\/www.sk8.net\/wp\/wp-content\/uploads\/2023\/05\/Paris-Slalom-World-Cup-2023-Results-medium_Page_31-590x400.jpg 590w, https:\/\/www.sk8.net\/wp\/wp-content\/uploads\/2023\/05\/Paris-Slalom-World-Cup-2023-Results-medium_Page_31-768x521.jpg 768w\" \/><\/a><\/figure>\n<\/figure>\n\n\n\n<h6 class=\"wp-block-heading\">Les GIFs qui piquent<br \/><\/h6>\n\n\n\n<div class=\"wp-block-dgwt-justified-gallery\"><div id='gallery-1' class='gallery galleryid-36141 gallery-columns-3 gallery-size-colormag-featured-image'><figure class='gallery-item'>\n\t\t\t<div class='gallery-icon landscape'>\n\t\t\t\t<a href='https:\/\/www.sk8.net\/wp\/?attachment_id=36188'><img loading=\"lazy\" decoding=\"async\" width=\"590\" height=\"392\" src=\"https:\/\/www.sk8.net\/wp\/wp-content\/uploads\/2023\/05\/DSC_6256_ANIM_590.gif\" class=\"attachment-colormag-featured-image size-colormag-featured-image\" alt=\"\" \/><\/a>\n\t\t\t<\/div><\/figure><figure class='gallery-item'>\n\t\t\t<div class='gallery-icon landscape'>\n\t\t\t\t<a href='https:\/\/www.sk8.net\/wp\/?attachment_id=36189'><img loading=\"lazy\" decoding=\"async\" width=\"590\" height=\"392\" src=\"https:\/\/www.sk8.net\/wp\/wp-content\/uploads\/2023\/05\/DSC_6266_ANIM_590.gif\" class=\"attachment-colormag-featured-image size-colormag-featured-image\" alt=\"\" \/><\/a>\n\t\t\t<\/div><\/figure><figure class='gallery-item'>\n\t\t\t<div class='gallery-icon landscape'>\n\t\t\t\t<a href='https:\/\/www.sk8.net\/wp\/?attachment_id=36190'><img loading=\"lazy\" decoding=\"async\" width=\"590\" height=\"392\" src=\"https:\/\/www.sk8.net\/wp\/wp-content\/uploads\/2023\/05\/DSC_6282_ANIM_590.gif\" class=\"attachment-colormag-featured-image size-colormag-featured-image\" alt=\"\" \/><\/a>\n\t\t\t<\/div><\/figure><figure class='gallery-item'>\n\t\t\t<div class='gallery-icon landscape'>\n\t\t\t\t<a href='https:\/\/www.sk8.net\/wp\/?attachment_id=36191'><img loading=\"lazy\" decoding=\"async\" width=\"590\" height=\"392\" src=\"https:\/\/www.sk8.net\/wp\/wp-content\/uploads\/2023\/05\/DSC_6291_ANIM_590.gif\" class=\"attachment-colormag-featured-image size-colormag-featured-image\" alt=\"\" \/><\/a>\n\t\t\t<\/div><\/figure><figure class='gallery-item'>\n\t\t\t<div class='gallery-icon landscape'>\n\t\t\t\t<a href='https:\/\/www.sk8.net\/wp\/?attachment_id=36192'><img loading=\"lazy\" decoding=\"async\" width=\"590\" height=\"392\" src=\"https:\/\/www.sk8.net\/wp\/wp-content\/uploads\/2023\/05\/DSC_6304_ANIM_590.gif\" class=\"attachment-colormag-featured-image size-colormag-featured-image\" alt=\"\" \/><\/a>\n\t\t\t<\/div><\/figure><figure class='gallery-item'>\n\t\t\t<div class='gallery-icon landscape'>\n\t\t\t\t<a href='https:\/\/www.sk8.net\/wp\/?attachment_id=36193'><img loading=\"lazy\" decoding=\"async\" width=\"590\" height=\"392\" src=\"https:\/\/www.sk8.net\/wp\/wp-content\/uploads\/2023\/05\/DSC_6321_ANIM_590.gif\" class=\"attachment-colormag-featured-image size-colormag-featured-image\" alt=\"\" \/><\/a>\n\t\t\t<\/div><\/figure><figure class='gallery-item'>\n\t\t\t<div class='gallery-icon landscape'>\n\t\t\t\t<a href='https:\/\/www.sk8.net\/wp\/?attachment_id=36194'><img loading=\"lazy\" decoding=\"async\" width=\"590\" height=\"392\" src=\"https:\/\/www.sk8.net\/wp\/wp-content\/uploads\/2023\/05\/DSC_6333_ANIM_590.gif\" class=\"attachment-colormag-featured-image size-colormag-featured-image\" alt=\"\" \/><\/a>\n\t\t\t<\/div><\/figure><figure class='gallery-item'>\n\t\t\t<div class='gallery-icon portrait'>\n\t\t\t\t<a href='https:\/\/www.sk8.net\/wp\/?attachment_id=36195'><img loading=\"lazy\" decoding=\"async\" width=\"590\" height=\"445\" src=\"https:\/\/www.sk8.net\/wp\/wp-content\/uploads\/2023\/05\/DSC_6338_ANIM_590-590x445.gif\" class=\"attachment-colormag-featured-image size-colormag-featured-image\" alt=\"\" \/><\/a>\n\t\t\t<\/div><\/figure><figure class='gallery-item'>\n\t\t\t<div class='gallery-icon portrait'>\n\t\t\t\t<a href='https:\/\/www.sk8.net\/wp\/?attachment_id=36196'><img loading=\"lazy\" decoding=\"async\" width=\"590\" height=\"445\" src=\"https:\/\/www.sk8.net\/wp\/wp-content\/uploads\/2023\/05\/DSC_6348_ANIM_590-590x445.gif\" class=\"attachment-colormag-featured-image size-colormag-featured-image\" alt=\"\" \/><\/a>\n\t\t\t<\/div><\/figure><figure class='gallery-item'>\n\t\t\t<div class='gallery-icon landscape'>\n\t\t\t\t<a href='https:\/\/www.sk8.net\/wp\/?attachment_id=36197'><img loading=\"lazy\" decoding=\"async\" width=\"590\" height=\"392\" src=\"https:\/\/www.sk8.net\/wp\/wp-content\/uploads\/2023\/05\/DSC_6365_ANIM_590.gif\" class=\"attachment-colormag-featured-image size-colormag-featured-image\" alt=\"\" \/><\/a>\n\t\t\t<\/div><\/figure><figure class='gallery-item'>\n\t\t\t<div class='gallery-icon landscape'>\n\t\t\t\t<a href='https:\/\/www.sk8.net\/wp\/?attachment_id=36198'><img loading=\"lazy\" decoding=\"async\" width=\"590\" height=\"392\" src=\"https:\/\/www.sk8.net\/wp\/wp-content\/uploads\/2023\/05\/DSC_6372_ANIM_590.gif\" class=\"attachment-colormag-featured-image size-colormag-featured-image\" alt=\"\" \/><\/a>\n\t\t\t<\/div><\/figure><figure class='gallery-item'>\n\t\t\t<div class='gallery-icon landscape'>\n\t\t\t\t<a href='https:\/\/www.sk8.net\/wp\/?attachment_id=36199'><img loading=\"lazy\" decoding=\"async\" width=\"590\" height=\"392\" src=\"https:\/\/www.sk8.net\/wp\/wp-content\/uploads\/2023\/05\/DSC_6382_ANIM_590.gif\" class=\"attachment-colormag-featured-image size-colormag-featured-image\" alt=\"\" \/><\/a>\n\t\t\t<\/div><\/figure><figure class='gallery-item'>\n\t\t\t<div class='gallery-icon landscape'>\n\t\t\t\t<a href='https:\/\/www.sk8.net\/wp\/?attachment_id=36200'><img loading=\"lazy\" decoding=\"async\" width=\"590\" height=\"392\" src=\"https:\/\/www.sk8.net\/wp\/wp-content\/uploads\/2023\/05\/DSC_6394_ANIM_590.gif\" class=\"attachment-colormag-featured-image size-colormag-featured-image\" alt=\"\" \/><\/a>\n\t\t\t<\/div><\/figure><figure class='gallery-item'>\n\t\t\t<div class='gallery-icon landscape'>\n\t\t\t\t<a href='https:\/\/www.sk8.net\/wp\/?attachment_id=36201'><img loading=\"lazy\" decoding=\"async\" width=\"590\" height=\"392\" src=\"https:\/\/www.sk8.net\/wp\/wp-content\/uploads\/2023\/05\/DSC_6409_ANIM_590.gif\" class=\"attachment-colormag-featured-image size-colormag-featured-image\" alt=\"\" \/><\/a>\n\t\t\t<\/div><\/figure>\n\t\t<\/div>\n<\/div>\n\n\n\n<h6 class=\"wp-block-heading\">Les r\u00e9sultats complets <a href=\"https:\/\/www.sk8.net\/wp\/wp-content\/uploads\/2023\/05\/Paris-Slalom-World-Cup-2023-Results-medium.pdf\" target=\"_blank\" rel=\"noreferrer noopener\">ici<\/a> !<\/h6>\n\n\n\n<figure class=\"wp-block-embed is-type-video is-provider-youtube wp-block-embed-youtube wp-embed-aspect-16-9 wp-has-aspect-ratio\"><div class=\"wp-block-embed__wrapper\">\n<iframe loading=\"lazy\" title=\"Championnat de France et Open International de Skateboard Slalom - Massy\" width=\"800\" height=\"450\" src=\"https:\/\/www.youtube.com\/embed\/JIau5gN-OaU?feature=oembed\" frameborder=\"0\" allow=\"accelerometer; autoplay; clipboard-write; encrypted-media; gyroscope; picture-in-picture; web-share\" allowfullscreen><\/iframe>\n<\/div><\/figure>\n\n\n<!-- Erreur, Annonce n\u2019est pas disponible pour le moment en raison de restrictions de calendrier \/ g\u00e9olocalisation! -->","protected":false},"excerpt":{"rendered":"<p>Les r\u00e9sultats complet du Paris Slalom World Cup, qui c&rsquo;est d\u00e9roul\u00e9 le 20-21 mai \u00e0 Massy (91) au lieu du<\/p>\n","protected":false},"author":2,"featured_media":36207,"parent":0,"menu_order":0,"comment_status":"closed","ping_status":"closed","template":"","meta":{"colormag_page_container_layout":"default_layout","colormag_page_sidebar_layout":"default_layout","footnotes":""},"class_list":["post-36141","page","type-page","status-publish","has-post-thumbnail","hentry"],"yoast_head":"<!-- This site is optimized with the Yoast SEO plugin v27.4 - https:\/\/yoast.com\/product\/yoast-seo-wordpress\/ -->\n<title>LES R\u00c9SULTATS DU PSWC_MASSY_MAI 2023 - SK8.NET<\/title>\n<meta name=\"robots\" content=\"index, follow, max-snippet:-1, max-image-preview:large, max-video-preview:-1\" \/>\n<link rel=\"canonical\" href=\"https:\/\/www.sk8.net\/wp\/?page_id=36141\" \/>\n<meta property=\"og:locale\" content=\"fr_FR\" \/>\n<meta property=\"og:type\" content=\"article\" \/>\n<meta property=\"og:title\" content=\"LES R\u00c9SULTATS DU PSWC_MASSY_MAI 2023 - SK8.NET\" \/>\n<meta property=\"og:description\" content=\"Les r\u00e9sultats complet du Paris Slalom World Cup, qui c&rsquo;est d\u00e9roul\u00e9 le 20-21 mai \u00e0 Massy (91) au lieu du\" \/>\n<meta property=\"og:url\" content=\"https:\/\/www.sk8.net\/wp\/?page_id=36141\" \/>\n<meta property=\"og:site_name\" content=\"SK8.NET\" \/>\n<meta property=\"article:publisher\" content=\"https:\/\/www.facebook.com\/sk8pointnet\/\" \/>\n<meta property=\"article:modified_time\" content=\"2026-02-14T16:49:22+00:00\" \/>\n<meta property=\"og:image\" content=\"https:\/\/www.sk8.net\/wp\/wp-content\/uploads\/2023\/05\/DSC_6266.jpg\" \/>\n\t<meta property=\"og:image:width\" content=\"900\" \/>\n\t<meta property=\"og:image:height\" content=\"598\" \/>\n\t<meta property=\"og:image:type\" content=\"image\/jpeg\" \/>\n<meta name=\"twitter:card\" content=\"summary_large_image\" \/>\n<meta name=\"twitter:image\" content=\"https:\/\/www.sk8.net\/wp\/wp-content\/uploads\/2023\/05\/DSC_6266.jpg\" \/>\n<meta name=\"twitter:site\" content=\"@sk8net\" \/>\n<meta name=\"twitter:label1\" content=\"Dur\u00e9e de lecture estim\u00e9e\" \/>\n\t<meta name=\"twitter:data1\" content=\"4 minutes\" \/>\n<script type=\"application\/ld+json\" class=\"yoast-schema-graph\">{\"@context\":\"https:\\\/\\\/schema.org\",\"@graph\":[{\"@type\":\"WebPage\",\"@id\":\"https:\\\/\\\/www.sk8.net\\\/wp\\\/?page_id=36141\",\"url\":\"https:\\\/\\\/www.sk8.net\\\/wp\\\/?page_id=36141\",\"name\":\"LES R\u00c9SULTATS DU PSWC_MASSY_MAI 2023 - SK8.NET\",\"isPartOf\":{\"@id\":\"https:\\\/\\\/www.sk8.net\\\/wp\\\/#website\"},\"primaryImageOfPage\":{\"@id\":\"https:\\\/\\\/www.sk8.net\\\/wp\\\/?page_id=36141#primaryimage\"},\"image\":{\"@id\":\"https:\\\/\\\/www.sk8.net\\\/wp\\\/?page_id=36141#primaryimage\"},\"thumbnailUrl\":\"https:\\\/\\\/www.sk8.net\\\/wp\\\/wp-content\\\/uploads\\\/2023\\\/05\\\/DSC_6266.jpg\",\"datePublished\":\"2023-05-27T11:20:50+00:00\",\"dateModified\":\"2026-02-14T16:49:22+00:00\",\"inLanguage\":\"fr-FR\",\"potentialAction\":[{\"@type\":\"ReadAction\",\"target\":[\"https:\\\/\\\/www.sk8.net\\\/wp\\\/?page_id=36141\"]}]},{\"@type\":\"ImageObject\",\"inLanguage\":\"fr-FR\",\"@id\":\"https:\\\/\\\/www.sk8.net\\\/wp\\\/?page_id=36141#primaryimage\",\"url\":\"https:\\\/\\\/www.sk8.net\\\/wp\\\/wp-content\\\/uploads\\\/2023\\\/05\\\/DSC_6266.jpg\",\"contentUrl\":\"https:\\\/\\\/www.sk8.net\\\/wp\\\/wp-content\\\/uploads\\\/2023\\\/05\\\/DSC_6266.jpg\",\"width\":900,\"height\":598},{\"@type\":\"WebSite\",\"@id\":\"https:\\\/\\\/www.sk8.net\\\/wp\\\/#website\",\"url\":\"https:\\\/\\\/www.sk8.net\\\/wp\\\/\",\"name\":\"SK8.NET\",\"description\":\"Skateboard Mag.\",\"publisher\":{\"@id\":\"https:\\\/\\\/www.sk8.net\\\/wp\\\/#organization\"},\"alternateName\":\"www.sk8.net\",\"potentialAction\":[{\"@type\":\"SearchAction\",\"target\":{\"@type\":\"EntryPoint\",\"urlTemplate\":\"https:\\\/\\\/www.sk8.net\\\/wp\\\/?s={search_term_string}\"},\"query-input\":{\"@type\":\"PropertyValueSpecification\",\"valueRequired\":true,\"valueName\":\"search_term_string\"}}],\"inLanguage\":\"fr-FR\"},{\"@type\":\"Organization\",\"@id\":\"https:\\\/\\\/www.sk8.net\\\/wp\\\/#organization\",\"name\":\"SK8.NET\",\"url\":\"https:\\\/\\\/www.sk8.net\\\/wp\\\/\",\"logo\":{\"@type\":\"ImageObject\",\"inLanguage\":\"fr-FR\",\"@id\":\"https:\\\/\\\/www.sk8.net\\\/wp\\\/#\\\/schema\\\/logo\\\/image\\\/\",\"url\":\"https:\\\/\\\/www.sk8.net\\\/wp\\\/wp-content\\\/uploads\\\/2023\\\/01\\\/Logo-SK8net_Clrs_2017.png\",\"contentUrl\":\"https:\\\/\\\/www.sk8.net\\\/wp\\\/wp-content\\\/uploads\\\/2023\\\/01\\\/Logo-SK8net_Clrs_2017.png\",\"width\":865,\"height\":250,\"caption\":\"SK8.NET\"},\"image\":{\"@id\":\"https:\\\/\\\/www.sk8.net\\\/wp\\\/#\\\/schema\\\/logo\\\/image\\\/\"},\"sameAs\":[\"https:\\\/\\\/www.facebook.com\\\/sk8pointnet\\\/\",\"https:\\\/\\\/x.com\\\/sk8net\",\"https:\\\/\\\/www.instagram.com\\\/sk8pointnet\\\/\",\"https:\\\/\\\/www.linkedin.com\\\/in\\\/sk8-net-030404a9\\\/\"]}]}<\/script>\n<!-- \/ Yoast SEO plugin. -->","yoast_head_json":{"title":"LES R\u00c9SULTATS DU PSWC_MASSY_MAI 2023 - SK8.NET","robots":{"index":"index","follow":"follow","max-snippet":"max-snippet:-1","max-image-preview":"max-image-preview:large","max-video-preview":"max-video-preview:-1"},"canonical":"https:\/\/www.sk8.net\/wp\/?page_id=36141","og_locale":"fr_FR","og_type":"article","og_title":"LES R\u00c9SULTATS DU PSWC_MASSY_MAI 2023 - SK8.NET","og_description":"Les r\u00e9sultats complet du Paris Slalom World Cup, qui c&rsquo;est d\u00e9roul\u00e9 le 20-21 mai \u00e0 Massy (91) au lieu du","og_url":"https:\/\/www.sk8.net\/wp\/?page_id=36141","og_site_name":"SK8.NET","article_publisher":"https:\/\/www.facebook.com\/sk8pointnet\/","article_modified_time":"2026-02-14T16:49:22+00:00","og_image":[{"width":900,"height":598,"url":"https:\/\/www.sk8.net\/wp\/wp-content\/uploads\/2023\/05\/DSC_6266.jpg","type":"image\/jpeg"}],"twitter_card":"summary_large_image","twitter_image":"https:\/\/www.sk8.net\/wp\/wp-content\/uploads\/2023\/05\/DSC_6266.jpg","twitter_site":"@sk8net","twitter_misc":{"Dur\u00e9e de lecture estim\u00e9e":"4 minutes"},"schema":{"@context":"https:\/\/schema.org","@graph":[{"@type":"WebPage","@id":"https:\/\/www.sk8.net\/wp\/?page_id=36141","url":"https:\/\/www.sk8.net\/wp\/?page_id=36141","name":"LES R\u00c9SULTATS DU PSWC_MASSY_MAI 2023 - SK8.NET","isPartOf":{"@id":"https:\/\/www.sk8.net\/wp\/#website"},"primaryImageOfPage":{"@id":"https:\/\/www.sk8.net\/wp\/?page_id=36141#primaryimage"},"image":{"@id":"https:\/\/www.sk8.net\/wp\/?page_id=36141#primaryimage"},"thumbnailUrl":"https:\/\/www.sk8.net\/wp\/wp-content\/uploads\/2023\/05\/DSC_6266.jpg","datePublished":"2023-05-27T11:20:50+00:00","dateModified":"2026-02-14T16:49:22+00:00","inLanguage":"fr-FR","potentialAction":[{"@type":"ReadAction","target":["https:\/\/www.sk8.net\/wp\/?page_id=36141"]}]},{"@type":"ImageObject","inLanguage":"fr-FR","@id":"https:\/\/www.sk8.net\/wp\/?page_id=36141#primaryimage","url":"https:\/\/www.sk8.net\/wp\/wp-content\/uploads\/2023\/05\/DSC_6266.jpg","contentUrl":"https:\/\/www.sk8.net\/wp\/wp-content\/uploads\/2023\/05\/DSC_6266.jpg","width":900,"height":598},{"@type":"WebSite","@id":"https:\/\/www.sk8.net\/wp\/#website","url":"https:\/\/www.sk8.net\/wp\/","name":"SK8.NET","description":"Skateboard Mag.","publisher":{"@id":"https:\/\/www.sk8.net\/wp\/#organization"},"alternateName":"www.sk8.net","potentialAction":[{"@type":"SearchAction","target":{"@type":"EntryPoint","urlTemplate":"https:\/\/www.sk8.net\/wp\/?s={search_term_string}"},"query-input":{"@type":"PropertyValueSpecification","valueRequired":true,"valueName":"search_term_string"}}],"inLanguage":"fr-FR"},{"@type":"Organization","@id":"https:\/\/www.sk8.net\/wp\/#organization","name":"SK8.NET","url":"https:\/\/www.sk8.net\/wp\/","logo":{"@type":"ImageObject","inLanguage":"fr-FR","@id":"https:\/\/www.sk8.net\/wp\/#\/schema\/logo\/image\/","url":"https:\/\/www.sk8.net\/wp\/wp-content\/uploads\/2023\/01\/Logo-SK8net_Clrs_2017.png","contentUrl":"https:\/\/www.sk8.net\/wp\/wp-content\/uploads\/2023\/01\/Logo-SK8net_Clrs_2017.png","width":865,"height":250,"caption":"SK8.NET"},"image":{"@id":"https:\/\/www.sk8.net\/wp\/#\/schema\/logo\/image\/"},"sameAs":["https:\/\/www.facebook.com\/sk8pointnet\/","https:\/\/x.com\/sk8net","https:\/\/www.instagram.com\/sk8pointnet\/","https:\/\/www.linkedin.com\/in\/sk8-net-030404a9\/"]}]}},"amp_enabled":true,"_links":{"self":[{"href":"https:\/\/www.sk8.net\/wp\/index.php?rest_route=\/wp\/v2\/pages\/36141","targetHints":{"allow":["GET"]}}],"collection":[{"href":"https:\/\/www.sk8.net\/wp\/index.php?rest_route=\/wp\/v2\/pages"}],"about":[{"href":"https:\/\/www.sk8.net\/wp\/index.php?rest_route=\/wp\/v2\/types\/page"}],"author":[{"embeddable":true,"href":"https:\/\/www.sk8.net\/wp\/index.php?rest_route=\/wp\/v2\/users\/2"}],"replies":[{"embeddable":true,"href":"https:\/\/www.sk8.net\/wp\/index.php?rest_route=%2Fwp%2Fv2%2Fcomments&post=36141"}],"version-history":[{"count":0,"href":"https:\/\/www.sk8.net\/wp\/index.php?rest_route=\/wp\/v2\/pages\/36141\/revisions"}],"wp:featuredmedia":[{"embeddable":true,"href":"https:\/\/www.sk8.net\/wp\/index.php?rest_route=\/wp\/v2\/media\/36207"}],"wp:attachment":[{"href":"https:\/\/www.sk8.net\/wp\/index.php?rest_route=%2Fwp%2Fv2%2Fmedia&parent=36141"}],"curies":[{"name":"wp","href":"https:\/\/api.w.org\/{rel}","templated":true}]}}