{"id":35573,"date":"2023-01-31T14:54:01","date_gmt":"2023-01-31T13:54:01","guid":{"rendered":"https:\/\/www.sk8.net\/wp\/?page_id=35573"},"modified":"2026-02-14T18:06:03","modified_gmt":"2026-02-14T17:06:03","slug":"vans-concrete-week-end-2012_annecy","status":"publish","type":"page","link":"https:\/\/www.sk8.net\/wp\/?page_id=35573","title":{"rendered":"VANS CONCRETE WEEK-END 2012_ANNECY"},"content":{"rendered":"\n<figure class=\"wp-block-image aligncenter is-resized\"><img loading=\"lazy\" decoding=\"async\" width=\"590\" height=\"393\" sizes=\"auto, (max-width: 590px) 100vw, 590px\" src=\"http:\/\/www.sk8.net\/wp\/wp-content\/uploads\/2012\/09\/Jake_Collins_590.jpg\" alt=\"\" class=\"wp-image-8646\" style=\"width:900px\" title=\"Jake_Collins_590\" srcset=\"https:\/\/www.sk8.net\/wp\/wp-content\/uploads\/2012\/09\/Jake_Collins_590.jpg 590w, https:\/\/www.sk8.net\/wp\/wp-content\/uploads\/2012\/09\/Jake_Collins_590-92x61.jpg 92w, https:\/\/www.sk8.net\/wp\/wp-content\/uploads\/2012\/09\/Jake_Collins_590-300x199.jpg 300w\" \/><\/figure>\n\n\n\n<p>Les meilleurs riders \u00ab street &amp; bowl \u00bb d\u2019Europe se sont affront\u00e9s le week-end dernier au Skatepark des Marquisats \u00e0 Annecy (France), dans le cadre de la troisi\u00e8me \u00e9dition du Vans Concrete Week-end \u2013 seconde \u00e9tape du Vans Bowl Series-.&nbsp;Le britannique Sam Beckett a remport\u00e9 la premi\u00e8re place de la comp\u00e9tition de \u00ab Bowl \u00bb. Sa technique irr\u00e9prochable lui a permis de repartir avec les 1 000\u20ac de r\u00e9compense et une qualification pour le Vans Bowl Series.&nbsp;Jake Collins a donn\u00e9 tout ce qu\u2019il avait en lui, il a d\u00e9croch\u00e9 la seconde place du podium, Joris Brichet, le h\u00e9ro \u00ab bowl \u00bb local n\u2019est pas reparti bredouille puisqu\u2019il est arriv\u00e9 troisi\u00e8me de cette comp\u00e9tition.<\/p>\n\n\n\n<p>Peu avant la final du bowl, le public a pu assister \u00e0 une belle battle entre les meilleurs street skaters fran\u00e7ais \u00e0 deux pas du lac d\u2019Annecy. Afin de remporter ce combat de titan, Douwe Macace a plac\u00e9 un maximum de trick en 10 minutes, il a lui aussi remport\u00e9 1 000\u20ac de prize money. Max Genin a pris la seconde place, quant \u00e0 &nbsp;Adrien Bullard, il est mont\u00e9 sur le podium en d\u00e9crochant la troisi\u00e8me place.<\/p>\n\n\n\n<figure class=\"wp-block-image aligncenter is-resized\"><img loading=\"lazy\" decoding=\"async\" width=\"590\" height=\"393\" sizes=\"auto, (max-width: 590px) 100vw, 590px\" src=\"http:\/\/www.sk8.net\/wp\/wp-content\/uploads\/2012\/09\/bulard.jpg\" alt=\"\" class=\"wp-image-8653\" style=\"width:900px\" title=\"bulard\" srcset=\"https:\/\/www.sk8.net\/wp\/wp-content\/uploads\/2012\/09\/bulard.jpg 590w, https:\/\/www.sk8.net\/wp\/wp-content\/uploads\/2012\/09\/bulard-92x61.jpg 92w, https:\/\/www.sk8.net\/wp\/wp-content\/uploads\/2012\/09\/bulard-300x199.jpg 300w\" \/><\/figure>\n\n\n\n<p>Les riders ont eut la chance de repartir avec encore plus de cash gr\u00e2ce aux &nbsp;Best Tricks organis\u00e9e durant le week end. Concernant le Best Trick Analog, c\u2019est Sebastien Belgout qui le remporte.<\/p>\n\n\n\n<p>Avec leurs prouesses sur le Best-Trick ProTec sur l&rsquo;extention du Bowl, Sam Beckett, Jake Collins et Szymon Stachon &nbsp;se sont r\u00e9partis le prize money. \u2028Le week end s&rsquo;est finalement achev\u00e9 par le d\u00e9sormais fameux Best Tricks sur les Blocks \u2013 support\u00e9 par Monster Energy cette ann\u00e9e \u2013 : Max Genin, Adrien Bullard et Aurelien Giraud ont prouv\u00e9 qu\u2019ils \u00e9taient les meilleurs dans cette cat\u00e9gorie et se partagent \u00e0 leur tour le Cash mis en jeux.&nbsp;Comme toujours nous tenons a remercier tout particuli\u00e8rement nos partenaires : Monster, Fiat Freestyle Team, Analog, Nixon, Spitfire, Independent, ABS, le Annecy Board Club, Clich\u00e9, Pro-tec et la ville d\u2019Annecy.&nbsp;Restez connect\u00e9 et suivez avec nous la prochaine \u00e9tape du Vans Bowl Serie au Best of Both Bowls \u00e0 Dusseldorf, les 22 et 23 septembre prochain.<\/p>\n\n\n\n<figure class=\"wp-block-image aligncenter is-resized\"><img loading=\"lazy\" decoding=\"async\" width=\"590\" height=\"393\" sizes=\"auto, (max-width: 590px) 100vw, 590px\" src=\"http:\/\/www.sk8.net\/wp\/wp-content\/uploads\/2012\/09\/analog.jpg\" alt=\"\" class=\"wp-image-8654\" style=\"width:900px\" title=\"analog\" srcset=\"https:\/\/www.sk8.net\/wp\/wp-content\/uploads\/2012\/09\/analog.jpg 590w, https:\/\/www.sk8.net\/wp\/wp-content\/uploads\/2012\/09\/analog-92x61.jpg 92w, https:\/\/www.sk8.net\/wp\/wp-content\/uploads\/2012\/09\/analog-300x199.jpg 300w\" \/><\/figure>\n\n\n\n<p>RESULTATS COMPLET :<br \/>Bowl Ams : 1 Raphael Ostorero &#8211; 2 Martin St-George &#8211; 3 Adrien Burguiere &#8211; 4 Seb Poix &#8211; 5 Julien Mojon &#8211; 6 Remi Verrier &#8211; 7 Dylan Vello &#8211; 8 Maxence Fazy &#8211; 9 Mickael Clebert &#8211; 10 Vincent Brun<br \/>Bowl Pros : 1 Sam Beckett 1000e &#8211; 2 Jake Collins 700e &#8211; 3 Joris Bricher 550e &#8211; 4 Szymon Stachon 350e &#8211; 5 Josh Young 250e &#8211; 6 Pierre Favre 150e &#8211; 7 Stephane Boussac &#8211; 8 Micky Iglesias &#8211; 9 Robin Bolian &#8211; 10 Vincent Matheron<br \/>Street Ams : 1 Celian Cordt-moller &#8211; 2 Matisse Banc &#8211; 3 Romuald Link &#8211; 4 Benjamin Raitano &#8211; 5 Christen Steffen &#8211; 6 Antoine Rauber &#8211; 7 Quantin Boillon &#8211; 8 Simon Chatois &#8211; 9 Kevin Deschamps &#8211; 10 Aurelien Puits<br \/>Street Pros : 1 Douwe Macace 1000e &#8211; 2 Max Genin 700e &#8211; 3 Adrien Bulard 550e &#8211; 4 Nabil Slimani 350e &#8211; 5 Victor Pellegrin 250e &#8211; 6 Julien Merour 150e &#8211; 7 Aurelien Giraud &#8211; 8 Quentin Saillet &#8211; 9 Julien Morin &#8211; 10 Joseph Biais<br \/>Pro-tec Best Trick : Sam Beckett &#8211; Jake Collins &#8211; Szymon Stachon<br \/>Monster Best Trick : Max Genin &#8211; Adrien Bullard &#8211; Aurelien Giraud<\/p>\n\n\n\n<figure class=\"wp-block-image aligncenter is-resized\"><img loading=\"lazy\" decoding=\"async\" width=\"590\" height=\"393\" sizes=\"auto, (max-width: 590px) 100vw, 590px\" src=\"http:\/\/www.sk8.net\/wp\/wp-content\/uploads\/2012\/09\/kids.jpg\" alt=\"\" class=\"wp-image-8655\" style=\"width:900px\" title=\"kids\" srcset=\"https:\/\/www.sk8.net\/wp\/wp-content\/uploads\/2012\/09\/kids.jpg 590w, https:\/\/www.sk8.net\/wp\/wp-content\/uploads\/2012\/09\/kids-92x61.jpg 92w, https:\/\/www.sk8.net\/wp\/wp-content\/uploads\/2012\/09\/kids-300x199.jpg 300w\" \/><\/figure>\n","protected":false},"excerpt":{"rendered":"<p>Les meilleurs riders \u00ab street &amp; bowl \u00bb d\u2019Europe se sont affront\u00e9s le week-end dernier au Skatepark des Marquisats \u00e0<\/p>\n","protected":false},"author":2,"featured_media":29493,"parent":0,"menu_order":0,"comment_status":"closed","ping_status":"closed","template":"","meta":{"colormag_page_container_layout":"default_layout","colormag_page_sidebar_layout":"default_layout","footnotes":""},"class_list":["post-35573","page","type-page","status-publish","has-post-thumbnail","hentry"],"yoast_head":"<!-- This site is optimized with the Yoast SEO plugin v27.4 - https:\/\/yoast.com\/product\/yoast-seo-wordpress\/ -->\n<title>VANS CONCRETE WEEK-END 2012_ANNECY - SK8.NET<\/title>\n<meta name=\"robots\" content=\"index, follow, max-snippet:-1, max-image-preview:large, max-video-preview:-1\" \/>\n<link rel=\"canonical\" href=\"https:\/\/www.sk8.net\/wp\/?page_id=35573\" \/>\n<meta property=\"og:locale\" content=\"fr_FR\" \/>\n<meta property=\"og:type\" content=\"article\" \/>\n<meta property=\"og:title\" content=\"VANS CONCRETE WEEK-END 2012_ANNECY - SK8.NET\" \/>\n<meta property=\"og:description\" content=\"Les meilleurs riders \u00ab street &amp; bowl \u00bb d\u2019Europe se sont affront\u00e9s le week-end dernier au Skatepark des Marquisats \u00e0\" \/>\n<meta property=\"og:url\" content=\"https:\/\/www.sk8.net\/wp\/?page_id=35573\" \/>\n<meta property=\"og:site_name\" content=\"SK8.NET\" \/>\n<meta property=\"article:publisher\" content=\"https:\/\/www.facebook.com\/sk8pointnet\/\" \/>\n<meta property=\"article:modified_time\" content=\"2026-02-14T17:06:03+00:00\" \/>\n<meta property=\"og:image\" content=\"https:\/\/www.sk8.net\/wp\/wp-content\/uploads\/2012\/09\/Jake_Collins_590-1.jpg\" \/>\n\t<meta property=\"og:image:width\" content=\"590\" \/>\n\t<meta property=\"og:image:height\" content=\"393\" \/>\n\t<meta property=\"og:image:type\" content=\"image\/jpeg\" \/>\n<meta name=\"twitter:card\" content=\"summary_large_image\" \/>\n<meta name=\"twitter:image\" content=\"https:\/\/www.sk8.net\/wp\/wp-content\/uploads\/2012\/09\/Jake_Collins_590-1.jpg\" \/>\n<meta name=\"twitter:site\" content=\"@sk8net\" \/>\n<meta name=\"twitter:label1\" content=\"Dur\u00e9e de lecture estim\u00e9e\" \/>\n\t<meta name=\"twitter:data1\" content=\"4 minutes\" \/>\n<script type=\"application\/ld+json\" class=\"yoast-schema-graph\">{\"@context\":\"https:\\\/\\\/schema.org\",\"@graph\":[{\"@type\":\"WebPage\",\"@id\":\"https:\\\/\\\/www.sk8.net\\\/wp\\\/?page_id=35573\",\"url\":\"https:\\\/\\\/www.sk8.net\\\/wp\\\/?page_id=35573\",\"name\":\"VANS CONCRETE WEEK-END 2012_ANNECY - SK8.NET\",\"isPartOf\":{\"@id\":\"https:\\\/\\\/www.sk8.net\\\/wp\\\/#website\"},\"primaryImageOfPage\":{\"@id\":\"https:\\\/\\\/www.sk8.net\\\/wp\\\/?page_id=35573#primaryimage\"},\"image\":{\"@id\":\"https:\\\/\\\/www.sk8.net\\\/wp\\\/?page_id=35573#primaryimage\"},\"thumbnailUrl\":\"https:\\\/\\\/www.sk8.net\\\/wp\\\/wp-content\\\/uploads\\\/2012\\\/09\\\/Jake_Collins_590-1.jpg\",\"datePublished\":\"2023-01-31T13:54:01+00:00\",\"dateModified\":\"2026-02-14T17:06:03+00:00\",\"inLanguage\":\"fr-FR\",\"potentialAction\":[{\"@type\":\"ReadAction\",\"target\":[\"https:\\\/\\\/www.sk8.net\\\/wp\\\/?page_id=35573\"]}]},{\"@type\":\"ImageObject\",\"inLanguage\":\"fr-FR\",\"@id\":\"https:\\\/\\\/www.sk8.net\\\/wp\\\/?page_id=35573#primaryimage\",\"url\":\"https:\\\/\\\/www.sk8.net\\\/wp\\\/wp-content\\\/uploads\\\/2012\\\/09\\\/Jake_Collins_590-1.jpg\",\"contentUrl\":\"https:\\\/\\\/www.sk8.net\\\/wp\\\/wp-content\\\/uploads\\\/2012\\\/09\\\/Jake_Collins_590-1.jpg\",\"width\":590,\"height\":393},{\"@type\":\"WebSite\",\"@id\":\"https:\\\/\\\/www.sk8.net\\\/wp\\\/#website\",\"url\":\"https:\\\/\\\/www.sk8.net\\\/wp\\\/\",\"name\":\"SK8.NET\",\"description\":\"Skateboard Mag.\",\"publisher\":{\"@id\":\"https:\\\/\\\/www.sk8.net\\\/wp\\\/#organization\"},\"alternateName\":\"www.sk8.net\",\"potentialAction\":[{\"@type\":\"SearchAction\",\"target\":{\"@type\":\"EntryPoint\",\"urlTemplate\":\"https:\\\/\\\/www.sk8.net\\\/wp\\\/?s={search_term_string}\"},\"query-input\":{\"@type\":\"PropertyValueSpecification\",\"valueRequired\":true,\"valueName\":\"search_term_string\"}}],\"inLanguage\":\"fr-FR\"},{\"@type\":\"Organization\",\"@id\":\"https:\\\/\\\/www.sk8.net\\\/wp\\\/#organization\",\"name\":\"SK8.NET\",\"url\":\"https:\\\/\\\/www.sk8.net\\\/wp\\\/\",\"logo\":{\"@type\":\"ImageObject\",\"inLanguage\":\"fr-FR\",\"@id\":\"https:\\\/\\\/www.sk8.net\\\/wp\\\/#\\\/schema\\\/logo\\\/image\\\/\",\"url\":\"https:\\\/\\\/www.sk8.net\\\/wp\\\/wp-content\\\/uploads\\\/2023\\\/01\\\/Logo-SK8net_Clrs_2017.png\",\"contentUrl\":\"https:\\\/\\\/www.sk8.net\\\/wp\\\/wp-content\\\/uploads\\\/2023\\\/01\\\/Logo-SK8net_Clrs_2017.png\",\"width\":865,\"height\":250,\"caption\":\"SK8.NET\"},\"image\":{\"@id\":\"https:\\\/\\\/www.sk8.net\\\/wp\\\/#\\\/schema\\\/logo\\\/image\\\/\"},\"sameAs\":[\"https:\\\/\\\/www.facebook.com\\\/sk8pointnet\\\/\",\"https:\\\/\\\/x.com\\\/sk8net\",\"https:\\\/\\\/www.instagram.com\\\/sk8pointnet\\\/\",\"https:\\\/\\\/www.linkedin.com\\\/in\\\/sk8-net-030404a9\\\/\"]}]}<\/script>\n<!-- \/ Yoast SEO plugin. -->","yoast_head_json":{"title":"VANS CONCRETE WEEK-END 2012_ANNECY - SK8.NET","robots":{"index":"index","follow":"follow","max-snippet":"max-snippet:-1","max-image-preview":"max-image-preview:large","max-video-preview":"max-video-preview:-1"},"canonical":"https:\/\/www.sk8.net\/wp\/?page_id=35573","og_locale":"fr_FR","og_type":"article","og_title":"VANS CONCRETE WEEK-END 2012_ANNECY - SK8.NET","og_description":"Les meilleurs riders \u00ab street &amp; bowl \u00bb d\u2019Europe se sont affront\u00e9s le week-end dernier au Skatepark des Marquisats \u00e0","og_url":"https:\/\/www.sk8.net\/wp\/?page_id=35573","og_site_name":"SK8.NET","article_publisher":"https:\/\/www.facebook.com\/sk8pointnet\/","article_modified_time":"2026-02-14T17:06:03+00:00","og_image":[{"width":590,"height":393,"url":"https:\/\/www.sk8.net\/wp\/wp-content\/uploads\/2012\/09\/Jake_Collins_590-1.jpg","type":"image\/jpeg"}],"twitter_card":"summary_large_image","twitter_image":"https:\/\/www.sk8.net\/wp\/wp-content\/uploads\/2012\/09\/Jake_Collins_590-1.jpg","twitter_site":"@sk8net","twitter_misc":{"Dur\u00e9e de lecture estim\u00e9e":"4 minutes"},"schema":{"@context":"https:\/\/schema.org","@graph":[{"@type":"WebPage","@id":"https:\/\/www.sk8.net\/wp\/?page_id=35573","url":"https:\/\/www.sk8.net\/wp\/?page_id=35573","name":"VANS CONCRETE WEEK-END 2012_ANNECY - SK8.NET","isPartOf":{"@id":"https:\/\/www.sk8.net\/wp\/#website"},"primaryImageOfPage":{"@id":"https:\/\/www.sk8.net\/wp\/?page_id=35573#primaryimage"},"image":{"@id":"https:\/\/www.sk8.net\/wp\/?page_id=35573#primaryimage"},"thumbnailUrl":"https:\/\/www.sk8.net\/wp\/wp-content\/uploads\/2012\/09\/Jake_Collins_590-1.jpg","datePublished":"2023-01-31T13:54:01+00:00","dateModified":"2026-02-14T17:06:03+00:00","inLanguage":"fr-FR","potentialAction":[{"@type":"ReadAction","target":["https:\/\/www.sk8.net\/wp\/?page_id=35573"]}]},{"@type":"ImageObject","inLanguage":"fr-FR","@id":"https:\/\/www.sk8.net\/wp\/?page_id=35573#primaryimage","url":"https:\/\/www.sk8.net\/wp\/wp-content\/uploads\/2012\/09\/Jake_Collins_590-1.jpg","contentUrl":"https:\/\/www.sk8.net\/wp\/wp-content\/uploads\/2012\/09\/Jake_Collins_590-1.jpg","width":590,"height":393},{"@type":"WebSite","@id":"https:\/\/www.sk8.net\/wp\/#website","url":"https:\/\/www.sk8.net\/wp\/","name":"SK8.NET","description":"Skateboard Mag.","publisher":{"@id":"https:\/\/www.sk8.net\/wp\/#organization"},"alternateName":"www.sk8.net","potentialAction":[{"@type":"SearchAction","target":{"@type":"EntryPoint","urlTemplate":"https:\/\/www.sk8.net\/wp\/?s={search_term_string}"},"query-input":{"@type":"PropertyValueSpecification","valueRequired":true,"valueName":"search_term_string"}}],"inLanguage":"fr-FR"},{"@type":"Organization","@id":"https:\/\/www.sk8.net\/wp\/#organization","name":"SK8.NET","url":"https:\/\/www.sk8.net\/wp\/","logo":{"@type":"ImageObject","inLanguage":"fr-FR","@id":"https:\/\/www.sk8.net\/wp\/#\/schema\/logo\/image\/","url":"https:\/\/www.sk8.net\/wp\/wp-content\/uploads\/2023\/01\/Logo-SK8net_Clrs_2017.png","contentUrl":"https:\/\/www.sk8.net\/wp\/wp-content\/uploads\/2023\/01\/Logo-SK8net_Clrs_2017.png","width":865,"height":250,"caption":"SK8.NET"},"image":{"@id":"https:\/\/www.sk8.net\/wp\/#\/schema\/logo\/image\/"},"sameAs":["https:\/\/www.facebook.com\/sk8pointnet\/","https:\/\/x.com\/sk8net","https:\/\/www.instagram.com\/sk8pointnet\/","https:\/\/www.linkedin.com\/in\/sk8-net-030404a9\/"]}]}},"amp_enabled":true,"_links":{"self":[{"href":"https:\/\/www.sk8.net\/wp\/index.php?rest_route=\/wp\/v2\/pages\/35573","targetHints":{"allow":["GET"]}}],"collection":[{"href":"https:\/\/www.sk8.net\/wp\/index.php?rest_route=\/wp\/v2\/pages"}],"about":[{"href":"https:\/\/www.sk8.net\/wp\/index.php?rest_route=\/wp\/v2\/types\/page"}],"author":[{"embeddable":true,"href":"https:\/\/www.sk8.net\/wp\/index.php?rest_route=\/wp\/v2\/users\/2"}],"replies":[{"embeddable":true,"href":"https:\/\/www.sk8.net\/wp\/index.php?rest_route=%2Fwp%2Fv2%2Fcomments&post=35573"}],"version-history":[{"count":0,"href":"https:\/\/www.sk8.net\/wp\/index.php?rest_route=\/wp\/v2\/pages\/35573\/revisions"}],"wp:featuredmedia":[{"embeddable":true,"href":"https:\/\/www.sk8.net\/wp\/index.php?rest_route=\/wp\/v2\/media\/29493"}],"wp:attachment":[{"href":"https:\/\/www.sk8.net\/wp\/index.php?rest_route=%2Fwp%2Fv2%2Fmedia&parent=35573"}],"curies":[{"name":"wp","href":"https:\/\/api.w.org\/{rel}","templated":true}]}}