{"id":35566,"date":"2023-01-31T14:41:39","date_gmt":"2023-01-31T13:41:39","guid":{"rendered":"https:\/\/www.sk8.net\/wp\/?page_id=35566"},"modified":"2026-02-14T17:58:44","modified_gmt":"2026-02-14T16:58:44","slug":"championnat-de-france-2021_street-biarritz","status":"publish","type":"page","link":"https:\/\/www.sk8.net\/wp\/?page_id=35566","title":{"rendered":"Championnat de France 2021_STREET-BIARRITZ"},"content":{"rendered":"\n<figure class=\"wp-block-image aligncenter size-large is-resized\"><img loading=\"lazy\" decoding=\"async\" width=\"590\" height=\"330\" src=\"https:\/\/www.sk8.net\/wp\/wp-content\/uploads\/2021\/05\/Juge.jpg\" alt=\"\" class=\"wp-image-28005\" style=\"width:760px;height:auto\" srcset=\"https:\/\/www.sk8.net\/wp\/wp-content\/uploads\/2021\/05\/Juge.jpg 590w, https:\/\/www.sk8.net\/wp\/wp-content\/uploads\/2021\/05\/Juge-300x168.jpg 300w\" sizes=\"auto, (max-width: 590px) 100vw, 590px\" \/><\/figure>\n\n\n\n<figure id=\"m_-8656405869076319096bodyTable\" class=\"wp-block-table is-style-regular\"><table style=\"border-style:none;border-width:0px\"><tbody><tr><td>M\u00eame punition que la semaine pr\u00e9c\u00e9dente sur l&rsquo;\u00e9preuve de park, le&nbsp;<strong>championnat de France Street 2021<\/strong>&nbsp;n&rsquo;a pu se tenir qu&rsquo;\u00e0&nbsp;<strong>huis-clos<\/strong>&nbsp;et n&rsquo;\u00e9tait accessible qu&rsquo;aux&nbsp;<strong>riders SHN et pros<\/strong>. Mais voyons le bon c\u00f4t\u00e9 des choses, premi\u00e8rement le retour \u00e0 la comp\u00e9tition, quelle qu&rsquo;elle soit, est une bonne nouvelle et un d\u00e9but de retour \u00e0 une situation \u00e0 peu pr\u00e8s normale, et nous avons pu distribuer de pr\u00e9cieux points comptant pour la qualification olympique, et \u00e7a, il ne fallait surtout pas s&rsquo;en priver puisque \u00e7a pourrait compter au moment de faire les comptes fin juin!<\/td><\/tr><\/tbody><\/table><\/figure>\n\n\n\n<h4 class=\"wp-block-heading\">C&rsquo;est donc au&nbsp;<strong>skatepark de Biarritz<\/strong>&nbsp;que se sont retrouv\u00e9s les riders autoris\u00e9s \u00e0 prendre part \u00e0 une comp\u00e9tition, 4 filles et 8 gar\u00e7ons.<\/h4>\n\n\n\n<figure class=\"wp-block-image aligncenter size-large is-resized\"><img loading=\"lazy\" decoding=\"async\" width=\"590\" height=\"292\" src=\"https:\/\/www.sk8.net\/wp\/wp-content\/uploads\/2021\/05\/charlotte_hym.jpg\" alt=\"\" class=\"wp-image-28006\" style=\"width:760px;height:auto\" srcset=\"https:\/\/www.sk8.net\/wp\/wp-content\/uploads\/2021\/05\/charlotte_hym.jpg 590w, https:\/\/www.sk8.net\/wp\/wp-content\/uploads\/2021\/05\/charlotte_hym-300x148.jpg 300w\" sizes=\"auto, (max-width: 590px) 100vw, 590px\" \/><figcaption class=\"wp-element-caption\">Charlotte Hym &#8211; Frontside Boardslide \u00a9Pierre-Antoine Lalaude<\/figcaption><\/figure>\n\n\n\n<figure id=\"m_-8656405869076319096bodyTable\" class=\"wp-block-table\"><table style=\"border-style:none;border-width:0px\"><tbody><tr><td><strong>Charlotte Hym<\/strong>&nbsp;s&rsquo;adjuge un quatri\u00e8me titre de&nbsp;<strong>Championne de France<\/strong>&nbsp;sans trop forcer mais qui ne l&rsquo;a pas emp\u00each\u00e9e de sortir quelques nouveaut\u00e9s pour autant, \u00e0 l&rsquo;image du front board sur le plus gros rail du park ou encore de sacr\u00e9s fs lipslides sur la longue flat bar !<\/td><\/tr><\/tbody><\/table><\/figure>\n\n\n\n<figure class=\"wp-block-image aligncenter size-full is-resized\"><img loading=\"lazy\" decoding=\"async\" width=\"590\" height=\"393\" sizes=\"auto, (max-width: 590px) 100vw, 590px\" src=\"https:\/\/www.sk8.net\/wp\/wp-content\/uploads\/2021\/05\/jeromine_Louvet-02.jpg\" alt=\"\" class=\"wp-image-28007\" style=\"aspect-ratio:1.3333333333333333;object-fit:contain;width:760px;height:auto\" srcset=\"https:\/\/www.sk8.net\/wp\/wp-content\/uploads\/2021\/05\/jeromine_Louvet-02.jpg 590w, https:\/\/www.sk8.net\/wp\/wp-content\/uploads\/2021\/05\/jeromine_Louvet-02-300x200.jpg 300w\" \/><figcaption class=\"wp-element-caption\">Jeromine Louvet &#8211; feeble grind \u00a9Pierre-Antoine Lalaude<\/figcaption><\/figure>\n\n\n\n<figure id=\"m_-8656405869076319096bodyTable\" class=\"wp-block-table\"><table style=\"border-style:none;border-width:0px\"><tbody><tr><td>Juste derri\u00e8re on retrouve&nbsp;<strong>J\u00e9romine Louvet<\/strong>, elle aussi habitu\u00e9e des podiums, qui a pos\u00e9 quelques bons runs complets et des tricks engag\u00e9s comme ce feeble sur le rail central, la jeune Bretonne&nbsp;<strong>Dune Kerisit<\/strong>&nbsp;ne grimpe que sur la 3e marche du podium pourrait t-on dire, tant les tricks qu&rsquo;elle proposait \u00e9taient solides, malheureusement elle n&rsquo;a pas su assurer 4 scores dans la finale ce qui lui co\u00fbte un meilleur classement, on retiendra quand m\u00eame fs boardslide et fs fifty-fifty sur le rail carr\u00e9, boardslide sur le gros rail, smith grind et un bon big spin sur le gap mais rentr\u00e9 apr\u00e8s la bataille !<\/td><\/tr><\/tbody><\/table><\/figure>\n\n\n\n<figure class=\"wp-block-image aligncenter size-large is-resized\"><img loading=\"lazy\" decoding=\"async\" width=\"590\" height=\"304\" src=\"https:\/\/www.sk8.net\/wp\/wp-content\/uploads\/2021\/05\/lucie-1.jpg\" alt=\"\" class=\"wp-image-28009\" style=\"width:760px;height:auto\" srcset=\"https:\/\/www.sk8.net\/wp\/wp-content\/uploads\/2021\/05\/lucie-1.jpg 590w, https:\/\/www.sk8.net\/wp\/wp-content\/uploads\/2021\/05\/lucie-1-300x155.jpg 300w\" sizes=\"auto, (max-width: 590px) 100vw, 590px\" \/><figcaption class=\"wp-element-caption\">Lucie Schoonheere &#8211; boardslide \u00a9Pierre-Antoine Lalaude<\/figcaption><\/figure>\n\n\n\n<figure id=\"m_-8656405869076319096bodyTable\" class=\"wp-block-table\"><table style=\"border-style:none;border-width:0px\"><tbody><tr><td><strong>Lucie Schoonheere<\/strong>, 11 ans seulement, compl\u00e8te cette finale, kickflip et heelflip on lock, long boardslide, bref, la rel\u00e8ve est assur\u00e9e !<\/td><\/tr><\/tbody><\/table><\/figure>\n\n\n\n<figure class=\"wp-block-image aligncenter size-large is-resized\"><img loading=\"lazy\" decoding=\"async\" width=\"590\" height=\"590\" sizes=\"auto, (max-width: 590px) 100vw, 590px\" src=\"https:\/\/www.sk8.net\/wp\/wp-content\/uploads\/2021\/05\/podiume_filles-590x590.jpg\" alt=\"\" class=\"wp-image-28010\" style=\"width:760px;height:auto\" srcset=\"https:\/\/www.sk8.net\/wp\/wp-content\/uploads\/2021\/05\/podiume_filles.jpg 590w, https:\/\/www.sk8.net\/wp\/wp-content\/uploads\/2021\/05\/podiume_filles-300x300.jpg 300w, https:\/\/www.sk8.net\/wp\/wp-content\/uploads\/2021\/05\/podiume_filles-150x150.jpg 150w\" \/><\/figure>\n\n\n\n<figure id=\"m_-8656405869076319096bodyTable\" class=\"wp-block-table\"><table style=\"border-style:none;border-width:0px\"><tbody><tr><td><em>R\u00e9sultats femmes :<\/em> 1- Charlotte Hym 8.16 &#8211; 2- J\u00e9romine Louvet 6.51 &#8211; 3- Dune Kerisit 4.30 &#8211; 4- Lucie Schoonheere 3.96<\/td><\/tr><\/tbody><\/table><\/figure>\n\n\n\n<hr class=\"wp-block-separator has-css-opacity\"\/>\n\n\n\n<figure class=\"wp-block-image aligncenter size-large is-resized\"><img loading=\"lazy\" decoding=\"async\" width=\"590\" height=\"317\" src=\"https:\/\/www.sk8.net\/wp\/wp-content\/uploads\/2021\/05\/aaron.jpg\" alt=\"\" class=\"wp-image-28015\" style=\"width:760px;height:auto\" srcset=\"https:\/\/www.sk8.net\/wp\/wp-content\/uploads\/2021\/05\/aaron.jpg 590w, https:\/\/www.sk8.net\/wp\/wp-content\/uploads\/2021\/05\/aaron-300x161.jpg 300w\" sizes=\"auto, (max-width: 590px) 100vw, 590px\" \/><figcaption class=\"wp-element-caption\">Aaron Penna &#8211; fs nosegrind \u00a9Pierre-Antoine Lalaude<\/figcaption><\/figure>\n\n\n\n<h4 class=\"wp-block-heading\">Chez les gar\u00e7ons le spectacle a \u00e9galement tenu toutes ses promesses,<\/h4>\n\n\n\n<figure id=\"m_-8656405869076319096bodyTable\" class=\"wp-block-table\"><table style=\"border-style:none;border-width:0px\"><tbody><tr><td>La jeune g\u00e9n\u00e9ration repr\u00e9sent\u00e9e par&nbsp;<strong>Aaron Penna, Lucien Gourdal, Liam Le Franc&nbsp;<\/strong>et&nbsp;<strong>Max Berguin&nbsp;<\/strong>occupe les derni\u00e8res places de la finale mais ils ont tous montr\u00e9 du tr\u00e8s bon skateboard styl\u00e9, technique et engag\u00e9, il ne leur faudra pas bien longtemps pour venir titiller le haut du classement. En haut justement, les 4e, 3e et 2e se tiennent en 1.0 pt, autant dire que les jeux n&rsquo;\u00e9taient pas fait jusqu&rsquo;\u00e0 la derni\u00e8re tentative lors des &lsquo;best tricks&rsquo;!<\/td><\/tr><\/tbody><\/table><\/figure>\n\n\n\n<figure class=\"wp-block-image aligncenter size-large is-resized\"><img loading=\"lazy\" decoding=\"async\" width=\"590\" height=\"334\" src=\"https:\/\/www.sk8.net\/wp\/wp-content\/uploads\/2021\/05\/joseph.jpg\" alt=\"\" class=\"wp-image-28017\" style=\"width:760px;height:auto\" srcset=\"https:\/\/www.sk8.net\/wp\/wp-content\/uploads\/2021\/05\/joseph.jpg 590w, https:\/\/www.sk8.net\/wp\/wp-content\/uploads\/2021\/05\/joseph-300x170.jpg 300w\" sizes=\"auto, (max-width: 590px) 100vw, 590px\" \/><figcaption class=\"wp-element-caption\">Joseph Garbaccio &#8211; fsnbs \u00a9Pierre-Antoine Lalaude<\/figcaption><\/figure>\n\n\n\n<figure id=\"m_-8656405869076319096bodyTable\" class=\"wp-block-table\"><table style=\"border-style:none;border-width:0px\"><tbody><tr><td><strong>Joseph Garbaccio<\/strong>&nbsp;n&rsquo;arrive pas \u00e0 grimper sur le podium, sa derni\u00e8re tentative en bs 270 lipslide 270 out sur le rail principal s&rsquo;av\u00e8re infructueuse, il se classe 4eme.&nbsp;<strong>Benji Garcia<\/strong>&nbsp;longtemps class\u00e9 2eme, n&rsquo;arrive pas \u00e0 poser son tre flip sur la (tr\u00e8s) longue table lors de ses 2 derniers essais,&nbsp;<strong>Lawrence Ravail<\/strong>&nbsp;en profite et rentre un \u00e9norme gap out to fs nosegrind sur le hubba (en attaquant du &lsquo;mauvais&rsquo; c\u00f4t\u00e9 ndlr), trick r\u00e9compens\u00e9 de 7.13pts ce qui le fait monter sur la 2eme marche du podium.&nbsp;<\/td><\/tr><\/tbody><\/table><\/figure>\n\n\n\n<figure class=\"wp-block-image aligncenter size-large is-resized\"><img loading=\"lazy\" decoding=\"async\" width=\"590\" height=\"590\" sizes=\"auto, (max-width: 590px) 100vw, 590px\" src=\"https:\/\/www.sk8.net\/wp\/wp-content\/uploads\/2021\/05\/benji-590x590.jpg\" alt=\"\" class=\"wp-image-28028\" style=\"width:760px;height:auto\" srcset=\"https:\/\/www.sk8.net\/wp\/wp-content\/uploads\/2021\/05\/benji.jpg 590w, https:\/\/www.sk8.net\/wp\/wp-content\/uploads\/2021\/05\/benji-300x300.jpg 300w, https:\/\/www.sk8.net\/wp\/wp-content\/uploads\/2021\/05\/benji-150x150.jpg 150w\" \/><figcaption class=\"wp-element-caption\">Ben Garcia &#8211; bsts \u00a9Pierre-Antoine Lalaude<\/figcaption><\/figure>\n\n\n\n<figure id=\"m_-8656405869076319096bodyTable\" class=\"wp-block-table\"><table style=\"border-style:none;border-width:0px\"><tbody><tr><td>Sur la premi\u00e8re on retrouve&nbsp;<strong>Vincent Milou&nbsp;<\/strong>qui apr\u00e8s un premier run en retenu \u00e0 bien r\u00e9cit\u00e9 ses gammes sans trembler, la force tranquille comme dirait l&rsquo;autre, gros 2eme run not\u00e9 7.90 et cassage de hubba dans la foul\u00e9e avec<strong>&nbsp;flip fs tailslide, pop shove it bs five-O<\/strong>&nbsp;et&nbsp;<strong>switch bs smithgrind<\/strong>&nbsp;histoire de finir en beaut\u00e9, Vincent nouveau&nbsp;<strong>Champion de France 2021<\/strong>, ce qui lui permet de rafler quelques points suppl\u00e9mentaires dans la course \u00e0 la qualification pour les jeux.<\/td><\/tr><\/tbody><\/table><\/figure>\n\n\n\n<figure class=\"wp-block-image aligncenter size-large is-resized\"><img loading=\"lazy\" decoding=\"async\" width=\"590\" height=\"343\" src=\"https:\/\/www.sk8.net\/wp\/wp-content\/uploads\/2021\/05\/vincent.jpg\" alt=\"\" class=\"wp-image-28023\" style=\"width:760px;height:auto\" srcset=\"https:\/\/www.sk8.net\/wp\/wp-content\/uploads\/2021\/05\/vincent.jpg 590w, https:\/\/www.sk8.net\/wp\/wp-content\/uploads\/2021\/05\/vincent-300x174.jpg 300w\" sizes=\"auto, (max-width: 590px) 100vw, 590px\" \/><figcaption class=\"wp-element-caption\">Vincent Milou &#8211; sw bs smith \u00a9Pierre-Antoine Lalaude<\/figcaption><\/figure>\n\n\n\n<figure id=\"m_-8656405869076319096bodyTable\" class=\"wp-block-table\"><table style=\"border-style:none;border-width:0px\"><tbody><tr><td><em><u>R\u00e9sultats hommes :<\/u><\/em> 1- Vincent Milou 30.23 &#8211; 2- Lawrence Ravail 27.37 &#8211; 3- Ben Garcia 26.47 &#8211; 4- Joseph Garbaccio 26.33 &#8211; 5- Max Berguin 25.07 &#8211; 6- Liam Lefranc 21.30 &#8211; 7- Lucien Gourdal 21.13 &#8211; 8- Aaron Penna 20.53<\/td><\/tr><\/tbody><\/table><\/figure>\n\n\n\n<figure class=\"wp-block-image aligncenter size-large is-resized\"><img loading=\"lazy\" decoding=\"async\" width=\"590\" height=\"590\" sizes=\"auto, (max-width: 590px) 100vw, 590px\" src=\"https:\/\/www.sk8.net\/wp\/wp-content\/uploads\/2021\/05\/poduim_garcon-590x590.jpg\" alt=\"\" class=\"wp-image-28029\" style=\"width:760px;height:auto\" srcset=\"https:\/\/www.sk8.net\/wp\/wp-content\/uploads\/2021\/05\/poduim_garcon.jpg 590w, https:\/\/www.sk8.net\/wp\/wp-content\/uploads\/2021\/05\/poduim_garcon-300x300.jpg 300w, https:\/\/www.sk8.net\/wp\/wp-content\/uploads\/2021\/05\/poduim_garcon-150x150.jpg 150w\" \/><\/figure>\n\n\n\n<figure id=\"m_-8656405869076319096bodyTable\" class=\"wp-block-table\"><table style=\"border-style:none;border-width:0px\"><tbody><tr><td class=\"has-text-align-center\" data-align=\"center\"><strong>Prochaines \u00e9tapes Street qualificatives pour&nbsp;Tokyo 2020, le&nbsp;Dew Tour \u00e0 Des Moines&nbsp;aux \u00c9tats-Unis<\/strong><br \/><strong>du 20 au 23 mai, puis les&nbsp;Championnat du Monde \u00e0 Rome&nbsp;du 4 au 6 juin.<\/strong><\/td><\/tr><\/tbody><\/table><\/figure>\n","protected":false},"excerpt":{"rendered":"<p>M\u00eame punition que la semaine pr\u00e9c\u00e9dente sur l&rsquo;\u00e9preuve de park, le&nbsp;championnat de France Street 2021&nbsp;n&rsquo;a pu se tenir qu&rsquo;\u00e0&nbsp;huis-clos&nbsp;et n&rsquo;\u00e9tait<\/p>\n","protected":false},"author":2,"featured_media":28005,"parent":70,"menu_order":0,"comment_status":"closed","ping_status":"closed","template":"","meta":{"colormag_page_container_layout":"default_layout","colormag_page_sidebar_layout":"default_layout","footnotes":""},"class_list":["post-35566","page","type-page","status-publish","has-post-thumbnail","hentry"],"yoast_head":"<!-- This site is optimized with the Yoast SEO plugin v27.4 - https:\/\/yoast.com\/product\/yoast-seo-wordpress\/ -->\n<title>Championnat de France 2021_STREET-BIARRITZ - SK8.NET<\/title>\n<meta name=\"robots\" content=\"index, follow, max-snippet:-1, max-image-preview:large, max-video-preview:-1\" \/>\n<link rel=\"canonical\" href=\"https:\/\/www.sk8.net\/wp\/?page_id=35566\" \/>\n<meta property=\"og:locale\" content=\"fr_FR\" \/>\n<meta property=\"og:type\" content=\"article\" \/>\n<meta property=\"og:title\" content=\"Championnat de France 2021_STREET-BIARRITZ - SK8.NET\" \/>\n<meta property=\"og:description\" content=\"M\u00eame punition que la semaine pr\u00e9c\u00e9dente sur l&rsquo;\u00e9preuve de park, le&nbsp;championnat de France Street 2021&nbsp;n&rsquo;a pu se tenir qu&rsquo;\u00e0&nbsp;huis-clos&nbsp;et n&rsquo;\u00e9tait\" \/>\n<meta property=\"og:url\" content=\"https:\/\/www.sk8.net\/wp\/?page_id=35566\" \/>\n<meta property=\"og:site_name\" content=\"SK8.NET\" \/>\n<meta property=\"article:publisher\" content=\"https:\/\/www.facebook.com\/sk8pointnet\/\" \/>\n<meta property=\"article:modified_time\" content=\"2026-02-14T16:58:44+00:00\" \/>\n<meta property=\"og:image\" content=\"https:\/\/www.sk8.net\/wp\/wp-content\/uploads\/2021\/05\/Juge.jpg\" \/>\n\t<meta property=\"og:image:width\" content=\"590\" \/>\n\t<meta property=\"og:image:height\" content=\"330\" \/>\n\t<meta property=\"og:image:type\" content=\"image\/jpeg\" \/>\n<meta name=\"twitter:card\" content=\"summary_large_image\" \/>\n<meta name=\"twitter:image\" content=\"https:\/\/www.sk8.net\/wp\/wp-content\/uploads\/2021\/05\/Juge.jpg\" \/>\n<meta name=\"twitter:site\" content=\"@sk8net\" \/>\n<meta name=\"twitter:label1\" content=\"Dur\u00e9e de lecture estim\u00e9e\" \/>\n\t<meta name=\"twitter:data1\" content=\"6 minutes\" \/>\n<script type=\"application\/ld+json\" class=\"yoast-schema-graph\">{\"@context\":\"https:\\\/\\\/schema.org\",\"@graph\":[{\"@type\":\"WebPage\",\"@id\":\"https:\\\/\\\/www.sk8.net\\\/wp\\\/?page_id=35566\",\"url\":\"https:\\\/\\\/www.sk8.net\\\/wp\\\/?page_id=35566\",\"name\":\"Championnat de France 2021_STREET-BIARRITZ - SK8.NET\",\"isPartOf\":{\"@id\":\"https:\\\/\\\/www.sk8.net\\\/wp\\\/#website\"},\"primaryImageOfPage\":{\"@id\":\"https:\\\/\\\/www.sk8.net\\\/wp\\\/?page_id=35566#primaryimage\"},\"image\":{\"@id\":\"https:\\\/\\\/www.sk8.net\\\/wp\\\/?page_id=35566#primaryimage\"},\"thumbnailUrl\":\"https:\\\/\\\/www.sk8.net\\\/wp\\\/wp-content\\\/uploads\\\/2021\\\/05\\\/Juge.jpg\",\"datePublished\":\"2023-01-31T13:41:39+00:00\",\"dateModified\":\"2026-02-14T16:58:44+00:00\",\"breadcrumb\":{\"@id\":\"https:\\\/\\\/www.sk8.net\\\/wp\\\/?page_id=35566#breadcrumb\"},\"inLanguage\":\"fr-FR\",\"potentialAction\":[{\"@type\":\"ReadAction\",\"target\":[\"https:\\\/\\\/www.sk8.net\\\/wp\\\/?page_id=35566\"]}]},{\"@type\":\"ImageObject\",\"inLanguage\":\"fr-FR\",\"@id\":\"https:\\\/\\\/www.sk8.net\\\/wp\\\/?page_id=35566#primaryimage\",\"url\":\"https:\\\/\\\/www.sk8.net\\\/wp\\\/wp-content\\\/uploads\\\/2021\\\/05\\\/Juge.jpg\",\"contentUrl\":\"https:\\\/\\\/www.sk8.net\\\/wp\\\/wp-content\\\/uploads\\\/2021\\\/05\\\/Juge.jpg\",\"width\":590,\"height\":330},{\"@type\":\"BreadcrumbList\",\"@id\":\"https:\\\/\\\/www.sk8.net\\\/wp\\\/?page_id=35566#breadcrumb\",\"itemListElement\":[{\"@type\":\"ListItem\",\"position\":1,\"name\":\"REPORTS\",\"item\":\"https:\\\/\\\/www.sk8.net\\\/wp\\\/?page_id=70\"},{\"@type\":\"ListItem\",\"position\":2,\"name\":\"Championnat de France 2021_STREET-BIARRITZ\"}]},{\"@type\":\"WebSite\",\"@id\":\"https:\\\/\\\/www.sk8.net\\\/wp\\\/#website\",\"url\":\"https:\\\/\\\/www.sk8.net\\\/wp\\\/\",\"name\":\"SK8.NET\",\"description\":\"Skateboard Mag.\",\"publisher\":{\"@id\":\"https:\\\/\\\/www.sk8.net\\\/wp\\\/#organization\"},\"alternateName\":\"www.sk8.net\",\"potentialAction\":[{\"@type\":\"SearchAction\",\"target\":{\"@type\":\"EntryPoint\",\"urlTemplate\":\"https:\\\/\\\/www.sk8.net\\\/wp\\\/?s={search_term_string}\"},\"query-input\":{\"@type\":\"PropertyValueSpecification\",\"valueRequired\":true,\"valueName\":\"search_term_string\"}}],\"inLanguage\":\"fr-FR\"},{\"@type\":\"Organization\",\"@id\":\"https:\\\/\\\/www.sk8.net\\\/wp\\\/#organization\",\"name\":\"SK8.NET\",\"url\":\"https:\\\/\\\/www.sk8.net\\\/wp\\\/\",\"logo\":{\"@type\":\"ImageObject\",\"inLanguage\":\"fr-FR\",\"@id\":\"https:\\\/\\\/www.sk8.net\\\/wp\\\/#\\\/schema\\\/logo\\\/image\\\/\",\"url\":\"https:\\\/\\\/www.sk8.net\\\/wp\\\/wp-content\\\/uploads\\\/2023\\\/01\\\/Logo-SK8net_Clrs_2017.png\",\"contentUrl\":\"https:\\\/\\\/www.sk8.net\\\/wp\\\/wp-content\\\/uploads\\\/2023\\\/01\\\/Logo-SK8net_Clrs_2017.png\",\"width\":865,\"height\":250,\"caption\":\"SK8.NET\"},\"image\":{\"@id\":\"https:\\\/\\\/www.sk8.net\\\/wp\\\/#\\\/schema\\\/logo\\\/image\\\/\"},\"sameAs\":[\"https:\\\/\\\/www.facebook.com\\\/sk8pointnet\\\/\",\"https:\\\/\\\/x.com\\\/sk8net\",\"https:\\\/\\\/www.instagram.com\\\/sk8pointnet\\\/\",\"https:\\\/\\\/www.linkedin.com\\\/in\\\/sk8-net-030404a9\\\/\"]}]}<\/script>\n<!-- \/ Yoast SEO plugin. -->","yoast_head_json":{"title":"Championnat de France 2021_STREET-BIARRITZ - SK8.NET","robots":{"index":"index","follow":"follow","max-snippet":"max-snippet:-1","max-image-preview":"max-image-preview:large","max-video-preview":"max-video-preview:-1"},"canonical":"https:\/\/www.sk8.net\/wp\/?page_id=35566","og_locale":"fr_FR","og_type":"article","og_title":"Championnat de France 2021_STREET-BIARRITZ - SK8.NET","og_description":"M\u00eame punition que la semaine pr\u00e9c\u00e9dente sur l&rsquo;\u00e9preuve de park, le&nbsp;championnat de France Street 2021&nbsp;n&rsquo;a pu se tenir qu&rsquo;\u00e0&nbsp;huis-clos&nbsp;et n&rsquo;\u00e9tait","og_url":"https:\/\/www.sk8.net\/wp\/?page_id=35566","og_site_name":"SK8.NET","article_publisher":"https:\/\/www.facebook.com\/sk8pointnet\/","article_modified_time":"2026-02-14T16:58:44+00:00","og_image":[{"width":590,"height":330,"url":"https:\/\/www.sk8.net\/wp\/wp-content\/uploads\/2021\/05\/Juge.jpg","type":"image\/jpeg"}],"twitter_card":"summary_large_image","twitter_image":"https:\/\/www.sk8.net\/wp\/wp-content\/uploads\/2021\/05\/Juge.jpg","twitter_site":"@sk8net","twitter_misc":{"Dur\u00e9e de lecture estim\u00e9e":"6 minutes"},"schema":{"@context":"https:\/\/schema.org","@graph":[{"@type":"WebPage","@id":"https:\/\/www.sk8.net\/wp\/?page_id=35566","url":"https:\/\/www.sk8.net\/wp\/?page_id=35566","name":"Championnat de France 2021_STREET-BIARRITZ - SK8.NET","isPartOf":{"@id":"https:\/\/www.sk8.net\/wp\/#website"},"primaryImageOfPage":{"@id":"https:\/\/www.sk8.net\/wp\/?page_id=35566#primaryimage"},"image":{"@id":"https:\/\/www.sk8.net\/wp\/?page_id=35566#primaryimage"},"thumbnailUrl":"https:\/\/www.sk8.net\/wp\/wp-content\/uploads\/2021\/05\/Juge.jpg","datePublished":"2023-01-31T13:41:39+00:00","dateModified":"2026-02-14T16:58:44+00:00","breadcrumb":{"@id":"https:\/\/www.sk8.net\/wp\/?page_id=35566#breadcrumb"},"inLanguage":"fr-FR","potentialAction":[{"@type":"ReadAction","target":["https:\/\/www.sk8.net\/wp\/?page_id=35566"]}]},{"@type":"ImageObject","inLanguage":"fr-FR","@id":"https:\/\/www.sk8.net\/wp\/?page_id=35566#primaryimage","url":"https:\/\/www.sk8.net\/wp\/wp-content\/uploads\/2021\/05\/Juge.jpg","contentUrl":"https:\/\/www.sk8.net\/wp\/wp-content\/uploads\/2021\/05\/Juge.jpg","width":590,"height":330},{"@type":"BreadcrumbList","@id":"https:\/\/www.sk8.net\/wp\/?page_id=35566#breadcrumb","itemListElement":[{"@type":"ListItem","position":1,"name":"REPORTS","item":"https:\/\/www.sk8.net\/wp\/?page_id=70"},{"@type":"ListItem","position":2,"name":"Championnat de France 2021_STREET-BIARRITZ"}]},{"@type":"WebSite","@id":"https:\/\/www.sk8.net\/wp\/#website","url":"https:\/\/www.sk8.net\/wp\/","name":"SK8.NET","description":"Skateboard Mag.","publisher":{"@id":"https:\/\/www.sk8.net\/wp\/#organization"},"alternateName":"www.sk8.net","potentialAction":[{"@type":"SearchAction","target":{"@type":"EntryPoint","urlTemplate":"https:\/\/www.sk8.net\/wp\/?s={search_term_string}"},"query-input":{"@type":"PropertyValueSpecification","valueRequired":true,"valueName":"search_term_string"}}],"inLanguage":"fr-FR"},{"@type":"Organization","@id":"https:\/\/www.sk8.net\/wp\/#organization","name":"SK8.NET","url":"https:\/\/www.sk8.net\/wp\/","logo":{"@type":"ImageObject","inLanguage":"fr-FR","@id":"https:\/\/www.sk8.net\/wp\/#\/schema\/logo\/image\/","url":"https:\/\/www.sk8.net\/wp\/wp-content\/uploads\/2023\/01\/Logo-SK8net_Clrs_2017.png","contentUrl":"https:\/\/www.sk8.net\/wp\/wp-content\/uploads\/2023\/01\/Logo-SK8net_Clrs_2017.png","width":865,"height":250,"caption":"SK8.NET"},"image":{"@id":"https:\/\/www.sk8.net\/wp\/#\/schema\/logo\/image\/"},"sameAs":["https:\/\/www.facebook.com\/sk8pointnet\/","https:\/\/x.com\/sk8net","https:\/\/www.instagram.com\/sk8pointnet\/","https:\/\/www.linkedin.com\/in\/sk8-net-030404a9\/"]}]}},"amp_enabled":true,"_links":{"self":[{"href":"https:\/\/www.sk8.net\/wp\/index.php?rest_route=\/wp\/v2\/pages\/35566","targetHints":{"allow":["GET"]}}],"collection":[{"href":"https:\/\/www.sk8.net\/wp\/index.php?rest_route=\/wp\/v2\/pages"}],"about":[{"href":"https:\/\/www.sk8.net\/wp\/index.php?rest_route=\/wp\/v2\/types\/page"}],"author":[{"embeddable":true,"href":"https:\/\/www.sk8.net\/wp\/index.php?rest_route=\/wp\/v2\/users\/2"}],"replies":[{"embeddable":true,"href":"https:\/\/www.sk8.net\/wp\/index.php?rest_route=%2Fwp%2Fv2%2Fcomments&post=35566"}],"version-history":[{"count":0,"href":"https:\/\/www.sk8.net\/wp\/index.php?rest_route=\/wp\/v2\/pages\/35566\/revisions"}],"up":[{"embeddable":true,"href":"https:\/\/www.sk8.net\/wp\/index.php?rest_route=\/wp\/v2\/pages\/70"}],"wp:featuredmedia":[{"embeddable":true,"href":"https:\/\/www.sk8.net\/wp\/index.php?rest_route=\/wp\/v2\/media\/28005"}],"wp:attachment":[{"href":"https:\/\/www.sk8.net\/wp\/index.php?rest_route=%2Fwp%2Fv2%2Fmedia&parent=35566"}],"curies":[{"name":"wp","href":"https:\/\/api.w.org\/{rel}","templated":true}]}}