{"id":34683,"date":"2022-09-04T13:16:39","date_gmt":"2022-09-04T11:16:39","guid":{"rendered":"https:\/\/www.sk8.net\/wp\/?page_id=34683"},"modified":"2026-02-14T17:52:13","modified_gmt":"2026-02-14T16:52:13","slug":"cdf_street_hyeres-83","status":"publish","type":"page","link":"https:\/\/www.sk8.net\/wp\/?page_id=34683","title":{"rendered":"CDF_STREET_HYERES (83)"},"content":{"rendered":"\n<h6 class=\"wp-block-heading\">Direction la c\u00f4te d&rsquo;azur en cette fin ao\u00fbt pour l&rsquo;\u00e9preuve de street du Championnat de France de Skateboard, Hy\u00e8res et son asso Bump\/SK8 Unity ont vu d\u00e9barquer une tout autre vari\u00e9t\u00e9 de touristes que le flot habituel de familles venues se pr\u00e9lasser autour de la grande bleue !<\/h6>\n\n\n\n<figure class=\"wp-block-image aligncenter size-full\"><img loading=\"lazy\" decoding=\"async\" width=\"900\" height=\"512\" sizes=\"auto, (max-width: 900px) 100vw, 900px\" src=\"https:\/\/www.sk8.net\/wp\/wp-content\/uploads\/2022\/09\/hyeres_000.jpg\" alt=\"\" class=\"wp-image-34740\" srcset=\"https:\/\/www.sk8.net\/wp\/wp-content\/uploads\/2022\/09\/hyeres_000.jpg 900w, https:\/\/www.sk8.net\/wp\/wp-content\/uploads\/2022\/09\/hyeres_000-590x336.jpg 590w, https:\/\/www.sk8.net\/wp\/wp-content\/uploads\/2022\/09\/hyeres_000-768x437.jpg 768w\" \/><\/figure>\n\n\n\n<p>Un peu plus de 100 riders se sont retrouv\u00e9s sous un soleil de plomb dans la ville aux palmiers, avec comme terrain de jeu le skatepark historique fra\u00eechement r\u00e9nov\u00e9, qui a produit de nombreux talents de la sc\u00e8ne skate fran\u00e7aise au fil des ans !<br \/>On peut dire que la rel\u00e8ve est assur\u00e9e tant chez les filles que les gar\u00e7ons dans les cat\u00e9gories moins de 16 ans,&nbsp;<strong>Lucie Schoonheere<\/strong>&nbsp;et&nbsp;<strong>Cerise Michaud<\/strong>&nbsp;se sont rendues coup pour coup dans finale (format olympique 2-5-3), mais le boardslide sur le long rail jetant dans le plan inclin\u00e9 a clos les d\u00e9bats en assurant une victoire sur le fil \u00e0 Lucie alors que Cerise n&rsquo;est pas parvenue \u00e0 poser son boardslide sur le rail le long des 7 marches.&nbsp;<strong>Uma Schevenels<\/strong>&nbsp;en embuscade, compl\u00e8te le podium avec des runs et des tricks cr\u00e9atifs bien ma\u00eetris\u00e9s.<\/p>\n\n\n\n<div class=\"wp-block-media-text has-media-on-the-right\" style=\"grid-template-columns:auto 33%\"><div class=\"wp-block-media-text__content\">\n<p><em>R\u00e9sultats Filles U16:<\/em><br \/>1- Lucie Schoonheere &#8211; 96.83pts &#8211; Tribe Skate Club<br \/>2- Cerise Michaud &#8211; 79.50pts &#8211; Annecy Board Club<br \/>3- Uma Schevenels &#8211; 69 pts &#8211; Lassosala\u00ef&nbsp;<br \/>4- El\u00e9onore Dantin &#8211; 67.04pts &#8211; Skate Club Calais<br \/>5- Agathe Gillet &#8211; 63.24pts &#8211; Tribe Skate Club<br \/>6- Aubane Rituper &#8211; 57.97pts &#8211; Aix roll &amp; Ride<br \/>7- Diane Lamy &#8211; 49pts &#8211; Asphalte<br \/>8- Sarah Galy &#8211; 29pts &#8211; Copain Coping<\/p>\n<\/div><figure class=\"wp-block-media-text__media\"><img loading=\"lazy\" decoding=\"async\" width=\"700\" height=\"700\" src=\"https:\/\/www.sk8.net\/wp\/wp-content\/uploads\/2022\/09\/hyeres_02.jpg\" alt=\"\" class=\"wp-image-34675 size-full\" srcset=\"https:\/\/www.sk8.net\/wp\/wp-content\/uploads\/2022\/09\/hyeres_02.jpg 700w, https:\/\/www.sk8.net\/wp\/wp-content\/uploads\/2022\/09\/hyeres_02-590x590.jpg 590w, https:\/\/www.sk8.net\/wp\/wp-content\/uploads\/2022\/09\/hyeres_02-150x150.jpg 150w\" sizes=\"auto, (max-width: 700px) 100vw, 700px\" \/><\/figure><\/div>\n\n\n\n<figure class=\"wp-block-image aligncenter size-full is-resized\"><img loading=\"lazy\" decoding=\"async\" width=\"800\" height=\"455\" sizes=\"auto, (max-width: 800px) 100vw, 800px\" src=\"https:\/\/www.sk8.net\/wp\/wp-content\/uploads\/2022\/09\/hyeres_0000.jpg\" alt=\"\" class=\"wp-image-34744\" style=\"width:900px\" srcset=\"https:\/\/www.sk8.net\/wp\/wp-content\/uploads\/2022\/09\/hyeres_0000.jpg 800w, https:\/\/www.sk8.net\/wp\/wp-content\/uploads\/2022\/09\/hyeres_0000-590x336.jpg 590w, https:\/\/www.sk8.net\/wp\/wp-content\/uploads\/2022\/09\/hyeres_0000-768x437.jpg 768w\" \/><\/figure>\n\n\n\n<p>Dans la m\u00eame cat\u00e9gorie d&rsquo;\u00e2ge mais chez les gar\u00e7ons, c&rsquo;est&nbsp;<strong>Liam Le Franc<\/strong>&nbsp;qui a \u00e9cras\u00e9 la concurrence avec un total \u00e0 plus de 120 pts, ses runs m\u00ealant technique et engagement le tout avec une ex\u00e9cution quasi parfaite lui ont permit de lancer sa finale de la meilleure des mani\u00e8res, son fs boardslide flip out parfait a mis fin au suspens quant \u00e0 savoir qui serait&nbsp;<strong>champion de France 2022<\/strong>. Tir group\u00e9 derri\u00e8re avec&nbsp;<strong>Nathana\u00ebl Zinck Di Nardo<\/strong>,<strong>&nbsp;Axel Van Cuyck<\/strong>&nbsp;et&nbsp;<strong>Cl\u00e9ment Huret<\/strong>&nbsp;qui se classent respectivement&nbsp;<strong>2, 3 et 4eme<\/strong>.<\/p>\n\n\n\n<div class=\"wp-block-media-text has-media-on-the-right is-stacked-on-mobile\" style=\"grid-template-columns:auto 40%\"><div class=\"wp-block-media-text__content\">\n<p><em>R\u00e9sultats Gar\u00e7ons U16:<\/em><br \/>1- Liam Le Franc &#8211; 121.30pts &#8211; Lassosala\u00ef<br \/>2- Nathana\u00ebl Zinck Di Nardo &#8211; 78.90pts &#8211; ADRSB Lyon<br \/>3- Axel Van Cuyck &#8211; 76.96pts &#8211; Asso Board&rsquo;o<br \/>4- Cl\u00e9ment Huret &#8211; 73.83pts &#8211; Skate Club Calais<br \/>5- Louis Nuvoli &#8211; 69.50pts &#8211; Canaille Skate Club<br \/>6- Augustin D\u00e9sir\u00e9 &#8211; 68.70pts &#8211; Annecy Board Club<br \/>7- No\u00e9 Montagard &#8211; 63.23pts &#8211; ASVM<br \/>8- Camille Surget &#8211; 51.77pts &#8211; Snam &amp; Co<br \/>9- Noah Gouveia &#8211; 32.70pts &#8211; Santocha Skate Club<\/p>\n<\/div><figure class=\"wp-block-media-text__media\"><img loading=\"lazy\" decoding=\"async\" width=\"700\" height=\"700\" src=\"https:\/\/www.sk8.net\/wp\/wp-content\/uploads\/2022\/09\/hyeres_04.jpg\" alt=\"\" class=\"wp-image-34682 size-full\" srcset=\"https:\/\/www.sk8.net\/wp\/wp-content\/uploads\/2022\/09\/hyeres_04.jpg 700w, https:\/\/www.sk8.net\/wp\/wp-content\/uploads\/2022\/09\/hyeres_04-590x590.jpg 590w, https:\/\/www.sk8.net\/wp\/wp-content\/uploads\/2022\/09\/hyeres_04-150x150.jpg 150w\" sizes=\"auto, (max-width: 700px) 100vw, 700px\" \/><\/figure><\/div>\n\n\n\n<figure class=\"wp-block-image aligncenter size-full is-resized\"><img loading=\"lazy\" decoding=\"async\" width=\"900\" height=\"600\" sizes=\"auto, (max-width: 900px) 100vw, 900px\" src=\"https:\/\/www.sk8.net\/wp\/wp-content\/uploads\/2022\/09\/hyeres_05.jpg\" alt=\"\" class=\"wp-image-34684\" style=\"width:900px\" srcset=\"https:\/\/www.sk8.net\/wp\/wp-content\/uploads\/2022\/09\/hyeres_05.jpg 900w, https:\/\/www.sk8.net\/wp\/wp-content\/uploads\/2022\/09\/hyeres_05-590x393.jpg 590w, https:\/\/www.sk8.net\/wp\/wp-content\/uploads\/2022\/09\/hyeres_05-768x512.jpg 768w\" \/><\/figure>\n\n\n\n<p>Il aura fallu attendre la toute derni\u00e8re tentative dans la phase des &lsquo;<strong>single tricks<\/strong>&lsquo; pour voir&nbsp;<strong>Charlotte Hym<\/strong>&nbsp;s&rsquo;adjuger son&nbsp;<strong>5e titre de championne de France<\/strong>, en effet, malgr\u00e9 une blessure au genou (rupture capsule articulaire),&nbsp;<strong>J\u00e9romine Louvet<\/strong>&nbsp;n&rsquo;a rien l\u00e2ch\u00e9 et a donn\u00e9 du fil \u00e0 retordre \u00e0 Charlotte, avec un run solide (26.33pts) et 2 tricks costauds (feeble grind &#8211; 26.5pts &#8211; sur le rail et fifty flip out &#8211; 23.83pts &#8211; sur le bump to ledge) pour compl\u00e9ter son score, elle a mis une grosse pression tout au long de la finale. Charlotte, apr\u00e8s 3 tentatives de tricks manqu\u00e9es, n&rsquo;a pas trembl\u00e9 sur son ultime essai de boardslide sur le long rail avec r\u00e9ception dans un plan inclin\u00e9, not\u00e9 32pts elle d\u00e9croche la victoire au bout du suspens. La rideuse de Guidel,&nbsp;<strong>Sissy Dr\u00e9goire-Perron<\/strong>&nbsp;compl\u00e8te le podium gr\u00e2ce \u00e0 un bon run (26pts), peut-\u00eatre serait-elle mont\u00e9e sur une autre marche si son nollie bigspin sur le gap \u00e9tait pass\u00e9 ?<\/p>\n\n\n\n<div class=\"wp-block-media-text has-media-on-the-right is-stacked-on-mobile\" style=\"grid-template-columns:auto 37%\"><div class=\"wp-block-media-text__content\">\n<p><em>R\u00e9sultats Femmes +16:<\/em><br \/>1- Charlotte Hym &#8211; 90.50pts &#8211; Tribe Skate Club<br \/>2- J\u00e9romine Louvet &#8211; 76.66pts &#8211; Copain Coping<br \/>3- Sissy&nbsp;&nbsp;Dr\u00e9goire-Perron &#8211; 62.87pts &#8211; WSA<br \/>4- Izaidi Cabra de Pina &#8211; 55.37pts &#8211; Amour Skate Club<br \/>5- Olivia Couturier &#8211; 39.84pts &#8211; ADRSB Lyon<br \/>6- Esther Gros &#8211; 22.00pts &#8211; Oldskullz<br \/>7- Elina Marcilly &#8211; 21.50pts &#8211; Colossal Skateboarding Association<br \/>8- Lena Arokissamy &#8211; 14.47pts &#8211; Copain Coping<\/p>\n\n\n\n<h6 class=\"wp-block-heading\"><a href=\"https:\/\/www.sk8.net\/wp\/reports\/suitecdf_street_hyeres-83\/\">&gt;&gt; SUITE<\/a><\/h6>\n<\/div><figure class=\"wp-block-media-text__media\"><img loading=\"lazy\" decoding=\"async\" width=\"700\" height=\"700\" src=\"https:\/\/www.sk8.net\/wp\/wp-content\/uploads\/2022\/09\/hyeres-07.jpg\" alt=\"\" class=\"wp-image-34693 size-full\" srcset=\"https:\/\/www.sk8.net\/wp\/wp-content\/uploads\/2022\/09\/hyeres-07.jpg 700w, https:\/\/www.sk8.net\/wp\/wp-content\/uploads\/2022\/09\/hyeres-07-590x590.jpg 590w, https:\/\/www.sk8.net\/wp\/wp-content\/uploads\/2022\/09\/hyeres-07-150x150.jpg 150w\" sizes=\"auto, (max-width: 700px) 100vw, 700px\" \/><\/figure><\/div>\n","protected":false},"excerpt":{"rendered":"<p>Direction la c\u00f4te d&rsquo;azur en cette fin ao\u00fbt pour l&rsquo;\u00e9preuve de street du Championnat de France de Skateboard, Hy\u00e8res et<\/p>\n","protected":false},"author":2,"featured_media":0,"parent":70,"menu_order":0,"comment_status":"closed","ping_status":"closed","template":"","meta":{"colormag_page_container_layout":"default_layout","colormag_page_sidebar_layout":"default_layout","footnotes":""},"class_list":["post-34683","page","type-page","status-publish","hentry"],"yoast_head":"<!-- This site is optimized with the Yoast SEO plugin v27.4 - https:\/\/yoast.com\/product\/yoast-seo-wordpress\/ -->\n<title>CDF_STREET_HYERES (83) - SK8.NET<\/title>\n<meta name=\"robots\" content=\"index, follow, max-snippet:-1, max-image-preview:large, max-video-preview:-1\" \/>\n<link rel=\"canonical\" href=\"https:\/\/www.sk8.net\/wp\/?page_id=34683\" \/>\n<meta property=\"og:locale\" content=\"fr_FR\" \/>\n<meta property=\"og:type\" content=\"article\" \/>\n<meta property=\"og:title\" content=\"CDF_STREET_HYERES (83) - SK8.NET\" \/>\n<meta property=\"og:description\" content=\"Direction la c\u00f4te d&rsquo;azur en cette fin ao\u00fbt pour l&rsquo;\u00e9preuve de street du Championnat de France de Skateboard, Hy\u00e8res et\" \/>\n<meta property=\"og:url\" content=\"https:\/\/www.sk8.net\/wp\/?page_id=34683\" \/>\n<meta property=\"og:site_name\" content=\"SK8.NET\" \/>\n<meta property=\"article:publisher\" content=\"https:\/\/www.facebook.com\/sk8pointnet\/\" \/>\n<meta property=\"article:modified_time\" content=\"2026-02-14T16:52:13+00:00\" \/>\n<meta property=\"og:image\" content=\"https:\/\/www.sk8.net\/wp\/wp-content\/uploads\/2022\/09\/hyeres-010.jpg\" \/>\n\t<meta property=\"og:image:width\" content=\"800\" \/>\n\t<meta property=\"og:image:height\" content=\"455\" \/>\n\t<meta property=\"og:image:type\" content=\"image\/jpeg\" \/>\n<meta name=\"twitter:card\" content=\"summary_large_image\" \/>\n<meta name=\"twitter:image\" content=\"https:\/\/www.sk8.net\/wp\/wp-content\/uploads\/2022\/09\/hyeres-010.jpg\" \/>\n<meta name=\"twitter:site\" content=\"@sk8net\" \/>\n<meta name=\"twitter:label1\" content=\"Dur\u00e9e de lecture estim\u00e9e\" \/>\n\t<meta name=\"twitter:data1\" content=\"5 minutes\" \/>\n<script type=\"application\/ld+json\" class=\"yoast-schema-graph\">{\"@context\":\"https:\\\/\\\/schema.org\",\"@graph\":[{\"@type\":\"WebPage\",\"@id\":\"https:\\\/\\\/www.sk8.net\\\/wp\\\/?page_id=34683\",\"url\":\"https:\\\/\\\/www.sk8.net\\\/wp\\\/?page_id=34683\",\"name\":\"CDF_STREET_HYERES (83) - SK8.NET\",\"isPartOf\":{\"@id\":\"https:\\\/\\\/www.sk8.net\\\/wp\\\/#website\"},\"primaryImageOfPage\":{\"@id\":\"https:\\\/\\\/www.sk8.net\\\/wp\\\/?page_id=34683#primaryimage\"},\"image\":{\"@id\":\"https:\\\/\\\/www.sk8.net\\\/wp\\\/?page_id=34683#primaryimage\"},\"thumbnailUrl\":\"https:\\\/\\\/www.sk8.net\\\/wp\\\/wp-content\\\/uploads\\\/2022\\\/09\\\/hyeres_000.jpg\",\"datePublished\":\"2022-09-04T11:16:39+00:00\",\"dateModified\":\"2026-02-14T16:52:13+00:00\",\"breadcrumb\":{\"@id\":\"https:\\\/\\\/www.sk8.net\\\/wp\\\/?page_id=34683#breadcrumb\"},\"inLanguage\":\"fr-FR\",\"potentialAction\":[{\"@type\":\"ReadAction\",\"target\":[\"https:\\\/\\\/www.sk8.net\\\/wp\\\/?page_id=34683\"]}]},{\"@type\":\"ImageObject\",\"inLanguage\":\"fr-FR\",\"@id\":\"https:\\\/\\\/www.sk8.net\\\/wp\\\/?page_id=34683#primaryimage\",\"url\":\"https:\\\/\\\/www.sk8.net\\\/wp\\\/wp-content\\\/uploads\\\/2022\\\/09\\\/hyeres_000.jpg\",\"contentUrl\":\"https:\\\/\\\/www.sk8.net\\\/wp\\\/wp-content\\\/uploads\\\/2022\\\/09\\\/hyeres_000.jpg\",\"width\":900,\"height\":512},{\"@type\":\"BreadcrumbList\",\"@id\":\"https:\\\/\\\/www.sk8.net\\\/wp\\\/?page_id=34683#breadcrumb\",\"itemListElement\":[{\"@type\":\"ListItem\",\"position\":1,\"name\":\"REPORTS\",\"item\":\"https:\\\/\\\/www.sk8.net\\\/wp\\\/?page_id=70\"},{\"@type\":\"ListItem\",\"position\":2,\"name\":\"CDF_STREET_HYERES (83)\"}]},{\"@type\":\"WebSite\",\"@id\":\"https:\\\/\\\/www.sk8.net\\\/wp\\\/#website\",\"url\":\"https:\\\/\\\/www.sk8.net\\\/wp\\\/\",\"name\":\"SK8.NET\",\"description\":\"Skateboard Mag.\",\"publisher\":{\"@id\":\"https:\\\/\\\/www.sk8.net\\\/wp\\\/#organization\"},\"alternateName\":\"www.sk8.net\",\"potentialAction\":[{\"@type\":\"SearchAction\",\"target\":{\"@type\":\"EntryPoint\",\"urlTemplate\":\"https:\\\/\\\/www.sk8.net\\\/wp\\\/?s={search_term_string}\"},\"query-input\":{\"@type\":\"PropertyValueSpecification\",\"valueRequired\":true,\"valueName\":\"search_term_string\"}}],\"inLanguage\":\"fr-FR\"},{\"@type\":\"Organization\",\"@id\":\"https:\\\/\\\/www.sk8.net\\\/wp\\\/#organization\",\"name\":\"SK8.NET\",\"url\":\"https:\\\/\\\/www.sk8.net\\\/wp\\\/\",\"logo\":{\"@type\":\"ImageObject\",\"inLanguage\":\"fr-FR\",\"@id\":\"https:\\\/\\\/www.sk8.net\\\/wp\\\/#\\\/schema\\\/logo\\\/image\\\/\",\"url\":\"https:\\\/\\\/www.sk8.net\\\/wp\\\/wp-content\\\/uploads\\\/2023\\\/01\\\/Logo-SK8net_Clrs_2017.png\",\"contentUrl\":\"https:\\\/\\\/www.sk8.net\\\/wp\\\/wp-content\\\/uploads\\\/2023\\\/01\\\/Logo-SK8net_Clrs_2017.png\",\"width\":865,\"height\":250,\"caption\":\"SK8.NET\"},\"image\":{\"@id\":\"https:\\\/\\\/www.sk8.net\\\/wp\\\/#\\\/schema\\\/logo\\\/image\\\/\"},\"sameAs\":[\"https:\\\/\\\/www.facebook.com\\\/sk8pointnet\\\/\",\"https:\\\/\\\/x.com\\\/sk8net\",\"https:\\\/\\\/www.instagram.com\\\/sk8pointnet\\\/\",\"https:\\\/\\\/www.linkedin.com\\\/in\\\/sk8-net-030404a9\\\/\"]}]}<\/script>\n<!-- \/ Yoast SEO plugin. -->","yoast_head_json":{"title":"CDF_STREET_HYERES (83) - SK8.NET","robots":{"index":"index","follow":"follow","max-snippet":"max-snippet:-1","max-image-preview":"max-image-preview:large","max-video-preview":"max-video-preview:-1"},"canonical":"https:\/\/www.sk8.net\/wp\/?page_id=34683","og_locale":"fr_FR","og_type":"article","og_title":"CDF_STREET_HYERES (83) - SK8.NET","og_description":"Direction la c\u00f4te d&rsquo;azur en cette fin ao\u00fbt pour l&rsquo;\u00e9preuve de street du Championnat de France de Skateboard, Hy\u00e8res et","og_url":"https:\/\/www.sk8.net\/wp\/?page_id=34683","og_site_name":"SK8.NET","article_publisher":"https:\/\/www.facebook.com\/sk8pointnet\/","article_modified_time":"2026-02-14T16:52:13+00:00","og_image":[{"width":800,"height":455,"url":"https:\/\/www.sk8.net\/wp\/wp-content\/uploads\/2022\/09\/hyeres-010.jpg","type":"image\/jpeg"}],"twitter_card":"summary_large_image","twitter_image":"https:\/\/www.sk8.net\/wp\/wp-content\/uploads\/2022\/09\/hyeres-010.jpg","twitter_site":"@sk8net","twitter_misc":{"Dur\u00e9e de lecture estim\u00e9e":"5 minutes"},"schema":{"@context":"https:\/\/schema.org","@graph":[{"@type":"WebPage","@id":"https:\/\/www.sk8.net\/wp\/?page_id=34683","url":"https:\/\/www.sk8.net\/wp\/?page_id=34683","name":"CDF_STREET_HYERES (83) - SK8.NET","isPartOf":{"@id":"https:\/\/www.sk8.net\/wp\/#website"},"primaryImageOfPage":{"@id":"https:\/\/www.sk8.net\/wp\/?page_id=34683#primaryimage"},"image":{"@id":"https:\/\/www.sk8.net\/wp\/?page_id=34683#primaryimage"},"thumbnailUrl":"https:\/\/www.sk8.net\/wp\/wp-content\/uploads\/2022\/09\/hyeres_000.jpg","datePublished":"2022-09-04T11:16:39+00:00","dateModified":"2026-02-14T16:52:13+00:00","breadcrumb":{"@id":"https:\/\/www.sk8.net\/wp\/?page_id=34683#breadcrumb"},"inLanguage":"fr-FR","potentialAction":[{"@type":"ReadAction","target":["https:\/\/www.sk8.net\/wp\/?page_id=34683"]}]},{"@type":"ImageObject","inLanguage":"fr-FR","@id":"https:\/\/www.sk8.net\/wp\/?page_id=34683#primaryimage","url":"https:\/\/www.sk8.net\/wp\/wp-content\/uploads\/2022\/09\/hyeres_000.jpg","contentUrl":"https:\/\/www.sk8.net\/wp\/wp-content\/uploads\/2022\/09\/hyeres_000.jpg","width":900,"height":512},{"@type":"BreadcrumbList","@id":"https:\/\/www.sk8.net\/wp\/?page_id=34683#breadcrumb","itemListElement":[{"@type":"ListItem","position":1,"name":"REPORTS","item":"https:\/\/www.sk8.net\/wp\/?page_id=70"},{"@type":"ListItem","position":2,"name":"CDF_STREET_HYERES (83)"}]},{"@type":"WebSite","@id":"https:\/\/www.sk8.net\/wp\/#website","url":"https:\/\/www.sk8.net\/wp\/","name":"SK8.NET","description":"Skateboard Mag.","publisher":{"@id":"https:\/\/www.sk8.net\/wp\/#organization"},"alternateName":"www.sk8.net","potentialAction":[{"@type":"SearchAction","target":{"@type":"EntryPoint","urlTemplate":"https:\/\/www.sk8.net\/wp\/?s={search_term_string}"},"query-input":{"@type":"PropertyValueSpecification","valueRequired":true,"valueName":"search_term_string"}}],"inLanguage":"fr-FR"},{"@type":"Organization","@id":"https:\/\/www.sk8.net\/wp\/#organization","name":"SK8.NET","url":"https:\/\/www.sk8.net\/wp\/","logo":{"@type":"ImageObject","inLanguage":"fr-FR","@id":"https:\/\/www.sk8.net\/wp\/#\/schema\/logo\/image\/","url":"https:\/\/www.sk8.net\/wp\/wp-content\/uploads\/2023\/01\/Logo-SK8net_Clrs_2017.png","contentUrl":"https:\/\/www.sk8.net\/wp\/wp-content\/uploads\/2023\/01\/Logo-SK8net_Clrs_2017.png","width":865,"height":250,"caption":"SK8.NET"},"image":{"@id":"https:\/\/www.sk8.net\/wp\/#\/schema\/logo\/image\/"},"sameAs":["https:\/\/www.facebook.com\/sk8pointnet\/","https:\/\/x.com\/sk8net","https:\/\/www.instagram.com\/sk8pointnet\/","https:\/\/www.linkedin.com\/in\/sk8-net-030404a9\/"]}]}},"amp_enabled":true,"_links":{"self":[{"href":"https:\/\/www.sk8.net\/wp\/index.php?rest_route=\/wp\/v2\/pages\/34683","targetHints":{"allow":["GET"]}}],"collection":[{"href":"https:\/\/www.sk8.net\/wp\/index.php?rest_route=\/wp\/v2\/pages"}],"about":[{"href":"https:\/\/www.sk8.net\/wp\/index.php?rest_route=\/wp\/v2\/types\/page"}],"author":[{"embeddable":true,"href":"https:\/\/www.sk8.net\/wp\/index.php?rest_route=\/wp\/v2\/users\/2"}],"replies":[{"embeddable":true,"href":"https:\/\/www.sk8.net\/wp\/index.php?rest_route=%2Fwp%2Fv2%2Fcomments&post=34683"}],"version-history":[{"count":0,"href":"https:\/\/www.sk8.net\/wp\/index.php?rest_route=\/wp\/v2\/pages\/34683\/revisions"}],"up":[{"embeddable":true,"href":"https:\/\/www.sk8.net\/wp\/index.php?rest_route=\/wp\/v2\/pages\/70"}],"wp:attachment":[{"href":"https:\/\/www.sk8.net\/wp\/index.php?rest_route=%2Fwp%2Fv2%2Fmedia&parent=34683"}],"curies":[{"name":"wp","href":"https:\/\/api.w.org\/{rel}","templated":true}]}}