{"id":29055,"date":"2021-11-12T12:47:36","date_gmt":"2021-11-12T11:47:36","guid":{"rendered":"https:\/\/www.sk8.net\/wp\/?page_id=29055"},"modified":"2026-02-14T16:30:35","modified_gmt":"2026-02-14T15:30:35","slug":"barcares-66","status":"publish","type":"page","link":"https:\/\/www.sk8.net\/wp\/?page_id=29055","title":{"rendered":"BARCAR\u00c8S (66)"},"content":{"rendered":"\n<figure class=\"wp-block-image aligncenter size-large is-resized\"><img loading=\"lazy\" decoding=\"async\" width=\"590\" height=\"300\" src=\"https:\/\/www.sk8.net\/wp\/wp-content\/uploads\/2021\/11\/Skatepark_590x300.jpg\" alt=\"\" class=\"wp-image-29056\" style=\"width:900px\" srcset=\"https:\/\/www.sk8.net\/wp\/wp-content\/uploads\/2021\/11\/Skatepark_590x300.jpg 590w, https:\/\/www.sk8.net\/wp\/wp-content\/uploads\/2021\/11\/Skatepark_590x300-300x153.jpg 300w\" sizes=\"auto, (max-width: 590px) 100vw, 590px\" \/><\/figure>\n\n\n\n<p>Shaka Park<br \/>501F Rue Alain Colas &#8211; 66420 Le Barcar\u00e8s<br \/>En ext\u00e9rieur un Pump Trak, une aire de street et en indoor un skatepark<br \/><strong><a href=\"https:\/\/www.lebarcares.fr\/activites-et-loisirs\/complexe-de-glisse-urbaine\/\" target=\"_blank\" rel=\"noreferrer noopener\">www.lebarcares.fr\/activites-et-loisirs\/complexe-de-glisse-urbaine<\/a> &#8211; <a href=\"https:\/\/www.facebook.com\/profile.php?id=100075961572535\" target=\"_blank\" rel=\"noreferrer noopener\">www.facebook.com\/profile<\/a><\/strong><\/p>\n\n\n\n<iframe loading=\"lazy\" src=\"https:\/\/www.google.com\/maps\/d\/u\/1\/embed?mid=1Jas7M-UOjgX0BORVErAbpaax4bql81Ls\" width=\"900\" height=\"480\"><\/iframe>\n\n\n\n<iframe src=\"https:\/\/www.google.com\/maps\/embed?pb=!4v1636720327023!6m8!1m7!1sCAoSLEFGMVFpcE4zSmpmR1ZWeU50cGpaOVhwYkNLQzdyNmFHSWJpaGdWT29JenRt!2m2!1d42.79803498332972!2d3.029525578022003!3f359!4f0!5f0.7820865974627469\" width=\"900\" height=\"450\" style=\"border:0;\" allowfullscreen=\"\" loading=\"lazy\"><\/iframe>\n\n\n\n<div class=\"wp-block-dgwt-justified-gallery\"><div id='gallery-1' class='gallery galleryid-29055 gallery-columns-3 gallery-size-colormag-featured-image'><figure class='gallery-item'>\n\t\t\t<div class='gallery-icon landscape'>\n\t\t\t\t<a href='https:\/\/www.sk8.net\/wp\/?attachment_id=29066'><img loading=\"lazy\" decoding=\"async\" width=\"590\" height=\"443\" src=\"https:\/\/www.sk8.net\/wp\/wp-content\/uploads\/2021\/11\/2021-10-24-16.14.34_590.jpg\" class=\"attachment-colormag-featured-image size-colormag-featured-image\" alt=\"\" srcset=\"https:\/\/www.sk8.net\/wp\/wp-content\/uploads\/2021\/11\/2021-10-24-16.14.34_590.jpg 590w, https:\/\/www.sk8.net\/wp\/wp-content\/uploads\/2021\/11\/2021-10-24-16.14.34_590-300x225.jpg 300w\" sizes=\"auto, (max-width: 590px) 100vw, 590px\" \/><\/a>\n\t\t\t<\/div><\/figure><figure class='gallery-item'>\n\t\t\t<div class='gallery-icon landscape'>\n\t\t\t\t<a href='https:\/\/www.sk8.net\/wp\/?attachment_id=29064'><img loading=\"lazy\" decoding=\"async\" width=\"590\" height=\"443\" src=\"https:\/\/www.sk8.net\/wp\/wp-content\/uploads\/2021\/11\/2021-10-24-16.14.29_590.jpg\" class=\"attachment-colormag-featured-image size-colormag-featured-image\" alt=\"\" srcset=\"https:\/\/www.sk8.net\/wp\/wp-content\/uploads\/2021\/11\/2021-10-24-16.14.29_590.jpg 590w, https:\/\/www.sk8.net\/wp\/wp-content\/uploads\/2021\/11\/2021-10-24-16.14.29_590-300x225.jpg 300w\" sizes=\"auto, (max-width: 590px) 100vw, 590px\" \/><\/a>\n\t\t\t<\/div><\/figure><figure class='gallery-item'>\n\t\t\t<div class='gallery-icon landscape'>\n\t\t\t\t<a href='https:\/\/www.sk8.net\/wp\/?attachment_id=29065'><img loading=\"lazy\" decoding=\"async\" width=\"590\" height=\"443\" src=\"https:\/\/www.sk8.net\/wp\/wp-content\/uploads\/2021\/11\/2021-10-24-16.14.32_590.jpg\" class=\"attachment-colormag-featured-image size-colormag-featured-image\" alt=\"\" srcset=\"https:\/\/www.sk8.net\/wp\/wp-content\/uploads\/2021\/11\/2021-10-24-16.14.32_590.jpg 590w, https:\/\/www.sk8.net\/wp\/wp-content\/uploads\/2021\/11\/2021-10-24-16.14.32_590-300x225.jpg 300w\" sizes=\"auto, (max-width: 590px) 100vw, 590px\" \/><\/a>\n\t\t\t<\/div><\/figure><figure class='gallery-item'>\n\t\t\t<div class='gallery-icon landscape'>\n\t\t\t\t<a href='https:\/\/www.sk8.net\/wp\/?attachment_id=29061'><img loading=\"lazy\" decoding=\"async\" width=\"590\" height=\"443\" src=\"https:\/\/www.sk8.net\/wp\/wp-content\/uploads\/2021\/11\/2021-10-24-16.11.57_590.jpg\" class=\"attachment-colormag-featured-image size-colormag-featured-image\" alt=\"\" srcset=\"https:\/\/www.sk8.net\/wp\/wp-content\/uploads\/2021\/11\/2021-10-24-16.11.57_590.jpg 590w, https:\/\/www.sk8.net\/wp\/wp-content\/uploads\/2021\/11\/2021-10-24-16.11.57_590-300x225.jpg 300w\" sizes=\"auto, (max-width: 590px) 100vw, 590px\" \/><\/a>\n\t\t\t<\/div><\/figure><figure class='gallery-item'>\n\t\t\t<div class='gallery-icon landscape'>\n\t\t\t\t<a href='https:\/\/www.sk8.net\/wp\/?attachment_id=29063'><img loading=\"lazy\" decoding=\"async\" width=\"590\" height=\"443\" src=\"https:\/\/www.sk8.net\/wp\/wp-content\/uploads\/2021\/11\/2021-10-24-16.13.12_590.jpg\" class=\"attachment-colormag-featured-image size-colormag-featured-image\" alt=\"\" srcset=\"https:\/\/www.sk8.net\/wp\/wp-content\/uploads\/2021\/11\/2021-10-24-16.13.12_590.jpg 590w, https:\/\/www.sk8.net\/wp\/wp-content\/uploads\/2021\/11\/2021-10-24-16.13.12_590-300x225.jpg 300w\" sizes=\"auto, (max-width: 590px) 100vw, 590px\" \/><\/a>\n\t\t\t<\/div><\/figure><figure class='gallery-item'>\n\t\t\t<div class='gallery-icon landscape'>\n\t\t\t\t<a href='https:\/\/www.sk8.net\/wp\/?attachment_id=29062'><img loading=\"lazy\" decoding=\"async\" width=\"590\" height=\"443\" src=\"https:\/\/www.sk8.net\/wp\/wp-content\/uploads\/2021\/11\/2021-10-24-16.12.22_590.jpg\" class=\"attachment-colormag-featured-image size-colormag-featured-image\" alt=\"\" srcset=\"https:\/\/www.sk8.net\/wp\/wp-content\/uploads\/2021\/11\/2021-10-24-16.12.22_590.jpg 590w, https:\/\/www.sk8.net\/wp\/wp-content\/uploads\/2021\/11\/2021-10-24-16.12.22_590-300x225.jpg 300w\" sizes=\"auto, (max-width: 590px) 100vw, 590px\" \/><\/a>\n\t\t\t<\/div><\/figure><figure class='gallery-item'>\n\t\t\t<div class='gallery-icon landscape'>\n\t\t\t\t<a href='https:\/\/www.sk8.net\/wp\/?attachment_id=29059'><img loading=\"lazy\" decoding=\"async\" width=\"590\" height=\"268\" src=\"https:\/\/www.sk8.net\/wp\/wp-content\/uploads\/2021\/11\/2021-10-24-16.09.52_590.jpg\" class=\"attachment-colormag-featured-image size-colormag-featured-image\" alt=\"\" srcset=\"https:\/\/www.sk8.net\/wp\/wp-content\/uploads\/2021\/11\/2021-10-24-16.09.52_590.jpg 590w, https:\/\/www.sk8.net\/wp\/wp-content\/uploads\/2021\/11\/2021-10-24-16.09.52_590-300x136.jpg 300w\" sizes=\"auto, (max-width: 590px) 100vw, 590px\" \/><\/a>\n\t\t\t<\/div><\/figure>\n\t\t<\/div>\n<\/div>\n\n\n\n<p>Spoted \/ Txt &amp; photos: 2-fre\u00a9 &#8211; www.sk8.net\u2028&gt; Ne pas utiliser sans autorisations.<\/p>\n","protected":false},"excerpt":{"rendered":"<p>Shaka Park501F Rue Alain Colas &#8211; 66420 Le Barcar\u00e8sEn ext\u00e9rieur un Pump Trak, une aire de street et en indoor<\/p>\n","protected":false},"author":2,"featured_media":0,"parent":15,"menu_order":0,"comment_status":"closed","ping_status":"closed","template":"","meta":{"colormag_page_container_layout":"default_layout","colormag_page_sidebar_layout":"default_layout","footnotes":""},"class_list":["post-29055","page","type-page","status-publish","hentry"],"yoast_head":"<!-- This site is optimized with the Yoast SEO plugin v27.4 - https:\/\/yoast.com\/product\/yoast-seo-wordpress\/ -->\n<title>BARCAR\u00c8S (66) - SK8.NET<\/title>\n<meta name=\"robots\" content=\"index, follow, max-snippet:-1, max-image-preview:large, max-video-preview:-1\" \/>\n<link rel=\"canonical\" href=\"https:\/\/www.sk8.net\/wp\/?page_id=29055\" \/>\n<meta property=\"og:locale\" content=\"fr_FR\" \/>\n<meta property=\"og:type\" content=\"article\" \/>\n<meta property=\"og:title\" content=\"BARCAR\u00c8S (66) - SK8.NET\" \/>\n<meta property=\"og:description\" content=\"Shaka Park501F Rue Alain Colas &#8211; 66420 Le Barcar\u00e8sEn ext\u00e9rieur un Pump Trak, une aire de street et en indoor\" \/>\n<meta property=\"og:url\" content=\"https:\/\/www.sk8.net\/wp\/?page_id=29055\" \/>\n<meta property=\"og:site_name\" content=\"SK8.NET\" \/>\n<meta property=\"article:publisher\" content=\"https:\/\/www.facebook.com\/sk8pointnet\/\" \/>\n<meta property=\"article:modified_time\" content=\"2026-02-14T15:30:35+00:00\" \/>\n<meta property=\"og:image\" content=\"https:\/\/www.sk8.net\/wp\/wp-content\/uploads\/2021\/11\/Skatepark_590x300.jpg\" \/>\n\t<meta property=\"og:image:width\" content=\"590\" \/>\n\t<meta property=\"og:image:height\" content=\"300\" \/>\n\t<meta property=\"og:image:type\" content=\"image\/jpeg\" \/>\n<meta name=\"twitter:card\" content=\"summary_large_image\" \/>\n<meta name=\"twitter:site\" content=\"@sk8net\" \/>\n<meta name=\"twitter:label1\" content=\"Dur\u00e9e de lecture estim\u00e9e\" \/>\n\t<meta name=\"twitter:data1\" content=\"2 minutes\" \/>\n<script type=\"application\/ld+json\" class=\"yoast-schema-graph\">{\"@context\":\"https:\\\/\\\/schema.org\",\"@graph\":[{\"@type\":\"WebPage\",\"@id\":\"https:\\\/\\\/www.sk8.net\\\/wp\\\/?page_id=29055\",\"url\":\"https:\\\/\\\/www.sk8.net\\\/wp\\\/?page_id=29055\",\"name\":\"BARCAR\u00c8S (66) - SK8.NET\",\"isPartOf\":{\"@id\":\"https:\\\/\\\/www.sk8.net\\\/wp\\\/#website\"},\"primaryImageOfPage\":{\"@id\":\"https:\\\/\\\/www.sk8.net\\\/wp\\\/?page_id=29055#primaryimage\"},\"image\":{\"@id\":\"https:\\\/\\\/www.sk8.net\\\/wp\\\/?page_id=29055#primaryimage\"},\"thumbnailUrl\":\"https:\\\/\\\/www.sk8.net\\\/wp\\\/wp-content\\\/uploads\\\/2021\\\/11\\\/Skatepark_590x300.jpg\",\"datePublished\":\"2021-11-12T11:47:36+00:00\",\"dateModified\":\"2026-02-14T15:30:35+00:00\",\"breadcrumb\":{\"@id\":\"https:\\\/\\\/www.sk8.net\\\/wp\\\/?page_id=29055#breadcrumb\"},\"inLanguage\":\"fr-FR\",\"potentialAction\":[{\"@type\":\"ReadAction\",\"target\":[\"https:\\\/\\\/www.sk8.net\\\/wp\\\/?page_id=29055\"]}]},{\"@type\":\"ImageObject\",\"inLanguage\":\"fr-FR\",\"@id\":\"https:\\\/\\\/www.sk8.net\\\/wp\\\/?page_id=29055#primaryimage\",\"url\":\"https:\\\/\\\/www.sk8.net\\\/wp\\\/wp-content\\\/uploads\\\/2021\\\/11\\\/Skatepark_590x300.jpg\",\"contentUrl\":\"https:\\\/\\\/www.sk8.net\\\/wp\\\/wp-content\\\/uploads\\\/2021\\\/11\\\/Skatepark_590x300.jpg\",\"width\":590,\"height\":300},{\"@type\":\"BreadcrumbList\",\"@id\":\"https:\\\/\\\/www.sk8.net\\\/wp\\\/?page_id=29055#breadcrumb\",\"itemListElement\":[{\"@type\":\"ListItem\",\"position\":1,\"name\":\"SKATEPARK LISTE\",\"item\":\"https:\\\/\\\/www.sk8.net\\\/wp\\\/?page_id=27163\"},{\"@type\":\"ListItem\",\"position\":2,\"name\":\"SKATEPARKS_A>H\",\"item\":\"https:\\\/\\\/www.sk8.net\\\/wp\\\/?page_id=15\"},{\"@type\":\"ListItem\",\"position\":3,\"name\":\"BARCAR\u00c8S (66)\"}]},{\"@type\":\"WebSite\",\"@id\":\"https:\\\/\\\/www.sk8.net\\\/wp\\\/#website\",\"url\":\"https:\\\/\\\/www.sk8.net\\\/wp\\\/\",\"name\":\"SK8.NET\",\"description\":\"Skateboard Mag.\",\"publisher\":{\"@id\":\"https:\\\/\\\/www.sk8.net\\\/wp\\\/#organization\"},\"alternateName\":\"www.sk8.net\",\"potentialAction\":[{\"@type\":\"SearchAction\",\"target\":{\"@type\":\"EntryPoint\",\"urlTemplate\":\"https:\\\/\\\/www.sk8.net\\\/wp\\\/?s={search_term_string}\"},\"query-input\":{\"@type\":\"PropertyValueSpecification\",\"valueRequired\":true,\"valueName\":\"search_term_string\"}}],\"inLanguage\":\"fr-FR\"},{\"@type\":\"Organization\",\"@id\":\"https:\\\/\\\/www.sk8.net\\\/wp\\\/#organization\",\"name\":\"SK8.NET\",\"url\":\"https:\\\/\\\/www.sk8.net\\\/wp\\\/\",\"logo\":{\"@type\":\"ImageObject\",\"inLanguage\":\"fr-FR\",\"@id\":\"https:\\\/\\\/www.sk8.net\\\/wp\\\/#\\\/schema\\\/logo\\\/image\\\/\",\"url\":\"https:\\\/\\\/www.sk8.net\\\/wp\\\/wp-content\\\/uploads\\\/2023\\\/01\\\/Logo-SK8net_Clrs_2017.png\",\"contentUrl\":\"https:\\\/\\\/www.sk8.net\\\/wp\\\/wp-content\\\/uploads\\\/2023\\\/01\\\/Logo-SK8net_Clrs_2017.png\",\"width\":865,\"height\":250,\"caption\":\"SK8.NET\"},\"image\":{\"@id\":\"https:\\\/\\\/www.sk8.net\\\/wp\\\/#\\\/schema\\\/logo\\\/image\\\/\"},\"sameAs\":[\"https:\\\/\\\/www.facebook.com\\\/sk8pointnet\\\/\",\"https:\\\/\\\/x.com\\\/sk8net\",\"https:\\\/\\\/www.instagram.com\\\/sk8pointnet\\\/\",\"https:\\\/\\\/www.linkedin.com\\\/in\\\/sk8-net-030404a9\\\/\"]}]}<\/script>\n<!-- \/ Yoast SEO plugin. -->","yoast_head_json":{"title":"BARCAR\u00c8S (66) - SK8.NET","robots":{"index":"index","follow":"follow","max-snippet":"max-snippet:-1","max-image-preview":"max-image-preview:large","max-video-preview":"max-video-preview:-1"},"canonical":"https:\/\/www.sk8.net\/wp\/?page_id=29055","og_locale":"fr_FR","og_type":"article","og_title":"BARCAR\u00c8S (66) - SK8.NET","og_description":"Shaka Park501F Rue Alain Colas &#8211; 66420 Le Barcar\u00e8sEn ext\u00e9rieur un Pump Trak, une aire de street et en indoor","og_url":"https:\/\/www.sk8.net\/wp\/?page_id=29055","og_site_name":"SK8.NET","article_publisher":"https:\/\/www.facebook.com\/sk8pointnet\/","article_modified_time":"2026-02-14T15:30:35+00:00","og_image":[{"width":590,"height":300,"url":"https:\/\/www.sk8.net\/wp\/wp-content\/uploads\/2021\/11\/Skatepark_590x300.jpg","type":"image\/jpeg"}],"twitter_card":"summary_large_image","twitter_site":"@sk8net","twitter_misc":{"Dur\u00e9e de lecture estim\u00e9e":"2 minutes"},"schema":{"@context":"https:\/\/schema.org","@graph":[{"@type":"WebPage","@id":"https:\/\/www.sk8.net\/wp\/?page_id=29055","url":"https:\/\/www.sk8.net\/wp\/?page_id=29055","name":"BARCAR\u00c8S (66) - SK8.NET","isPartOf":{"@id":"https:\/\/www.sk8.net\/wp\/#website"},"primaryImageOfPage":{"@id":"https:\/\/www.sk8.net\/wp\/?page_id=29055#primaryimage"},"image":{"@id":"https:\/\/www.sk8.net\/wp\/?page_id=29055#primaryimage"},"thumbnailUrl":"https:\/\/www.sk8.net\/wp\/wp-content\/uploads\/2021\/11\/Skatepark_590x300.jpg","datePublished":"2021-11-12T11:47:36+00:00","dateModified":"2026-02-14T15:30:35+00:00","breadcrumb":{"@id":"https:\/\/www.sk8.net\/wp\/?page_id=29055#breadcrumb"},"inLanguage":"fr-FR","potentialAction":[{"@type":"ReadAction","target":["https:\/\/www.sk8.net\/wp\/?page_id=29055"]}]},{"@type":"ImageObject","inLanguage":"fr-FR","@id":"https:\/\/www.sk8.net\/wp\/?page_id=29055#primaryimage","url":"https:\/\/www.sk8.net\/wp\/wp-content\/uploads\/2021\/11\/Skatepark_590x300.jpg","contentUrl":"https:\/\/www.sk8.net\/wp\/wp-content\/uploads\/2021\/11\/Skatepark_590x300.jpg","width":590,"height":300},{"@type":"BreadcrumbList","@id":"https:\/\/www.sk8.net\/wp\/?page_id=29055#breadcrumb","itemListElement":[{"@type":"ListItem","position":1,"name":"SKATEPARK LISTE","item":"https:\/\/www.sk8.net\/wp\/?page_id=27163"},{"@type":"ListItem","position":2,"name":"SKATEPARKS_A>H","item":"https:\/\/www.sk8.net\/wp\/?page_id=15"},{"@type":"ListItem","position":3,"name":"BARCAR\u00c8S (66)"}]},{"@type":"WebSite","@id":"https:\/\/www.sk8.net\/wp\/#website","url":"https:\/\/www.sk8.net\/wp\/","name":"SK8.NET","description":"Skateboard Mag.","publisher":{"@id":"https:\/\/www.sk8.net\/wp\/#organization"},"alternateName":"www.sk8.net","potentialAction":[{"@type":"SearchAction","target":{"@type":"EntryPoint","urlTemplate":"https:\/\/www.sk8.net\/wp\/?s={search_term_string}"},"query-input":{"@type":"PropertyValueSpecification","valueRequired":true,"valueName":"search_term_string"}}],"inLanguage":"fr-FR"},{"@type":"Organization","@id":"https:\/\/www.sk8.net\/wp\/#organization","name":"SK8.NET","url":"https:\/\/www.sk8.net\/wp\/","logo":{"@type":"ImageObject","inLanguage":"fr-FR","@id":"https:\/\/www.sk8.net\/wp\/#\/schema\/logo\/image\/","url":"https:\/\/www.sk8.net\/wp\/wp-content\/uploads\/2023\/01\/Logo-SK8net_Clrs_2017.png","contentUrl":"https:\/\/www.sk8.net\/wp\/wp-content\/uploads\/2023\/01\/Logo-SK8net_Clrs_2017.png","width":865,"height":250,"caption":"SK8.NET"},"image":{"@id":"https:\/\/www.sk8.net\/wp\/#\/schema\/logo\/image\/"},"sameAs":["https:\/\/www.facebook.com\/sk8pointnet\/","https:\/\/x.com\/sk8net","https:\/\/www.instagram.com\/sk8pointnet\/","https:\/\/www.linkedin.com\/in\/sk8-net-030404a9\/"]}]}},"amp_enabled":true,"_links":{"self":[{"href":"https:\/\/www.sk8.net\/wp\/index.php?rest_route=\/wp\/v2\/pages\/29055","targetHints":{"allow":["GET"]}}],"collection":[{"href":"https:\/\/www.sk8.net\/wp\/index.php?rest_route=\/wp\/v2\/pages"}],"about":[{"href":"https:\/\/www.sk8.net\/wp\/index.php?rest_route=\/wp\/v2\/types\/page"}],"author":[{"embeddable":true,"href":"https:\/\/www.sk8.net\/wp\/index.php?rest_route=\/wp\/v2\/users\/2"}],"replies":[{"embeddable":true,"href":"https:\/\/www.sk8.net\/wp\/index.php?rest_route=%2Fwp%2Fv2%2Fcomments&post=29055"}],"version-history":[{"count":0,"href":"https:\/\/www.sk8.net\/wp\/index.php?rest_route=\/wp\/v2\/pages\/29055\/revisions"}],"up":[{"embeddable":true,"href":"https:\/\/www.sk8.net\/wp\/index.php?rest_route=\/wp\/v2\/pages\/15"}],"wp:attachment":[{"href":"https:\/\/www.sk8.net\/wp\/index.php?rest_route=%2Fwp%2Fv2%2Fmedia&parent=29055"}],"curies":[{"name":"wp","href":"https:\/\/api.w.org\/{rel}","templated":true}]}}