{"id":29020,"date":"2021-11-12T11:10:50","date_gmt":"2021-11-12T10:10:50","guid":{"rendered":"https:\/\/www.sk8.net\/wp\/?page_id=29020"},"modified":"2026-02-14T16:33:42","modified_gmt":"2026-02-14T15:33:42","slug":"cuxac-daude-11","status":"publish","type":"page","link":"https:\/\/www.sk8.net\/wp\/?page_id=29020","title":{"rendered":"CUXAC D&rsquo;AUDE (11)"},"content":{"rendered":"\n<figure class=\"wp-block-image aligncenter size-large is-resized\"><img loading=\"lazy\" decoding=\"async\" width=\"590\" height=\"300\" src=\"https:\/\/www.sk8.net\/wp\/wp-content\/uploads\/2021\/11\/Skatepark-Cuxac_590x300.jpg\" alt=\"\" class=\"wp-image-29021\" style=\"aspect-ratio:1.9666828400452854;width:900px\" srcset=\"https:\/\/www.sk8.net\/wp\/wp-content\/uploads\/2021\/11\/Skatepark-Cuxac_590x300.jpg 590w, https:\/\/www.sk8.net\/wp\/wp-content\/uploads\/2021\/11\/Skatepark-Cuxac_590x300-300x153.jpg 300w\" sizes=\"auto, (max-width: 590px) 100vw, 590px\" \/><\/figure>\n\n\n\n<p>Et voici un nouveau Pump Park\/Pump Park fraichement sortie de terre en 2021, c&rsquo;est la mode, sur la commune de Cuxac d&rsquo;Aude dans le d\u00e9partement de l&rsquo;Aude (11).<br \/>Tr\u00e9s sympa \u00e0 rouler. <strong>[UPDATE] L&rsquo;ajout d&rsquo;un skatepark \u00e0 \u00e9t\u00e9 inaugur\u00e9 en juillet 2023.<\/strong><\/p>\n\n\n\n<div class=\"wp-block-dgwt-justified-gallery\"><div id='gallery-1' class='gallery galleryid-29020 gallery-columns-3 gallery-size-colormag-featured-image'><figure class='gallery-item'>\n\t\t\t<div class='gallery-icon landscape'>\n\t\t\t\t<a href='https:\/\/www.sk8.net\/wp\/?attachment_id=36653'><img loading=\"lazy\" decoding=\"async\" width=\"800\" height=\"445\" src=\"https:\/\/www.sk8.net\/wp\/wp-content\/uploads\/2023\/07\/2023-07-01-16.59.52_800-800x445.jpg\" class=\"attachment-colormag-featured-image size-colormag-featured-image\" alt=\"\" \/><\/a>\n\t\t\t<\/div><\/figure><figure class='gallery-item'>\n\t\t\t<div class='gallery-icon landscape'>\n\t\t\t\t<a href='https:\/\/www.sk8.net\/wp\/?attachment_id=36656'><img loading=\"lazy\" decoding=\"async\" width=\"800\" height=\"445\" src=\"https:\/\/www.sk8.net\/wp\/wp-content\/uploads\/2023\/07\/2023-07-01-17.01.07_800-800x445.jpg\" class=\"attachment-colormag-featured-image size-colormag-featured-image\" alt=\"\" \/><\/a>\n\t\t\t<\/div><\/figure><figure class='gallery-item'>\n\t\t\t<div class='gallery-icon landscape'>\n\t\t\t\t<a href='https:\/\/www.sk8.net\/wp\/?attachment_id=36659'><img loading=\"lazy\" decoding=\"async\" width=\"800\" height=\"445\" src=\"https:\/\/www.sk8.net\/wp\/wp-content\/uploads\/2023\/07\/2023-07-01-17.02.25_800-800x445.jpg\" class=\"attachment-colormag-featured-image size-colormag-featured-image\" alt=\"\" \/><\/a>\n\t\t\t<\/div><\/figure><figure class='gallery-item'>\n\t\t\t<div class='gallery-icon landscape'>\n\t\t\t\t<a href='https:\/\/www.sk8.net\/wp\/?attachment_id=36654'><img loading=\"lazy\" decoding=\"async\" width=\"800\" height=\"398\" src=\"https:\/\/www.sk8.net\/wp\/wp-content\/uploads\/2023\/07\/2023-07-01-16.59.57_800.jpg\" class=\"attachment-colormag-featured-image size-colormag-featured-image\" alt=\"\" srcset=\"https:\/\/www.sk8.net\/wp\/wp-content\/uploads\/2023\/07\/2023-07-01-16.59.57_800.jpg 800w, https:\/\/www.sk8.net\/wp\/wp-content\/uploads\/2023\/07\/2023-07-01-16.59.57_800-590x294.jpg 590w, https:\/\/www.sk8.net\/wp\/wp-content\/uploads\/2023\/07\/2023-07-01-16.59.57_800-768x382.jpg 768w\" sizes=\"auto, (max-width: 800px) 100vw, 800px\" \/><\/a>\n\t\t\t<\/div><\/figure><figure class='gallery-item'>\n\t\t\t<div class='gallery-icon landscape'>\n\t\t\t\t<a href='https:\/\/www.sk8.net\/wp\/?attachment_id=36655'><img loading=\"lazy\" decoding=\"async\" width=\"800\" height=\"360\" src=\"https:\/\/www.sk8.net\/wp\/wp-content\/uploads\/2023\/07\/2023-07-01-17.00.50_800.jpg\" class=\"attachment-colormag-featured-image size-colormag-featured-image\" alt=\"\" srcset=\"https:\/\/www.sk8.net\/wp\/wp-content\/uploads\/2023\/07\/2023-07-01-17.00.50_800.jpg 800w, https:\/\/www.sk8.net\/wp\/wp-content\/uploads\/2023\/07\/2023-07-01-17.00.50_800-590x266.jpg 590w, https:\/\/www.sk8.net\/wp\/wp-content\/uploads\/2023\/07\/2023-07-01-17.00.50_800-768x346.jpg 768w\" sizes=\"auto, (max-width: 800px) 100vw, 800px\" \/><\/a>\n\t\t\t<\/div><\/figure><figure class='gallery-item'>\n\t\t\t<div class='gallery-icon landscape'>\n\t\t\t\t<a href='https:\/\/www.sk8.net\/wp\/?attachment_id=36657'><img loading=\"lazy\" decoding=\"async\" width=\"800\" height=\"277\" src=\"https:\/\/www.sk8.net\/wp\/wp-content\/uploads\/2023\/07\/2023-07-01-17.01.47_800.jpg\" class=\"attachment-colormag-featured-image size-colormag-featured-image\" alt=\"\" srcset=\"https:\/\/www.sk8.net\/wp\/wp-content\/uploads\/2023\/07\/2023-07-01-17.01.47_800.jpg 800w, https:\/\/www.sk8.net\/wp\/wp-content\/uploads\/2023\/07\/2023-07-01-17.01.47_800-590x204.jpg 590w, https:\/\/www.sk8.net\/wp\/wp-content\/uploads\/2023\/07\/2023-07-01-17.01.47_800-768x266.jpg 768w, https:\/\/www.sk8.net\/wp\/wp-content\/uploads\/2023\/07\/2023-07-01-17.01.47_800-575x198.jpg 575w\" sizes=\"auto, (max-width: 800px) 100vw, 800px\" \/><\/a>\n\t\t\t<\/div><\/figure><figure class='gallery-item'>\n\t\t\t<div class='gallery-icon landscape'>\n\t\t\t\t<a href='https:\/\/www.sk8.net\/wp\/?attachment_id=36660'><img loading=\"lazy\" decoding=\"async\" width=\"800\" height=\"236\" src=\"https:\/\/www.sk8.net\/wp\/wp-content\/uploads\/2023\/07\/2023-07-01-17.02.30_800.jpg\" class=\"attachment-colormag-featured-image size-colormag-featured-image\" alt=\"\" srcset=\"https:\/\/www.sk8.net\/wp\/wp-content\/uploads\/2023\/07\/2023-07-01-17.02.30_800.jpg 800w, https:\/\/www.sk8.net\/wp\/wp-content\/uploads\/2023\/07\/2023-07-01-17.02.30_800-590x174.jpg 590w, https:\/\/www.sk8.net\/wp\/wp-content\/uploads\/2023\/07\/2023-07-01-17.02.30_800-768x227.jpg 768w\" sizes=\"auto, (max-width: 800px) 100vw, 800px\" \/><\/a>\n\t\t\t<\/div><\/figure>\n\t\t<\/div>\n<\/div>\n\n\n\n<iframe loading=\"lazy\" src=\"https:\/\/www.google.com\/maps\/d\/embed?mid=1wjaneBf_M1Pwa4m8aE9xt7rC65ByLxE&#038;ehbc=2E312F\" width=\"900\" height=\"480\"><\/iframe>\n\n\n\n<iframe src=\"https:\/\/www.google.com\/maps\/embed?pb=!4v1636712725213!6m8!1m7!1sCAoSLEFGMVFpcE5UUkFfeXJ1c0UyeEltOHo5LW8xdGxvNVJ6SEtnU2xzU3o3UDFT!2m2!1d43.2519852!2d3.0030237!3f359!4f0!5f0.7820865974627469\" width=\"900\" height=\"450\" style=\"border:0;\" allowfullscreen=\"\" loading=\"lazy\"><\/iframe>\n\n\n\n<div class=\"wp-block-dgwt-justified-gallery\"><div id='gallery-2' class='gallery galleryid-29020 gallery-columns-3 gallery-size-colormag-featured-image'><figure class='gallery-item'>\n\t\t\t<div class='gallery-icon landscape'>\n\t\t\t\t<a href='https:\/\/www.sk8.net\/wp\/?attachment_id=29022'><img loading=\"lazy\" decoding=\"async\" width=\"590\" height=\"150\" src=\"https:\/\/www.sk8.net\/wp\/wp-content\/uploads\/2021\/11\/2021-10-24-15.08.22_590.jpg\" class=\"attachment-colormag-featured-image size-colormag-featured-image\" alt=\"\" srcset=\"https:\/\/www.sk8.net\/wp\/wp-content\/uploads\/2021\/11\/2021-10-24-15.08.22_590.jpg 590w, https:\/\/www.sk8.net\/wp\/wp-content\/uploads\/2021\/11\/2021-10-24-15.08.22_590-300x76.jpg 300w\" sizes=\"auto, (max-width: 590px) 100vw, 590px\" \/><\/a>\n\t\t\t<\/div><\/figure><figure class='gallery-item'>\n\t\t\t<div class='gallery-icon landscape'>\n\t\t\t\t<a href='https:\/\/www.sk8.net\/wp\/?attachment_id=29023'><img loading=\"lazy\" decoding=\"async\" width=\"590\" height=\"443\" src=\"https:\/\/www.sk8.net\/wp\/wp-content\/uploads\/2021\/11\/2021-10-24-15.08.33_590.jpg\" class=\"attachment-colormag-featured-image size-colormag-featured-image\" alt=\"\" srcset=\"https:\/\/www.sk8.net\/wp\/wp-content\/uploads\/2021\/11\/2021-10-24-15.08.33_590.jpg 590w, https:\/\/www.sk8.net\/wp\/wp-content\/uploads\/2021\/11\/2021-10-24-15.08.33_590-300x225.jpg 300w\" sizes=\"auto, (max-width: 590px) 100vw, 590px\" \/><\/a>\n\t\t\t<\/div><\/figure><figure class='gallery-item'>\n\t\t\t<div class='gallery-icon landscape'>\n\t\t\t\t<a href='https:\/\/www.sk8.net\/wp\/?attachment_id=29024'><img loading=\"lazy\" decoding=\"async\" width=\"590\" height=\"443\" src=\"https:\/\/www.sk8.net\/wp\/wp-content\/uploads\/2021\/11\/2021-10-24-15.08.36_590.jpg\" class=\"attachment-colormag-featured-image size-colormag-featured-image\" alt=\"\" srcset=\"https:\/\/www.sk8.net\/wp\/wp-content\/uploads\/2021\/11\/2021-10-24-15.08.36_590.jpg 590w, https:\/\/www.sk8.net\/wp\/wp-content\/uploads\/2021\/11\/2021-10-24-15.08.36_590-300x225.jpg 300w\" sizes=\"auto, (max-width: 590px) 100vw, 590px\" \/><\/a>\n\t\t\t<\/div><\/figure><figure class='gallery-item'>\n\t\t\t<div class='gallery-icon landscape'>\n\t\t\t\t<a href='https:\/\/www.sk8.net\/wp\/?attachment_id=29026'><img loading=\"lazy\" decoding=\"async\" width=\"590\" height=\"308\" src=\"https:\/\/www.sk8.net\/wp\/wp-content\/uploads\/2021\/11\/2021-10-24-15.09.11_590.jpg\" class=\"attachment-colormag-featured-image size-colormag-featured-image\" alt=\"\" srcset=\"https:\/\/www.sk8.net\/wp\/wp-content\/uploads\/2021\/11\/2021-10-24-15.09.11_590.jpg 590w, https:\/\/www.sk8.net\/wp\/wp-content\/uploads\/2021\/11\/2021-10-24-15.09.11_590-300x157.jpg 300w\" sizes=\"auto, (max-width: 590px) 100vw, 590px\" \/><\/a>\n\t\t\t<\/div><\/figure><figure class='gallery-item'>\n\t\t\t<div class='gallery-icon landscape'>\n\t\t\t\t<a href='https:\/\/www.sk8.net\/wp\/?attachment_id=29027'><img loading=\"lazy\" decoding=\"async\" width=\"590\" height=\"208\" src=\"https:\/\/www.sk8.net\/wp\/wp-content\/uploads\/2021\/11\/2021-10-24-15.12.58_590.jpg\" class=\"attachment-colormag-featured-image size-colormag-featured-image\" alt=\"\" srcset=\"https:\/\/www.sk8.net\/wp\/wp-content\/uploads\/2021\/11\/2021-10-24-15.12.58_590.jpg 590w, https:\/\/www.sk8.net\/wp\/wp-content\/uploads\/2021\/11\/2021-10-24-15.12.58_590-300x106.jpg 300w\" sizes=\"auto, (max-width: 590px) 100vw, 590px\" \/><\/a>\n\t\t\t<\/div><\/figure>\n\t\t<\/div>\n<\/div>\n\n\n\n<p><\/p>\n","protected":false},"excerpt":{"rendered":"<p>Et voici un nouveau Pump Park\/Pump Park fraichement sortie de terre en 2021, c&rsquo;est la mode, sur la commune de<\/p>\n","protected":false},"author":2,"featured_media":0,"parent":15,"menu_order":0,"comment_status":"closed","ping_status":"closed","template":"","meta":{"colormag_page_container_layout":"default_layout","colormag_page_sidebar_layout":"default_layout","footnotes":""},"class_list":["post-29020","page","type-page","status-publish","hentry"],"yoast_head":"<!-- This site is optimized with the Yoast SEO plugin v27.4 - https:\/\/yoast.com\/product\/yoast-seo-wordpress\/ -->\n<title>CUXAC D&#039;AUDE (11) - SK8.NET<\/title>\n<meta name=\"robots\" content=\"index, follow, max-snippet:-1, max-image-preview:large, max-video-preview:-1\" \/>\n<link rel=\"canonical\" href=\"https:\/\/www.sk8.net\/wp\/?page_id=29020\" \/>\n<meta property=\"og:locale\" content=\"fr_FR\" \/>\n<meta property=\"og:type\" content=\"article\" \/>\n<meta property=\"og:title\" content=\"CUXAC D&#039;AUDE (11) - SK8.NET\" \/>\n<meta property=\"og:description\" content=\"Et voici un nouveau Pump Park\/Pump Park fraichement sortie de terre en 2021, c&rsquo;est la mode, sur la commune de\" \/>\n<meta property=\"og:url\" content=\"https:\/\/www.sk8.net\/wp\/?page_id=29020\" \/>\n<meta property=\"og:site_name\" content=\"SK8.NET\" \/>\n<meta property=\"article:publisher\" content=\"https:\/\/www.facebook.com\/sk8pointnet\/\" \/>\n<meta property=\"article:modified_time\" content=\"2026-02-14T15:33:42+00:00\" \/>\n<meta property=\"og:image\" content=\"https:\/\/www.sk8.net\/wp\/wp-content\/uploads\/2021\/11\/2021-10-24-15.12.58_590.jpg\" \/>\n\t<meta property=\"og:image:width\" content=\"590\" \/>\n\t<meta property=\"og:image:height\" content=\"208\" \/>\n\t<meta property=\"og:image:type\" content=\"image\/jpeg\" \/>\n<meta name=\"twitter:card\" content=\"summary_large_image\" \/>\n<meta name=\"twitter:site\" content=\"@sk8net\" \/>\n<meta name=\"twitter:label1\" content=\"Dur\u00e9e de lecture estim\u00e9e\" \/>\n\t<meta name=\"twitter:data1\" content=\"3 minutes\" \/>\n<script type=\"application\/ld+json\" class=\"yoast-schema-graph\">{\"@context\":\"https:\\\/\\\/schema.org\",\"@graph\":[{\"@type\":\"WebPage\",\"@id\":\"https:\\\/\\\/www.sk8.net\\\/wp\\\/?page_id=29020\",\"url\":\"https:\\\/\\\/www.sk8.net\\\/wp\\\/?page_id=29020\",\"name\":\"CUXAC D'AUDE (11) - SK8.NET\",\"isPartOf\":{\"@id\":\"https:\\\/\\\/www.sk8.net\\\/wp\\\/#website\"},\"primaryImageOfPage\":{\"@id\":\"https:\\\/\\\/www.sk8.net\\\/wp\\\/?page_id=29020#primaryimage\"},\"image\":{\"@id\":\"https:\\\/\\\/www.sk8.net\\\/wp\\\/?page_id=29020#primaryimage\"},\"thumbnailUrl\":\"https:\\\/\\\/www.sk8.net\\\/wp\\\/wp-content\\\/uploads\\\/2021\\\/11\\\/Skatepark-Cuxac_590x300.jpg\",\"datePublished\":\"2021-11-12T10:10:50+00:00\",\"dateModified\":\"2026-02-14T15:33:42+00:00\",\"breadcrumb\":{\"@id\":\"https:\\\/\\\/www.sk8.net\\\/wp\\\/?page_id=29020#breadcrumb\"},\"inLanguage\":\"fr-FR\",\"potentialAction\":[{\"@type\":\"ReadAction\",\"target\":[\"https:\\\/\\\/www.sk8.net\\\/wp\\\/?page_id=29020\"]}]},{\"@type\":\"ImageObject\",\"inLanguage\":\"fr-FR\",\"@id\":\"https:\\\/\\\/www.sk8.net\\\/wp\\\/?page_id=29020#primaryimage\",\"url\":\"https:\\\/\\\/www.sk8.net\\\/wp\\\/wp-content\\\/uploads\\\/2021\\\/11\\\/Skatepark-Cuxac_590x300.jpg\",\"contentUrl\":\"https:\\\/\\\/www.sk8.net\\\/wp\\\/wp-content\\\/uploads\\\/2021\\\/11\\\/Skatepark-Cuxac_590x300.jpg\",\"width\":590,\"height\":300},{\"@type\":\"BreadcrumbList\",\"@id\":\"https:\\\/\\\/www.sk8.net\\\/wp\\\/?page_id=29020#breadcrumb\",\"itemListElement\":[{\"@type\":\"ListItem\",\"position\":1,\"name\":\"SKATEPARK LISTE\",\"item\":\"https:\\\/\\\/www.sk8.net\\\/wp\\\/?page_id=27163\"},{\"@type\":\"ListItem\",\"position\":2,\"name\":\"SKATEPARKS_A>H\",\"item\":\"https:\\\/\\\/www.sk8.net\\\/wp\\\/?page_id=15\"},{\"@type\":\"ListItem\",\"position\":3,\"name\":\"CUXAC D&rsquo;AUDE (11)\"}]},{\"@type\":\"WebSite\",\"@id\":\"https:\\\/\\\/www.sk8.net\\\/wp\\\/#website\",\"url\":\"https:\\\/\\\/www.sk8.net\\\/wp\\\/\",\"name\":\"SK8.NET\",\"description\":\"Skateboard Mag.\",\"publisher\":{\"@id\":\"https:\\\/\\\/www.sk8.net\\\/wp\\\/#organization\"},\"alternateName\":\"www.sk8.net\",\"potentialAction\":[{\"@type\":\"SearchAction\",\"target\":{\"@type\":\"EntryPoint\",\"urlTemplate\":\"https:\\\/\\\/www.sk8.net\\\/wp\\\/?s={search_term_string}\"},\"query-input\":{\"@type\":\"PropertyValueSpecification\",\"valueRequired\":true,\"valueName\":\"search_term_string\"}}],\"inLanguage\":\"fr-FR\"},{\"@type\":\"Organization\",\"@id\":\"https:\\\/\\\/www.sk8.net\\\/wp\\\/#organization\",\"name\":\"SK8.NET\",\"url\":\"https:\\\/\\\/www.sk8.net\\\/wp\\\/\",\"logo\":{\"@type\":\"ImageObject\",\"inLanguage\":\"fr-FR\",\"@id\":\"https:\\\/\\\/www.sk8.net\\\/wp\\\/#\\\/schema\\\/logo\\\/image\\\/\",\"url\":\"https:\\\/\\\/www.sk8.net\\\/wp\\\/wp-content\\\/uploads\\\/2023\\\/01\\\/Logo-SK8net_Clrs_2017.png\",\"contentUrl\":\"https:\\\/\\\/www.sk8.net\\\/wp\\\/wp-content\\\/uploads\\\/2023\\\/01\\\/Logo-SK8net_Clrs_2017.png\",\"width\":865,\"height\":250,\"caption\":\"SK8.NET\"},\"image\":{\"@id\":\"https:\\\/\\\/www.sk8.net\\\/wp\\\/#\\\/schema\\\/logo\\\/image\\\/\"},\"sameAs\":[\"https:\\\/\\\/www.facebook.com\\\/sk8pointnet\\\/\",\"https:\\\/\\\/x.com\\\/sk8net\",\"https:\\\/\\\/www.instagram.com\\\/sk8pointnet\\\/\",\"https:\\\/\\\/www.linkedin.com\\\/in\\\/sk8-net-030404a9\\\/\"]}]}<\/script>\n<!-- \/ Yoast SEO plugin. -->","yoast_head_json":{"title":"CUXAC D'AUDE (11) - SK8.NET","robots":{"index":"index","follow":"follow","max-snippet":"max-snippet:-1","max-image-preview":"max-image-preview:large","max-video-preview":"max-video-preview:-1"},"canonical":"https:\/\/www.sk8.net\/wp\/?page_id=29020","og_locale":"fr_FR","og_type":"article","og_title":"CUXAC D'AUDE (11) - SK8.NET","og_description":"Et voici un nouveau Pump Park\/Pump Park fraichement sortie de terre en 2021, c&rsquo;est la mode, sur la commune de","og_url":"https:\/\/www.sk8.net\/wp\/?page_id=29020","og_site_name":"SK8.NET","article_publisher":"https:\/\/www.facebook.com\/sk8pointnet\/","article_modified_time":"2026-02-14T15:33:42+00:00","og_image":[{"width":590,"height":208,"url":"https:\/\/www.sk8.net\/wp\/wp-content\/uploads\/2021\/11\/2021-10-24-15.12.58_590.jpg","type":"image\/jpeg"}],"twitter_card":"summary_large_image","twitter_site":"@sk8net","twitter_misc":{"Dur\u00e9e de lecture estim\u00e9e":"3 minutes"},"schema":{"@context":"https:\/\/schema.org","@graph":[{"@type":"WebPage","@id":"https:\/\/www.sk8.net\/wp\/?page_id=29020","url":"https:\/\/www.sk8.net\/wp\/?page_id=29020","name":"CUXAC D'AUDE (11) - SK8.NET","isPartOf":{"@id":"https:\/\/www.sk8.net\/wp\/#website"},"primaryImageOfPage":{"@id":"https:\/\/www.sk8.net\/wp\/?page_id=29020#primaryimage"},"image":{"@id":"https:\/\/www.sk8.net\/wp\/?page_id=29020#primaryimage"},"thumbnailUrl":"https:\/\/www.sk8.net\/wp\/wp-content\/uploads\/2021\/11\/Skatepark-Cuxac_590x300.jpg","datePublished":"2021-11-12T10:10:50+00:00","dateModified":"2026-02-14T15:33:42+00:00","breadcrumb":{"@id":"https:\/\/www.sk8.net\/wp\/?page_id=29020#breadcrumb"},"inLanguage":"fr-FR","potentialAction":[{"@type":"ReadAction","target":["https:\/\/www.sk8.net\/wp\/?page_id=29020"]}]},{"@type":"ImageObject","inLanguage":"fr-FR","@id":"https:\/\/www.sk8.net\/wp\/?page_id=29020#primaryimage","url":"https:\/\/www.sk8.net\/wp\/wp-content\/uploads\/2021\/11\/Skatepark-Cuxac_590x300.jpg","contentUrl":"https:\/\/www.sk8.net\/wp\/wp-content\/uploads\/2021\/11\/Skatepark-Cuxac_590x300.jpg","width":590,"height":300},{"@type":"BreadcrumbList","@id":"https:\/\/www.sk8.net\/wp\/?page_id=29020#breadcrumb","itemListElement":[{"@type":"ListItem","position":1,"name":"SKATEPARK LISTE","item":"https:\/\/www.sk8.net\/wp\/?page_id=27163"},{"@type":"ListItem","position":2,"name":"SKATEPARKS_A>H","item":"https:\/\/www.sk8.net\/wp\/?page_id=15"},{"@type":"ListItem","position":3,"name":"CUXAC D&rsquo;AUDE (11)"}]},{"@type":"WebSite","@id":"https:\/\/www.sk8.net\/wp\/#website","url":"https:\/\/www.sk8.net\/wp\/","name":"SK8.NET","description":"Skateboard Mag.","publisher":{"@id":"https:\/\/www.sk8.net\/wp\/#organization"},"alternateName":"www.sk8.net","potentialAction":[{"@type":"SearchAction","target":{"@type":"EntryPoint","urlTemplate":"https:\/\/www.sk8.net\/wp\/?s={search_term_string}"},"query-input":{"@type":"PropertyValueSpecification","valueRequired":true,"valueName":"search_term_string"}}],"inLanguage":"fr-FR"},{"@type":"Organization","@id":"https:\/\/www.sk8.net\/wp\/#organization","name":"SK8.NET","url":"https:\/\/www.sk8.net\/wp\/","logo":{"@type":"ImageObject","inLanguage":"fr-FR","@id":"https:\/\/www.sk8.net\/wp\/#\/schema\/logo\/image\/","url":"https:\/\/www.sk8.net\/wp\/wp-content\/uploads\/2023\/01\/Logo-SK8net_Clrs_2017.png","contentUrl":"https:\/\/www.sk8.net\/wp\/wp-content\/uploads\/2023\/01\/Logo-SK8net_Clrs_2017.png","width":865,"height":250,"caption":"SK8.NET"},"image":{"@id":"https:\/\/www.sk8.net\/wp\/#\/schema\/logo\/image\/"},"sameAs":["https:\/\/www.facebook.com\/sk8pointnet\/","https:\/\/x.com\/sk8net","https:\/\/www.instagram.com\/sk8pointnet\/","https:\/\/www.linkedin.com\/in\/sk8-net-030404a9\/"]}]}},"amp_enabled":true,"_links":{"self":[{"href":"https:\/\/www.sk8.net\/wp\/index.php?rest_route=\/wp\/v2\/pages\/29020","targetHints":{"allow":["GET"]}}],"collection":[{"href":"https:\/\/www.sk8.net\/wp\/index.php?rest_route=\/wp\/v2\/pages"}],"about":[{"href":"https:\/\/www.sk8.net\/wp\/index.php?rest_route=\/wp\/v2\/types\/page"}],"author":[{"embeddable":true,"href":"https:\/\/www.sk8.net\/wp\/index.php?rest_route=\/wp\/v2\/users\/2"}],"replies":[{"embeddable":true,"href":"https:\/\/www.sk8.net\/wp\/index.php?rest_route=%2Fwp%2Fv2%2Fcomments&post=29020"}],"version-history":[{"count":0,"href":"https:\/\/www.sk8.net\/wp\/index.php?rest_route=\/wp\/v2\/pages\/29020\/revisions"}],"up":[{"embeddable":true,"href":"https:\/\/www.sk8.net\/wp\/index.php?rest_route=\/wp\/v2\/pages\/15"}],"wp:attachment":[{"href":"https:\/\/www.sk8.net\/wp\/index.php?rest_route=%2Fwp%2Fv2%2Fmedia&parent=29020"}],"curies":[{"name":"wp","href":"https:\/\/api.w.org\/{rel}","templated":true}]}}