{"id":27784,"date":"2020-12-20T17:36:27","date_gmt":"2020-12-20T16:36:27","guid":{"rendered":"https:\/\/www.sk8.net\/wp\/?page_id=27784"},"modified":"2026-02-14T16:56:44","modified_gmt":"2026-02-14T15:56:44","slug":"paris-13-egp-13","status":"publish","type":"page","link":"https:\/\/www.sk8.net\/wp\/?page_id=27784","title":{"rendered":"PARIS(13) &#8211; EGP 13"},"content":{"rendered":"\n<h4 class=\"wp-block-heading has-text-align-center has-luminous-vivid-amber-color has-text-color\">D\u00c9FINITIVEMENT FERM\u00c9 !<br \/>Doit \u00eatre d\u00e9placer ailleurs, probablement Bercy&#8230; mais c&rsquo;est pas gagn\u00e9 !<\/h4>\n\n\n\n<figure class=\"wp-block-image aligncenter size-large is-resized\"><img loading=\"lazy\" decoding=\"async\" width=\"590\" height=\"392\" src=\"https:\/\/www.sk8.net\/wp\/wp-content\/uploads\/2020\/12\/DSC_4562_590.jpg\" alt=\"\" class=\"wp-image-27773\" style=\"aspect-ratio:1.505116909522196;object-fit:cover;width:900px\" srcset=\"https:\/\/www.sk8.net\/wp\/wp-content\/uploads\/2020\/12\/DSC_4562_590.jpg 590w, https:\/\/www.sk8.net\/wp\/wp-content\/uploads\/2020\/12\/DSC_4562_590-300x199.jpg 300w\" sizes=\"auto, (max-width: 590px) 100vw, 590px\" \/><\/figure>\n\n\n\n<p>Nouveau skatepark pour les parisiens qui viens de voir le jours fin 2020.<br \/>Dans l&rsquo;enceinte du Stade Charles Moureu, Paris 13e.<br \/>2 Micro rampes, 1 mini rampe, et une big rampe.<br \/>Horaires d&rsquo;ouverture : 8h-19h<br \/>17 Avenue Edison, 75013 Paris<\/p>\n\n\n\n<div class=\"wp-block-dgwt-justified-gallery\"><div id='gallery-1' class='gallery galleryid-27784 gallery-columns-3 gallery-size-colormag-featured-image'><figure class='gallery-item'>\n\t\t\t<div class='gallery-icon landscape'>\n\t\t\t\t<a href='https:\/\/www.sk8.net\/wp\/?attachment_id=27783'><img loading=\"lazy\" decoding=\"async\" width=\"590\" height=\"265\" src=\"https:\/\/www.sk8.net\/wp\/wp-content\/uploads\/2020\/12\/Panorama-sans-titre1_590.jpg\" class=\"attachment-colormag-featured-image size-colormag-featured-image\" alt=\"\" srcset=\"https:\/\/www.sk8.net\/wp\/wp-content\/uploads\/2020\/12\/Panorama-sans-titre1_590.jpg 590w, https:\/\/www.sk8.net\/wp\/wp-content\/uploads\/2020\/12\/Panorama-sans-titre1_590-300x135.jpg 300w\" sizes=\"auto, (max-width: 590px) 100vw, 590px\" \/><\/a>\n\t\t\t<\/div><\/figure><figure class='gallery-item'>\n\t\t\t<div class='gallery-icon landscape'>\n\t\t\t\t<a href='https:\/\/www.sk8.net\/wp\/?attachment_id=27782'><img loading=\"lazy\" decoding=\"async\" width=\"590\" height=\"392\" src=\"https:\/\/www.sk8.net\/wp\/wp-content\/uploads\/2020\/12\/DSC_4580_590.jpg\" class=\"attachment-colormag-featured-image size-colormag-featured-image\" alt=\"\" srcset=\"https:\/\/www.sk8.net\/wp\/wp-content\/uploads\/2020\/12\/DSC_4580_590.jpg 590w, https:\/\/www.sk8.net\/wp\/wp-content\/uploads\/2020\/12\/DSC_4580_590-300x199.jpg 300w\" sizes=\"auto, (max-width: 590px) 100vw, 590px\" \/><\/a>\n\t\t\t<\/div><\/figure><figure class='gallery-item'>\n\t\t\t<div class='gallery-icon landscape'>\n\t\t\t\t<a href='https:\/\/www.sk8.net\/wp\/?attachment_id=27781'><img loading=\"lazy\" decoding=\"async\" width=\"590\" height=\"392\" src=\"https:\/\/www.sk8.net\/wp\/wp-content\/uploads\/2020\/12\/DSC_4579_590.jpg\" class=\"attachment-colormag-featured-image size-colormag-featured-image\" alt=\"\" srcset=\"https:\/\/www.sk8.net\/wp\/wp-content\/uploads\/2020\/12\/DSC_4579_590.jpg 590w, https:\/\/www.sk8.net\/wp\/wp-content\/uploads\/2020\/12\/DSC_4579_590-300x199.jpg 300w\" sizes=\"auto, (max-width: 590px) 100vw, 590px\" \/><\/a>\n\t\t\t<\/div><\/figure><figure class='gallery-item'>\n\t\t\t<div class='gallery-icon landscape'>\n\t\t\t\t<a href='https:\/\/www.sk8.net\/wp\/?attachment_id=27780'><img loading=\"lazy\" decoding=\"async\" width=\"590\" height=\"392\" src=\"https:\/\/www.sk8.net\/wp\/wp-content\/uploads\/2020\/12\/DSC_4577_590.jpg\" class=\"attachment-colormag-featured-image size-colormag-featured-image\" alt=\"\" srcset=\"https:\/\/www.sk8.net\/wp\/wp-content\/uploads\/2020\/12\/DSC_4577_590.jpg 590w, https:\/\/www.sk8.net\/wp\/wp-content\/uploads\/2020\/12\/DSC_4577_590-300x199.jpg 300w\" sizes=\"auto, (max-width: 590px) 100vw, 590px\" \/><\/a>\n\t\t\t<\/div><\/figure><figure class='gallery-item'>\n\t\t\t<div class='gallery-icon portrait'>\n\t\t\t\t<a href='https:\/\/www.sk8.net\/wp\/?attachment_id=27778'><img loading=\"lazy\" decoding=\"async\" width=\"296\" height=\"445\" src=\"https:\/\/www.sk8.net\/wp\/wp-content\/uploads\/2020\/12\/DSC_4575_590.jpg\" class=\"attachment-colormag-featured-image size-colormag-featured-image\" alt=\"\" srcset=\"https:\/\/www.sk8.net\/wp\/wp-content\/uploads\/2020\/12\/DSC_4575_590.jpg 590w, https:\/\/www.sk8.net\/wp\/wp-content\/uploads\/2020\/12\/DSC_4575_590-199x300.jpg 199w, https:\/\/www.sk8.net\/wp\/wp-content\/uploads\/2020\/12\/DSC_4575_590-392x590.jpg 392w\" sizes=\"auto, (max-width: 296px) 100vw, 296px\" \/><\/a>\n\t\t\t<\/div><\/figure><figure class='gallery-item'>\n\t\t\t<div class='gallery-icon landscape'>\n\t\t\t\t<a href='https:\/\/www.sk8.net\/wp\/?attachment_id=27777'><img loading=\"lazy\" decoding=\"async\" width=\"590\" height=\"392\" src=\"https:\/\/www.sk8.net\/wp\/wp-content\/uploads\/2020\/12\/DSC_4572_590.jpg\" class=\"attachment-colormag-featured-image size-colormag-featured-image\" alt=\"\" srcset=\"https:\/\/www.sk8.net\/wp\/wp-content\/uploads\/2020\/12\/DSC_4572_590.jpg 590w, https:\/\/www.sk8.net\/wp\/wp-content\/uploads\/2020\/12\/DSC_4572_590-300x199.jpg 300w\" sizes=\"auto, (max-width: 590px) 100vw, 590px\" \/><\/a>\n\t\t\t<\/div><\/figure><figure class='gallery-item'>\n\t\t\t<div class='gallery-icon landscape'>\n\t\t\t\t<a href='https:\/\/www.sk8.net\/wp\/?attachment_id=27779'><img loading=\"lazy\" decoding=\"async\" width=\"590\" height=\"392\" src=\"https:\/\/www.sk8.net\/wp\/wp-content\/uploads\/2020\/12\/DSC_4576_590.jpg\" class=\"attachment-colormag-featured-image size-colormag-featured-image\" alt=\"\" srcset=\"https:\/\/www.sk8.net\/wp\/wp-content\/uploads\/2020\/12\/DSC_4576_590.jpg 590w, https:\/\/www.sk8.net\/wp\/wp-content\/uploads\/2020\/12\/DSC_4576_590-300x199.jpg 300w\" sizes=\"auto, (max-width: 590px) 100vw, 590px\" \/><\/a>\n\t\t\t<\/div><\/figure><figure class='gallery-item'>\n\t\t\t<div class='gallery-icon landscape'>\n\t\t\t\t<a href='https:\/\/www.sk8.net\/wp\/?attachment_id=27776'><img loading=\"lazy\" decoding=\"async\" width=\"590\" height=\"392\" src=\"https:\/\/www.sk8.net\/wp\/wp-content\/uploads\/2020\/12\/DSC_4570_590.jpg\" class=\"attachment-colormag-featured-image size-colormag-featured-image\" alt=\"\" srcset=\"https:\/\/www.sk8.net\/wp\/wp-content\/uploads\/2020\/12\/DSC_4570_590.jpg 590w, https:\/\/www.sk8.net\/wp\/wp-content\/uploads\/2020\/12\/DSC_4570_590-300x199.jpg 300w\" sizes=\"auto, (max-width: 590px) 100vw, 590px\" \/><\/a>\n\t\t\t<\/div><\/figure><figure class='gallery-item'>\n\t\t\t<div class='gallery-icon landscape'>\n\t\t\t\t<a href='https:\/\/www.sk8.net\/wp\/?attachment_id=27775'><img loading=\"lazy\" decoding=\"async\" width=\"590\" height=\"392\" src=\"https:\/\/www.sk8.net\/wp\/wp-content\/uploads\/2020\/12\/DSC_4568_590.jpg\" class=\"attachment-colormag-featured-image size-colormag-featured-image\" alt=\"\" srcset=\"https:\/\/www.sk8.net\/wp\/wp-content\/uploads\/2020\/12\/DSC_4568_590.jpg 590w, https:\/\/www.sk8.net\/wp\/wp-content\/uploads\/2020\/12\/DSC_4568_590-300x199.jpg 300w\" sizes=\"auto, (max-width: 590px) 100vw, 590px\" \/><\/a>\n\t\t\t<\/div><\/figure><figure class='gallery-item'>\n\t\t\t<div class='gallery-icon landscape'>\n\t\t\t\t<a href='https:\/\/www.sk8.net\/wp\/?attachment_id=27774'><img loading=\"lazy\" decoding=\"async\" width=\"590\" height=\"392\" src=\"https:\/\/www.sk8.net\/wp\/wp-content\/uploads\/2020\/12\/DSC_4563_590.jpg\" class=\"attachment-colormag-featured-image size-colormag-featured-image\" alt=\"\" srcset=\"https:\/\/www.sk8.net\/wp\/wp-content\/uploads\/2020\/12\/DSC_4563_590.jpg 590w, https:\/\/www.sk8.net\/wp\/wp-content\/uploads\/2020\/12\/DSC_4563_590-300x199.jpg 300w\" sizes=\"auto, (max-width: 590px) 100vw, 590px\" \/><\/a>\n\t\t\t<\/div><\/figure><figure class='gallery-item'>\n\t\t\t<div class='gallery-icon landscape'>\n\t\t\t\t<a href='https:\/\/www.sk8.net\/wp\/?attachment_id=27773'><img loading=\"lazy\" decoding=\"async\" width=\"590\" height=\"392\" src=\"https:\/\/www.sk8.net\/wp\/wp-content\/uploads\/2020\/12\/DSC_4562_590.jpg\" class=\"attachment-colormag-featured-image size-colormag-featured-image\" alt=\"\" srcset=\"https:\/\/www.sk8.net\/wp\/wp-content\/uploads\/2020\/12\/DSC_4562_590.jpg 590w, https:\/\/www.sk8.net\/wp\/wp-content\/uploads\/2020\/12\/DSC_4562_590-300x199.jpg 300w\" sizes=\"auto, (max-width: 590px) 100vw, 590px\" \/><\/a>\n\t\t\t<\/div><\/figure>\n\t\t<\/div>\n<\/div>\n\n\n\n<iframe loading=\"lazy\" src=\"https:\/\/www.google.com\/maps\/d\/u\/1\/embed?mid=1AabxYCBU7cwmfSnQDramqOEAUBIQJXrs\" width=\"900\" height=\"480\"><\/iframe>\n\n\n\n<p>Spoted \/ Txt &amp; photos: 2-fre\u00a9 &#8211; www.sk8.net\u2028&gt; Ne pas utiliser sans autorisations.<\/p>\n","protected":false},"excerpt":{"rendered":"<p>D\u00c9FINITIVEMENT FERM\u00c9 !Doit \u00eatre d\u00e9placer ailleurs, probablement Bercy&#8230; mais c&rsquo;est pas gagn\u00e9 ! Nouveau skatepark pour les parisiens qui viens<\/p>\n","protected":false},"author":2,"featured_media":0,"parent":0,"menu_order":0,"comment_status":"closed","ping_status":"closed","template":"","meta":{"colormag_page_container_layout":"default_layout","colormag_page_sidebar_layout":"default_layout","footnotes":""},"class_list":["post-27784","page","type-page","status-publish","hentry"],"yoast_head":"<!-- This site is optimized with the Yoast SEO plugin v27.4 - https:\/\/yoast.com\/product\/yoast-seo-wordpress\/ -->\n<title>PARIS(13) - EGP 13 - SK8.NET<\/title>\n<meta name=\"robots\" content=\"index, follow, max-snippet:-1, max-image-preview:large, max-video-preview:-1\" \/>\n<link rel=\"canonical\" href=\"https:\/\/www.sk8.net\/wp\/?page_id=27784\" \/>\n<meta property=\"og:locale\" content=\"fr_FR\" \/>\n<meta property=\"og:type\" content=\"article\" \/>\n<meta property=\"og:title\" content=\"PARIS(13) - EGP 13 - SK8.NET\" \/>\n<meta property=\"og:description\" content=\"D\u00c9FINITIVEMENT FERM\u00c9 !Doit \u00eatre d\u00e9placer ailleurs, probablement Bercy&#8230; mais c&rsquo;est pas gagn\u00e9 ! Nouveau skatepark pour les parisiens qui viens\" \/>\n<meta property=\"og:url\" content=\"https:\/\/www.sk8.net\/wp\/?page_id=27784\" \/>\n<meta property=\"og:site_name\" content=\"SK8.NET\" \/>\n<meta property=\"article:publisher\" content=\"https:\/\/www.facebook.com\/sk8pointnet\/\" \/>\n<meta property=\"article:modified_time\" content=\"2026-02-14T15:56:44+00:00\" \/>\n<meta property=\"og:image\" content=\"https:\/\/www.sk8.net\/wp\/wp-content\/uploads\/2020\/12\/DSC_4575_590.jpg\" \/>\n\t<meta property=\"og:image:width\" content=\"590\" \/>\n\t<meta property=\"og:image:height\" content=\"888\" \/>\n\t<meta property=\"og:image:type\" content=\"image\/jpeg\" \/>\n<meta name=\"twitter:card\" content=\"summary_large_image\" \/>\n<meta name=\"twitter:site\" content=\"@sk8net\" \/>\n<meta name=\"twitter:label1\" content=\"Dur\u00e9e de lecture estim\u00e9e\" \/>\n\t<meta name=\"twitter:data1\" content=\"1 minute\" \/>\n<script type=\"application\/ld+json\" class=\"yoast-schema-graph\">{\"@context\":\"https:\\\/\\\/schema.org\",\"@graph\":[{\"@type\":\"WebPage\",\"@id\":\"https:\\\/\\\/www.sk8.net\\\/wp\\\/?page_id=27784\",\"url\":\"https:\\\/\\\/www.sk8.net\\\/wp\\\/?page_id=27784\",\"name\":\"PARIS(13) - EGP 13 - SK8.NET\",\"isPartOf\":{\"@id\":\"https:\\\/\\\/www.sk8.net\\\/wp\\\/#website\"},\"primaryImageOfPage\":{\"@id\":\"https:\\\/\\\/www.sk8.net\\\/wp\\\/?page_id=27784#primaryimage\"},\"image\":{\"@id\":\"https:\\\/\\\/www.sk8.net\\\/wp\\\/?page_id=27784#primaryimage\"},\"thumbnailUrl\":\"https:\\\/\\\/www.sk8.net\\\/wp\\\/wp-content\\\/uploads\\\/2020\\\/12\\\/DSC_4562_590.jpg\",\"datePublished\":\"2020-12-20T16:36:27+00:00\",\"dateModified\":\"2026-02-14T15:56:44+00:00\",\"inLanguage\":\"fr-FR\",\"potentialAction\":[{\"@type\":\"ReadAction\",\"target\":[\"https:\\\/\\\/www.sk8.net\\\/wp\\\/?page_id=27784\"]}]},{\"@type\":\"ImageObject\",\"inLanguage\":\"fr-FR\",\"@id\":\"https:\\\/\\\/www.sk8.net\\\/wp\\\/?page_id=27784#primaryimage\",\"url\":\"https:\\\/\\\/www.sk8.net\\\/wp\\\/wp-content\\\/uploads\\\/2020\\\/12\\\/DSC_4562_590.jpg\",\"contentUrl\":\"https:\\\/\\\/www.sk8.net\\\/wp\\\/wp-content\\\/uploads\\\/2020\\\/12\\\/DSC_4562_590.jpg\",\"width\":590,\"height\":392},{\"@type\":\"WebSite\",\"@id\":\"https:\\\/\\\/www.sk8.net\\\/wp\\\/#website\",\"url\":\"https:\\\/\\\/www.sk8.net\\\/wp\\\/\",\"name\":\"SK8.NET\",\"description\":\"Skateboard Mag.\",\"publisher\":{\"@id\":\"https:\\\/\\\/www.sk8.net\\\/wp\\\/#organization\"},\"alternateName\":\"www.sk8.net\",\"potentialAction\":[{\"@type\":\"SearchAction\",\"target\":{\"@type\":\"EntryPoint\",\"urlTemplate\":\"https:\\\/\\\/www.sk8.net\\\/wp\\\/?s={search_term_string}\"},\"query-input\":{\"@type\":\"PropertyValueSpecification\",\"valueRequired\":true,\"valueName\":\"search_term_string\"}}],\"inLanguage\":\"fr-FR\"},{\"@type\":\"Organization\",\"@id\":\"https:\\\/\\\/www.sk8.net\\\/wp\\\/#organization\",\"name\":\"SK8.NET\",\"url\":\"https:\\\/\\\/www.sk8.net\\\/wp\\\/\",\"logo\":{\"@type\":\"ImageObject\",\"inLanguage\":\"fr-FR\",\"@id\":\"https:\\\/\\\/www.sk8.net\\\/wp\\\/#\\\/schema\\\/logo\\\/image\\\/\",\"url\":\"https:\\\/\\\/www.sk8.net\\\/wp\\\/wp-content\\\/uploads\\\/2023\\\/01\\\/Logo-SK8net_Clrs_2017.png\",\"contentUrl\":\"https:\\\/\\\/www.sk8.net\\\/wp\\\/wp-content\\\/uploads\\\/2023\\\/01\\\/Logo-SK8net_Clrs_2017.png\",\"width\":865,\"height\":250,\"caption\":\"SK8.NET\"},\"image\":{\"@id\":\"https:\\\/\\\/www.sk8.net\\\/wp\\\/#\\\/schema\\\/logo\\\/image\\\/\"},\"sameAs\":[\"https:\\\/\\\/www.facebook.com\\\/sk8pointnet\\\/\",\"https:\\\/\\\/x.com\\\/sk8net\",\"https:\\\/\\\/www.instagram.com\\\/sk8pointnet\\\/\",\"https:\\\/\\\/www.linkedin.com\\\/in\\\/sk8-net-030404a9\\\/\"]}]}<\/script>\n<!-- \/ Yoast SEO plugin. -->","yoast_head_json":{"title":"PARIS(13) - EGP 13 - SK8.NET","robots":{"index":"index","follow":"follow","max-snippet":"max-snippet:-1","max-image-preview":"max-image-preview:large","max-video-preview":"max-video-preview:-1"},"canonical":"https:\/\/www.sk8.net\/wp\/?page_id=27784","og_locale":"fr_FR","og_type":"article","og_title":"PARIS(13) - EGP 13 - SK8.NET","og_description":"D\u00c9FINITIVEMENT FERM\u00c9 !Doit \u00eatre d\u00e9placer ailleurs, probablement Bercy&#8230; mais c&rsquo;est pas gagn\u00e9 ! Nouveau skatepark pour les parisiens qui viens","og_url":"https:\/\/www.sk8.net\/wp\/?page_id=27784","og_site_name":"SK8.NET","article_publisher":"https:\/\/www.facebook.com\/sk8pointnet\/","article_modified_time":"2026-02-14T15:56:44+00:00","og_image":[{"width":590,"height":888,"url":"https:\/\/www.sk8.net\/wp\/wp-content\/uploads\/2020\/12\/DSC_4575_590.jpg","type":"image\/jpeg"}],"twitter_card":"summary_large_image","twitter_site":"@sk8net","twitter_misc":{"Dur\u00e9e de lecture estim\u00e9e":"1 minute"},"schema":{"@context":"https:\/\/schema.org","@graph":[{"@type":"WebPage","@id":"https:\/\/www.sk8.net\/wp\/?page_id=27784","url":"https:\/\/www.sk8.net\/wp\/?page_id=27784","name":"PARIS(13) - EGP 13 - SK8.NET","isPartOf":{"@id":"https:\/\/www.sk8.net\/wp\/#website"},"primaryImageOfPage":{"@id":"https:\/\/www.sk8.net\/wp\/?page_id=27784#primaryimage"},"image":{"@id":"https:\/\/www.sk8.net\/wp\/?page_id=27784#primaryimage"},"thumbnailUrl":"https:\/\/www.sk8.net\/wp\/wp-content\/uploads\/2020\/12\/DSC_4562_590.jpg","datePublished":"2020-12-20T16:36:27+00:00","dateModified":"2026-02-14T15:56:44+00:00","inLanguage":"fr-FR","potentialAction":[{"@type":"ReadAction","target":["https:\/\/www.sk8.net\/wp\/?page_id=27784"]}]},{"@type":"ImageObject","inLanguage":"fr-FR","@id":"https:\/\/www.sk8.net\/wp\/?page_id=27784#primaryimage","url":"https:\/\/www.sk8.net\/wp\/wp-content\/uploads\/2020\/12\/DSC_4562_590.jpg","contentUrl":"https:\/\/www.sk8.net\/wp\/wp-content\/uploads\/2020\/12\/DSC_4562_590.jpg","width":590,"height":392},{"@type":"WebSite","@id":"https:\/\/www.sk8.net\/wp\/#website","url":"https:\/\/www.sk8.net\/wp\/","name":"SK8.NET","description":"Skateboard Mag.","publisher":{"@id":"https:\/\/www.sk8.net\/wp\/#organization"},"alternateName":"www.sk8.net","potentialAction":[{"@type":"SearchAction","target":{"@type":"EntryPoint","urlTemplate":"https:\/\/www.sk8.net\/wp\/?s={search_term_string}"},"query-input":{"@type":"PropertyValueSpecification","valueRequired":true,"valueName":"search_term_string"}}],"inLanguage":"fr-FR"},{"@type":"Organization","@id":"https:\/\/www.sk8.net\/wp\/#organization","name":"SK8.NET","url":"https:\/\/www.sk8.net\/wp\/","logo":{"@type":"ImageObject","inLanguage":"fr-FR","@id":"https:\/\/www.sk8.net\/wp\/#\/schema\/logo\/image\/","url":"https:\/\/www.sk8.net\/wp\/wp-content\/uploads\/2023\/01\/Logo-SK8net_Clrs_2017.png","contentUrl":"https:\/\/www.sk8.net\/wp\/wp-content\/uploads\/2023\/01\/Logo-SK8net_Clrs_2017.png","width":865,"height":250,"caption":"SK8.NET"},"image":{"@id":"https:\/\/www.sk8.net\/wp\/#\/schema\/logo\/image\/"},"sameAs":["https:\/\/www.facebook.com\/sk8pointnet\/","https:\/\/x.com\/sk8net","https:\/\/www.instagram.com\/sk8pointnet\/","https:\/\/www.linkedin.com\/in\/sk8-net-030404a9\/"]}]}},"amp_enabled":true,"_links":{"self":[{"href":"https:\/\/www.sk8.net\/wp\/index.php?rest_route=\/wp\/v2\/pages\/27784","targetHints":{"allow":["GET"]}}],"collection":[{"href":"https:\/\/www.sk8.net\/wp\/index.php?rest_route=\/wp\/v2\/pages"}],"about":[{"href":"https:\/\/www.sk8.net\/wp\/index.php?rest_route=\/wp\/v2\/types\/page"}],"author":[{"embeddable":true,"href":"https:\/\/www.sk8.net\/wp\/index.php?rest_route=\/wp\/v2\/users\/2"}],"replies":[{"embeddable":true,"href":"https:\/\/www.sk8.net\/wp\/index.php?rest_route=%2Fwp%2Fv2%2Fcomments&post=27784"}],"version-history":[{"count":0,"href":"https:\/\/www.sk8.net\/wp\/index.php?rest_route=\/wp\/v2\/pages\/27784\/revisions"}],"wp:attachment":[{"href":"https:\/\/www.sk8.net\/wp\/index.php?rest_route=%2Fwp%2Fv2%2Fmedia&parent=27784"}],"curies":[{"name":"wp","href":"https:\/\/api.w.org\/{rel}","templated":true}]}}