{"id":27578,"date":"2020-06-02T13:21:45","date_gmt":"2020-06-02T12:21:45","guid":{"rendered":"https:\/\/www.sk8.net\/wp\/?page_id=27578"},"modified":"2026-02-17T20:44:14","modified_gmt":"2026-02-17T19:44:14","slug":"interview-de-ray-carlisle-de-teenage-bottlerocket","status":"publish","type":"page","link":"https:\/\/www.sk8.net\/wp\/?page_id=27578","title":{"rendered":"RAY CARLISLE"},"content":{"rendered":"\n<h4 class=\"wp-block-heading has-cm-color-2-color has-text-color has-link-color wp-elements-881f6fe146a29fea9cce9a0b2163eaa0\"><strong>TEENAGE BOTTLEROCKET<\/strong><\/h4>\n\n\n\n<figure class=\"wp-block-image aligncenter size-full is-resized\"><img loading=\"lazy\" decoding=\"async\" width=\"2000\" height=\"1333\" sizes=\"auto, (max-width: 2000px) 100vw, 2000px\" src=\"https:\/\/www.sk8.net\/wp\/wp-content\/uploads\/2020\/06\/Ray_Teenage-Bottlerocket@Groezrock20190055.jpg\" alt=\"\" class=\"wp-image-27586\" style=\"width:900px\" srcset=\"https:\/\/www.sk8.net\/wp\/wp-content\/uploads\/2020\/06\/Ray_Teenage-Bottlerocket@Groezrock20190055.jpg 2000w, https:\/\/www.sk8.net\/wp\/wp-content\/uploads\/2020\/06\/Ray_Teenage-Bottlerocket@Groezrock20190055-300x200.jpg 300w, https:\/\/www.sk8.net\/wp\/wp-content\/uploads\/2020\/06\/Ray_Teenage-Bottlerocket@Groezrock20190055-590x393.jpg 590w, https:\/\/www.sk8.net\/wp\/wp-content\/uploads\/2020\/06\/Ray_Teenage-Bottlerocket@Groezrock20190055-768x512.jpg 768w, https:\/\/www.sk8.net\/wp\/wp-content\/uploads\/2020\/06\/Ray_Teenage-Bottlerocket@Groezrock20190055-1536x1024.jpg 1536w\" \/><figcaption class=\"wp-element-caption\">Ray Rocket de Teenage Bottlerocket au Groezrock Festival<\/figcaption><\/figure>\n\n\n\n<p class=\"has-luminous-vivid-amber-color has-text-color\"><em><strong>Ray Carlisle est le chanteur\/guitariste principal du groupe punkrock TEENAGE BOTTLEROCKET. Celui qui n\u2019a pas vu un concert du combo, se doit d\u2019y aller. Ray est un vrai am\u00e9ricain avec l\u2019accent bien prononc\u00e9, la voix qui porte. Un vrai boute-en-train. Un showman qui se donne \u00e0 fonds pour sa musique. Il a aussi sorti un album solo acoustique o\u00f9 il a retravaill\u00e9 les morceaux punk du groupe d\u2019une splendide mani\u00e8re.<\/strong><\/em><\/p>\n\n\n\n<p class=\"has-luminous-vivid-amber-color has-text-color\"><em><strong>Sinon, Ray aka Ray Rocket adore le skate et a r\u00e9ussi \u00e0 transmettre le virus \u00e0 son fils.<\/strong><\/em><\/p>\n\n\n\n<p>PHOTOS et TEXTE: Sylvain Stricanne<\/p>\n\n\n\n<p>Soutien logistique et moral: Silv\u00e8re Vasselin<\/p>\n\n\n\n<figure class=\"wp-block-image aligncenter size-large is-resized\"><img loading=\"lazy\" decoding=\"async\" width=\"590\" height=\"443\" sizes=\"auto, (max-width: 590px) 100vw, 590px\" src=\"https:\/\/www.sk8.net\/wp\/wp-content\/uploads\/2020\/06\/Ray-Rocket-by-Silv\u00e8re-590x443.jpg\" alt=\"\" class=\"wp-image-27580\" style=\"aspect-ratio:1.332;object-fit:cover;width:900px\" srcset=\"https:\/\/www.sk8.net\/wp\/wp-content\/uploads\/2020\/06\/Ray-Rocket-by-Silv\u00e8re-590x443.jpg 590w, https:\/\/www.sk8.net\/wp\/wp-content\/uploads\/2020\/06\/Ray-Rocket-by-Silv\u00e8re-300x225.jpg 300w, https:\/\/www.sk8.net\/wp\/wp-content\/uploads\/2020\/06\/Ray-Rocket-by-Silv\u00e8re-768x576.jpg 768w, https:\/\/www.sk8.net\/wp\/wp-content\/uploads\/2020\/06\/Ray-Rocket-by-Silv\u00e8re-1536x1152.jpg 1536w, https:\/\/www.sk8.net\/wp\/wp-content\/uploads\/2020\/06\/Ray-Rocket-by-Silv\u00e8re-2048x1536.jpg 2048w\" \/><figcaption class=\"wp-element-caption\">Ray Rocket by Silv\u00e8re<\/figcaption><\/figure>\n\n\n\n<p class=\"has-luminous-vivid-amber-color has-text-color\"><em><strong>Salut Ray, Il para\u00eet que tu skates&nbsp;?<\/strong><\/em><\/p>\n\n\n\n<p>Oui je suis skateur.<\/p>\n\n\n\n<p class=\"has-luminous-vivid-amber-color has-text-color\"><em><strong>Quand as-tu commenc\u00e9&nbsp;?<\/strong><\/em><\/p>\n\n\n\n<p>Probablement aux alentours de 1985. Mon plus vieux fr\u00e8re et mes s\u0153urs \u00e9taient dans le skate. Nous \u00e9tions branch\u00e9s plut\u00f4t boards Powell Peralta et par la Bones Brigade. Puis vers 10-11 ans, j\u2019ai \u00e9t\u00e9 plus attir\u00e9 par H-Street et des riders comme Matt Hensley. \u00c7a a \u00e9t\u00e9 vraiment ce qui a berc\u00e9 ma tendre enfance avec Ron Allen ou Tony Magnusson.<\/p>\n\n\n\n<p class=\"has-luminous-vivid-amber-color has-text-color\"><em><strong>Tu aimais donc la marque Life Skateboards&nbsp;?<\/strong><\/em><\/p>\n\n\n\n<p>Oui compl\u00e8tement. Puis au coll\u00e8ge est apparu Zero Skateboard avec Jamie Thomas. Ce sont les grandes p\u00e9riodes du skate qui m\u2019ont marqu\u00e9es.<\/p>\n\n\n\n<p class=\"has-luminous-vivid-amber-color has-text-color\"><em><strong>Est-ce que tu skates toujours&nbsp;?<\/strong><\/em><\/p>\n\n\n\n<p>J\u2019en fais souvent mais il est vrai que je pratique plus le snowboard car j\u2019habite une r\u00e9gion montagneuse assez froide qui est plus propice \u00e0 \u00e7a. Mais en \u00e9t\u00e9, mon fils et moi, on va au skatepark essentiellement.<\/p>\n\n\n\n<figure class=\"wp-block-image aligncenter size-large is-resized\"><img loading=\"lazy\" decoding=\"async\" width=\"590\" height=\"394\" sizes=\"auto, (max-width: 590px) 100vw, 590px\" src=\"https:\/\/www.sk8.net\/wp\/wp-content\/uploads\/2020\/06\/Ray-Rocket-Teenage-Bottlerocket-1-590x394.jpg\" alt=\"\" class=\"wp-image-27581\" style=\"width:900px\" srcset=\"https:\/\/www.sk8.net\/wp\/wp-content\/uploads\/2020\/06\/Ray-Rocket-Teenage-Bottlerocket-1-590x394.jpg 590w, https:\/\/www.sk8.net\/wp\/wp-content\/uploads\/2020\/06\/Ray-Rocket-Teenage-Bottlerocket-1-300x200.jpg 300w, https:\/\/www.sk8.net\/wp\/wp-content\/uploads\/2020\/06\/Ray-Rocket-Teenage-Bottlerocket-1-768x512.jpg 768w, https:\/\/www.sk8.net\/wp\/wp-content\/uploads\/2020\/06\/Ray-Rocket-Teenage-Bottlerocket-1.jpg 799w\" \/><\/figure>\n\n\n\n<p class=\"has-luminous-vivid-amber-color has-text-color\"><em><strong>Comme tu le sais le skate et la musique sont tr\u00e8s li\u00e9s.<\/strong><\/em><\/p>\n\n\n\n<p>\u00c7a sonne comme une \u00e9vidence. J\u2019ai personnellement d\u00e9couvert les deux quasiment en m\u00eame temps. J\u2019ai \u00e9cout\u00e9 et connu de nouveaux groupes par le biais des vid\u00e9os de skate mais aussi inversement ce que j\u2019\u00e9coutais, je le retrouvais dans d\u2019autres vid\u00e9os. Le tout \u00e9tait dans la m\u00eame vague.<\/p>\n\n\n\n<p>Mon plus vieux fr\u00e8re avait d\u00e9coup\u00e9 dans son grip les logo Black Flag et Decay. Je me suis mis \u00e0 \u00e9couter ces groupes par ce biais.<\/p>\n\n\n\n<p class=\"has-luminous-vivid-amber-color has-text-color\"><em><strong>Tu aimais quels groupes \u00e0 cette \u00e9poque&nbsp;?<\/strong><\/em><\/p>\n\n\n\n<p>A cette \u00e9poque du coll\u00e8ge, mes potes et moi skations des banks sur fond de Minor Threat, The Descendents ou les beaucoup les Misfits. Ces derniers ont cr\u00e9\u00e9s beaucoup de matos autour du skate. J\u2019\u00e9coutais m\u00eame du Green Day plus jeune. Mais j\u2019\u00e9coutais aussi des choses plus communes. Surtout avec l\u2019arriv\u00e9e des vid\u00e9os 411. Au bout du compte je me moquais du style tant que la musique \u00e9tait bonne.<\/p>\n\n\n\n<figure class=\"wp-block-image aligncenter size-large is-resized\"><img loading=\"lazy\" decoding=\"async\" width=\"590\" height=\"394\" sizes=\"auto, (max-width: 590px) 100vw, 590px\" src=\"https:\/\/www.sk8.net\/wp\/wp-content\/uploads\/2020\/06\/Ray-Rocket-Teenage-Bottlerocket-2-590x394.jpg\" alt=\"\" class=\"wp-image-27582\" style=\"width:900px\" srcset=\"https:\/\/www.sk8.net\/wp\/wp-content\/uploads\/2020\/06\/Ray-Rocket-Teenage-Bottlerocket-2-590x394.jpg 590w, https:\/\/www.sk8.net\/wp\/wp-content\/uploads\/2020\/06\/Ray-Rocket-Teenage-Bottlerocket-2-300x200.jpg 300w, https:\/\/www.sk8.net\/wp\/wp-content\/uploads\/2020\/06\/Ray-Rocket-Teenage-Bottlerocket-2-768x513.jpg 768w, https:\/\/www.sk8.net\/wp\/wp-content\/uploads\/2020\/06\/Ray-Rocket-Teenage-Bottlerocket-2.jpg 800w\" \/><\/figure>\n\n\n\n<p class=\"has-luminous-vivid-amber-color has-text-color\"><em><strong>Tu as \u00e9crit des chansons pour Teenage Bottlerocket qui parlent de skate. Y a t\u2019il un message particulier&nbsp;?<\/strong><\/em><\/p>\n\n\n\n<p>C\u2019est l\u2019expression de mon amour pour le skate. Mais c\u2019est pour Cody que je les ai \u00e9crites m\u00eame s\u2019il ridait moins que moi avant. j\u2019ai pris le th\u00e8me de la Bones Brigade et de Rodney Mullen comme \u00e7a aurait pu \u00eatre Michael Jordan et le basketball ou pourquoi pas Tony Hawk.<\/p>\n\n\n\n<p class=\"has-luminous-vivid-amber-color has-text-color\"><em><strong>J\u2019ai vu que vous repreniez un logo Powell Peralta sur la nouvelle gamme de t-shirts, mais parodi\u00e9 pour le groupe.<\/strong><\/em><\/p>\n\n\n\n<p>C\u2019\u00e9tait mon id\u00e9e. On a aussi fait \u00e7a avec Zorlac dans le pass\u00e9. L\u00e0, c\u2019est le Ripper de chez Powell. Oui on a fait \u00e7a pour faire penser \u00e0 une marque Teenage Bottlerocket Skateboards.<\/p>\n\n\n\n<p class=\"has-luminous-vivid-amber-color has-text-color\"><em><strong>Tu as pass\u00e9 un contrat avec Powell&nbsp;?<\/strong><\/em><\/p>\n\n\n\n<p>Oui on a fait \u00e7a avec eux.<\/p>\n\n\n\n<p class=\"has-luminous-vivid-amber-color has-text-color\"><em><strong>Qu\u2019est ce que tu fais de beau en skate&nbsp;?<\/strong><\/em><\/p>\n\n\n\n<p>Tu sais mec, \u00e0 41 ans, je fais du park, bowl, des early grab. Mais je ne fais pas de vrai street, je pr\u00e9f\u00e8re pas trop m\u2019y risquer. On a un tr\u00e8s bon skatepark \u00e0 Summit. J\u2019aime bien y rouler tr\u00e8s vite. On l\u2019a depuis 2001 et avec les potes quand on y est, j\u2019aime faire les m\u00eames lignes.<\/p>\n\n\n\n<p class=\"has-luminous-vivid-amber-color has-text-color\"><em><strong>Tu skates avec d\u2019autres musiciens<\/strong><\/em>?<\/p>\n\n\n\n<p>Non principalement avec mon fils et mes amis. Apr\u00e8s il y a aussi des locaux qui d\u00e9chirent. Mais juste \u00eatre avec les locaux \u00e7a me va.<\/p>\n\n\n\n<figure class=\"wp-block-image aligncenter size-large is-resized\"><img loading=\"lazy\" decoding=\"async\" width=\"590\" height=\"393\" sizes=\"auto, (max-width: 590px) 100vw, 590px\" src=\"https:\/\/www.sk8.net\/wp\/wp-content\/uploads\/2020\/06\/Ray-Rocket-Teenage-Bottlerocket-3-590x393.jpg\" alt=\"\" class=\"wp-image-27583\" style=\"width:900px\" srcset=\"https:\/\/www.sk8.net\/wp\/wp-content\/uploads\/2020\/06\/Ray-Rocket-Teenage-Bottlerocket-3-590x393.jpg 590w, https:\/\/www.sk8.net\/wp\/wp-content\/uploads\/2020\/06\/Ray-Rocket-Teenage-Bottlerocket-3-300x200.jpg 300w, https:\/\/www.sk8.net\/wp\/wp-content\/uploads\/2020\/06\/Ray-Rocket-Teenage-Bottlerocket-3-768x512.jpg 768w, https:\/\/www.sk8.net\/wp\/wp-content\/uploads\/2020\/06\/Ray-Rocket-Teenage-Bottlerocket-3.jpg 800w\" \/><figcaption class=\"wp-element-caption\">Ray Rocket : Acoustic session au Groezrock 2019<\/figcaption><\/figure>\n\n\n\n<figure class=\"wp-block-image aligncenter size-large is-resized\"><img loading=\"lazy\" decoding=\"async\" width=\"585\" height=\"590\" sizes=\"auto, (max-width: 585px) 100vw, 585px\" src=\"https:\/\/www.sk8.net\/wp\/wp-content\/uploads\/2020\/06\/Ray-rocket-585x590.jpg\" alt=\"\" class=\"wp-image-27585\" style=\"width:900px\" srcset=\"https:\/\/www.sk8.net\/wp\/wp-content\/uploads\/2020\/06\/Ray-rocket-585x590.jpg 585w, https:\/\/www.sk8.net\/wp\/wp-content\/uploads\/2020\/06\/Ray-rocket-298x300.jpg 298w, https:\/\/www.sk8.net\/wp\/wp-content\/uploads\/2020\/06\/Ray-rocket-150x150.jpg 150w, https:\/\/www.sk8.net\/wp\/wp-content\/uploads\/2020\/06\/Ray-rocket-768x774.jpg 768w, https:\/\/www.sk8.net\/wp\/wp-content\/uploads\/2020\/06\/Ray-rocket.jpg 1024w\" \/><figcaption class=\"wp-element-caption\">Autosave-File vom d-lab2\/3 der AgfaPhoto GmbH pour Ray Rocket<\/figcaption><\/figure>\n\n\n\n<figure class=\"wp-block-image aligncenter size-large is-resized\"><img loading=\"lazy\" decoding=\"async\" width=\"393\" height=\"590\" sizes=\"auto, (max-width: 393px) 100vw, 393px\" src=\"https:\/\/www.sk8.net\/wp\/wp-content\/uploads\/2020\/06\/15-Teenage-Bottlerocket@Groezrock2019-4-393x590.jpg\" alt=\"\" class=\"wp-image-27597\" style=\"aspect-ratio:0.666112928652552;object-fit:cover;width:900px\" srcset=\"https:\/\/www.sk8.net\/wp\/wp-content\/uploads\/2020\/06\/15-Teenage-Bottlerocket@Groezrock2019-4-393x590.jpg 393w, https:\/\/www.sk8.net\/wp\/wp-content\/uploads\/2020\/06\/15-Teenage-Bottlerocket@Groezrock2019-4-200x300.jpg 200w, https:\/\/www.sk8.net\/wp\/wp-content\/uploads\/2020\/06\/15-Teenage-Bottlerocket@Groezrock2019-4-768x1152.jpg 768w, https:\/\/www.sk8.net\/wp\/wp-content\/uploads\/2020\/06\/15-Teenage-Bottlerocket@Groezrock2019-4-1024x1536.jpg 1024w, https:\/\/www.sk8.net\/wp\/wp-content\/uploads\/2020\/06\/15-Teenage-Bottlerocket@Groezrock2019-4.jpg 1333w\" \/><\/figure>\n\n\n\n<figure class=\"wp-block-image aligncenter size-large is-resized\"><img loading=\"lazy\" decoding=\"async\" width=\"590\" height=\"393\" sizes=\"auto, (max-width: 590px) 100vw, 590px\" src=\"https:\/\/www.sk8.net\/wp\/wp-content\/uploads\/2020\/06\/15-Teenage-Bottlerocket@Groezrock2019-3-590x393.jpg\" alt=\"\" class=\"wp-image-27596\" style=\"width:900px\" srcset=\"https:\/\/www.sk8.net\/wp\/wp-content\/uploads\/2020\/06\/15-Teenage-Bottlerocket@Groezrock2019-3-590x393.jpg 590w, https:\/\/www.sk8.net\/wp\/wp-content\/uploads\/2020\/06\/15-Teenage-Bottlerocket@Groezrock2019-3-300x200.jpg 300w, https:\/\/www.sk8.net\/wp\/wp-content\/uploads\/2020\/06\/15-Teenage-Bottlerocket@Groezrock2019-3-768x512.jpg 768w, https:\/\/www.sk8.net\/wp\/wp-content\/uploads\/2020\/06\/15-Teenage-Bottlerocket@Groezrock2019-3-1536x1024.jpg 1536w, https:\/\/www.sk8.net\/wp\/wp-content\/uploads\/2020\/06\/15-Teenage-Bottlerocket@Groezrock2019-3.jpg 2000w\" \/><\/figure>\n","protected":false},"excerpt":{"rendered":"<p>TEENAGE BOTTLEROCKET Ray Carlisle est le chanteur\/guitariste principal du groupe punkrock TEENAGE BOTTLEROCKET. Celui qui n\u2019a pas vu un concert<\/p>\n","protected":false},"author":2,"featured_media":0,"parent":27158,"menu_order":0,"comment_status":"closed","ping_status":"closed","template":"","meta":{"colormag_page_container_layout":"default_layout","colormag_page_sidebar_layout":"default_layout","footnotes":""},"class_list":["post-27578","page","type-page","status-publish","hentry"],"yoast_head":"<!-- This site is optimized with the Yoast SEO plugin v27.4 - https:\/\/yoast.com\/product\/yoast-seo-wordpress\/ -->\n<title>RAY CARLISLE - SK8.NET<\/title>\n<meta name=\"robots\" content=\"index, follow, max-snippet:-1, max-image-preview:large, max-video-preview:-1\" \/>\n<link rel=\"canonical\" href=\"https:\/\/www.sk8.net\/wp\/?page_id=27578\" \/>\n<meta property=\"og:locale\" content=\"fr_FR\" \/>\n<meta property=\"og:type\" content=\"article\" \/>\n<meta property=\"og:title\" content=\"RAY CARLISLE - SK8.NET\" \/>\n<meta property=\"og:description\" content=\"TEENAGE BOTTLEROCKET Ray Carlisle est le chanteur\/guitariste principal du groupe punkrock TEENAGE BOTTLEROCKET. Celui qui n\u2019a pas vu un concert\" \/>\n<meta property=\"og:url\" content=\"https:\/\/www.sk8.net\/wp\/?page_id=27578\" \/>\n<meta property=\"og:site_name\" content=\"SK8.NET\" \/>\n<meta property=\"article:publisher\" content=\"https:\/\/www.facebook.com\/sk8pointnet\/\" \/>\n<meta property=\"article:modified_time\" content=\"2026-02-17T19:44:14+00:00\" \/>\n<meta property=\"og:image\" content=\"https:\/\/www.sk8.net\/wp\/wp-content\/uploads\/2020\/06\/Ray_Teenage-Bottlerocket@Groezrock20190055.jpg\" \/>\n\t<meta property=\"og:image:width\" content=\"2000\" \/>\n\t<meta property=\"og:image:height\" content=\"1333\" \/>\n\t<meta property=\"og:image:type\" content=\"image\/jpeg\" \/>\n<meta name=\"twitter:card\" content=\"summary_large_image\" \/>\n<meta name=\"twitter:site\" content=\"@sk8net\" \/>\n<meta name=\"twitter:label1\" content=\"Dur\u00e9e de lecture estim\u00e9e\" \/>\n\t<meta name=\"twitter:data1\" content=\"6 minutes\" \/>\n<script type=\"application\/ld+json\" class=\"yoast-schema-graph\">{\"@context\":\"https:\\\/\\\/schema.org\",\"@graph\":[{\"@type\":\"WebPage\",\"@id\":\"https:\\\/\\\/www.sk8.net\\\/wp\\\/?page_id=27578\",\"url\":\"https:\\\/\\\/www.sk8.net\\\/wp\\\/?page_id=27578\",\"name\":\"RAY CARLISLE - SK8.NET\",\"isPartOf\":{\"@id\":\"https:\\\/\\\/www.sk8.net\\\/wp\\\/#website\"},\"primaryImageOfPage\":{\"@id\":\"https:\\\/\\\/www.sk8.net\\\/wp\\\/?page_id=27578#primaryimage\"},\"image\":{\"@id\":\"https:\\\/\\\/www.sk8.net\\\/wp\\\/?page_id=27578#primaryimage\"},\"thumbnailUrl\":\"https:\\\/\\\/www.sk8.net\\\/wp\\\/wp-content\\\/uploads\\\/2020\\\/06\\\/Ray_Teenage-Bottlerocket@Groezrock20190055.jpg\",\"datePublished\":\"2020-06-02T12:21:45+00:00\",\"dateModified\":\"2026-02-17T19:44:14+00:00\",\"breadcrumb\":{\"@id\":\"https:\\\/\\\/www.sk8.net\\\/wp\\\/?page_id=27578#breadcrumb\"},\"inLanguage\":\"fr-FR\",\"potentialAction\":[{\"@type\":\"ReadAction\",\"target\":[\"https:\\\/\\\/www.sk8.net\\\/wp\\\/?page_id=27578\"]}]},{\"@type\":\"ImageObject\",\"inLanguage\":\"fr-FR\",\"@id\":\"https:\\\/\\\/www.sk8.net\\\/wp\\\/?page_id=27578#primaryimage\",\"url\":\"https:\\\/\\\/www.sk8.net\\\/wp\\\/wp-content\\\/uploads\\\/2020\\\/06\\\/Ray_Teenage-Bottlerocket@Groezrock20190055.jpg\",\"contentUrl\":\"https:\\\/\\\/www.sk8.net\\\/wp\\\/wp-content\\\/uploads\\\/2020\\\/06\\\/Ray_Teenage-Bottlerocket@Groezrock20190055.jpg\",\"width\":2000,\"height\":1333},{\"@type\":\"BreadcrumbList\",\"@id\":\"https:\\\/\\\/www.sk8.net\\\/wp\\\/?page_id=27578#breadcrumb\",\"itemListElement\":[{\"@type\":\"ListItem\",\"position\":1,\"name\":\"MUSIC\",\"item\":\"https:\\\/\\\/www.sk8.net\\\/wp\\\/?page_id=18972\"},{\"@type\":\"ListItem\",\"position\":2,\"name\":\"INTERVIEWS\",\"item\":\"https:\\\/\\\/www.sk8.net\\\/wp\\\/?page_id=27158\"},{\"@type\":\"ListItem\",\"position\":3,\"name\":\"RAY CARLISLE\"}]},{\"@type\":\"WebSite\",\"@id\":\"https:\\\/\\\/www.sk8.net\\\/wp\\\/#website\",\"url\":\"https:\\\/\\\/www.sk8.net\\\/wp\\\/\",\"name\":\"SK8.NET\",\"description\":\"Skateboard Mag.\",\"publisher\":{\"@id\":\"https:\\\/\\\/www.sk8.net\\\/wp\\\/#organization\"},\"alternateName\":\"www.sk8.net\",\"potentialAction\":[{\"@type\":\"SearchAction\",\"target\":{\"@type\":\"EntryPoint\",\"urlTemplate\":\"https:\\\/\\\/www.sk8.net\\\/wp\\\/?s={search_term_string}\"},\"query-input\":{\"@type\":\"PropertyValueSpecification\",\"valueRequired\":true,\"valueName\":\"search_term_string\"}}],\"inLanguage\":\"fr-FR\"},{\"@type\":\"Organization\",\"@id\":\"https:\\\/\\\/www.sk8.net\\\/wp\\\/#organization\",\"name\":\"SK8.NET\",\"url\":\"https:\\\/\\\/www.sk8.net\\\/wp\\\/\",\"logo\":{\"@type\":\"ImageObject\",\"inLanguage\":\"fr-FR\",\"@id\":\"https:\\\/\\\/www.sk8.net\\\/wp\\\/#\\\/schema\\\/logo\\\/image\\\/\",\"url\":\"https:\\\/\\\/www.sk8.net\\\/wp\\\/wp-content\\\/uploads\\\/2023\\\/01\\\/Logo-SK8net_Clrs_2017.png\",\"contentUrl\":\"https:\\\/\\\/www.sk8.net\\\/wp\\\/wp-content\\\/uploads\\\/2023\\\/01\\\/Logo-SK8net_Clrs_2017.png\",\"width\":865,\"height\":250,\"caption\":\"SK8.NET\"},\"image\":{\"@id\":\"https:\\\/\\\/www.sk8.net\\\/wp\\\/#\\\/schema\\\/logo\\\/image\\\/\"},\"sameAs\":[\"https:\\\/\\\/www.facebook.com\\\/sk8pointnet\\\/\",\"https:\\\/\\\/x.com\\\/sk8net\",\"https:\\\/\\\/www.instagram.com\\\/sk8pointnet\\\/\",\"https:\\\/\\\/www.linkedin.com\\\/in\\\/sk8-net-030404a9\\\/\"]}]}<\/script>\n<!-- \/ Yoast SEO plugin. -->","yoast_head_json":{"title":"RAY CARLISLE - SK8.NET","robots":{"index":"index","follow":"follow","max-snippet":"max-snippet:-1","max-image-preview":"max-image-preview:large","max-video-preview":"max-video-preview:-1"},"canonical":"https:\/\/www.sk8.net\/wp\/?page_id=27578","og_locale":"fr_FR","og_type":"article","og_title":"RAY CARLISLE - SK8.NET","og_description":"TEENAGE BOTTLEROCKET Ray Carlisle est le chanteur\/guitariste principal du groupe punkrock TEENAGE BOTTLEROCKET. Celui qui n\u2019a pas vu un concert","og_url":"https:\/\/www.sk8.net\/wp\/?page_id=27578","og_site_name":"SK8.NET","article_publisher":"https:\/\/www.facebook.com\/sk8pointnet\/","article_modified_time":"2026-02-17T19:44:14+00:00","og_image":[{"width":2000,"height":1333,"url":"https:\/\/www.sk8.net\/wp\/wp-content\/uploads\/2020\/06\/Ray_Teenage-Bottlerocket@Groezrock20190055.jpg","type":"image\/jpeg"}],"twitter_card":"summary_large_image","twitter_site":"@sk8net","twitter_misc":{"Dur\u00e9e de lecture estim\u00e9e":"6 minutes"},"schema":{"@context":"https:\/\/schema.org","@graph":[{"@type":"WebPage","@id":"https:\/\/www.sk8.net\/wp\/?page_id=27578","url":"https:\/\/www.sk8.net\/wp\/?page_id=27578","name":"RAY CARLISLE - SK8.NET","isPartOf":{"@id":"https:\/\/www.sk8.net\/wp\/#website"},"primaryImageOfPage":{"@id":"https:\/\/www.sk8.net\/wp\/?page_id=27578#primaryimage"},"image":{"@id":"https:\/\/www.sk8.net\/wp\/?page_id=27578#primaryimage"},"thumbnailUrl":"https:\/\/www.sk8.net\/wp\/wp-content\/uploads\/2020\/06\/Ray_Teenage-Bottlerocket@Groezrock20190055.jpg","datePublished":"2020-06-02T12:21:45+00:00","dateModified":"2026-02-17T19:44:14+00:00","breadcrumb":{"@id":"https:\/\/www.sk8.net\/wp\/?page_id=27578#breadcrumb"},"inLanguage":"fr-FR","potentialAction":[{"@type":"ReadAction","target":["https:\/\/www.sk8.net\/wp\/?page_id=27578"]}]},{"@type":"ImageObject","inLanguage":"fr-FR","@id":"https:\/\/www.sk8.net\/wp\/?page_id=27578#primaryimage","url":"https:\/\/www.sk8.net\/wp\/wp-content\/uploads\/2020\/06\/Ray_Teenage-Bottlerocket@Groezrock20190055.jpg","contentUrl":"https:\/\/www.sk8.net\/wp\/wp-content\/uploads\/2020\/06\/Ray_Teenage-Bottlerocket@Groezrock20190055.jpg","width":2000,"height":1333},{"@type":"BreadcrumbList","@id":"https:\/\/www.sk8.net\/wp\/?page_id=27578#breadcrumb","itemListElement":[{"@type":"ListItem","position":1,"name":"MUSIC","item":"https:\/\/www.sk8.net\/wp\/?page_id=18972"},{"@type":"ListItem","position":2,"name":"INTERVIEWS","item":"https:\/\/www.sk8.net\/wp\/?page_id=27158"},{"@type":"ListItem","position":3,"name":"RAY CARLISLE"}]},{"@type":"WebSite","@id":"https:\/\/www.sk8.net\/wp\/#website","url":"https:\/\/www.sk8.net\/wp\/","name":"SK8.NET","description":"Skateboard Mag.","publisher":{"@id":"https:\/\/www.sk8.net\/wp\/#organization"},"alternateName":"www.sk8.net","potentialAction":[{"@type":"SearchAction","target":{"@type":"EntryPoint","urlTemplate":"https:\/\/www.sk8.net\/wp\/?s={search_term_string}"},"query-input":{"@type":"PropertyValueSpecification","valueRequired":true,"valueName":"search_term_string"}}],"inLanguage":"fr-FR"},{"@type":"Organization","@id":"https:\/\/www.sk8.net\/wp\/#organization","name":"SK8.NET","url":"https:\/\/www.sk8.net\/wp\/","logo":{"@type":"ImageObject","inLanguage":"fr-FR","@id":"https:\/\/www.sk8.net\/wp\/#\/schema\/logo\/image\/","url":"https:\/\/www.sk8.net\/wp\/wp-content\/uploads\/2023\/01\/Logo-SK8net_Clrs_2017.png","contentUrl":"https:\/\/www.sk8.net\/wp\/wp-content\/uploads\/2023\/01\/Logo-SK8net_Clrs_2017.png","width":865,"height":250,"caption":"SK8.NET"},"image":{"@id":"https:\/\/www.sk8.net\/wp\/#\/schema\/logo\/image\/"},"sameAs":["https:\/\/www.facebook.com\/sk8pointnet\/","https:\/\/x.com\/sk8net","https:\/\/www.instagram.com\/sk8pointnet\/","https:\/\/www.linkedin.com\/in\/sk8-net-030404a9\/"]}]}},"amp_enabled":true,"_links":{"self":[{"href":"https:\/\/www.sk8.net\/wp\/index.php?rest_route=\/wp\/v2\/pages\/27578","targetHints":{"allow":["GET"]}}],"collection":[{"href":"https:\/\/www.sk8.net\/wp\/index.php?rest_route=\/wp\/v2\/pages"}],"about":[{"href":"https:\/\/www.sk8.net\/wp\/index.php?rest_route=\/wp\/v2\/types\/page"}],"author":[{"embeddable":true,"href":"https:\/\/www.sk8.net\/wp\/index.php?rest_route=\/wp\/v2\/users\/2"}],"replies":[{"embeddable":true,"href":"https:\/\/www.sk8.net\/wp\/index.php?rest_route=%2Fwp%2Fv2%2Fcomments&post=27578"}],"version-history":[{"count":0,"href":"https:\/\/www.sk8.net\/wp\/index.php?rest_route=\/wp\/v2\/pages\/27578\/revisions"}],"up":[{"embeddable":true,"href":"https:\/\/www.sk8.net\/wp\/index.php?rest_route=\/wp\/v2\/pages\/27158"}],"wp:attachment":[{"href":"https:\/\/www.sk8.net\/wp\/index.php?rest_route=%2Fwp%2Fv2%2Fmedia&parent=27578"}],"curies":[{"name":"wp","href":"https:\/\/api.w.org\/{rel}","templated":true}]}}