{"id":27116,"date":"2020-04-17T20:13:59","date_gmt":"2020-04-17T19:13:59","guid":{"rendered":"https:\/\/www.sk8.net\/wp\/?page_id=27116"},"modified":"2026-02-17T20:39:49","modified_gmt":"2026-02-17T19:39:49","slug":"interview-de-sam-king-de-get-dead","status":"publish","type":"page","link":"https:\/\/www.sk8.net\/wp\/?page_id=27116","title":{"rendered":"SAM KING"},"content":{"rendered":"\n<h4 class=\"wp-block-heading has-cm-color-2-color has-text-color has-link-color wp-elements-946342e9613c530c71a88d5b92b51383\"><strong>GET DEAD<\/strong><\/h4>\n\n\n\n<figure class=\"wp-block-image aligncenter size-large is-resized\"><img loading=\"lazy\" decoding=\"async\" width=\"585\" height=\"590\" sizes=\"auto, (max-width: 585px) 100vw, 585px\" src=\"https:\/\/www.sk8.net\/wp\/wp-content\/uploads\/2020\/04\/sam-king-6_6-2019-1-585x590.jpg\" alt=\"\" class=\"wp-image-27120\" style=\"width:900px\" srcset=\"https:\/\/www.sk8.net\/wp\/wp-content\/uploads\/2020\/04\/sam-king-6_6-2019-1-585x590.jpg 585w, https:\/\/www.sk8.net\/wp\/wp-content\/uploads\/2020\/04\/sam-king-6_6-2019-1-298x300.jpg 298w, https:\/\/www.sk8.net\/wp\/wp-content\/uploads\/2020\/04\/sam-king-6_6-2019-1-92x92.jpg 92w, https:\/\/www.sk8.net\/wp\/wp-content\/uploads\/2020\/04\/sam-king-6_6-2019-1-768x774.jpg 768w, https:\/\/www.sk8.net\/wp\/wp-content\/uploads\/2020\/04\/sam-king-6_6-2019-1-150x150.jpg 150w, https:\/\/www.sk8.net\/wp\/wp-content\/uploads\/2020\/04\/sam-king-6_6-2019-1.jpg 1024w\" \/><figcaption class=\"wp-element-caption\">Sam King , portrait moyen format Ikoflex<\/figcaption><\/figure>\n\n\n\n<p class=\"has-luminous-vivid-orange-color has-text-color\"> <em><strong>Sam King est l\u2019embl\u00e9matique chanteur du groupe GET DEAD. Dans un style punkrock teint\u00e9 de folk, Sam vient poser sa voix rauque et son style de chant compl\u00e8tement d\u00e9jant\u00e9. C\u2019est la marque de fabrique de cet excellent groupe qui ne se m\u00e9nage pas sur sc\u00e8ne et sur la route. <\/strong><\/em><br \/><em><strong>Mon acolyte filmeur Silv\u00e8re (aka skarock76 sur youtube) et moi m\u00eame apr\u00e8s une op\u00e9ration de charme pour obtenir un full access pass, nous nous rendons tranquillement dans le village des artistes pour rencontrer Sam et parler un peu skate\u2026<\/strong><\/em><\/p>\n\n\n\n<p><em><strong>Photo et\ntexte&nbsp;: Sylvain Stricanne<\/strong><\/em><\/p>\n\n\n\n<p><em><strong>Soutien face \u00e0 l\u2019intimidant Sam King&nbsp;: Silv\u00e8re Vasselin<\/strong><\/em><\/p>\n\n\n\n<figure class=\"wp-block-image aligncenter size-large is-resized\"><img loading=\"lazy\" decoding=\"async\" width=\"590\" height=\"393\" sizes=\"auto, (max-width: 590px) 100vw, 590px\" src=\"https:\/\/www.sk8.net\/wp\/wp-content\/uploads\/2020\/04\/Sam-King_Get-Dead@Groezrock20190054-4-590x393.jpg\" alt=\"\" class=\"wp-image-27129\" style=\"width:900px\" srcset=\"https:\/\/www.sk8.net\/wp\/wp-content\/uploads\/2020\/04\/Sam-King_Get-Dead@Groezrock20190054-4-590x393.jpg 590w, https:\/\/www.sk8.net\/wp\/wp-content\/uploads\/2020\/04\/Sam-King_Get-Dead@Groezrock20190054-4-300x200.jpg 300w, https:\/\/www.sk8.net\/wp\/wp-content\/uploads\/2020\/04\/Sam-King_Get-Dead@Groezrock20190054-4-92x61.jpg 92w, https:\/\/www.sk8.net\/wp\/wp-content\/uploads\/2020\/04\/Sam-King_Get-Dead@Groezrock20190054-4-768x512.jpg 768w, https:\/\/www.sk8.net\/wp\/wp-content\/uploads\/2020\/04\/Sam-King_Get-Dead@Groezrock20190054-4.jpg 1024w\" \/><figcaption class=\"wp-element-caption\">Sam King de Get Dead 2019<\/figcaption><\/figure>\n\n\n\n<p class=\"has-luminous-vivid-orange-color has-text-color\"><em><strong>Salut Sam,\nj\u2019ai cru comprendre que tu skatais.<\/strong><\/em><\/p>\n\n\n\n<p>Oui c\u2019est vrai et j\u2019ai boss\u00e9 aussi pour Thrasher Magazine quand j\u2019avais environ 18 ans je participais \u00e0 fond dans la rubrique musicale. J\u2019ai grandi et commencer \u00e0 skater dans Bay Area.  <br \/>Je me r\u00e9galais du magazine et je voulais faire d\u00e9j\u00e0 de ma vie quelque chose entre la musique et le skate. J\u2019ai d\u2019ailleurs rid\u00e9 pour quelques marques comme Brotherhood Skateboards entre autre. La musique \u00e9tait toujours en lien en m\u00eame temps et plus encore en vieillissant.<\/p>\n\n\n\n<figure class=\"wp-block-image aligncenter size-large is-resized\"><img loading=\"lazy\" decoding=\"async\" width=\"590\" height=\"394\" sizes=\"auto, (max-width: 590px) 100vw, 590px\" src=\"https:\/\/www.sk8.net\/wp\/wp-content\/uploads\/2020\/04\/Get-Dead-Lars-Jensen-Photo-590x394.jpg\" alt=\"\" class=\"wp-image-27125\" style=\"width:900px\" srcset=\"https:\/\/www.sk8.net\/wp\/wp-content\/uploads\/2020\/04\/Get-Dead-Lars-Jensen-Photo-590x394.jpg 590w, https:\/\/www.sk8.net\/wp\/wp-content\/uploads\/2020\/04\/Get-Dead-Lars-Jensen-Photo-300x200.jpg 300w, https:\/\/www.sk8.net\/wp\/wp-content\/uploads\/2020\/04\/Get-Dead-Lars-Jensen-Photo-92x61.jpg 92w, https:\/\/www.sk8.net\/wp\/wp-content\/uploads\/2020\/04\/Get-Dead-Lars-Jensen-Photo-768x512.jpg 768w, https:\/\/www.sk8.net\/wp\/wp-content\/uploads\/2020\/04\/Get-Dead-Lars-Jensen-Photo.jpg 1000w\" \/><figcaption class=\"wp-element-caption\">Get Dead \/ Photo Lars Jensen<\/figcaption><\/figure>\n\n\n\n<p class=\"has-luminous-vivid-orange-color has-text-color\"><em><strong>Est-ce que tu te rappelles de ta premi\u00e8re rencontre musique et skate&nbsp;?<\/strong><\/em><\/p>\n\n\n\n<p>Probablement quand, petit, je vivais dans une petite ville nomm\u00e9e Saint Martin o\u00f9 il y avait un magasin de musique avec plein de vinyles et un rampe dans un champ de fraises. Je tanais ma m\u00e8re pour aller au champ de fraises, mais ma m\u00e8re qui \u00e9tait vraiment super jeune et vraiment g\u00e9nialement mignonne m\u2019y conduisait. Les riders \u00e9tait super content de me voir avec elle&#8230;Ah les enfoir\u00e9s&nbsp;!!! <br \/>L\u00e0-bas il y avait un groupe qui s\u2019appelait Sad Boys Sinister, ils venaient jouer r\u00e9guli\u00e8rement \u00e0 la rampe. Ils m\u2019ont appris \u00e0 dropper.<\/p>\n\n\n\n<p class=\"has-luminous-vivid-orange-color has-text-color\"><em><strong>Tu ne t\u2019es\npas plant\u00e9&nbsp;?<\/strong><\/em><\/p>\n\n\n\n<p>Si, mais j\u2019y suis\nretourn\u00e9 de suite et c\u2019est pass\u00e9.<\/p>\n\n\n\n<p class=\"has-luminous-vivid-orange-color has-text-color\"><strong>Et niveau\nmusique&nbsp;?<\/strong><\/p>\n\n\n\n<p>Mon premier groupe form\u00e9 jouait du punkrock.<\/p>\n\n\n\n<figure class=\"wp-block-image size-large is-resized\"><img loading=\"lazy\" decoding=\"async\" width=\"394\" height=\"590\" sizes=\"auto, (max-width: 394px) 100vw, 394px\" src=\"https:\/\/www.sk8.net\/wp\/wp-content\/uploads\/2020\/04\/getdead-3-394x590.jpg\" alt=\"\" class=\"wp-image-27124\" style=\"width:900px\" srcset=\"https:\/\/www.sk8.net\/wp\/wp-content\/uploads\/2020\/04\/getdead-3-394x590.jpg 394w, https:\/\/www.sk8.net\/wp\/wp-content\/uploads\/2020\/04\/getdead-3-200x300.jpg 200w, https:\/\/www.sk8.net\/wp\/wp-content\/uploads\/2020\/04\/getdead-3-61x92.jpg 61w, https:\/\/www.sk8.net\/wp\/wp-content\/uploads\/2020\/04\/getdead-3.jpg 534w\" \/><figcaption class=\"wp-element-caption\">Sam King de Get Dead au Brakrock Festival 2017<br \/><\/figcaption><\/figure>\n\n\n\n<p class=\"has-luminous-vivid-orange-color has-text-color\"><em><strong>Tu \u00e9tais\nint\u00e9ress\u00e9 par les musiques punkrock dans les vid\u00e9os de skate&nbsp;?<\/strong><\/em><\/p>\n\n\n\n<p class=\"has-text-align-left\">Pas trop, mes premi\u00e8res vid\u00e9os \u00e9taient les 411  avec Lance Mountain en pr\u00e9sentateur alors il y avait plut\u00f4t du Dinosaur Jr, De La Soul ou Tribe Called Quest. C\u2019est vrai que Skateboard et Punkrock sonnent comme des synonymes. Ce sont deux choses tr\u00e8s ouvertes sur la vie.<\/p>\n\n\n\n<p class=\"has-text-align-left has-luminous-vivid-orange-color has-text-color\"><em><strong>Tu utilises beaucoup le skateboard dans la promotion du groupe.<\/strong><\/em><\/p>\n\n\n\n<p class=\"has-text-align-left\">Je skate tous les jours que je peux. Je fais plut\u00f4t de la courbe mais je vais dans la rue ou les skateparks. Mais \u00e0 vrai dire j\u2019adore faire de la pool.<\/p>\n\n\n\n<p><\/p>\n\n\n\n<p class=\"has-text-align-left has-luminous-vivid-orange-color has-text-color\"><em><strong>Entre amis ou seul&nbsp;?<\/strong><\/em><\/p>\n\n\n\n<p class=\"has-text-align-left\">Plut\u00f4t avec mes potes et quand je suis en tourn\u00e9e, je tombe toujours sur d\u2019autres musiciens qui veulent skater, je ne veux pas faire ma chocotte mais il faut aussi que je fasse gaffe.<\/p>\n\n\n\n<p><\/p>\n\n\n\n<p><\/p>\n\n\n\n<figure class=\"wp-block-image aligncenter size-large is-resized\"><img loading=\"lazy\" decoding=\"async\" width=\"590\" height=\"394\" sizes=\"auto, (max-width: 590px) 100vw, 590px\" src=\"https:\/\/www.sk8.net\/wp\/wp-content\/uploads\/2020\/04\/getdead-1-590x394.jpg\" alt=\"\" class=\"wp-image-27122\" style=\"aspect-ratio:1.4957507082152974;object-fit:cover;width:900px\" srcset=\"https:\/\/www.sk8.net\/wp\/wp-content\/uploads\/2020\/04\/getdead-1-590x394.jpg 590w, https:\/\/www.sk8.net\/wp\/wp-content\/uploads\/2020\/04\/getdead-1-300x200.jpg 300w, https:\/\/www.sk8.net\/wp\/wp-content\/uploads\/2020\/04\/getdead-1-92x61.jpg 92w, https:\/\/www.sk8.net\/wp\/wp-content\/uploads\/2020\/04\/getdead-1-768x512.jpg 768w, https:\/\/www.sk8.net\/wp\/wp-content\/uploads\/2020\/04\/getdead-1.jpg 799w\" \/><figcaption class=\"wp-element-caption\">Get Dead au Groezrock Festival 2016<\/figcaption><\/figure>\n\n\n\n<figure class=\"wp-block-image aligncenter size-large is-resized\"><img loading=\"lazy\" decoding=\"async\" width=\"590\" height=\"393\" sizes=\"auto, (max-width: 590px) 100vw, 590px\" src=\"https:\/\/www.sk8.net\/wp\/wp-content\/uploads\/2020\/04\/getdead-2-590x393.jpg\" alt=\"\" class=\"wp-image-27123\" style=\"aspect-ratio:1.5014245014245013;object-fit:cover;width:900px\" srcset=\"https:\/\/www.sk8.net\/wp\/wp-content\/uploads\/2020\/04\/getdead-2-590x393.jpg 590w, https:\/\/www.sk8.net\/wp\/wp-content\/uploads\/2020\/04\/getdead-2-300x200.jpg 300w, https:\/\/www.sk8.net\/wp\/wp-content\/uploads\/2020\/04\/getdead-2-92x61.jpg 92w, https:\/\/www.sk8.net\/wp\/wp-content\/uploads\/2020\/04\/getdead-2-768x512.jpg 768w, https:\/\/www.sk8.net\/wp\/wp-content\/uploads\/2020\/04\/getdead-2.jpg 800w\" \/><figcaption class=\"wp-element-caption\">Sam King &#8211; Groezrock 2019<\/figcaption><\/figure>\n\n\n\n<p class=\"has-luminous-vivid-orange-color has-text-color\"><em><strong>Qui connais tu\ncomme musicien skateur&nbsp;?<\/strong><\/em><\/p>\n\n\n\n<p>Nuno de A Wilhelm Scream, qui poss\u00e8de d\u2019ailleurs son propre skateshop \u00e0 New Bedford, est un tr\u00e8s bon street skateur. Il y en a tellement. Apr\u00e8s il y a aussi les anciens skateurs pro, comme tu le sais certainement, qui sont devenus musiciens. Je pense \u00e0 Matt Hensley, Tommy Guerrero, Ray Barbee ou Mike Vallely qui chante pour Black Flag.<br \/>Je skatais aussi avec Jake Phelps (Rip mon pote) ou Tony Trujillo sur Santa Rosa.<\/p>\n\n\n\n<p><\/p>\n\n\n\n<p class=\"has-luminous-vivid-orange-color has-text-color\"><em><strong>Tu le\nconnaissais plut\u00f4t bien puisque tu \u00e9tais chez Thrasher.<\/strong><\/em><\/p>\n\n\n\n<p>Oui avec la clique\nJohn Minor, Trujillo ou Charly Watts. Nous nous sommes rencontr\u00e9s\nJake et moi \u00e0 San Francisco, il m\u2019a demand\u00e9 d\u2019\u00e9crire des\ninterviews. C\u2019\u00e9tait un mec vraiment honn\u00eate, droit qui m\u2019a\nd\u2019une certaine mani\u00e8re conduit au top.<\/p>\n\n\n\n<p class=\"has-luminous-vivid-orange-color has-text-color\"><em><strong>Whoooh, c\u2019est rad \u00e7a. Merci Sam pour cette discussion.<\/strong><\/em><\/p>\n\n\n\n<p>C\u2019est cool. Tenez\nles mecs j\u2019ai des tickets pour manger en trop, \u00e7a vous int\u00e9resse\nde bouffer \u00e0 l\u2019oeil&nbsp;?<\/p>\n\n\n\n<figure class=\"wp-block-image alignleft size-large\"><img loading=\"lazy\" decoding=\"async\" width=\"393\" height=\"590\" sizes=\"auto, (max-width: 393px) 100vw, 393px\" src=\"https:\/\/www.sk8.net\/wp\/wp-content\/uploads\/2020\/04\/Sam-King_Get-Dead@Groezrock20190054-2-393x590.jpg\" alt=\"\" class=\"wp-image-27127\" srcset=\"https:\/\/www.sk8.net\/wp\/wp-content\/uploads\/2020\/04\/Sam-King_Get-Dead@Groezrock20190054-2-393x590.jpg 393w, https:\/\/www.sk8.net\/wp\/wp-content\/uploads\/2020\/04\/Sam-King_Get-Dead@Groezrock20190054-2-200x300.jpg 200w, https:\/\/www.sk8.net\/wp\/wp-content\/uploads\/2020\/04\/Sam-King_Get-Dead@Groezrock20190054-2-61x92.jpg 61w, https:\/\/www.sk8.net\/wp\/wp-content\/uploads\/2020\/04\/Sam-King_Get-Dead@Groezrock20190054-2.jpg 682w\" \/><\/figure>\n\n\n\n<p class=\"has-luminous-vivid-orange-color has-text-color\"><em><strong>Oui carr\u00e9ment.\nMerci et \u00e0 bient\u00f4t pour rouler ensemble.<\/strong><\/em><\/p>\n\n\n\n<p> <em>S\u2019en suit un discussion informelle o\u00f9 Sam nous montre son tatouage skate entre autre, et de remarques rigolotes sur mon accent fran\u00e7ais lors de l\u2019interview avec le roadie de Get Dead qui est un belge, skateur&#8230;super rencontre.<\/em><\/p>\n\n\n\n<p><\/p>\n","protected":false},"excerpt":{"rendered":"<p>GET DEAD Sam King est l\u2019embl\u00e9matique chanteur du groupe GET DEAD. Dans un style punkrock teint\u00e9 de folk, Sam vient<\/p>\n","protected":false},"author":2,"featured_media":27154,"parent":27158,"menu_order":0,"comment_status":"closed","ping_status":"closed","template":"","meta":{"colormag_page_container_layout":"default_layout","colormag_page_sidebar_layout":"default_layout","footnotes":""},"class_list":["post-27116","page","type-page","status-publish","has-post-thumbnail","hentry"],"yoast_head":"<!-- This site is optimized with the Yoast SEO plugin v27.4 - https:\/\/yoast.com\/product\/yoast-seo-wordpress\/ -->\n<title>SAM KING - SK8.NET<\/title>\n<meta name=\"robots\" content=\"index, follow, max-snippet:-1, max-image-preview:large, max-video-preview:-1\" \/>\n<link rel=\"canonical\" href=\"https:\/\/www.sk8.net\/wp\/?page_id=27116\" \/>\n<meta property=\"og:locale\" content=\"fr_FR\" \/>\n<meta property=\"og:type\" content=\"article\" \/>\n<meta property=\"og:title\" content=\"Interview de Sam King de Get Dead\" \/>\n<meta property=\"og:description\" content=\"GET DEAD Sam King est l\u2019embl\u00e9matique chanteur du groupe GET DEAD. Dans un style punkrock teint\u00e9 de folk, Sam vient\" \/>\n<meta property=\"og:url\" content=\"https:\/\/www.sk8.net\/wp\/?page_id=27116\" \/>\n<meta property=\"og:site_name\" content=\"SK8.NET\" \/>\n<meta property=\"article:publisher\" content=\"https:\/\/www.facebook.com\/sk8pointnet\/\" \/>\n<meta property=\"article:modified_time\" content=\"2026-02-17T19:39:49+00:00\" \/>\n<meta property=\"og:image\" content=\"https:\/\/www.sk8.net\/wp\/wp-content\/uploads\/2020\/04\/Get-Dead-Lars-Jensen-Photo.jpg\" \/>\n\t<meta property=\"og:image:width\" content=\"1000\" \/>\n\t<meta property=\"og:image:height\" content=\"667\" \/>\n\t<meta property=\"og:image:type\" content=\"image\/jpeg\" \/>\n<meta name=\"twitter:card\" content=\"summary_large_image\" \/>\n<meta name=\"twitter:site\" content=\"@sk8net\" \/>\n<meta name=\"twitter:label1\" content=\"Dur\u00e9e de lecture estim\u00e9e\" \/>\n\t<meta name=\"twitter:data1\" content=\"4 minutes\" \/>\n<script type=\"application\/ld+json\" class=\"yoast-schema-graph\">{\"@context\":\"https:\\\/\\\/schema.org\",\"@graph\":[{\"@type\":\"WebPage\",\"@id\":\"https:\\\/\\\/www.sk8.net\\\/wp\\\/?page_id=27116\",\"url\":\"https:\\\/\\\/www.sk8.net\\\/wp\\\/?page_id=27116\",\"name\":\"SAM KING - SK8.NET\",\"isPartOf\":{\"@id\":\"https:\\\/\\\/www.sk8.net\\\/wp\\\/#website\"},\"primaryImageOfPage\":{\"@id\":\"https:\\\/\\\/www.sk8.net\\\/wp\\\/?page_id=27116#primaryimage\"},\"image\":{\"@id\":\"https:\\\/\\\/www.sk8.net\\\/wp\\\/?page_id=27116#primaryimage\"},\"thumbnailUrl\":\"https:\\\/\\\/www.sk8.net\\\/wp\\\/wp-content\\\/uploads\\\/2020\\\/04\\\/Get-Dead-Lars-Jensen-Photo_1200x675.jpg\",\"datePublished\":\"2020-04-17T19:13:59+00:00\",\"dateModified\":\"2026-02-17T19:39:49+00:00\",\"breadcrumb\":{\"@id\":\"https:\\\/\\\/www.sk8.net\\\/wp\\\/?page_id=27116#breadcrumb\"},\"inLanguage\":\"fr-FR\",\"potentialAction\":[{\"@type\":\"ReadAction\",\"target\":[\"https:\\\/\\\/www.sk8.net\\\/wp\\\/?page_id=27116\"]}]},{\"@type\":\"ImageObject\",\"inLanguage\":\"fr-FR\",\"@id\":\"https:\\\/\\\/www.sk8.net\\\/wp\\\/?page_id=27116#primaryimage\",\"url\":\"https:\\\/\\\/www.sk8.net\\\/wp\\\/wp-content\\\/uploads\\\/2020\\\/04\\\/Get-Dead-Lars-Jensen-Photo_1200x675.jpg\",\"contentUrl\":\"https:\\\/\\\/www.sk8.net\\\/wp\\\/wp-content\\\/uploads\\\/2020\\\/04\\\/Get-Dead-Lars-Jensen-Photo_1200x675.jpg\",\"width\":1200,\"height\":675},{\"@type\":\"BreadcrumbList\",\"@id\":\"https:\\\/\\\/www.sk8.net\\\/wp\\\/?page_id=27116#breadcrumb\",\"itemListElement\":[{\"@type\":\"ListItem\",\"position\":1,\"name\":\"MUSIC\",\"item\":\"https:\\\/\\\/www.sk8.net\\\/wp\\\/?page_id=18972\"},{\"@type\":\"ListItem\",\"position\":2,\"name\":\"INTERVIEWS\",\"item\":\"https:\\\/\\\/www.sk8.net\\\/wp\\\/?page_id=27158\"},{\"@type\":\"ListItem\",\"position\":3,\"name\":\"SAM KING\"}]},{\"@type\":\"WebSite\",\"@id\":\"https:\\\/\\\/www.sk8.net\\\/wp\\\/#website\",\"url\":\"https:\\\/\\\/www.sk8.net\\\/wp\\\/\",\"name\":\"SK8.NET\",\"description\":\"Skateboard Mag.\",\"publisher\":{\"@id\":\"https:\\\/\\\/www.sk8.net\\\/wp\\\/#organization\"},\"alternateName\":\"www.sk8.net\",\"potentialAction\":[{\"@type\":\"SearchAction\",\"target\":{\"@type\":\"EntryPoint\",\"urlTemplate\":\"https:\\\/\\\/www.sk8.net\\\/wp\\\/?s={search_term_string}\"},\"query-input\":{\"@type\":\"PropertyValueSpecification\",\"valueRequired\":true,\"valueName\":\"search_term_string\"}}],\"inLanguage\":\"fr-FR\"},{\"@type\":\"Organization\",\"@id\":\"https:\\\/\\\/www.sk8.net\\\/wp\\\/#organization\",\"name\":\"SK8.NET\",\"url\":\"https:\\\/\\\/www.sk8.net\\\/wp\\\/\",\"logo\":{\"@type\":\"ImageObject\",\"inLanguage\":\"fr-FR\",\"@id\":\"https:\\\/\\\/www.sk8.net\\\/wp\\\/#\\\/schema\\\/logo\\\/image\\\/\",\"url\":\"https:\\\/\\\/www.sk8.net\\\/wp\\\/wp-content\\\/uploads\\\/2023\\\/01\\\/Logo-SK8net_Clrs_2017.png\",\"contentUrl\":\"https:\\\/\\\/www.sk8.net\\\/wp\\\/wp-content\\\/uploads\\\/2023\\\/01\\\/Logo-SK8net_Clrs_2017.png\",\"width\":865,\"height\":250,\"caption\":\"SK8.NET\"},\"image\":{\"@id\":\"https:\\\/\\\/www.sk8.net\\\/wp\\\/#\\\/schema\\\/logo\\\/image\\\/\"},\"sameAs\":[\"https:\\\/\\\/www.facebook.com\\\/sk8pointnet\\\/\",\"https:\\\/\\\/x.com\\\/sk8net\",\"https:\\\/\\\/www.instagram.com\\\/sk8pointnet\\\/\",\"https:\\\/\\\/www.linkedin.com\\\/in\\\/sk8-net-030404a9\\\/\"]}]}<\/script>\n<!-- \/ Yoast SEO plugin. -->","yoast_head_json":{"title":"SAM KING - SK8.NET","robots":{"index":"index","follow":"follow","max-snippet":"max-snippet:-1","max-image-preview":"max-image-preview:large","max-video-preview":"max-video-preview:-1"},"canonical":"https:\/\/www.sk8.net\/wp\/?page_id=27116","og_locale":"fr_FR","og_type":"article","og_title":"Interview de Sam King de Get Dead","og_description":"GET DEAD Sam King est l\u2019embl\u00e9matique chanteur du groupe GET DEAD. Dans un style punkrock teint\u00e9 de folk, Sam vient","og_url":"https:\/\/www.sk8.net\/wp\/?page_id=27116","og_site_name":"SK8.NET","article_publisher":"https:\/\/www.facebook.com\/sk8pointnet\/","article_modified_time":"2026-02-17T19:39:49+00:00","og_image":[{"width":1000,"height":667,"url":"https:\/\/www.sk8.net\/wp\/wp-content\/uploads\/2020\/04\/Get-Dead-Lars-Jensen-Photo.jpg","type":"image\/jpeg"}],"twitter_card":"summary_large_image","twitter_site":"@sk8net","twitter_misc":{"Dur\u00e9e de lecture estim\u00e9e":"4 minutes"},"schema":{"@context":"https:\/\/schema.org","@graph":[{"@type":"WebPage","@id":"https:\/\/www.sk8.net\/wp\/?page_id=27116","url":"https:\/\/www.sk8.net\/wp\/?page_id=27116","name":"SAM KING - SK8.NET","isPartOf":{"@id":"https:\/\/www.sk8.net\/wp\/#website"},"primaryImageOfPage":{"@id":"https:\/\/www.sk8.net\/wp\/?page_id=27116#primaryimage"},"image":{"@id":"https:\/\/www.sk8.net\/wp\/?page_id=27116#primaryimage"},"thumbnailUrl":"https:\/\/www.sk8.net\/wp\/wp-content\/uploads\/2020\/04\/Get-Dead-Lars-Jensen-Photo_1200x675.jpg","datePublished":"2020-04-17T19:13:59+00:00","dateModified":"2026-02-17T19:39:49+00:00","breadcrumb":{"@id":"https:\/\/www.sk8.net\/wp\/?page_id=27116#breadcrumb"},"inLanguage":"fr-FR","potentialAction":[{"@type":"ReadAction","target":["https:\/\/www.sk8.net\/wp\/?page_id=27116"]}]},{"@type":"ImageObject","inLanguage":"fr-FR","@id":"https:\/\/www.sk8.net\/wp\/?page_id=27116#primaryimage","url":"https:\/\/www.sk8.net\/wp\/wp-content\/uploads\/2020\/04\/Get-Dead-Lars-Jensen-Photo_1200x675.jpg","contentUrl":"https:\/\/www.sk8.net\/wp\/wp-content\/uploads\/2020\/04\/Get-Dead-Lars-Jensen-Photo_1200x675.jpg","width":1200,"height":675},{"@type":"BreadcrumbList","@id":"https:\/\/www.sk8.net\/wp\/?page_id=27116#breadcrumb","itemListElement":[{"@type":"ListItem","position":1,"name":"MUSIC","item":"https:\/\/www.sk8.net\/wp\/?page_id=18972"},{"@type":"ListItem","position":2,"name":"INTERVIEWS","item":"https:\/\/www.sk8.net\/wp\/?page_id=27158"},{"@type":"ListItem","position":3,"name":"SAM KING"}]},{"@type":"WebSite","@id":"https:\/\/www.sk8.net\/wp\/#website","url":"https:\/\/www.sk8.net\/wp\/","name":"SK8.NET","description":"Skateboard Mag.","publisher":{"@id":"https:\/\/www.sk8.net\/wp\/#organization"},"alternateName":"www.sk8.net","potentialAction":[{"@type":"SearchAction","target":{"@type":"EntryPoint","urlTemplate":"https:\/\/www.sk8.net\/wp\/?s={search_term_string}"},"query-input":{"@type":"PropertyValueSpecification","valueRequired":true,"valueName":"search_term_string"}}],"inLanguage":"fr-FR"},{"@type":"Organization","@id":"https:\/\/www.sk8.net\/wp\/#organization","name":"SK8.NET","url":"https:\/\/www.sk8.net\/wp\/","logo":{"@type":"ImageObject","inLanguage":"fr-FR","@id":"https:\/\/www.sk8.net\/wp\/#\/schema\/logo\/image\/","url":"https:\/\/www.sk8.net\/wp\/wp-content\/uploads\/2023\/01\/Logo-SK8net_Clrs_2017.png","contentUrl":"https:\/\/www.sk8.net\/wp\/wp-content\/uploads\/2023\/01\/Logo-SK8net_Clrs_2017.png","width":865,"height":250,"caption":"SK8.NET"},"image":{"@id":"https:\/\/www.sk8.net\/wp\/#\/schema\/logo\/image\/"},"sameAs":["https:\/\/www.facebook.com\/sk8pointnet\/","https:\/\/x.com\/sk8net","https:\/\/www.instagram.com\/sk8pointnet\/","https:\/\/www.linkedin.com\/in\/sk8-net-030404a9\/"]}]}},"amp_enabled":true,"_links":{"self":[{"href":"https:\/\/www.sk8.net\/wp\/index.php?rest_route=\/wp\/v2\/pages\/27116","targetHints":{"allow":["GET"]}}],"collection":[{"href":"https:\/\/www.sk8.net\/wp\/index.php?rest_route=\/wp\/v2\/pages"}],"about":[{"href":"https:\/\/www.sk8.net\/wp\/index.php?rest_route=\/wp\/v2\/types\/page"}],"author":[{"embeddable":true,"href":"https:\/\/www.sk8.net\/wp\/index.php?rest_route=\/wp\/v2\/users\/2"}],"replies":[{"embeddable":true,"href":"https:\/\/www.sk8.net\/wp\/index.php?rest_route=%2Fwp%2Fv2%2Fcomments&post=27116"}],"version-history":[{"count":0,"href":"https:\/\/www.sk8.net\/wp\/index.php?rest_route=\/wp\/v2\/pages\/27116\/revisions"}],"up":[{"embeddable":true,"href":"https:\/\/www.sk8.net\/wp\/index.php?rest_route=\/wp\/v2\/pages\/27158"}],"wp:featuredmedia":[{"embeddable":true,"href":"https:\/\/www.sk8.net\/wp\/index.php?rest_route=\/wp\/v2\/media\/27154"}],"wp:attachment":[{"href":"https:\/\/www.sk8.net\/wp\/index.php?rest_route=%2Fwp%2Fv2%2Fmedia&parent=27116"}],"curies":[{"name":"wp","href":"https:\/\/api.w.org\/{rel}","templated":true}]}}