{"id":24416,"date":"2018-05-24T14:04:58","date_gmt":"2018-05-24T12:04:58","guid":{"rendered":"http:\/\/www.sk8.net\/wp\/?page_id=24416"},"modified":"2026-02-14T18:00:28","modified_gmt":"2026-02-14T17:00:28","slug":"championnat-de-france-de-skateboard-2018-bowl-marignane","status":"publish","type":"page","link":"https:\/\/www.sk8.net\/wp\/?page_id=24416","title":{"rendered":"CdF 2018-Bowl_Marignane"},"content":{"rendered":"\n<h4 class=\"wp-block-heading\"><strong>Championnat de France de Skateboard 2018- Bowl &#8211; Marignane<\/strong><\/h4>\n\n\n\n<p>Pour la premi\u00e8re fois cette ann\u00e9e le circuit du Championnat de France de Skateboard a pos\u00e9 ses valises en ext\u00e9rieur au magnifique park de Marignane. M\u00eame si le park offre une belle street plaza, c&rsquo;est le bowl qui nous int\u00e9ressait ce week-end.<\/p>\n\n\n\n<p>Comme esp\u00e9r\u00e9, le soleil \u00e9tait bel et bien pr\u00e9sent et les organismes des riders ont \u00e9t\u00e9 mis \u00e0 rude \u00e9preuve, pas encore habitu\u00e9s \u00e0 la chaleur apr\u00e8s un tr\u00e8s long hiver ! On regrettera pas mal d&rsquo;absents sur cette \u00e9tape, la faute aux blessures pour certains et aux diverses r\u00e9visions scolaires pour d&rsquo;autres, mais le spectacle a quand m\u00eame \u00e9t\u00e9 assur\u00e9 !<\/p>\n\n\n\n<p><strong>&nbsp;<\/strong><\/p>\n\n\n\n<p><strong>Madi score encore !<br \/><\/strong>Ceux qui sont d\u00e9j\u00e0 all\u00e9s rouler le bowl de Marignane savent \u00e0 quel point les lignes sont compliqu\u00e9es \u00e0 d\u00e9busquer, sans oublier l&rsquo;engagement que ce combi-bowl dot\u00e9 d&rsquo;un pool en son centre demande, puisqu&rsquo;il flirt ais\u00e9ment avec les 3m par endroit, intimident donc, mais pas plus que \u00e7a pour les filles qui ont offert de bons runs et sont all\u00e9es poser des tricks dans toutes les parties du bowl.<\/p>\n\n\n\n<p>Marine Montesinos a bien carv\u00e9 mais ses runs manquaient de tricks solides pour pr\u00e9tendre se classer mieux que 6e sur cette \u00e9tape. La rideuse de Rennes Louise Crespin se classe 5e gr\u00e2ce \u00e0 ses BS Ollies sur le hip et autres BS boneless. En 4e position on retrouve Chlo\u00e9 Bernard qui comme \u00e0 son habitude a \u00ab\u00a0surf\u00e9\u00a0\u00bb le park avec le flow qu&rsquo;on lui connait. Sur le podium, la Toulousaine J\u00e9romine Louvet ne peut pr\u00e9tendre \u00e0 mieux qu&rsquo;une troisi\u00e8me place malgr\u00e9 des bons melon grabs au dessus du spine, un petit peu trop de chutes lui co\u00fbtent une meilleure place. Copi\u00e9-coll\u00e9 du podium Lyonnais au mois de mars dernier, c&rsquo;est Shani Bru qui une nouvelle fois termine 2e et Madeleine Larcheron qui s&rsquo;impose. On notera l&rsquo;invert de Shani dans le pool mais la main l\u00e9g\u00e8rement sous le coping a peut-\u00eatre fait la diff\u00e9rence, Madeleine du haut de ses 12 ans n&rsquo;a pas sembl\u00e9 du tout impressionn\u00e9e par la taille du spot et l&rsquo;a parfaitement domin\u00e9, fifty-fifty et FS air dans le deep end, FS air et BS air sur les hips le tout li\u00e9 par de bonnes phases de carving et l&rsquo;affaire \u00e9tait pli\u00e9e !<\/p>\n\n\n\n<figure class=\"wp-block-image is-resized wp-image-24421 size-full\"><img loading=\"lazy\" decoding=\"async\" width=\"590\" height=\"885\" sizes=\"auto, (max-width: 590px) 100vw, 590px\" src=\"http:\/\/www.sk8.net\/wp\/wp-content\/uploads\/2018\/05\/01.jpg\" alt=\"\" class=\"wp-image-24421\" style=\"width:900px\" srcset=\"https:\/\/www.sk8.net\/wp\/wp-content\/uploads\/2018\/05\/01.jpg 590w, https:\/\/www.sk8.net\/wp\/wp-content\/uploads\/2018\/05\/01-61x92.jpg 61w, https:\/\/www.sk8.net\/wp\/wp-content\/uploads\/2018\/05\/01-200x300.jpg 200w, https:\/\/www.sk8.net\/wp\/wp-content\/uploads\/2018\/05\/01-393x590.jpg 393w\" \/><figcaption class=\"wp-element-caption\">Shani Bru &#8211; fs air \u00a9Cl\u00e9ment Le Gall<\/figcaption><\/figure>\n\n\n\n<p class=\"has-text-align-center\"><strong><em><u>R\u00e9sultats Filles:<br \/><\/u><\/em><\/strong><strong>1- Madeleine Larcheron (Capbreton &#8211; Santocha Skate Club).&nbsp;<\/strong><strong>2- Shani Bru (Bergerac &#8211; All Boards Family).&nbsp;<\/strong><strong>3- J\u00e9romine Louvet<\/strong>&nbsp;<strong>(Toulouse &#8211; ARA).&nbsp;<\/strong>4- Chlo\u00e9 Bernard.&nbsp;5- Louise Crespin.&nbsp;6- Marine Montesinos<\/p>\n\n\n\n<p><strong>Noah Mahieu r\u00e9plique !<br \/><\/strong>Une fois de plus les moins de 18 ont fait le show et ce n&rsquo;est pas mentir de dire que les 12 demi-finalistes n&rsquo;ont pas facilit\u00e9 la t\u00e2che des juges tant le niveau \u00e9tait \u00e9lev\u00e9 !<\/p>\n\n\n\n<p>Dans la famille Matheron je demande le petit fr\u00e8re ! Nathan, 11 ans, fra\u00eechement rentr\u00e9 de vacances en Californie ne cesse de progresser, attendez un peu qu&rsquo;il prenne de la puissance&#8230; Il se hisse jusqu&rsquo;en finale et se classe 6e, mention sp\u00e9ciale pour son BS 360 du bowl au pool lors de la session best trick. Petit coup d&rsquo;arr\u00eat pour Antoine Laurent qui ne termine qu&rsquo;\u00e0 la 5e place, pour \u00eatre honn\u00eate on l&rsquo;attendait plus haut mais un petit manque de consistance lui co\u00fbte un meilleur classement, il nous aura quand m\u00eame r\u00e9gal\u00e9 tout le week-end avec son large \u00e9ventail de tricks. Tom Belot n&rsquo;accroche pas le podium malgr\u00e9 des runs originaux, il \u00e9tait quasiment le seul \u00e0 exploiter les modules situ\u00e9s autour du bowl sur les plateformes, peut-\u00eatre un peu trop ? Comme \u00e0 Lyon lors de la pr\u00e9c\u00e9dente \u00e9tape de bowl, Hugo Westrelin termine 3e gr\u00e2ce \u00e0 un tr\u00e8s gros premier run de finale ponctu\u00e9 par un BS nosepick bien fat sur l&rsquo;extension du deep end ! Le Br\u00e9silien install\u00e9 \u00e0 Capbreton, Aaron Penna Des Bouillons r\u00e9alise son meilleur r\u00e9sultat sur le championnat de France avec cette 2e place, des runs complets et a\u00e9riens, peu voire pas de d\u00e9ch\u00eat mais qui manque encore d&rsquo;un petit quelque chose pour s&rsquo;imposer. Retour sur la plus haute marche du podium pour Noah Mahieu qui n&rsquo;a pas laiss\u00e9 le moindre doute dans la t\u00eate des juges, \u00e7a va vite, c&rsquo;est styl\u00e9 et hyper propre, vari\u00e9 et tout en contr\u00f4le, un r\u00e9gal pour les spectateurs !<\/p>\n\n\n\n<figure class=\"wp-block-image is-resized wp-image-24419 size-full\"><img loading=\"lazy\" decoding=\"async\" width=\"590\" height=\"393\" sizes=\"auto, (max-width: 590px) 100vw, 590px\" src=\"http:\/\/www.sk8.net\/wp\/wp-content\/uploads\/2018\/05\/02.jpg\" alt=\"\" class=\"wp-image-24419\" style=\"width:900px\" srcset=\"https:\/\/www.sk8.net\/wp\/wp-content\/uploads\/2018\/05\/02.jpg 590w, https:\/\/www.sk8.net\/wp\/wp-content\/uploads\/2018\/05\/02-92x61.jpg 92w, https:\/\/www.sk8.net\/wp\/wp-content\/uploads\/2018\/05\/02-300x200.jpg 300w\" \/><figcaption class=\"wp-element-caption\">Noah Mahieu &#8211; fs crailslide \u00a9Cl\u00e9ment Le Gall<\/figcaption><\/figure>\n\n\n\n<p class=\"has-text-align-center\"><strong><em><u>R\u00e9sultats Juniors:<br \/><\/u><\/em><\/strong><strong>1- Noah Mahieu (Seignosse &#8211; Consortium).&nbsp;<\/strong><strong>2- Aaron Penna-Des Bouillons (Capbreton &#8211; Skate Club Hossegor).&nbsp;<\/strong><strong>3- Hugo Westrelin (Biarritz &#8211; Lassosala\u00ef).&nbsp;<\/strong>4- Tom Belot.&nbsp;5- Antoine Laurent.&nbsp;6- Nathan Matheron<\/p>\n\n\n\n<p><strong>George Poole et les Marseillais !<br \/><\/strong>1 Anglais et 5 Marseillais pour une finale in\u00e9dite en Championnat de France&#8230; 6e, Vincent Matheron, bless\u00e9 au talon, a pr\u00e9f\u00e9r\u00e9 ne pas prendre de risque et n&rsquo;a pas roul\u00e9 en finale, il faut dire qu&rsquo;il sera &lsquo;tour contender&rsquo; sur le circuit Vans Park Series cette ann\u00e9e et que la premi\u00e8re \u00e9tape au Br\u00e9sil aura lieu dans 15 jours. 5e, Micka\u00ebl Kaba, quelques bons tricks mais des runs hach\u00e9s ne lui permettent pas d&rsquo;esp\u00e9rer mieux. Jean Pantaleo \u00e9tait un s\u00e9rieux pr\u00e9tendant \u00e0 la plus haute marche du podium sur ce contest, il conna\u00eet ce bowl comme sa poche et le shred \u00e0 haute vitesse ne laissant aucune parcelle de coping indemne&nbsp;; malheureusement le jeune Marseillais a encore un peu de mal \u00e0 canaliser son \u00e9nergie d\u00e9bordante et n&rsquo;a pas r\u00e9ussi \u00e0 faire un run sans faute en finale. Son pote Sam G\u00e9oni lui, se fait une place sur la 3e marche du podium avec des runs consistants, \u00e0 grande vitesse, inesp\u00e9r\u00e9 compte tenu de l&rsquo;entorse qu&rsquo;il s&rsquo;est faite la veille en BS tail shove-it sur un ledge&#8230; Eric Vidal signe son retour \u00e0 la comp\u00e9tition avec une belle deuxi\u00e8me place, toujours aussi a\u00e9rien avec d&rsquo;\u00e9normes FS nosebone, stalefish, method et autre tailgrab one foot, \u00e7a fait plaisir ! Premier donc, George Poole qui comme d&rsquo;habitude a d\u00e9roul\u00e9 un savoureux m\u00e9lange d&rsquo;airs et de lip tricks bien techniques \u00e0 base d&rsquo;\u00e9normes BS ollies et de BS noseblunts dans le deep end, well done mate !<\/p>\n\n\n\n<figure class=\"wp-block-image is-resized wp-image-24422 size-full\"><img loading=\"lazy\" decoding=\"async\" width=\"590\" height=\"393\" sizes=\"auto, (max-width: 590px) 100vw, 590px\" src=\"http:\/\/www.sk8.net\/wp\/wp-content\/uploads\/2018\/05\/03.jpg\" alt=\"\" class=\"wp-image-24422\" style=\"width:900px\" srcset=\"https:\/\/www.sk8.net\/wp\/wp-content\/uploads\/2018\/05\/03.jpg 590w, https:\/\/www.sk8.net\/wp\/wp-content\/uploads\/2018\/05\/03-92x61.jpg 92w, https:\/\/www.sk8.net\/wp\/wp-content\/uploads\/2018\/05\/03-300x200.jpg 300w\" \/><figcaption class=\"wp-element-caption\">George Poole &#8211; bs ollie \u00a9Cl\u00e9ment Le Gall<\/figcaption><\/figure>\n\n\n\n<p class=\"has-text-align-center\"><strong><em><u>R\u00e9sultats Seniors:<br \/><\/u><\/em><\/strong><strong>1- George Poole (Seignosse &#8211; Hossegor Skate Club).&nbsp;<\/strong><strong>2- Eric Vidal (Marseille &#8211; BSM).&nbsp;<\/strong><strong>3- Samuel Geoni (Marseille &#8211; Powerslide).&nbsp;<\/strong>4- Jean Pantaleo. 5- Mickael Kaba.&nbsp;6- Vincent Matheron<\/p>\n\n\n\n<figure class=\"wp-block-embed is-type-video is-provider-youtube wp-block-embed-youtube wp-embed-aspect-16-9 wp-has-aspect-ratio\"><div class=\"wp-block-embed__wrapper\">\n<iframe loading=\"lazy\" title=\"Marignane France Skateboard CDF Bowl 2018\" width=\"800\" height=\"450\" src=\"https:\/\/www.youtube.com\/embed\/1M-eZhb5ZaI?feature=oembed\" frameborder=\"0\" allow=\"accelerometer; autoplay; clipboard-write; encrypted-media; gyroscope; picture-in-picture; web-share\" referrerpolicy=\"strict-origin-when-cross-origin\" allowfullscreen><\/iframe>\n<\/div><\/figure>\n","protected":false},"excerpt":{"rendered":"<p>Championnat de France de Skateboard 2018- Bowl &#8211; Marignane Pour la premi\u00e8re fois cette ann\u00e9e le circuit du Championnat de<\/p>\n","protected":false},"author":2,"featured_media":0,"parent":70,"menu_order":0,"comment_status":"closed","ping_status":"closed","template":"","meta":{"colormag_page_container_layout":"default_layout","colormag_page_sidebar_layout":"default_layout","footnotes":""},"class_list":["post-24416","page","type-page","status-publish","hentry"],"yoast_head":"<!-- This site is optimized with the Yoast SEO plugin v27.4 - https:\/\/yoast.com\/product\/yoast-seo-wordpress\/ -->\n<title>CdF 2018-Bowl_Marignane - SK8.NET<\/title>\n<meta name=\"robots\" content=\"index, follow, max-snippet:-1, max-image-preview:large, max-video-preview:-1\" \/>\n<link rel=\"canonical\" href=\"https:\/\/www.sk8.net\/wp\/?page_id=24416\" \/>\n<meta property=\"og:locale\" content=\"fr_FR\" \/>\n<meta property=\"og:type\" content=\"article\" \/>\n<meta property=\"og:title\" content=\"Championnat de France de Skateboard 2018- Bowl - Marignane\" \/>\n<meta property=\"og:description\" content=\"Championnat de France de Skateboard 2018- Bowl &#8211; Marignane Pour la premi\u00e8re fois cette ann\u00e9e le circuit du Championnat de\" \/>\n<meta property=\"og:url\" content=\"https:\/\/www.sk8.net\/wp\/?page_id=24416\" \/>\n<meta property=\"og:site_name\" content=\"SK8.NET\" \/>\n<meta property=\"article:publisher\" content=\"https:\/\/www.facebook.com\/sk8pointnet\/\" \/>\n<meta property=\"article:modified_time\" content=\"2026-02-14T17:00:28+00:00\" \/>\n<meta property=\"og:image\" content=\"https:\/\/www.sk8.net\/wp\/wp-content\/uploads\/2018\/05\/01.jpg\" \/>\n\t<meta property=\"og:image:width\" content=\"590\" \/>\n\t<meta property=\"og:image:height\" content=\"885\" \/>\n\t<meta property=\"og:image:type\" content=\"image\/jpeg\" \/>\n<meta name=\"twitter:card\" content=\"summary_large_image\" \/>\n<meta name=\"twitter:site\" content=\"@sk8net\" \/>\n<meta name=\"twitter:label1\" content=\"Dur\u00e9e de lecture estim\u00e9e\" \/>\n\t<meta name=\"twitter:data1\" content=\"6 minutes\" \/>\n<script type=\"application\/ld+json\" class=\"yoast-schema-graph\">{\"@context\":\"https:\\\/\\\/schema.org\",\"@graph\":[{\"@type\":\"WebPage\",\"@id\":\"https:\\\/\\\/www.sk8.net\\\/wp\\\/?page_id=24416\",\"url\":\"https:\\\/\\\/www.sk8.net\\\/wp\\\/?page_id=24416\",\"name\":\"CdF 2018-Bowl_Marignane - SK8.NET\",\"isPartOf\":{\"@id\":\"https:\\\/\\\/www.sk8.net\\\/wp\\\/#website\"},\"primaryImageOfPage\":{\"@id\":\"https:\\\/\\\/www.sk8.net\\\/wp\\\/?page_id=24416#primaryimage\"},\"image\":{\"@id\":\"https:\\\/\\\/www.sk8.net\\\/wp\\\/?page_id=24416#primaryimage\"},\"thumbnailUrl\":\"http:\\\/\\\/www.sk8.net\\\/wp\\\/wp-content\\\/uploads\\\/2018\\\/05\\\/01.jpg\",\"datePublished\":\"2018-05-24T12:04:58+00:00\",\"dateModified\":\"2026-02-14T17:00:28+00:00\",\"breadcrumb\":{\"@id\":\"https:\\\/\\\/www.sk8.net\\\/wp\\\/?page_id=24416#breadcrumb\"},\"inLanguage\":\"fr-FR\",\"potentialAction\":[{\"@type\":\"ReadAction\",\"target\":[\"https:\\\/\\\/www.sk8.net\\\/wp\\\/?page_id=24416\"]}]},{\"@type\":\"ImageObject\",\"inLanguage\":\"fr-FR\",\"@id\":\"https:\\\/\\\/www.sk8.net\\\/wp\\\/?page_id=24416#primaryimage\",\"url\":\"http:\\\/\\\/www.sk8.net\\\/wp\\\/wp-content\\\/uploads\\\/2018\\\/05\\\/01.jpg\",\"contentUrl\":\"http:\\\/\\\/www.sk8.net\\\/wp\\\/wp-content\\\/uploads\\\/2018\\\/05\\\/01.jpg\"},{\"@type\":\"BreadcrumbList\",\"@id\":\"https:\\\/\\\/www.sk8.net\\\/wp\\\/?page_id=24416#breadcrumb\",\"itemListElement\":[{\"@type\":\"ListItem\",\"position\":1,\"name\":\"REPORTS\",\"item\":\"https:\\\/\\\/www.sk8.net\\\/wp\\\/?page_id=70\"},{\"@type\":\"ListItem\",\"position\":2,\"name\":\"CdF 2018-Bowl_Marignane\"}]},{\"@type\":\"WebSite\",\"@id\":\"https:\\\/\\\/www.sk8.net\\\/wp\\\/#website\",\"url\":\"https:\\\/\\\/www.sk8.net\\\/wp\\\/\",\"name\":\"SK8.NET\",\"description\":\"Skateboard Mag.\",\"publisher\":{\"@id\":\"https:\\\/\\\/www.sk8.net\\\/wp\\\/#organization\"},\"alternateName\":\"www.sk8.net\",\"potentialAction\":[{\"@type\":\"SearchAction\",\"target\":{\"@type\":\"EntryPoint\",\"urlTemplate\":\"https:\\\/\\\/www.sk8.net\\\/wp\\\/?s={search_term_string}\"},\"query-input\":{\"@type\":\"PropertyValueSpecification\",\"valueRequired\":true,\"valueName\":\"search_term_string\"}}],\"inLanguage\":\"fr-FR\"},{\"@type\":\"Organization\",\"@id\":\"https:\\\/\\\/www.sk8.net\\\/wp\\\/#organization\",\"name\":\"SK8.NET\",\"url\":\"https:\\\/\\\/www.sk8.net\\\/wp\\\/\",\"logo\":{\"@type\":\"ImageObject\",\"inLanguage\":\"fr-FR\",\"@id\":\"https:\\\/\\\/www.sk8.net\\\/wp\\\/#\\\/schema\\\/logo\\\/image\\\/\",\"url\":\"https:\\\/\\\/www.sk8.net\\\/wp\\\/wp-content\\\/uploads\\\/2023\\\/01\\\/Logo-SK8net_Clrs_2017.png\",\"contentUrl\":\"https:\\\/\\\/www.sk8.net\\\/wp\\\/wp-content\\\/uploads\\\/2023\\\/01\\\/Logo-SK8net_Clrs_2017.png\",\"width\":865,\"height\":250,\"caption\":\"SK8.NET\"},\"image\":{\"@id\":\"https:\\\/\\\/www.sk8.net\\\/wp\\\/#\\\/schema\\\/logo\\\/image\\\/\"},\"sameAs\":[\"https:\\\/\\\/www.facebook.com\\\/sk8pointnet\\\/\",\"https:\\\/\\\/x.com\\\/sk8net\",\"https:\\\/\\\/www.instagram.com\\\/sk8pointnet\\\/\",\"https:\\\/\\\/www.linkedin.com\\\/in\\\/sk8-net-030404a9\\\/\"]}]}<\/script>\n<!-- \/ Yoast SEO plugin. -->","yoast_head_json":{"title":"CdF 2018-Bowl_Marignane - SK8.NET","robots":{"index":"index","follow":"follow","max-snippet":"max-snippet:-1","max-image-preview":"max-image-preview:large","max-video-preview":"max-video-preview:-1"},"canonical":"https:\/\/www.sk8.net\/wp\/?page_id=24416","og_locale":"fr_FR","og_type":"article","og_title":"Championnat de France de Skateboard 2018- Bowl - Marignane","og_description":"Championnat de France de Skateboard 2018- Bowl &#8211; Marignane Pour la premi\u00e8re fois cette ann\u00e9e le circuit du Championnat de","og_url":"https:\/\/www.sk8.net\/wp\/?page_id=24416","og_site_name":"SK8.NET","article_publisher":"https:\/\/www.facebook.com\/sk8pointnet\/","article_modified_time":"2026-02-14T17:00:28+00:00","og_image":[{"width":590,"height":885,"url":"https:\/\/www.sk8.net\/wp\/wp-content\/uploads\/2018\/05\/01.jpg","type":"image\/jpeg"}],"twitter_card":"summary_large_image","twitter_site":"@sk8net","twitter_misc":{"Dur\u00e9e de lecture estim\u00e9e":"6 minutes"},"schema":{"@context":"https:\/\/schema.org","@graph":[{"@type":"WebPage","@id":"https:\/\/www.sk8.net\/wp\/?page_id=24416","url":"https:\/\/www.sk8.net\/wp\/?page_id=24416","name":"CdF 2018-Bowl_Marignane - SK8.NET","isPartOf":{"@id":"https:\/\/www.sk8.net\/wp\/#website"},"primaryImageOfPage":{"@id":"https:\/\/www.sk8.net\/wp\/?page_id=24416#primaryimage"},"image":{"@id":"https:\/\/www.sk8.net\/wp\/?page_id=24416#primaryimage"},"thumbnailUrl":"http:\/\/www.sk8.net\/wp\/wp-content\/uploads\/2018\/05\/01.jpg","datePublished":"2018-05-24T12:04:58+00:00","dateModified":"2026-02-14T17:00:28+00:00","breadcrumb":{"@id":"https:\/\/www.sk8.net\/wp\/?page_id=24416#breadcrumb"},"inLanguage":"fr-FR","potentialAction":[{"@type":"ReadAction","target":["https:\/\/www.sk8.net\/wp\/?page_id=24416"]}]},{"@type":"ImageObject","inLanguage":"fr-FR","@id":"https:\/\/www.sk8.net\/wp\/?page_id=24416#primaryimage","url":"http:\/\/www.sk8.net\/wp\/wp-content\/uploads\/2018\/05\/01.jpg","contentUrl":"http:\/\/www.sk8.net\/wp\/wp-content\/uploads\/2018\/05\/01.jpg"},{"@type":"BreadcrumbList","@id":"https:\/\/www.sk8.net\/wp\/?page_id=24416#breadcrumb","itemListElement":[{"@type":"ListItem","position":1,"name":"REPORTS","item":"https:\/\/www.sk8.net\/wp\/?page_id=70"},{"@type":"ListItem","position":2,"name":"CdF 2018-Bowl_Marignane"}]},{"@type":"WebSite","@id":"https:\/\/www.sk8.net\/wp\/#website","url":"https:\/\/www.sk8.net\/wp\/","name":"SK8.NET","description":"Skateboard Mag.","publisher":{"@id":"https:\/\/www.sk8.net\/wp\/#organization"},"alternateName":"www.sk8.net","potentialAction":[{"@type":"SearchAction","target":{"@type":"EntryPoint","urlTemplate":"https:\/\/www.sk8.net\/wp\/?s={search_term_string}"},"query-input":{"@type":"PropertyValueSpecification","valueRequired":true,"valueName":"search_term_string"}}],"inLanguage":"fr-FR"},{"@type":"Organization","@id":"https:\/\/www.sk8.net\/wp\/#organization","name":"SK8.NET","url":"https:\/\/www.sk8.net\/wp\/","logo":{"@type":"ImageObject","inLanguage":"fr-FR","@id":"https:\/\/www.sk8.net\/wp\/#\/schema\/logo\/image\/","url":"https:\/\/www.sk8.net\/wp\/wp-content\/uploads\/2023\/01\/Logo-SK8net_Clrs_2017.png","contentUrl":"https:\/\/www.sk8.net\/wp\/wp-content\/uploads\/2023\/01\/Logo-SK8net_Clrs_2017.png","width":865,"height":250,"caption":"SK8.NET"},"image":{"@id":"https:\/\/www.sk8.net\/wp\/#\/schema\/logo\/image\/"},"sameAs":["https:\/\/www.facebook.com\/sk8pointnet\/","https:\/\/x.com\/sk8net","https:\/\/www.instagram.com\/sk8pointnet\/","https:\/\/www.linkedin.com\/in\/sk8-net-030404a9\/"]}]}},"amp_enabled":true,"_links":{"self":[{"href":"https:\/\/www.sk8.net\/wp\/index.php?rest_route=\/wp\/v2\/pages\/24416","targetHints":{"allow":["GET"]}}],"collection":[{"href":"https:\/\/www.sk8.net\/wp\/index.php?rest_route=\/wp\/v2\/pages"}],"about":[{"href":"https:\/\/www.sk8.net\/wp\/index.php?rest_route=\/wp\/v2\/types\/page"}],"author":[{"embeddable":true,"href":"https:\/\/www.sk8.net\/wp\/index.php?rest_route=\/wp\/v2\/users\/2"}],"replies":[{"embeddable":true,"href":"https:\/\/www.sk8.net\/wp\/index.php?rest_route=%2Fwp%2Fv2%2Fcomments&post=24416"}],"version-history":[{"count":0,"href":"https:\/\/www.sk8.net\/wp\/index.php?rest_route=\/wp\/v2\/pages\/24416\/revisions"}],"up":[{"embeddable":true,"href":"https:\/\/www.sk8.net\/wp\/index.php?rest_route=\/wp\/v2\/pages\/70"}],"wp:attachment":[{"href":"https:\/\/www.sk8.net\/wp\/index.php?rest_route=%2Fwp%2Fv2%2Fmedia&parent=24416"}],"curies":[{"name":"wp","href":"https:\/\/api.w.org\/{rel}","templated":true}]}}