{"id":24303,"date":"2018-04-30T14:16:42","date_gmt":"2018-04-30T12:16:42","guid":{"rendered":"http:\/\/www.sk8.net\/wp\/?page_id=24303"},"modified":"2026-02-14T18:02:23","modified_gmt":"2026-02-14T17:02:23","slug":"championnat-de-france-de-skateboard-2018-biarritz","status":"publish","type":"page","link":"https:\/\/www.sk8.net\/wp\/?page_id=24303","title":{"rendered":"CdF 2018_Biarritz"},"content":{"rendered":"\n<h4 class=\"wp-block-heading\"><strong>Championnat de France de Skateboard 2018 &#8211; Biarritz<\/strong><\/h4>\n\n\n\n<p>Pour la 2\u00e8me ann\u00e9e cons\u00e9cutive, le Championnat de France de Skateboard s&rsquo;est install\u00e9 au Pays-Basque le temps d&rsquo;un week-end, dans le magnifique park de Biarritz pour \u00eatre parfaitement pr\u00e9cis.<\/p>\n\n\n\n<p>Au programme, une \u00e9tape 100% &lsquo;street&rsquo;, ultime \u00e9preuve de qualification de la cuv\u00e9e 2018 du circuit pour acc\u00e9der \u00e0 la finale qui aura lieu \u00e0 Perpignan en juin prochain. Malgr\u00e9 une m\u00e9t\u00e9o qui appelait plus \u00e0 aller \u00e0 la plage qu&rsquo;\u00e0 s&rsquo;enfermer dans un park ; surtout apr\u00e8s quasiment 6 mois de pluie cons\u00e9cutifs ; le public a fait le d\u00e9placement en nombre pour assister au contest. Il faut dire que sur le papier, le casting \u00e9tait prometteur&#8230; et le fait est que les promesses ont \u00e9t\u00e9 tenues!<\/p>\n\n\n\n<p><strong>Charlotte ne l\u00e2che rien !<\/strong><\/p>\n\n\n\n<p>Dans la cat\u00e9gorie f\u00e9minine, un peu de turn-over s&rsquo;est op\u00e9r\u00e9 compar\u00e9 \u00e0 l&rsquo;\u00e9tape Chelloise. Alix Malnati bless\u00e9e et Ma\u00ebva Lanier absente ont laiss\u00e9 quelques places vacantes&#8230;<\/p>\n\n\n\n<p>A la 6\u00e8me place, on retrouve la rideuse de Nancy, Camille Fleurence, qui n&rsquo;a pu r\u00e9\u00e9diter sa performance de la premi\u00e8re \u00e9tape \u00e0 cause d&rsquo;un petit manque de consistance. En 5\u00e8me position, c&rsquo;est une sp\u00e9cialiste de la courbe, Shani Bru, qui s&rsquo;est trouv\u00e9e bien \u00e0 son aise dans le park Biarrot en utilisant les quarters de belle mani\u00e8re avec notamment des inverts. Dune Kerisit gagne une place par rapport \u00e0 la premi\u00e8re \u00e9tape et se classe 4\u00e8me, elle aurait peut-\u00eatre pu pr\u00e9tendre au podium si elle avait affich\u00e9 la m\u00eame ma\u00eetrise pendant ses runs que lors des \u00e9chauffements et des qualifications !<\/p>\n\n\n\n<figure class=\"wp-block-image aligncenter is-resized wp-image-24304 size-full\"><img loading=\"lazy\" decoding=\"async\" width=\"590\" height=\"394\" sizes=\"auto, (max-width: 590px) 100vw, 590px\" src=\"http:\/\/www.sk8.net\/wp\/wp-content\/uploads\/2018\/04\/377A6228.jpg\" alt=\"\" class=\"wp-image-24304\" style=\"width:900px\" srcset=\"https:\/\/www.sk8.net\/wp\/wp-content\/uploads\/2018\/04\/377A6228.jpg 590w, https:\/\/www.sk8.net\/wp\/wp-content\/uploads\/2018\/04\/377A6228-92x61.jpg 92w, https:\/\/www.sk8.net\/wp\/wp-content\/uploads\/2018\/04\/377A6228-300x200.jpg 300w\" \/><figcaption class=\"wp-element-caption\">Dune Kerisit &#8211; Boardslide to fakie \u00a9Cl\u00e9ment Le Gall<\/figcaption><\/figure>\n\n\n\n<p>Sur le podium, la jeune Rennaise Louise Crespin continue de progresser et de proposer un bon mix entre tricks de street et autres plut\u00f4t typ\u00e9s courbes, comme par exemple de bons BS boneless sur le gros quarter. Aux 2 premi\u00e8res places on prend les m\u00eames et on recommence. J\u00e9romine Louvet se classe 2\u00e8me gr\u00e2ce \u00e0 ses boardslides et kickflips mais ce n&rsquo;\u00e9tait pas suffisant pour d\u00e9loger Charlotte Hym de la plus haute marche du podium, FS boardslide, boardslide gros rail, combo BS wallie enchain\u00e9 avec wallie FS board, etc. Un taux de tricks rat\u00e9s proche de z\u00e9ro pour la parisienne lui donne une nouvelle victoire&#8230; Ne reste plus qu&rsquo;\u00e0 confirmer \u00e0 Perpignan en juin pour un nouveau titre !<\/p>\n\n\n\n<p class=\"has-text-align-center\"><strong><em><u>R\u00e9sultats Filles:<\/u><\/em><\/strong><\/p>\n\n\n\n<p class=\"has-text-align-center\"><strong>1- Charlotte Hym (Paris &#8211; Tribe Skate Club).&nbsp;<\/strong><strong>2-J\u00e9romine Louvet<\/strong> <strong>(Toulouse &#8211; ARA).&nbsp;<\/strong><strong>3- Louise Crespin&nbsp; (Rennes &#8211; Tribe Skate Club)<br \/><\/strong>4- Dune Kerisit.&nbsp;5- Shani Bru.&nbsp;6- Camille Fleurence<\/p>\n\n\n\n<p><strong>Antoine Laurent, encore&#8230;<\/strong><\/p>\n\n\n\n<p>La cat\u00e9gorie Juniors offre \u00e0 chaque \u00e9tape, en street comme en bowl d&rsquo;ailleurs, un spectacle incroyable. La jeune g\u00e9n\u00e9ration sait tout faire ou presque, et avec une ma\u00eetrise hors norme. \u00c7a fait vraiment plaisir \u00e0 voir et laisse pr\u00e9sager le meilleur pour l&rsquo;avenir !<\/p>\n\n\n\n<p>6\u00e8me, Cl\u00e9ment Jourdan, du haut de ses 11 ans \u00e9tait le plus jeune de la finale. Des runs bien solides pour le lyonnais mais pas encore suffisants pour bousculer ses ain\u00e9s, en tout cas nombre d&rsquo;entre-nous aimeraient faire les m\u00eames runs. Carl Bourguignon ne termine qu&rsquo;\u00e0 la 5\u00e8me place \u00e0 cause de quelques chutes mais a d\u00e9j\u00e0 quelques bons gros tricks dans sa besace, attendons le jour o\u00f9 il finira son run sans tomber&#8230; 4\u00e8me, le Br\u00e9silien de Capbreton Aaron Penna-Des Bouillons, encore un rider tout terrain, front smith , feeble, stalefish&#8230; Manque encore un peu de consistance mais prometteur \u00e9galement. Max Berguin, le jeune rider de Rouen ne cesse de progresser et fait vraiment plaisir, bon style, large panel de tricks et un des seuls de sa cat\u00e9gorie \u00e0 proposer des tricks en switch !<\/p>\n\n\n\n<p>Comme \u00e0 Lyon lors de l&rsquo;\u00e9tape de bowl, on retrouve les deux m\u00eames riders sur les deux plus hautes marches du podium, et dans le m\u00eame ordre. Noah Mahieu 2\u00e8me et Antoine Laurent 1er, difficile de dire ce qui les d\u00e9partageait vraiment tant les 2 d\u00e9chirent, mais les juges ont fait leur travail de juges et ont tranch\u00e9. Bref, Noah et Antoine sont capables de retourner n&rsquo;importe quel spot avec style et aisance, vivement la prochaine \u00e9tape pour revoir ces deux l\u00e0 !<\/p>\n\n\n\n<figure class=\"wp-block-image aligncenter is-resized\"><img loading=\"lazy\" decoding=\"async\" width=\"590\" height=\"394\" sizes=\"auto, (max-width: 590px) 100vw, 590px\" src=\"http:\/\/www.sk8.net\/wp\/wp-content\/uploads\/2018\/04\/377A6608.jpg\" alt=\"\" class=\"wp-image-24306\" style=\"width:900px\" srcset=\"https:\/\/www.sk8.net\/wp\/wp-content\/uploads\/2018\/04\/377A6608.jpg 590w, https:\/\/www.sk8.net\/wp\/wp-content\/uploads\/2018\/04\/377A6608-92x61.jpg 92w, https:\/\/www.sk8.net\/wp\/wp-content\/uploads\/2018\/04\/377A6608-300x200.jpg 300w\" \/><\/figure>\n\n\n\n<p class=\"has-text-align-center\"><strong><em><u>R\u00e9sultats Juniors:<\/u><\/em><\/strong><\/p>\n\n\n\n<p class=\"has-text-align-center\"><strong>2- Antoine Laurent (Avignon &#8211; Old Skullz).&nbsp;<\/strong><strong>2- Noah Mahieu (Seignosse &#8211; Consortium).&nbsp;<\/strong><strong>3- Max Berguin (Rouen &#8211; Skatepark of Rouen)<br \/><\/strong>4- Aaron Penna-Des Bouillons.&nbsp;5- Carl Bourguignon.&nbsp;6- Cl\u00e9ment Jourdan<\/p>\n\n\n\n<p><strong>Hugo Westrelin, comme \u00e0 la maison !<\/strong><\/p>\n\n\n\n<p>3 Biarrots parmi les 6 finalistes dans la cat\u00e9gorie espoirs. Anthony Agrinier-Anorga n&rsquo;arrive malheureusement pas \u00e0 terminer un run sans chute et termine 6\u00e8me. 5\u00e8me Marius Gourdal, venu en voisin des Landes toutes proches, Marius a propos\u00e9 un bon dernier run mais qui manquait un petit peu de tricks techniques pour pr\u00e9tendre terminer mieux class\u00e9. Jules Gaveglio, un autre local se fait plaisir en 360 flip sur le set de marches et flip FS board sur le flat rail, il se classe 4\u00e8me. Sur la 3\u00e8me marche du podium on retrouve le nantais Guillaume Laurie avec entre autres de beaux BS lipslides bien styl\u00e9s sur le A-frame rail ! Belle bataille pour la premi\u00e8re place entre Tom Belot et Hugo Westrelin, les 2 potes se sont fait un bon ping-pong de tricks tout le week-end \u00e0 base de axle stall sur la barre qui surplombe le grand plan inclin\u00e9 pour Tom et de no-comply tailslides ou FS feebs sur la longue barre coud\u00e9e pour Hugo. Au final c&rsquo;est le Biarrot qui avec l&rsquo;avantage du terrain s&rsquo;octroie une 2 victoire en &lsquo;street&rsquo; cette ann\u00e9e !<\/p>\n\n\n\n<figure class=\"wp-block-image aligncenter is-resized wp-image-24307 size-full\"><img loading=\"lazy\" decoding=\"async\" width=\"590\" height=\"394\" sizes=\"auto, (max-width: 590px) 100vw, 590px\" src=\"http:\/\/www.sk8.net\/wp\/wp-content\/uploads\/2018\/04\/377A6886.jpg\" alt=\"\" class=\"wp-image-24307\" style=\"width:900px\" srcset=\"https:\/\/www.sk8.net\/wp\/wp-content\/uploads\/2018\/04\/377A6886.jpg 590w, https:\/\/www.sk8.net\/wp\/wp-content\/uploads\/2018\/04\/377A6886-92x61.jpg 92w, https:\/\/www.sk8.net\/wp\/wp-content\/uploads\/2018\/04\/377A6886-300x200.jpg 300w\" \/><figcaption class=\"wp-element-caption\">Hugo Westrelin &#8211; fs feeble \u00a9Cl\u00e9ment Le Gall<\/figcaption><\/figure>\n\n\n\n<p class=\"has-text-align-center\"><strong><em><u>R\u00e9sultats Espoirs: <\/u><\/em><\/strong><strong>1- Hugo Westrelin (Biarritz &#8211; Lassosala\u00ef).&nbsp;<\/strong><strong>2- Tom Belot (Fontainebleau &#8211; Tribe Skate Club).&nbsp;<\/strong><strong>3- Guillaume Laurie (Nantes &#8211; Azymut)<br \/><\/strong>4- Jules Gaveglio.&nbsp;5- Marius Gourdal.&nbsp;6- Anthony Agrinier Anorga<\/p>\n\n\n\n<p><strong>Aur\u00e9lien Giraud, en grande forme !<\/strong><\/p>\n\n\n\n<p>Chez les grands, les plus de 18 ans, on s&rsquo;attendait \u00e0 du gros spectacle et on n&rsquo;a pas \u00e9t\u00e9 d\u00e9\u00e7us tant le niveau \u00e9tait dingue, le park s&rsquo;est fait d\u00e9molir. Il m\u00e9riterait presque d&rsquo;\u00eatre reconstruit !<\/p>\n\n\n\n<p>Lawrence Ravail se classe 6\u00e8me, le R\u00e9unionais a une nouvelle fois montr\u00e9 toute l&rsquo;explosivit\u00e9 de son pop mais a trop chut\u00e9 pour se classer plus haut. 5\u00e8me, Amiel Kornicki, le parisien a propos\u00e9 des runs solides, parfaitement ex\u00e9cut\u00e9s mais pas suffisamment engag\u00e9s pour bousculer les forces en pr\u00e9sence. Vincent Milou fra\u00eechement rentr\u00e9 de Californie ne peut se classer mieux que 4\u00e8me, la faute \u00e0 une s\u00e9lection de tricks super techniques (switch flip BS lip, sw flip BS board&#8230;) qui malheureusement pour lui ne sont pas pass\u00e9s pendant ses runs. 3\u00e8me, un quasi local, George Poole a fait les 35 kms qui s\u00e9parent Seignosse de Biarritz et qui malgr\u00e9 une courte nuit de samedi \u00e0 dimanche bien arros\u00e9e, a r\u00e9cit\u00e9 ses tricks comme ses pas de danse de la veille, tout ou presque \u00e0 base de nollie, nose noseblunt sur le rail, nollie FS feeble etc&#8230; Joseph Garbaccio termine 2\u00e8me, &nbsp;la faute \u00e0 un Aur\u00e9lien Giraud litt\u00e9ralement \u00ab\u00a0on fire\u00a0\u00bb. Run parfait pour Joseph avec transfert FS air, 270 lip 270 out, FS wallbash parmi tant d&rsquo;autres. Aur\u00e9lien donc, s&rsquo;impose une nouvelle fois apr\u00e8s Chelles, le Lyonnais a survol\u00e9 le park de Biarritz comme personne ne l&rsquo;avait fait avant lui, impossible de citer tous les tricks qu&rsquo;il a fait mais on peut tout de m\u00eame mentionner le flip qui a ponctu\u00e9 son run, parti de la plateforme du bowl, \u00e0 2m90 de hauteur, il a survol\u00e9 la plateforme et le quarter en contre bas et a parfaitement pos\u00e9, le tout du premier coup \u00e9videmment, in-croy-able<\/p>\n\n\n\n<figure class=\"wp-block-image aligncenter is-resized\"><img loading=\"lazy\" decoding=\"async\" width=\"590\" height=\"394\" sizes=\"auto, (max-width: 590px) 100vw, 590px\" src=\"http:\/\/www.sk8.net\/wp\/wp-content\/uploads\/2018\/04\/377A5747.jpg\" alt=\"\" class=\"wp-image-24308\" style=\"width:900px\" srcset=\"https:\/\/www.sk8.net\/wp\/wp-content\/uploads\/2018\/04\/377A5747.jpg 590w, https:\/\/www.sk8.net\/wp\/wp-content\/uploads\/2018\/04\/377A5747-92x61.jpg 92w, https:\/\/www.sk8.net\/wp\/wp-content\/uploads\/2018\/04\/377A5747-300x200.jpg 300w\" \/><\/figure>\n\n\n\n<p><\/p>\n\n\n\n<p class=\"has-text-align-center\"><strong><em><u>R\u00e9sultats Seniors: <\/u><\/em><\/strong><strong>1- Aur\u00e9lien Giraud (Lyon &#8211; ADRSB).&nbsp;<\/strong><strong>2- Joseph Garbaccio (Le Havre &#8211; Consortium).&nbsp;<\/strong><strong>3- George Poole (Seignosse &#8211; Hossegor Skate Club).<br \/><\/strong>4- Vincent Milou.&nbsp;5- Amiel Kornicki.&nbsp;6- Lawrence Ravail<\/p>\n\n\n\n<h4 class=\"wp-block-heading\">Prochain rendez-vous avec le Championnat de France, Marignane pour l\u2019ultime \u00e9tape de qualification en Bowl les 19 et 20 mai prochains.<\/h4>\n\n\n\n<figure class=\"wp-block-embed is-type-video is-provider-youtube wp-block-embed-youtube wp-embed-aspect-16-9 wp-has-aspect-ratio\"><div class=\"wp-block-embed__wrapper\">\n<iframe loading=\"lazy\" title=\"Biarritz France Skateboard CDF Street 2018\" width=\"800\" height=\"450\" src=\"https:\/\/www.youtube.com\/embed\/8h0ZziZUuAU?feature=oembed\" frameborder=\"0\" allow=\"accelerometer; autoplay; clipboard-write; encrypted-media; gyroscope; picture-in-picture; web-share\" referrerpolicy=\"strict-origin-when-cross-origin\" allowfullscreen><\/iframe>\n<\/div><\/figure>\n","protected":false},"excerpt":{"rendered":"<p>Championnat de France de Skateboard 2018 &#8211; Biarritz Pour la 2\u00e8me ann\u00e9e cons\u00e9cutive, le Championnat de France de Skateboard s&rsquo;est<\/p>\n","protected":false},"author":2,"featured_media":0,"parent":70,"menu_order":0,"comment_status":"closed","ping_status":"closed","template":"","meta":{"colormag_page_container_layout":"default_layout","colormag_page_sidebar_layout":"default_layout","footnotes":""},"class_list":["post-24303","page","type-page","status-publish","hentry"],"yoast_head":"<!-- This site is optimized with the Yoast SEO plugin v27.4 - https:\/\/yoast.com\/product\/yoast-seo-wordpress\/ -->\n<title>CdF 2018_Biarritz - SK8.NET<\/title>\n<meta name=\"robots\" content=\"index, follow, max-snippet:-1, max-image-preview:large, max-video-preview:-1\" \/>\n<link rel=\"canonical\" href=\"https:\/\/www.sk8.net\/wp\/?page_id=24303\" \/>\n<meta property=\"og:locale\" content=\"fr_FR\" \/>\n<meta property=\"og:type\" content=\"article\" \/>\n<meta property=\"og:title\" content=\"Championnat de France de Skateboard 2018 - Biarritz\" \/>\n<meta property=\"og:description\" content=\"Championnat de France de Skateboard 2018 &#8211; Biarritz Pour la 2\u00e8me ann\u00e9e cons\u00e9cutive, le Championnat de France de Skateboard s&rsquo;est\" \/>\n<meta property=\"og:url\" content=\"https:\/\/www.sk8.net\/wp\/?page_id=24303\" \/>\n<meta property=\"og:site_name\" content=\"SK8.NET\" \/>\n<meta property=\"article:publisher\" content=\"https:\/\/www.facebook.com\/sk8pointnet\/\" \/>\n<meta property=\"article:modified_time\" content=\"2026-02-14T17:02:23+00:00\" \/>\n<meta property=\"og:image\" content=\"https:\/\/www.sk8.net\/wp\/wp-content\/uploads\/2018\/04\/377A6228.jpg\" \/>\n\t<meta property=\"og:image:width\" content=\"590\" \/>\n\t<meta property=\"og:image:height\" content=\"394\" \/>\n\t<meta property=\"og:image:type\" content=\"image\/jpeg\" \/>\n<meta name=\"twitter:card\" content=\"summary_large_image\" \/>\n<meta name=\"twitter:site\" content=\"@sk8net\" \/>\n<meta name=\"twitter:label1\" content=\"Dur\u00e9e de lecture estim\u00e9e\" \/>\n\t<meta name=\"twitter:data1\" content=\"7 minutes\" \/>\n<script type=\"application\/ld+json\" class=\"yoast-schema-graph\">{\"@context\":\"https:\\\/\\\/schema.org\",\"@graph\":[{\"@type\":\"WebPage\",\"@id\":\"https:\\\/\\\/www.sk8.net\\\/wp\\\/?page_id=24303\",\"url\":\"https:\\\/\\\/www.sk8.net\\\/wp\\\/?page_id=24303\",\"name\":\"CdF 2018_Biarritz - SK8.NET\",\"isPartOf\":{\"@id\":\"https:\\\/\\\/www.sk8.net\\\/wp\\\/#website\"},\"primaryImageOfPage\":{\"@id\":\"https:\\\/\\\/www.sk8.net\\\/wp\\\/?page_id=24303#primaryimage\"},\"image\":{\"@id\":\"https:\\\/\\\/www.sk8.net\\\/wp\\\/?page_id=24303#primaryimage\"},\"thumbnailUrl\":\"http:\\\/\\\/www.sk8.net\\\/wp\\\/wp-content\\\/uploads\\\/2018\\\/04\\\/377A6228.jpg\",\"datePublished\":\"2018-04-30T12:16:42+00:00\",\"dateModified\":\"2026-02-14T17:02:23+00:00\",\"breadcrumb\":{\"@id\":\"https:\\\/\\\/www.sk8.net\\\/wp\\\/?page_id=24303#breadcrumb\"},\"inLanguage\":\"fr-FR\",\"potentialAction\":[{\"@type\":\"ReadAction\",\"target\":[\"https:\\\/\\\/www.sk8.net\\\/wp\\\/?page_id=24303\"]}]},{\"@type\":\"ImageObject\",\"inLanguage\":\"fr-FR\",\"@id\":\"https:\\\/\\\/www.sk8.net\\\/wp\\\/?page_id=24303#primaryimage\",\"url\":\"http:\\\/\\\/www.sk8.net\\\/wp\\\/wp-content\\\/uploads\\\/2018\\\/04\\\/377A6228.jpg\",\"contentUrl\":\"http:\\\/\\\/www.sk8.net\\\/wp\\\/wp-content\\\/uploads\\\/2018\\\/04\\\/377A6228.jpg\"},{\"@type\":\"BreadcrumbList\",\"@id\":\"https:\\\/\\\/www.sk8.net\\\/wp\\\/?page_id=24303#breadcrumb\",\"itemListElement\":[{\"@type\":\"ListItem\",\"position\":1,\"name\":\"REPORTS\",\"item\":\"https:\\\/\\\/www.sk8.net\\\/wp\\\/?page_id=70\"},{\"@type\":\"ListItem\",\"position\":2,\"name\":\"CdF 2018_Biarritz\"}]},{\"@type\":\"WebSite\",\"@id\":\"https:\\\/\\\/www.sk8.net\\\/wp\\\/#website\",\"url\":\"https:\\\/\\\/www.sk8.net\\\/wp\\\/\",\"name\":\"SK8.NET\",\"description\":\"Skateboard Mag.\",\"publisher\":{\"@id\":\"https:\\\/\\\/www.sk8.net\\\/wp\\\/#organization\"},\"alternateName\":\"www.sk8.net\",\"potentialAction\":[{\"@type\":\"SearchAction\",\"target\":{\"@type\":\"EntryPoint\",\"urlTemplate\":\"https:\\\/\\\/www.sk8.net\\\/wp\\\/?s={search_term_string}\"},\"query-input\":{\"@type\":\"PropertyValueSpecification\",\"valueRequired\":true,\"valueName\":\"search_term_string\"}}],\"inLanguage\":\"fr-FR\"},{\"@type\":\"Organization\",\"@id\":\"https:\\\/\\\/www.sk8.net\\\/wp\\\/#organization\",\"name\":\"SK8.NET\",\"url\":\"https:\\\/\\\/www.sk8.net\\\/wp\\\/\",\"logo\":{\"@type\":\"ImageObject\",\"inLanguage\":\"fr-FR\",\"@id\":\"https:\\\/\\\/www.sk8.net\\\/wp\\\/#\\\/schema\\\/logo\\\/image\\\/\",\"url\":\"https:\\\/\\\/www.sk8.net\\\/wp\\\/wp-content\\\/uploads\\\/2023\\\/01\\\/Logo-SK8net_Clrs_2017.png\",\"contentUrl\":\"https:\\\/\\\/www.sk8.net\\\/wp\\\/wp-content\\\/uploads\\\/2023\\\/01\\\/Logo-SK8net_Clrs_2017.png\",\"width\":865,\"height\":250,\"caption\":\"SK8.NET\"},\"image\":{\"@id\":\"https:\\\/\\\/www.sk8.net\\\/wp\\\/#\\\/schema\\\/logo\\\/image\\\/\"},\"sameAs\":[\"https:\\\/\\\/www.facebook.com\\\/sk8pointnet\\\/\",\"https:\\\/\\\/x.com\\\/sk8net\",\"https:\\\/\\\/www.instagram.com\\\/sk8pointnet\\\/\",\"https:\\\/\\\/www.linkedin.com\\\/in\\\/sk8-net-030404a9\\\/\"]}]}<\/script>\n<!-- \/ Yoast SEO plugin. -->","yoast_head_json":{"title":"CdF 2018_Biarritz - SK8.NET","robots":{"index":"index","follow":"follow","max-snippet":"max-snippet:-1","max-image-preview":"max-image-preview:large","max-video-preview":"max-video-preview:-1"},"canonical":"https:\/\/www.sk8.net\/wp\/?page_id=24303","og_locale":"fr_FR","og_type":"article","og_title":"Championnat de France de Skateboard 2018 - Biarritz","og_description":"Championnat de France de Skateboard 2018 &#8211; Biarritz Pour la 2\u00e8me ann\u00e9e cons\u00e9cutive, le Championnat de France de Skateboard s&rsquo;est","og_url":"https:\/\/www.sk8.net\/wp\/?page_id=24303","og_site_name":"SK8.NET","article_publisher":"https:\/\/www.facebook.com\/sk8pointnet\/","article_modified_time":"2026-02-14T17:02:23+00:00","og_image":[{"width":590,"height":394,"url":"https:\/\/www.sk8.net\/wp\/wp-content\/uploads\/2018\/04\/377A6228.jpg","type":"image\/jpeg"}],"twitter_card":"summary_large_image","twitter_site":"@sk8net","twitter_misc":{"Dur\u00e9e de lecture estim\u00e9e":"7 minutes"},"schema":{"@context":"https:\/\/schema.org","@graph":[{"@type":"WebPage","@id":"https:\/\/www.sk8.net\/wp\/?page_id=24303","url":"https:\/\/www.sk8.net\/wp\/?page_id=24303","name":"CdF 2018_Biarritz - SK8.NET","isPartOf":{"@id":"https:\/\/www.sk8.net\/wp\/#website"},"primaryImageOfPage":{"@id":"https:\/\/www.sk8.net\/wp\/?page_id=24303#primaryimage"},"image":{"@id":"https:\/\/www.sk8.net\/wp\/?page_id=24303#primaryimage"},"thumbnailUrl":"http:\/\/www.sk8.net\/wp\/wp-content\/uploads\/2018\/04\/377A6228.jpg","datePublished":"2018-04-30T12:16:42+00:00","dateModified":"2026-02-14T17:02:23+00:00","breadcrumb":{"@id":"https:\/\/www.sk8.net\/wp\/?page_id=24303#breadcrumb"},"inLanguage":"fr-FR","potentialAction":[{"@type":"ReadAction","target":["https:\/\/www.sk8.net\/wp\/?page_id=24303"]}]},{"@type":"ImageObject","inLanguage":"fr-FR","@id":"https:\/\/www.sk8.net\/wp\/?page_id=24303#primaryimage","url":"http:\/\/www.sk8.net\/wp\/wp-content\/uploads\/2018\/04\/377A6228.jpg","contentUrl":"http:\/\/www.sk8.net\/wp\/wp-content\/uploads\/2018\/04\/377A6228.jpg"},{"@type":"BreadcrumbList","@id":"https:\/\/www.sk8.net\/wp\/?page_id=24303#breadcrumb","itemListElement":[{"@type":"ListItem","position":1,"name":"REPORTS","item":"https:\/\/www.sk8.net\/wp\/?page_id=70"},{"@type":"ListItem","position":2,"name":"CdF 2018_Biarritz"}]},{"@type":"WebSite","@id":"https:\/\/www.sk8.net\/wp\/#website","url":"https:\/\/www.sk8.net\/wp\/","name":"SK8.NET","description":"Skateboard Mag.","publisher":{"@id":"https:\/\/www.sk8.net\/wp\/#organization"},"alternateName":"www.sk8.net","potentialAction":[{"@type":"SearchAction","target":{"@type":"EntryPoint","urlTemplate":"https:\/\/www.sk8.net\/wp\/?s={search_term_string}"},"query-input":{"@type":"PropertyValueSpecification","valueRequired":true,"valueName":"search_term_string"}}],"inLanguage":"fr-FR"},{"@type":"Organization","@id":"https:\/\/www.sk8.net\/wp\/#organization","name":"SK8.NET","url":"https:\/\/www.sk8.net\/wp\/","logo":{"@type":"ImageObject","inLanguage":"fr-FR","@id":"https:\/\/www.sk8.net\/wp\/#\/schema\/logo\/image\/","url":"https:\/\/www.sk8.net\/wp\/wp-content\/uploads\/2023\/01\/Logo-SK8net_Clrs_2017.png","contentUrl":"https:\/\/www.sk8.net\/wp\/wp-content\/uploads\/2023\/01\/Logo-SK8net_Clrs_2017.png","width":865,"height":250,"caption":"SK8.NET"},"image":{"@id":"https:\/\/www.sk8.net\/wp\/#\/schema\/logo\/image\/"},"sameAs":["https:\/\/www.facebook.com\/sk8pointnet\/","https:\/\/x.com\/sk8net","https:\/\/www.instagram.com\/sk8pointnet\/","https:\/\/www.linkedin.com\/in\/sk8-net-030404a9\/"]}]}},"amp_enabled":true,"_links":{"self":[{"href":"https:\/\/www.sk8.net\/wp\/index.php?rest_route=\/wp\/v2\/pages\/24303","targetHints":{"allow":["GET"]}}],"collection":[{"href":"https:\/\/www.sk8.net\/wp\/index.php?rest_route=\/wp\/v2\/pages"}],"about":[{"href":"https:\/\/www.sk8.net\/wp\/index.php?rest_route=\/wp\/v2\/types\/page"}],"author":[{"embeddable":true,"href":"https:\/\/www.sk8.net\/wp\/index.php?rest_route=\/wp\/v2\/users\/2"}],"replies":[{"embeddable":true,"href":"https:\/\/www.sk8.net\/wp\/index.php?rest_route=%2Fwp%2Fv2%2Fcomments&post=24303"}],"version-history":[{"count":0,"href":"https:\/\/www.sk8.net\/wp\/index.php?rest_route=\/wp\/v2\/pages\/24303\/revisions"}],"up":[{"embeddable":true,"href":"https:\/\/www.sk8.net\/wp\/index.php?rest_route=\/wp\/v2\/pages\/70"}],"wp:attachment":[{"href":"https:\/\/www.sk8.net\/wp\/index.php?rest_route=%2Fwp%2Fv2%2Fmedia&parent=24303"}],"curies":[{"name":"wp","href":"https:\/\/api.w.org\/{rel}","templated":true}]}}