{"id":24007,"date":"2018-02-01T13:07:33","date_gmt":"2018-02-01T11:07:33","guid":{"rendered":"http:\/\/www.sk8.net\/wp\/?page_id=24007"},"modified":"2026-02-14T18:01:27","modified_gmt":"2026-02-14T17:01:27","slug":"championnat-de-france-skateboard-2018-1ere-etape-street-chelles","status":"publish","type":"page","link":"https:\/\/www.sk8.net\/wp\/?page_id=24007","title":{"rendered":"CdF 2018-Street_Chelles (77)"},"content":{"rendered":"\n<h4 class=\"wp-block-heading\"><strong>Championnat de France Skateboard 2018<br \/>1ere \u00e9tape \u00ab\u00a0Street\u00a0\u00bb_ Chelles (77)<\/strong><\/h4>\n\n\n\n<p>Le Championnat de France de Skateboard nouvelle version a fait sa rentr\u00e9e en ce dernier week-end de janvier, et c&rsquo;est au Cosanostra Skatepark de Chelles que se sont retrouv\u00e9s les quatre-vingt riders pr\u00e9s\u00e9lectionn\u00e9s pour participer \u00e0 l&rsquo;\u00e9dition 2018 en \u00ab\u00a0street\u00a0\u00bb. Pour rappel, les crit\u00e8res de s\u00e9lection sont les suivants: classement CDF 2017 (top 12 ou top 6 selon cat\u00e9gorie), les champions r\u00e9gionaux, les s\u00e9lectionn\u00e9s sur attestation de niveau et enfin les wild cards attribu\u00e9es par les clubs h\u00f4tes.<\/p>\n\n\n\n<p><strong>Galanterie oblige, commen\u00e7ons par les demoiselles.<\/strong> Premier fait notable, la non qualification d&rsquo;H\u00e9l\u00e8ne G\u00e9rard pour la finale ; la rideuse du Mans passe \u00e0 c\u00f4t\u00e9 de ses runs de qualification et se voit contrainte de plier bagage d\u00e8s le samedi soir, mais il faudra compter sur elle \u00e0 Biarritz car il est bien \u00e9vident qu&rsquo;elle ne laissera pas \u00e7a l\u00e0 comme \u00e7a&#8230; Ma\u00ebva Lanier se hisse en finale et termine sixi\u00e8me gr\u00e2ce \u00e0 ses noseslide et nollie bigspin. En cinqui\u00e8me position c&rsquo;est la jeune Dune Kerisit, 13 ans, qui a bien montr\u00e9 qu&rsquo;il faudra compter sur elle dans les ann\u00e9es \u00e0 venir : boardslide sur le rail et FS cab sur la pyra ont \u00e9t\u00e9 ses meilleurs tricks. Alix Malnati, locale de l&rsquo;\u00e9tape, termine au pied du podium, \u00e0 surveiller de pr\u00e8s, elle aussi !<br \/>Sur le podium, pas de surprise. Que des t\u00eates connues, troisi\u00e8me, la rideuse de Nancy Camille Fleurence qui n&rsquo;a pas rat\u00e9 un FS flip du week-end. A la deuxi\u00e8me place, celle qui \u00e0 n&rsquo;en pas douter finira par bousculer la hi\u00e9rarchie : la Toulousaine J\u00e9romine Louvet qui ne cesse de progresser et dont le sac de tricks s&rsquo;\u00e9toffe rapidement, FS air sur le quarter, feeble sur le rail, kickflip sur le hip de la pyramide&#8230; mais \u00e0 la premi\u00e8re place c&rsquo;est l&rsquo;ind\u00e9boulonnable championne de France en titre, Charlotte Hym qui s&rsquo;impose et qui n&rsquo;entend pas c\u00e9der sa place de si t\u00f4t, Sw BS heelflip, boardslide sur le gros rail, fifty fifty ledge plat-descente etc&#8230; Le skate f\u00e9minin est en plein essor, la rel\u00e8ve se fait de plus en plus pressente, c&rsquo;est de bonne augure pour le futur !<\/p>\n\n\n\n<figure class=\"wp-block-image aligncenter is-resized wp-image-24008 size-full\"><img loading=\"lazy\" decoding=\"async\" width=\"590\" height=\"394\" sizes=\"auto, (max-width: 590px) 100vw, 590px\" src=\"http:\/\/www.sk8.net\/wp\/wp-content\/uploads\/2018\/02\/377A3253.jpg\" alt=\"\" class=\"wp-image-24008\" style=\"width:900px\" srcset=\"https:\/\/www.sk8.net\/wp\/wp-content\/uploads\/2018\/02\/377A3253.jpg 590w, https:\/\/www.sk8.net\/wp\/wp-content\/uploads\/2018\/02\/377A3253-92x61.jpg 92w, https:\/\/www.sk8.net\/wp\/wp-content\/uploads\/2018\/02\/377A3253-300x200.jpg 300w\" \/><figcaption class=\"wp-element-caption\">Charlotte Hym &#8211; fs boardslide \u00a9Cl\u00e9ment Le Gall<\/figcaption><\/figure>\n\n\n\n<p><strong>R\u00e9sultats Filles : 1- Charlotte Hym (Paris &#8211; Tribe Skate Club). 2- J\u00e9romine Louvet (Toulouse &#8211; ARA). 3- Camille Fleurence (Nancy &#8211; ASRH). 4- Alix Malnati.<\/strong><br \/><strong> 5- Dune Kerisit. 6- Ma\u00ebva Lanier.<\/strong><\/p>\n\n\n\n<p><strong>Passons aux gar\u00e7ons. Chez les plus jeunes (Juniors \/ -16 ans)<\/strong>, le niveau est juste dingue, et la consistance dont tous les riders pr\u00e9sents en finale ont fait preuve \u00e9tait vraiment bluffante, la finale nous a offert runs parfaits apr\u00e8s runs parfaits !<\/p>\n\n\n\n<p>Au casting on prend les m\u00eames et on recommence \u00e0 quelques exceptions pr\u00e8s. L\u00e9o Charvin, jeune rider de Montauban, se hisse jusqu&rsquo;en finale avec des runs complets et parfaitement ex\u00e9cut\u00e9s. Alexy Moreau de Seignosse atteint la cinqu\u00e8me place mais pourra pr\u00e9tendre \u00e0 mieux avec un peu plus de consistance. Max Berguin avait termin\u00e9 deuxi\u00e8me des qualifications samedi mais ne d\u00e9croche que la quatri\u00e8me place en finale, la faute \u00e0 un run un peu d\u00e9cousu, mais le niveau technique est bien l\u00e0.<\/p>\n\n\n\n<p>Le Br\u00e9silien d\u00e9sormais install\u00e9 dans les Landes, Aaron Des Bouillons, grimpe sur la troisi\u00e8me marche avec un savant m\u00e9lange de tricks &lsquo;street&rsquo; et &lsquo;courbes&rsquo;. En deuxi\u00e8me position on retrouve Antoine Laurent, le rider d&rsquo;Avignon a vraiment mis la pression sur ses coll\u00e8gues de session \u00e0 grands coups de FS feeble sur le A-frame rail super styl\u00e9s ou de BS bluntslides sur le hubba le long des marches. Hyper consistant et propre, vraiment agr\u00e9able \u00e0 regarder. Non moins agr\u00e9able celui qui est habitu\u00e9 \u00e0 la plus haute marche du podium, Noah Mahieu, le n\u00e9o-Landais ne cesse de progresser et d&rsquo;affiner son style, hyper complet il n&rsquo;a pas vraiment eu \u00e0 forcer son talent pour s&rsquo;imposer, FS crooks, FS feeble, switch heels parmi tant d&rsquo;autres composent sa palette de tricks. On peut d\u00e9j\u00e0 affirmer que Noah sera une nouvelle fois le rider \u00e0 faire tr\u00e9bucher pour s&rsquo;imposer chez les Juniors.<\/p>\n\n\n\n<figure class=\"wp-block-image aligncenter is-resized wp-image-24010 size-full\"><img loading=\"lazy\" decoding=\"async\" width=\"590\" height=\"394\" sizes=\"auto, (max-width: 590px) 100vw, 590px\" src=\"http:\/\/www.sk8.net\/wp\/wp-content\/uploads\/2018\/02\/antoinelaurent-1.jpg\" alt=\"\" class=\"wp-image-24010\" style=\"width:900px\" srcset=\"https:\/\/www.sk8.net\/wp\/wp-content\/uploads\/2018\/02\/antoinelaurent-1.jpg 590w, https:\/\/www.sk8.net\/wp\/wp-content\/uploads\/2018\/02\/antoinelaurent-1-92x61.jpg 92w, https:\/\/www.sk8.net\/wp\/wp-content\/uploads\/2018\/02\/antoinelaurent-1-300x200.jpg 300w\" \/><figcaption class=\"wp-element-caption\">Antoine Laurent &#8211; Fs bluntslide \u00a9Cl\u00e9ment Le Gall<\/figcaption><\/figure>\n\n\n\n<p><strong>R\u00e9sultats Juniors : 1- Noah Mahieu (Seignosse &#8211; Consortium). 2- Antoine Laurent (Avignon &#8211; Old Skullz). 3- Aaron Des Bouillons (Skate Club Hossegor). 4- Max Berguin. 5- Alexy Moreau. 6- L\u00e9o Charvin.<\/strong><\/p>\n\n\n\n<p><strong>En cat\u00e9gorie Espoirs (16-18 ans)<\/strong>, deux groupes ont \u00e9merg\u00e9. Un premier groupe compos\u00e9 des Biarrots Anthony Agrinier Anorga et Jules Gav\u00e9glio, du Rochellais Pablo Gomez, et du Nantais Guillaume Laurie, le potentiel est l\u00e0 chez ces rideurs mais la consistance leur fait encore un peu d\u00e9faut. Sortaient donc du lot le local du Cosanostra Tom Belot et le Biarrot Hugo Westrelin qui se sont livr\u00e9s une belle bataille, deux riders avec une forte affinit\u00e9 pour la courbe qui s&rsquo;en sont donn\u00e9s \u00e0 c\u0153ur joie sur le wall notamment avec des sweepers pour Tom et des BS crails, BS smith et BS nosepick pour Hugo. Tom s&rsquo;envolait \u00e9galement en BS 360 du quarter au plan inclin\u00e9 juste devant les juges pendant qu&rsquo;Hugo enfilait des bigspin flips sur le hip de la pyramide. Bref, ils ont enflamm\u00e9 le park pendant leur run et la t\u00e2che il n&rsquo;a pas \u00e9t\u00e9 facile de les d\u00e9partager ; mais au final c&rsquo;est Hugo Westrelin qui remporte cette premi\u00e8re \u00e9tape chez les Espoirs.<\/p>\n\n\n\n<figure class=\"wp-block-image aligncenter is-resized size-full wp-image-24012\"><img loading=\"lazy\" decoding=\"async\" width=\"590\" height=\"394\" sizes=\"auto, (max-width: 590px) 100vw, 590px\" src=\"http:\/\/www.sk8.net\/wp\/wp-content\/uploads\/2018\/02\/espoir.jpg\" alt=\"\" class=\"wp-image-24012\" style=\"width:900px\" srcset=\"https:\/\/www.sk8.net\/wp\/wp-content\/uploads\/2018\/02\/espoir.jpg 590w, https:\/\/www.sk8.net\/wp\/wp-content\/uploads\/2018\/02\/espoir-92x61.jpg 92w, https:\/\/www.sk8.net\/wp\/wp-content\/uploads\/2018\/02\/espoir-300x200.jpg 300w\" \/><figcaption class=\"wp-element-caption\">Podium Espoirs \u00a9Cl\u00e9ment Le Gall<\/figcaption><\/figure>\n\n\n\n<p><strong>R\u00e9sultats Espoirs : 1- Hugo Westrelin (Biarritz &#8211; Lassosala\u00ef). 2- Tom Belot (Fontainebleau &#8211; Tribe Skate Club). 3- Guillaume Laurie (Nantes &#8211; Azymute). 4- Pablo Gomez. 5- Jules Gaveglio. 6- Anthony Agrinier Anorga.<\/strong><\/p>\n\n\n\n<p><strong>Gros plateau chez les S\u00e9niors et le niveau s&rsquo;en est ressenti.<\/strong> D\u00e8s les runs de qualification il fallait envoyer du lourd pour esp\u00e9rer se classer parmi les douze riders qui allaient acc\u00e9der aux demi-finales. Vincent Milou, victime d&rsquo;une intoxication alimentaire le samedi soir, n&rsquo;a pu skater comme \u00e0 son habitude, ses jambes ne semblaient plus le porter, il a jou\u00e9 la sagesse et se contente de la sixi\u00e8me place. Juste devant lui on retrouve un autre Landais, enfin d&rsquo;adoption puisqu&rsquo;en r\u00e9alit\u00e9 George Poole est Anglais comme chacun sait, de bons runs de sa part avec des BS smith grinds sur la &lsquo;canne \u00e0 sucre&rsquo; et des variations de BS noseblunts \u00e0 tout va mais il n&rsquo;a pas r\u00e9ussi \u00e0 compl\u00e9ter de runs sans chute, ce qui l&rsquo;a emp\u00each\u00e9 de se classer plus haut. Au pied du podium, on retrouve le Toulousain Victor Cascarigny, une s\u00e9lection de tricks aussi originale que ses pantalons \u00e0 base de tre flip revert sur l&rsquo;eurogap voir m\u00eame de blunt tre flip out sur le quarter !<\/p>\n\n\n\n<figure class=\"wp-block-image alignleft size-full wp-image-24014\"><img loading=\"lazy\" decoding=\"async\" width=\"250\" height=\"167\" sizes=\"auto, (max-width: 250px) 100vw, 250px\" src=\"http:\/\/www.sk8.net\/wp\/wp-content\/uploads\/2018\/02\/joseph.jpg\" alt=\"\" class=\"wp-image-24014\" srcset=\"https:\/\/www.sk8.net\/wp\/wp-content\/uploads\/2018\/02\/joseph.jpg 250w, https:\/\/www.sk8.net\/wp\/wp-content\/uploads\/2018\/02\/joseph-92x61.jpg 92w\" \/><figcaption class=\"wp-element-caption\">Joseph Garbaccio \u00a9Cl\u00e9ment Le Gall<\/figcaption><\/figure>\n\n\n\n<p>Joseph Garbaccio, champion de France en titre ne peut faire mieux qu&rsquo;une troisi\u00e8me place sur cette \u00e9tape. L\u00e0 encore quelques petits loup\u00e9s lui co\u00fbtent une meilleure place m\u00eame s&rsquo;il a encore d\u00e9montr\u00e9 qu&rsquo;il faudra compter sur lui en 2018. L&rsquo;invit\u00e9 de derni\u00e8re minute Adrien Bulard se hisse sur la deuxi\u00e8me marche du podium, hyper motiv\u00e9 et d\u00e9termin\u00e9, il aurait pu l&#8217;emporter avec ses transferts BS tail sur le rail ou ses \u00e9normes tre flips sur la plus grande table&nbsp;; mais Aur\u00e9lien Giraud \u00e9tait juste intouchable ce week-end, tout ce qu&rsquo;il faisait avait l&rsquo;air facile, BS flip par-dessus la table et les marches, flip FS feeble sur la canne \u00e0 sucre, ghetto bird transfer par-dessus la flatbar, le tout avec un pop et une ma\u00eetrise assez d\u00e9concertants, \u00e7a fait plaisir de le voir revenir \u00e0 son meilleur niveau et laisser les blessures derri\u00e8re lui, l&rsquo;ann\u00e9e commence fort !<br \/><strong>Prochain rendez-vous sur le Championnat de France, les 17 et 18 mars au skatepark Gerland de Lyon pour la premi\u00e8re \u00e9tape qualificative en Bowl !<\/strong><\/p>\n\n\n\n<figure class=\"wp-block-image is-resized size-full wp-image-24013\"><img loading=\"lazy\" decoding=\"async\" width=\"590\" height=\"394\" sizes=\"auto, (max-width: 590px) 100vw, 590px\" src=\"http:\/\/www.sk8.net\/wp\/wp-content\/uploads\/2018\/02\/aurelien.jpg\" alt=\"\" class=\"wp-image-24013\" style=\"width:900px\" srcset=\"https:\/\/www.sk8.net\/wp\/wp-content\/uploads\/2018\/02\/aurelien.jpg 590w, https:\/\/www.sk8.net\/wp\/wp-content\/uploads\/2018\/02\/aurelien-92x61.jpg 92w, https:\/\/www.sk8.net\/wp\/wp-content\/uploads\/2018\/02\/aurelien-300x200.jpg 300w\" \/><figcaption class=\"wp-element-caption\">Aur\u00e9lien Giraud &#8211; tre flip over the rail \u00a9Cl\u00e9ment Le Gall<\/figcaption><\/figure>\n\n\n\n<p><strong><u>R\u00e9sultats Seniors: <\/u>1- Aur\u00e9lien Giraud (Lyon &#8211; ADRSB).&nbsp;2- Adrien Bulard (Rouen &#8211; Tribe Skate Club).&nbsp;3- Joseph Garbaccio (Le Havre &#8211; Consortium).&nbsp;4- Victor Cascarigny (Toulouse &#8211; ARA).&nbsp;5- George Poole (Seignosse &#8211; Skate Club Hossegor).&nbsp;6- Vincent Milou (Saubrigues &#8211; 162 Skateclub)<\/strong><\/p>\n\n\n\n<figure class=\"wp-block-embed is-type-video is-provider-youtube wp-block-embed-youtube wp-embed-aspect-16-9 wp-has-aspect-ratio\"><div class=\"wp-block-embed__wrapper\">\n<iframe loading=\"lazy\" title=\"Chelles France Skateboard CDF Street 2018\" width=\"800\" height=\"450\" src=\"https:\/\/www.youtube.com\/embed\/UoBfV7gL7Jg?feature=oembed\" frameborder=\"0\" allow=\"accelerometer; autoplay; clipboard-write; encrypted-media; gyroscope; picture-in-picture; web-share\" referrerpolicy=\"strict-origin-when-cross-origin\" allowfullscreen><\/iframe>\n<\/div><\/figure>\n","protected":false},"excerpt":{"rendered":"<p>Championnat de France Skateboard 20181ere \u00e9tape \u00ab\u00a0Street\u00a0\u00bb_ Chelles (77) Le Championnat de France de Skateboard nouvelle version a fait sa<\/p>\n","protected":false},"author":2,"featured_media":0,"parent":70,"menu_order":0,"comment_status":"closed","ping_status":"closed","template":"","meta":{"colormag_page_container_layout":"default_layout","colormag_page_sidebar_layout":"default_layout","footnotes":""},"class_list":["post-24007","page","type-page","status-publish","hentry"],"yoast_head":"<!-- This site is optimized with the Yoast SEO plugin v27.4 - https:\/\/yoast.com\/product\/yoast-seo-wordpress\/ -->\n<title>CdF 2018-Street_Chelles (77) - SK8.NET<\/title>\n<meta name=\"robots\" content=\"index, follow, max-snippet:-1, max-image-preview:large, max-video-preview:-1\" \/>\n<link rel=\"canonical\" href=\"https:\/\/www.sk8.net\/wp\/?page_id=24007\" \/>\n<meta property=\"og:locale\" content=\"fr_FR\" \/>\n<meta property=\"og:type\" content=\"article\" \/>\n<meta property=\"og:title\" content=\"Championnat de France Skateboard 2018 - 1ere \u00e9tape &quot;Street&quot;_ Chelles (77)\" \/>\n<meta property=\"og:description\" content=\"Championnat de France Skateboard 20181ere \u00e9tape \u00ab\u00a0Street\u00a0\u00bb_ Chelles (77) Le Championnat de France de Skateboard nouvelle version a fait sa\" \/>\n<meta property=\"og:url\" content=\"https:\/\/www.sk8.net\/wp\/?page_id=24007\" \/>\n<meta property=\"og:site_name\" content=\"SK8.NET\" \/>\n<meta property=\"article:publisher\" content=\"https:\/\/www.facebook.com\/sk8pointnet\/\" \/>\n<meta property=\"article:modified_time\" content=\"2026-02-14T17:01:27+00:00\" \/>\n<meta property=\"og:image\" content=\"https:\/\/www.sk8.net\/wp\/wp-content\/uploads\/2018\/02\/antoinelaurent-1.jpg\" \/>\n\t<meta property=\"og:image:width\" content=\"590\" \/>\n\t<meta property=\"og:image:height\" content=\"394\" \/>\n\t<meta property=\"og:image:type\" content=\"image\/jpeg\" \/>\n<meta name=\"twitter:card\" content=\"summary_large_image\" \/>\n<meta name=\"twitter:site\" content=\"@sk8net\" \/>\n<meta name=\"twitter:label1\" content=\"Dur\u00e9e de lecture estim\u00e9e\" \/>\n\t<meta name=\"twitter:data1\" content=\"7 minutes\" \/>\n<script type=\"application\/ld+json\" class=\"yoast-schema-graph\">{\"@context\":\"https:\\\/\\\/schema.org\",\"@graph\":[{\"@type\":\"WebPage\",\"@id\":\"https:\\\/\\\/www.sk8.net\\\/wp\\\/?page_id=24007\",\"url\":\"https:\\\/\\\/www.sk8.net\\\/wp\\\/?page_id=24007\",\"name\":\"CdF 2018-Street_Chelles (77) - SK8.NET\",\"isPartOf\":{\"@id\":\"https:\\\/\\\/www.sk8.net\\\/wp\\\/#website\"},\"primaryImageOfPage\":{\"@id\":\"https:\\\/\\\/www.sk8.net\\\/wp\\\/?page_id=24007#primaryimage\"},\"image\":{\"@id\":\"https:\\\/\\\/www.sk8.net\\\/wp\\\/?page_id=24007#primaryimage\"},\"thumbnailUrl\":\"http:\\\/\\\/www.sk8.net\\\/wp\\\/wp-content\\\/uploads\\\/2018\\\/02\\\/377A3253.jpg\",\"datePublished\":\"2018-02-01T11:07:33+00:00\",\"dateModified\":\"2026-02-14T17:01:27+00:00\",\"breadcrumb\":{\"@id\":\"https:\\\/\\\/www.sk8.net\\\/wp\\\/?page_id=24007#breadcrumb\"},\"inLanguage\":\"fr-FR\",\"potentialAction\":[{\"@type\":\"ReadAction\",\"target\":[\"https:\\\/\\\/www.sk8.net\\\/wp\\\/?page_id=24007\"]}]},{\"@type\":\"ImageObject\",\"inLanguage\":\"fr-FR\",\"@id\":\"https:\\\/\\\/www.sk8.net\\\/wp\\\/?page_id=24007#primaryimage\",\"url\":\"http:\\\/\\\/www.sk8.net\\\/wp\\\/wp-content\\\/uploads\\\/2018\\\/02\\\/377A3253.jpg\",\"contentUrl\":\"http:\\\/\\\/www.sk8.net\\\/wp\\\/wp-content\\\/uploads\\\/2018\\\/02\\\/377A3253.jpg\"},{\"@type\":\"BreadcrumbList\",\"@id\":\"https:\\\/\\\/www.sk8.net\\\/wp\\\/?page_id=24007#breadcrumb\",\"itemListElement\":[{\"@type\":\"ListItem\",\"position\":1,\"name\":\"REPORTS\",\"item\":\"https:\\\/\\\/www.sk8.net\\\/wp\\\/?page_id=70\"},{\"@type\":\"ListItem\",\"position\":2,\"name\":\"CdF 2018-Street_Chelles (77)\"}]},{\"@type\":\"WebSite\",\"@id\":\"https:\\\/\\\/www.sk8.net\\\/wp\\\/#website\",\"url\":\"https:\\\/\\\/www.sk8.net\\\/wp\\\/\",\"name\":\"SK8.NET\",\"description\":\"Skateboard Mag.\",\"publisher\":{\"@id\":\"https:\\\/\\\/www.sk8.net\\\/wp\\\/#organization\"},\"alternateName\":\"www.sk8.net\",\"potentialAction\":[{\"@type\":\"SearchAction\",\"target\":{\"@type\":\"EntryPoint\",\"urlTemplate\":\"https:\\\/\\\/www.sk8.net\\\/wp\\\/?s={search_term_string}\"},\"query-input\":{\"@type\":\"PropertyValueSpecification\",\"valueRequired\":true,\"valueName\":\"search_term_string\"}}],\"inLanguage\":\"fr-FR\"},{\"@type\":\"Organization\",\"@id\":\"https:\\\/\\\/www.sk8.net\\\/wp\\\/#organization\",\"name\":\"SK8.NET\",\"url\":\"https:\\\/\\\/www.sk8.net\\\/wp\\\/\",\"logo\":{\"@type\":\"ImageObject\",\"inLanguage\":\"fr-FR\",\"@id\":\"https:\\\/\\\/www.sk8.net\\\/wp\\\/#\\\/schema\\\/logo\\\/image\\\/\",\"url\":\"https:\\\/\\\/www.sk8.net\\\/wp\\\/wp-content\\\/uploads\\\/2023\\\/01\\\/Logo-SK8net_Clrs_2017.png\",\"contentUrl\":\"https:\\\/\\\/www.sk8.net\\\/wp\\\/wp-content\\\/uploads\\\/2023\\\/01\\\/Logo-SK8net_Clrs_2017.png\",\"width\":865,\"height\":250,\"caption\":\"SK8.NET\"},\"image\":{\"@id\":\"https:\\\/\\\/www.sk8.net\\\/wp\\\/#\\\/schema\\\/logo\\\/image\\\/\"},\"sameAs\":[\"https:\\\/\\\/www.facebook.com\\\/sk8pointnet\\\/\",\"https:\\\/\\\/x.com\\\/sk8net\",\"https:\\\/\\\/www.instagram.com\\\/sk8pointnet\\\/\",\"https:\\\/\\\/www.linkedin.com\\\/in\\\/sk8-net-030404a9\\\/\"]}]}<\/script>\n<!-- \/ Yoast SEO plugin. -->","yoast_head_json":{"title":"CdF 2018-Street_Chelles (77) - SK8.NET","robots":{"index":"index","follow":"follow","max-snippet":"max-snippet:-1","max-image-preview":"max-image-preview:large","max-video-preview":"max-video-preview:-1"},"canonical":"https:\/\/www.sk8.net\/wp\/?page_id=24007","og_locale":"fr_FR","og_type":"article","og_title":"Championnat de France Skateboard 2018 - 1ere \u00e9tape \"Street\"_ Chelles (77)","og_description":"Championnat de France Skateboard 20181ere \u00e9tape \u00ab\u00a0Street\u00a0\u00bb_ Chelles (77) Le Championnat de France de Skateboard nouvelle version a fait sa","og_url":"https:\/\/www.sk8.net\/wp\/?page_id=24007","og_site_name":"SK8.NET","article_publisher":"https:\/\/www.facebook.com\/sk8pointnet\/","article_modified_time":"2026-02-14T17:01:27+00:00","og_image":[{"width":590,"height":394,"url":"https:\/\/www.sk8.net\/wp\/wp-content\/uploads\/2018\/02\/antoinelaurent-1.jpg","type":"image\/jpeg"}],"twitter_card":"summary_large_image","twitter_site":"@sk8net","twitter_misc":{"Dur\u00e9e de lecture estim\u00e9e":"7 minutes"},"schema":{"@context":"https:\/\/schema.org","@graph":[{"@type":"WebPage","@id":"https:\/\/www.sk8.net\/wp\/?page_id=24007","url":"https:\/\/www.sk8.net\/wp\/?page_id=24007","name":"CdF 2018-Street_Chelles (77) - SK8.NET","isPartOf":{"@id":"https:\/\/www.sk8.net\/wp\/#website"},"primaryImageOfPage":{"@id":"https:\/\/www.sk8.net\/wp\/?page_id=24007#primaryimage"},"image":{"@id":"https:\/\/www.sk8.net\/wp\/?page_id=24007#primaryimage"},"thumbnailUrl":"http:\/\/www.sk8.net\/wp\/wp-content\/uploads\/2018\/02\/377A3253.jpg","datePublished":"2018-02-01T11:07:33+00:00","dateModified":"2026-02-14T17:01:27+00:00","breadcrumb":{"@id":"https:\/\/www.sk8.net\/wp\/?page_id=24007#breadcrumb"},"inLanguage":"fr-FR","potentialAction":[{"@type":"ReadAction","target":["https:\/\/www.sk8.net\/wp\/?page_id=24007"]}]},{"@type":"ImageObject","inLanguage":"fr-FR","@id":"https:\/\/www.sk8.net\/wp\/?page_id=24007#primaryimage","url":"http:\/\/www.sk8.net\/wp\/wp-content\/uploads\/2018\/02\/377A3253.jpg","contentUrl":"http:\/\/www.sk8.net\/wp\/wp-content\/uploads\/2018\/02\/377A3253.jpg"},{"@type":"BreadcrumbList","@id":"https:\/\/www.sk8.net\/wp\/?page_id=24007#breadcrumb","itemListElement":[{"@type":"ListItem","position":1,"name":"REPORTS","item":"https:\/\/www.sk8.net\/wp\/?page_id=70"},{"@type":"ListItem","position":2,"name":"CdF 2018-Street_Chelles (77)"}]},{"@type":"WebSite","@id":"https:\/\/www.sk8.net\/wp\/#website","url":"https:\/\/www.sk8.net\/wp\/","name":"SK8.NET","description":"Skateboard Mag.","publisher":{"@id":"https:\/\/www.sk8.net\/wp\/#organization"},"alternateName":"www.sk8.net","potentialAction":[{"@type":"SearchAction","target":{"@type":"EntryPoint","urlTemplate":"https:\/\/www.sk8.net\/wp\/?s={search_term_string}"},"query-input":{"@type":"PropertyValueSpecification","valueRequired":true,"valueName":"search_term_string"}}],"inLanguage":"fr-FR"},{"@type":"Organization","@id":"https:\/\/www.sk8.net\/wp\/#organization","name":"SK8.NET","url":"https:\/\/www.sk8.net\/wp\/","logo":{"@type":"ImageObject","inLanguage":"fr-FR","@id":"https:\/\/www.sk8.net\/wp\/#\/schema\/logo\/image\/","url":"https:\/\/www.sk8.net\/wp\/wp-content\/uploads\/2023\/01\/Logo-SK8net_Clrs_2017.png","contentUrl":"https:\/\/www.sk8.net\/wp\/wp-content\/uploads\/2023\/01\/Logo-SK8net_Clrs_2017.png","width":865,"height":250,"caption":"SK8.NET"},"image":{"@id":"https:\/\/www.sk8.net\/wp\/#\/schema\/logo\/image\/"},"sameAs":["https:\/\/www.facebook.com\/sk8pointnet\/","https:\/\/x.com\/sk8net","https:\/\/www.instagram.com\/sk8pointnet\/","https:\/\/www.linkedin.com\/in\/sk8-net-030404a9\/"]}]}},"amp_enabled":true,"_links":{"self":[{"href":"https:\/\/www.sk8.net\/wp\/index.php?rest_route=\/wp\/v2\/pages\/24007","targetHints":{"allow":["GET"]}}],"collection":[{"href":"https:\/\/www.sk8.net\/wp\/index.php?rest_route=\/wp\/v2\/pages"}],"about":[{"href":"https:\/\/www.sk8.net\/wp\/index.php?rest_route=\/wp\/v2\/types\/page"}],"author":[{"embeddable":true,"href":"https:\/\/www.sk8.net\/wp\/index.php?rest_route=\/wp\/v2\/users\/2"}],"replies":[{"embeddable":true,"href":"https:\/\/www.sk8.net\/wp\/index.php?rest_route=%2Fwp%2Fv2%2Fcomments&post=24007"}],"version-history":[{"count":0,"href":"https:\/\/www.sk8.net\/wp\/index.php?rest_route=\/wp\/v2\/pages\/24007\/revisions"}],"up":[{"embeddable":true,"href":"https:\/\/www.sk8.net\/wp\/index.php?rest_route=\/wp\/v2\/pages\/70"}],"wp:attachment":[{"href":"https:\/\/www.sk8.net\/wp\/index.php?rest_route=%2Fwp%2Fv2%2Fmedia&parent=24007"}],"curies":[{"name":"wp","href":"https:\/\/api.w.org\/{rel}","templated":true}]}}