{"id":19191,"date":"2014-11-05T16:42:31","date_gmt":"2014-11-05T15:42:31","guid":{"rendered":"http:\/\/www.sk8.net\/wp\/?page_id=19191"},"modified":"2026-02-17T21:14:03","modified_gmt":"2026-02-17T20:14:03","slug":"chronique-living-west-30-crisis","status":"publish","type":"page","link":"https:\/\/www.sk8.net\/wp\/?page_id=19191","title":{"rendered":"LIVING WEST"},"content":{"rendered":"\n<h4 class=\"wp-block-heading has-cm-color-2-color has-text-color has-link-color wp-elements-30f45e029740f3c0f30a2071ddb1b07b\"><strong>30 CRISIS<\/strong><\/h4>\n\n\n\n<h6 class=\"wp-block-heading\">par : LE COACH<\/h6>\n\n\n\n<h4 class=\"wp-block-heading has-cm-color-2-color has-text-color has-link-color wp-elements-b678c7a42ce2ff7b5e84263876376d65\">LIVING WEST est un trio qui vit dans l&rsquo;ouest de la France en Normandie dans les environs de Rouen. Le batteur et le bassiste sont des skateurs inv\u00e9t\u00e9r\u00e9s depuis plus de 20 ans, ce qui n&rsquo;intervient aucunement dans le style musical. Le son est tr\u00e8s pop\/punk et power\/pop avec des breaks tr\u00e8s mellows \u00e0 la blink182, New Found Glory voire Placebo. On sent dans ce groupe le r\u00e9el d\u00e9sir de composer des titres faits pour la sc\u00e8ne. L&rsquo;ensemble de la production est extr\u00eamement bien soign\u00e9e, les 3 instruments (guitare, basse, batterie) sont \u00e9quilibr\u00e9s parfaitement, la voix (bien que tr\u00e8s l\u00e9g\u00e8rement franchouillarde) se plie parfaitement aux variations des diff\u00e9rentes chansons qui peuvent \u00eatre aussi bien dynamiques que m\u00e9lancoliques. Oui certaines paroles collent avec le th\u00e8me de l&rsquo;opus:<br \/>\nLa crise de la trentaine comme th\u00e8me du premier album des LIVING WEST, pas facile, mais \u00e0 bien lire les paroles, the lyrics!!!!, \u00e7a sent le v\u00e9cu directement ou au moins par procuration. Le questionnement, l&rsquo;amusement, les relations amoureuses, la vie (il y a de l&rsquo;humour aussi)\u2026 Les textes ont \u00e9t\u00e9 bien travaill\u00e9 (c&rsquo;est l&rsquo;apanage des premiers albums), ils sont de r\u00e9elles qualit\u00e9 et un vrai apport dans ces 12 titres.<\/h4>\n\n\n\n<figure class=\"wp-block-image aligncenter size-large is-resized\"><picture class=\"wp-picture-42849\" style=\"display: contents;\"><source type=\"image\/webp\" srcset=\"https:\/\/www.sk8.net\/wp\/wp-content\/uploads\/2026\/02\/lw-nfos-960x640-1-900x600-jpg.webp 900w, https:\/\/www.sk8.net\/wp\/wp-content\/uploads\/2026\/02\/lw-nfos-960x640-1-590x393-jpg.webp 590w, https:\/\/www.sk8.net\/wp\/wp-content\/uploads\/2026\/02\/lw-nfos-960x640-1-768x512-jpg.webp 768w, https:\/\/www.sk8.net\/wp\/wp-content\/uploads\/2026\/02\/lw-nfos-960x640-1-jpg.webp 960w\" sizes=\"auto, (max-width: 900px) 100vw, 900px\"><img loading=\"lazy\" decoding=\"async\" width=\"900\" height=\"600\" sizes=\"auto, (max-width: 900px) 100vw, 900px\" src=\"https:\/\/www.sk8.net\/wp\/wp-content\/uploads\/2026\/02\/lw-nfos-960x640-1-900x600.jpg\" alt=\"\" class=\"wp-image-42849\" style=\"width:900px\" srcset=\"https:\/\/www.sk8.net\/wp\/wp-content\/uploads\/2026\/02\/lw-nfos-960x640-1-900x600.jpg 900w, https:\/\/www.sk8.net\/wp\/wp-content\/uploads\/2026\/02\/lw-nfos-960x640-1-590x393.jpg 590w, https:\/\/www.sk8.net\/wp\/wp-content\/uploads\/2026\/02\/lw-nfos-960x640-1-768x512.jpg 768w, https:\/\/www.sk8.net\/wp\/wp-content\/uploads\/2026\/02\/lw-nfos-960x640-1.jpg 960w\" \/><\/picture><\/figure>\n\n\n\n<p><strong>Living West, vous les retrouverez sur &nbsp;<a href=\"https:\/\/www.facebook.com\/livingwestpage\" target=\"_blank\" rel=\"noopener noreferrer\">www.facebook.com\/livingwestpage<\/a> , Bandcamp, tous les r\u00e9seaux sociaux d&rsquo;ailleurs et leur site internet : <a href=\"http:\/\/www.livingwest.eu\" target=\"_blank\" rel=\"noopener noreferrer\">www.livingwest.eu<\/a><\/strong><\/p>\n\n\n\n<figure class=\"wp-block-embed is-type-video is-provider-youtube wp-block-embed-youtube wp-embed-aspect-16-9 wp-has-aspect-ratio\"><div class=\"wp-block-embed__wrapper\">\n<iframe loading=\"lazy\" title=\"Living West - 30:Crisis - Clip\" width=\"800\" height=\"450\" src=\"https:\/\/www.youtube.com\/embed\/rZ1vyQVoMgM?feature=oembed\" frameborder=\"0\" allow=\"accelerometer; autoplay; clipboard-write; encrypted-media; gyroscope; picture-in-picture; web-share\" referrerpolicy=\"strict-origin-when-cross-origin\" allowfullscreen><\/iframe>\n<\/div><\/figure>\n","protected":false},"excerpt":{"rendered":"<p>30 CRISIS par : LE COACH LIVING WEST est un trio qui vit dans l&rsquo;ouest de la France en Normandie<\/p>\n","protected":false},"author":2,"featured_media":0,"parent":27160,"menu_order":2,"comment_status":"closed","ping_status":"closed","template":"","meta":{"colormag_page_container_layout":"default_layout","colormag_page_sidebar_layout":"default_layout","footnotes":""},"class_list":["post-19191","page","type-page","status-publish","hentry"],"yoast_head":"<!-- This site is optimized with the Yoast SEO plugin v27.4 - https:\/\/yoast.com\/product\/yoast-seo-wordpress\/ -->\n<title>LIVING WEST - SK8.NET<\/title>\n<meta name=\"robots\" content=\"index, follow, max-snippet:-1, max-image-preview:large, max-video-preview:-1\" \/>\n<link rel=\"canonical\" href=\"https:\/\/www.sk8.net\/wp\/?page_id=19191\" \/>\n<meta property=\"og:locale\" content=\"fr_FR\" \/>\n<meta property=\"og:type\" content=\"article\" \/>\n<meta property=\"og:title\" content=\"LIVING WEST - SK8.NET\" \/>\n<meta property=\"og:description\" content=\"30 CRISIS par : LE COACH LIVING WEST est un trio qui vit dans l&rsquo;ouest de la France en Normandie\" \/>\n<meta property=\"og:url\" content=\"https:\/\/www.sk8.net\/wp\/?page_id=19191\" \/>\n<meta property=\"og:site_name\" content=\"SK8.NET\" \/>\n<meta property=\"article:publisher\" content=\"https:\/\/www.facebook.com\/www.sk8.net\" \/>\n<meta property=\"article:modified_time\" content=\"2026-02-17T20:14:03+00:00\" \/>\n<meta property=\"og:image\" content=\"https:\/\/www.sk8.net\/wp\/wp-content\/uploads\/2026\/02\/lw-nfos-960x640-1.jpg\" \/>\n\t<meta property=\"og:image:width\" content=\"960\" \/>\n\t<meta property=\"og:image:height\" content=\"640\" \/>\n\t<meta property=\"og:image:type\" content=\"image\/jpeg\" \/>\n<meta name=\"twitter:card\" content=\"summary_large_image\" \/>\n<meta name=\"twitter:site\" content=\"@sk8net\" \/>\n<meta name=\"twitter:label1\" content=\"Dur\u00e9e de lecture estim\u00e9e\" \/>\n\t<meta name=\"twitter:data1\" content=\"2 minutes\" \/>\n<script type=\"application\/ld+json\" class=\"yoast-schema-graph\">{\"@context\":\"https:\\\/\\\/schema.org\",\"@graph\":[{\"@type\":\"WebPage\",\"@id\":\"https:\\\/\\\/www.sk8.net\\\/wp\\\/?page_id=19191\",\"url\":\"https:\\\/\\\/www.sk8.net\\\/wp\\\/?page_id=19191\",\"name\":\"LIVING WEST - SK8.NET\",\"isPartOf\":{\"@id\":\"https:\\\/\\\/www.sk8.net\\\/wp\\\/#website\"},\"primaryImageOfPage\":{\"@id\":\"https:\\\/\\\/www.sk8.net\\\/wp\\\/?page_id=19191#primaryimage\"},\"image\":{\"@id\":\"https:\\\/\\\/www.sk8.net\\\/wp\\\/?page_id=19191#primaryimage\"},\"thumbnailUrl\":\"https:\\\/\\\/www.sk8.net\\\/wp\\\/wp-content\\\/uploads\\\/2026\\\/02\\\/lw-nfos-960x640-1-900x600.jpg\",\"datePublished\":\"2014-11-05T15:42:31+00:00\",\"dateModified\":\"2026-02-17T20:14:03+00:00\",\"breadcrumb\":{\"@id\":\"https:\\\/\\\/www.sk8.net\\\/wp\\\/?page_id=19191#breadcrumb\"},\"inLanguage\":\"fr-FR\",\"potentialAction\":[{\"@type\":\"ReadAction\",\"target\":[\"https:\\\/\\\/www.sk8.net\\\/wp\\\/?page_id=19191\"]}]},{\"@type\":\"ImageObject\",\"inLanguage\":\"fr-FR\",\"@id\":\"https:\\\/\\\/www.sk8.net\\\/wp\\\/?page_id=19191#primaryimage\",\"url\":\"https:\\\/\\\/www.sk8.net\\\/wp\\\/wp-content\\\/uploads\\\/2026\\\/02\\\/lw-nfos-960x640-1.jpg\",\"contentUrl\":\"https:\\\/\\\/www.sk8.net\\\/wp\\\/wp-content\\\/uploads\\\/2026\\\/02\\\/lw-nfos-960x640-1.jpg\",\"width\":960,\"height\":640},{\"@type\":\"BreadcrumbList\",\"@id\":\"https:\\\/\\\/www.sk8.net\\\/wp\\\/?page_id=19191#breadcrumb\",\"itemListElement\":[{\"@type\":\"ListItem\",\"position\":1,\"name\":\"MUSIC\",\"item\":\"https:\\\/\\\/www.sk8.net\\\/wp\\\/?page_id=18972\"},{\"@type\":\"ListItem\",\"position\":2,\"name\":\"CONCERTS\",\"item\":\"https:\\\/\\\/www.sk8.net\\\/wp\\\/?page_id=27160\"},{\"@type\":\"ListItem\",\"position\":3,\"name\":\"LIVING WEST\"}]},{\"@type\":\"WebSite\",\"@id\":\"https:\\\/\\\/www.sk8.net\\\/wp\\\/#website\",\"url\":\"https:\\\/\\\/www.sk8.net\\\/wp\\\/\",\"name\":\"SK8.NET\",\"description\":\"Skateboard Mag.\",\"publisher\":{\"@id\":\"https:\\\/\\\/www.sk8.net\\\/wp\\\/#\\\/schema\\\/person\\\/cf7f51a71a4228606919be51c1276846\"},\"alternateName\":\"www.sk8.net\",\"potentialAction\":[{\"@type\":\"SearchAction\",\"target\":{\"@type\":\"EntryPoint\",\"urlTemplate\":\"https:\\\/\\\/www.sk8.net\\\/wp\\\/?s={search_term_string}\"},\"query-input\":{\"@type\":\"PropertyValueSpecification\",\"valueRequired\":true,\"valueName\":\"search_term_string\"}}],\"inLanguage\":\"fr-FR\"},{\"@type\":[\"Person\",\"Organization\"],\"@id\":\"https:\\\/\\\/www.sk8.net\\\/wp\\\/#\\\/schema\\\/person\\\/cf7f51a71a4228606919be51c1276846\",\"name\":\"2-fre\",\"logo\":{\"@id\":\"https:\\\/\\\/www.sk8.net\\\/wp\\\/#\\\/schema\\\/person\\\/image\\\/\"},\"sameAs\":[\"http:\\\/\\\/www.sk8.net\",\"https:\\\/\\\/www.facebook.com\\\/www.sk8.net\",\"https:\\\/\\\/www.instagram.com\\\/skhuitpointnet\",\"https:\\\/\\\/www.youtube.com\\\/@sk8pointnet277\"]}]}<\/script>\n<!-- \/ Yoast SEO plugin. -->","yoast_head_json":{"title":"LIVING WEST - SK8.NET","robots":{"index":"index","follow":"follow","max-snippet":"max-snippet:-1","max-image-preview":"max-image-preview:large","max-video-preview":"max-video-preview:-1"},"canonical":"https:\/\/www.sk8.net\/wp\/?page_id=19191","og_locale":"fr_FR","og_type":"article","og_title":"LIVING WEST - SK8.NET","og_description":"30 CRISIS par : LE COACH LIVING WEST est un trio qui vit dans l&rsquo;ouest de la France en Normandie","og_url":"https:\/\/www.sk8.net\/wp\/?page_id=19191","og_site_name":"SK8.NET","article_publisher":"https:\/\/www.facebook.com\/www.sk8.net","article_modified_time":"2026-02-17T20:14:03+00:00","og_image":[{"width":960,"height":640,"url":"https:\/\/www.sk8.net\/wp\/wp-content\/uploads\/2026\/02\/lw-nfos-960x640-1.jpg","type":"image\/jpeg"}],"twitter_card":"summary_large_image","twitter_site":"@sk8net","twitter_misc":{"Dur\u00e9e de lecture estim\u00e9e":"2 minutes"},"schema":{"@context":"https:\/\/schema.org","@graph":[{"@type":"WebPage","@id":"https:\/\/www.sk8.net\/wp\/?page_id=19191","url":"https:\/\/www.sk8.net\/wp\/?page_id=19191","name":"LIVING WEST - SK8.NET","isPartOf":{"@id":"https:\/\/www.sk8.net\/wp\/#website"},"primaryImageOfPage":{"@id":"https:\/\/www.sk8.net\/wp\/?page_id=19191#primaryimage"},"image":{"@id":"https:\/\/www.sk8.net\/wp\/?page_id=19191#primaryimage"},"thumbnailUrl":"https:\/\/www.sk8.net\/wp\/wp-content\/uploads\/2026\/02\/lw-nfos-960x640-1-900x600.jpg","datePublished":"2014-11-05T15:42:31+00:00","dateModified":"2026-02-17T20:14:03+00:00","breadcrumb":{"@id":"https:\/\/www.sk8.net\/wp\/?page_id=19191#breadcrumb"},"inLanguage":"fr-FR","potentialAction":[{"@type":"ReadAction","target":["https:\/\/www.sk8.net\/wp\/?page_id=19191"]}]},{"@type":"ImageObject","inLanguage":"fr-FR","@id":"https:\/\/www.sk8.net\/wp\/?page_id=19191#primaryimage","url":"https:\/\/www.sk8.net\/wp\/wp-content\/uploads\/2026\/02\/lw-nfos-960x640-1.jpg","contentUrl":"https:\/\/www.sk8.net\/wp\/wp-content\/uploads\/2026\/02\/lw-nfos-960x640-1.jpg","width":960,"height":640},{"@type":"BreadcrumbList","@id":"https:\/\/www.sk8.net\/wp\/?page_id=19191#breadcrumb","itemListElement":[{"@type":"ListItem","position":1,"name":"MUSIC","item":"https:\/\/www.sk8.net\/wp\/?page_id=18972"},{"@type":"ListItem","position":2,"name":"CONCERTS","item":"https:\/\/www.sk8.net\/wp\/?page_id=27160"},{"@type":"ListItem","position":3,"name":"LIVING WEST"}]},{"@type":"WebSite","@id":"https:\/\/www.sk8.net\/wp\/#website","url":"https:\/\/www.sk8.net\/wp\/","name":"SK8.NET","description":"Skateboard Mag.","publisher":{"@id":"https:\/\/www.sk8.net\/wp\/#\/schema\/person\/cf7f51a71a4228606919be51c1276846"},"alternateName":"www.sk8.net","potentialAction":[{"@type":"SearchAction","target":{"@type":"EntryPoint","urlTemplate":"https:\/\/www.sk8.net\/wp\/?s={search_term_string}"},"query-input":{"@type":"PropertyValueSpecification","valueRequired":true,"valueName":"search_term_string"}}],"inLanguage":"fr-FR"},{"@type":["Person","Organization"],"@id":"https:\/\/www.sk8.net\/wp\/#\/schema\/person\/cf7f51a71a4228606919be51c1276846","name":"2-fre","logo":{"@id":"https:\/\/www.sk8.net\/wp\/#\/schema\/person\/image\/"},"sameAs":["http:\/\/www.sk8.net","https:\/\/www.facebook.com\/www.sk8.net","https:\/\/www.instagram.com\/skhuitpointnet","https:\/\/www.youtube.com\/@sk8pointnet277"]}]}},"amp_enabled":true,"_links":{"self":[{"href":"https:\/\/www.sk8.net\/wp\/index.php?rest_route=\/wp\/v2\/pages\/19191","targetHints":{"allow":["GET"]}}],"collection":[{"href":"https:\/\/www.sk8.net\/wp\/index.php?rest_route=\/wp\/v2\/pages"}],"about":[{"href":"https:\/\/www.sk8.net\/wp\/index.php?rest_route=\/wp\/v2\/types\/page"}],"author":[{"embeddable":true,"href":"https:\/\/www.sk8.net\/wp\/index.php?rest_route=\/wp\/v2\/users\/2"}],"replies":[{"embeddable":true,"href":"https:\/\/www.sk8.net\/wp\/index.php?rest_route=%2Fwp%2Fv2%2Fcomments&post=19191"}],"version-history":[{"count":0,"href":"https:\/\/www.sk8.net\/wp\/index.php?rest_route=\/wp\/v2\/pages\/19191\/revisions"}],"up":[{"embeddable":true,"href":"https:\/\/www.sk8.net\/wp\/index.php?rest_route=\/wp\/v2\/pages\/27160"}],"wp:attachment":[{"href":"https:\/\/www.sk8.net\/wp\/index.php?rest_route=%2Fwp%2Fv2%2Fmedia&parent=19191"}],"curies":[{"name":"wp","href":"https:\/\/api.w.org\/{rel}","templated":true}]}}