{"id":18,"date":"2009-08-11T12:03:58","date_gmt":"2009-08-11T10:03:58","guid":{"rendered":"http:\/\/90plan.ovh.net\/~sklvdrhx\/wp\/?page_id=18"},"modified":"2026-02-12T09:54:44","modified_gmt":"2026-02-12T08:54:44","slug":"skatepark-de-l-egp-paris18","status":"publish","type":"page","link":"https:\/\/www.sk8.net\/wp\/?page_id=18","title":{"rendered":"PARIS (18) &#8211; EGP18"},"content":{"rendered":"\n<figure class=\"wp-block-image size-full is-resized\"><img loading=\"lazy\" decoding=\"async\" width=\"605\" height=\"402\" sizes=\"auto, (max-width: 605px) 100vw, 605px\" src=\"https:\/\/www.sk8.net\/wp\/wp-content\/uploads\/2021\/09\/paris.jpg\" alt=\"\" class=\"wp-image-28491\" style=\"width:900px\" srcset=\"https:\/\/www.sk8.net\/wp\/wp-content\/uploads\/2021\/09\/paris.jpg 605w, https:\/\/www.sk8.net\/wp\/wp-content\/uploads\/2021\/09\/paris-300x199.jpg 300w, https:\/\/www.sk8.net\/wp\/wp-content\/uploads\/2021\/09\/paris-590x392.jpg 590w\" \/><\/figure>\n\n\n\n<p>Skatepark de 3000 m2 construit en 2007 au nord de Paris.<br \/>Impasse des Fillettes, Paris 18\u00e9. M\u00e9tro Porte de la Chapelle<\/p>\n\n\n\n<p>Le site <a href=\"http:\/\/www.skateparkdeparis.fr\" target=\"_blank\" rel=\"noopener noreferrer\">http:\/\/www.skateparkdeparis.fr<\/a> est a votre disposition pour plus d&rsquo;infos, horaires (\u00e0 consulter avant de vous y rendre, pour v\u00e9rifier les plages horaires, Skate, Roller, ou Bmx), photos&#8230; etc, etc<br \/><span style=\"color: #ff0000;\"><strong>Contact accueil. T\u00e9l.:&nbsp;01 40 05 62 00<\/strong><\/span><br \/><iframe loading=\"lazy\" src=\"https:\/\/www.google.com\/maps\/d\/embed?mid=z86aT6R3CXek.kxFr4q7RRn6Y\" width=\"900\" height=\"380\"><\/iframe><\/p>\n\n\n\n<p><br \/>Enti\u00e8rement en b\u00e9ton, couvert et d&rsquo;acc\u00e9s gratuit. Le port du casque y est obligatoire, si vous n&rsquo;en n&rsquo;avez pas, ils en pr\u00eate sur place.<\/p>\n\n\n\n<p>Vous y trouverez, un snake, un complexe de bowl, une aire de street&#8230; bref, tous ce qu&rsquo;il vous faut pour vous faire plaisir.<\/p>\n\n\n\n<figure class=\"wp-block-image size-full is-resized\"><img loading=\"lazy\" decoding=\"async\" width=\"640\" height=\"426\" sizes=\"auto, (max-width: 640px) 100vw, 640px\" src=\"https:\/\/www.sk8.net\/wp\/wp-content\/uploads\/2025\/12\/8202247709_7121865a0b_z.webp\" alt=\"\" class=\"wp-image-40711\" style=\"width:900px\" srcset=\"https:\/\/www.sk8.net\/wp\/wp-content\/uploads\/2025\/12\/8202247709_7121865a0b_z.webp 640w, https:\/\/www.sk8.net\/wp\/wp-content\/uploads\/2025\/12\/8202247709_7121865a0b_z-590x393.webp 590w\" \/><\/figure>\n\n\n\n<figure class=\"wp-block-embed is-type-rich is-provider-flickr wp-block-embed-flickr\"><div class=\"wp-block-embed__wrapper\">\n<a data-flickr-embed='true' href='https:\/\/www.flickr.com\/photos\/sk8net\/albums\/72157645353975492\/' title='TGP 2014_EGP18 by www.sk8.net, on Flickr'><img src='https:\/\/live.staticflickr.com\/5531\/14320249427_8e2965c9dc_c.jpg' width='800' height='600' alt=''><\/a><script async src='https:\/\/embedr.flickr.com\/assets\/client-code.js' charset='utf-8'><\/script>\n<\/div><\/figure>\n","protected":false},"excerpt":{"rendered":"<p>Skatepark de 3000 m2 construit en 2007 au nord de Paris.Impasse des Fillettes, Paris 18\u00e9. M\u00e9tro Porte de la Chapelle<\/p>\n","protected":false},"author":1,"featured_media":0,"parent":21232,"menu_order":0,"comment_status":"closed","ping_status":"open","template":"","meta":{"colormag_page_container_layout":"default_layout","colormag_page_sidebar_layout":"default_layout","footnotes":""},"class_list":["post-18","page","type-page","status-publish","hentry"],"yoast_head":"<!-- This site is optimized with the Yoast SEO plugin v27.4 - https:\/\/yoast.com\/product\/yoast-seo-wordpress\/ -->\n<title>PARIS (18) - EGP18 - SK8.NET<\/title>\n<meta name=\"robots\" content=\"index, follow, max-snippet:-1, max-image-preview:large, max-video-preview:-1\" \/>\n<link rel=\"canonical\" href=\"https:\/\/www.sk8.net\/wp\/?page_id=18\" \/>\n<meta property=\"og:locale\" content=\"fr_FR\" \/>\n<meta property=\"og:type\" content=\"article\" \/>\n<meta property=\"og:title\" content=\"PARIS (18) - EGP18 - SK8.NET\" \/>\n<meta property=\"og:description\" content=\"Skatepark de 3000 m2 construit en 2007 au nord de Paris.Impasse des Fillettes, Paris 18\u00e9. M\u00e9tro Porte de la Chapelle\" \/>\n<meta property=\"og:url\" content=\"https:\/\/www.sk8.net\/wp\/?page_id=18\" \/>\n<meta property=\"og:site_name\" content=\"SK8.NET\" \/>\n<meta property=\"article:publisher\" content=\"https:\/\/www.facebook.com\/sk8pointnet\/\" \/>\n<meta property=\"article:modified_time\" content=\"2026-02-12T08:54:44+00:00\" \/>\n<meta property=\"og:image\" content=\"https:\/\/www.sk8.net\/wp\/wp-content\/uploads\/2021\/09\/paris.jpg\" \/>\n\t<meta property=\"og:image:width\" content=\"605\" \/>\n\t<meta property=\"og:image:height\" content=\"402\" \/>\n\t<meta property=\"og:image:type\" content=\"image\/jpeg\" \/>\n<meta name=\"twitter:card\" content=\"summary_large_image\" \/>\n<meta name=\"twitter:site\" content=\"@sk8net\" \/>\n<meta name=\"twitter:label1\" content=\"Dur\u00e9e de lecture estim\u00e9e\" \/>\n\t<meta name=\"twitter:data1\" content=\"2 minutes\" \/>\n<script type=\"application\/ld+json\" class=\"yoast-schema-graph\">{\"@context\":\"https:\\\/\\\/schema.org\",\"@graph\":[{\"@type\":\"WebPage\",\"@id\":\"https:\\\/\\\/www.sk8.net\\\/wp\\\/?page_id=18\",\"url\":\"https:\\\/\\\/www.sk8.net\\\/wp\\\/?page_id=18\",\"name\":\"PARIS (18) - EGP18 - SK8.NET\",\"isPartOf\":{\"@id\":\"https:\\\/\\\/www.sk8.net\\\/wp\\\/#website\"},\"primaryImageOfPage\":{\"@id\":\"https:\\\/\\\/www.sk8.net\\\/wp\\\/?page_id=18#primaryimage\"},\"image\":{\"@id\":\"https:\\\/\\\/www.sk8.net\\\/wp\\\/?page_id=18#primaryimage\"},\"thumbnailUrl\":\"https:\\\/\\\/www.sk8.net\\\/wp\\\/wp-content\\\/uploads\\\/2021\\\/09\\\/paris.jpg\",\"datePublished\":\"2009-08-11T10:03:58+00:00\",\"dateModified\":\"2026-02-12T08:54:44+00:00\",\"breadcrumb\":{\"@id\":\"https:\\\/\\\/www.sk8.net\\\/wp\\\/?page_id=18#breadcrumb\"},\"inLanguage\":\"fr-FR\",\"potentialAction\":[{\"@type\":\"ReadAction\",\"target\":[\"https:\\\/\\\/www.sk8.net\\\/wp\\\/?page_id=18\"]}]},{\"@type\":\"ImageObject\",\"inLanguage\":\"fr-FR\",\"@id\":\"https:\\\/\\\/www.sk8.net\\\/wp\\\/?page_id=18#primaryimage\",\"url\":\"https:\\\/\\\/www.sk8.net\\\/wp\\\/wp-content\\\/uploads\\\/2021\\\/09\\\/paris.jpg\",\"contentUrl\":\"https:\\\/\\\/www.sk8.net\\\/wp\\\/wp-content\\\/uploads\\\/2021\\\/09\\\/paris.jpg\",\"width\":605,\"height\":402},{\"@type\":\"BreadcrumbList\",\"@id\":\"https:\\\/\\\/www.sk8.net\\\/wp\\\/?page_id=18#breadcrumb\",\"itemListElement\":[{\"@type\":\"ListItem\",\"position\":1,\"name\":\"SKATEPARK LISTE\",\"item\":\"https:\\\/\\\/www.sk8.net\\\/wp\\\/?page_id=27163\"},{\"@type\":\"ListItem\",\"position\":2,\"name\":\"SKATEPARKS_M>Z\",\"item\":\"https:\\\/\\\/www.sk8.net\\\/wp\\\/?page_id=21232\"},{\"@type\":\"ListItem\",\"position\":3,\"name\":\"PARIS (18) &#8211; EGP18\"}]},{\"@type\":\"WebSite\",\"@id\":\"https:\\\/\\\/www.sk8.net\\\/wp\\\/#website\",\"url\":\"https:\\\/\\\/www.sk8.net\\\/wp\\\/\",\"name\":\"SK8.NET\",\"description\":\"Skateboard Mag.\",\"publisher\":{\"@id\":\"https:\\\/\\\/www.sk8.net\\\/wp\\\/#organization\"},\"alternateName\":\"www.sk8.net\",\"potentialAction\":[{\"@type\":\"SearchAction\",\"target\":{\"@type\":\"EntryPoint\",\"urlTemplate\":\"https:\\\/\\\/www.sk8.net\\\/wp\\\/?s={search_term_string}\"},\"query-input\":{\"@type\":\"PropertyValueSpecification\",\"valueRequired\":true,\"valueName\":\"search_term_string\"}}],\"inLanguage\":\"fr-FR\"},{\"@type\":\"Organization\",\"@id\":\"https:\\\/\\\/www.sk8.net\\\/wp\\\/#organization\",\"name\":\"SK8.NET\",\"url\":\"https:\\\/\\\/www.sk8.net\\\/wp\\\/\",\"logo\":{\"@type\":\"ImageObject\",\"inLanguage\":\"fr-FR\",\"@id\":\"https:\\\/\\\/www.sk8.net\\\/wp\\\/#\\\/schema\\\/logo\\\/image\\\/\",\"url\":\"https:\\\/\\\/www.sk8.net\\\/wp\\\/wp-content\\\/uploads\\\/2023\\\/01\\\/Logo-SK8net_Clrs_2017.png\",\"contentUrl\":\"https:\\\/\\\/www.sk8.net\\\/wp\\\/wp-content\\\/uploads\\\/2023\\\/01\\\/Logo-SK8net_Clrs_2017.png\",\"width\":865,\"height\":250,\"caption\":\"SK8.NET\"},\"image\":{\"@id\":\"https:\\\/\\\/www.sk8.net\\\/wp\\\/#\\\/schema\\\/logo\\\/image\\\/\"},\"sameAs\":[\"https:\\\/\\\/www.facebook.com\\\/sk8pointnet\\\/\",\"https:\\\/\\\/x.com\\\/sk8net\",\"https:\\\/\\\/www.instagram.com\\\/sk8pointnet\\\/\",\"https:\\\/\\\/www.linkedin.com\\\/in\\\/sk8-net-030404a9\\\/\"]}]}<\/script>\n<!-- \/ Yoast SEO plugin. -->","yoast_head_json":{"title":"PARIS (18) - EGP18 - SK8.NET","robots":{"index":"index","follow":"follow","max-snippet":"max-snippet:-1","max-image-preview":"max-image-preview:large","max-video-preview":"max-video-preview:-1"},"canonical":"https:\/\/www.sk8.net\/wp\/?page_id=18","og_locale":"fr_FR","og_type":"article","og_title":"PARIS (18) - EGP18 - SK8.NET","og_description":"Skatepark de 3000 m2 construit en 2007 au nord de Paris.Impasse des Fillettes, Paris 18\u00e9. M\u00e9tro Porte de la Chapelle","og_url":"https:\/\/www.sk8.net\/wp\/?page_id=18","og_site_name":"SK8.NET","article_publisher":"https:\/\/www.facebook.com\/sk8pointnet\/","article_modified_time":"2026-02-12T08:54:44+00:00","og_image":[{"width":605,"height":402,"url":"https:\/\/www.sk8.net\/wp\/wp-content\/uploads\/2021\/09\/paris.jpg","type":"image\/jpeg"}],"twitter_card":"summary_large_image","twitter_site":"@sk8net","twitter_misc":{"Dur\u00e9e de lecture estim\u00e9e":"2 minutes"},"schema":{"@context":"https:\/\/schema.org","@graph":[{"@type":"WebPage","@id":"https:\/\/www.sk8.net\/wp\/?page_id=18","url":"https:\/\/www.sk8.net\/wp\/?page_id=18","name":"PARIS (18) - EGP18 - SK8.NET","isPartOf":{"@id":"https:\/\/www.sk8.net\/wp\/#website"},"primaryImageOfPage":{"@id":"https:\/\/www.sk8.net\/wp\/?page_id=18#primaryimage"},"image":{"@id":"https:\/\/www.sk8.net\/wp\/?page_id=18#primaryimage"},"thumbnailUrl":"https:\/\/www.sk8.net\/wp\/wp-content\/uploads\/2021\/09\/paris.jpg","datePublished":"2009-08-11T10:03:58+00:00","dateModified":"2026-02-12T08:54:44+00:00","breadcrumb":{"@id":"https:\/\/www.sk8.net\/wp\/?page_id=18#breadcrumb"},"inLanguage":"fr-FR","potentialAction":[{"@type":"ReadAction","target":["https:\/\/www.sk8.net\/wp\/?page_id=18"]}]},{"@type":"ImageObject","inLanguage":"fr-FR","@id":"https:\/\/www.sk8.net\/wp\/?page_id=18#primaryimage","url":"https:\/\/www.sk8.net\/wp\/wp-content\/uploads\/2021\/09\/paris.jpg","contentUrl":"https:\/\/www.sk8.net\/wp\/wp-content\/uploads\/2021\/09\/paris.jpg","width":605,"height":402},{"@type":"BreadcrumbList","@id":"https:\/\/www.sk8.net\/wp\/?page_id=18#breadcrumb","itemListElement":[{"@type":"ListItem","position":1,"name":"SKATEPARK LISTE","item":"https:\/\/www.sk8.net\/wp\/?page_id=27163"},{"@type":"ListItem","position":2,"name":"SKATEPARKS_M>Z","item":"https:\/\/www.sk8.net\/wp\/?page_id=21232"},{"@type":"ListItem","position":3,"name":"PARIS (18) &#8211; EGP18"}]},{"@type":"WebSite","@id":"https:\/\/www.sk8.net\/wp\/#website","url":"https:\/\/www.sk8.net\/wp\/","name":"SK8.NET","description":"Skateboard Mag.","publisher":{"@id":"https:\/\/www.sk8.net\/wp\/#organization"},"alternateName":"www.sk8.net","potentialAction":[{"@type":"SearchAction","target":{"@type":"EntryPoint","urlTemplate":"https:\/\/www.sk8.net\/wp\/?s={search_term_string}"},"query-input":{"@type":"PropertyValueSpecification","valueRequired":true,"valueName":"search_term_string"}}],"inLanguage":"fr-FR"},{"@type":"Organization","@id":"https:\/\/www.sk8.net\/wp\/#organization","name":"SK8.NET","url":"https:\/\/www.sk8.net\/wp\/","logo":{"@type":"ImageObject","inLanguage":"fr-FR","@id":"https:\/\/www.sk8.net\/wp\/#\/schema\/logo\/image\/","url":"https:\/\/www.sk8.net\/wp\/wp-content\/uploads\/2023\/01\/Logo-SK8net_Clrs_2017.png","contentUrl":"https:\/\/www.sk8.net\/wp\/wp-content\/uploads\/2023\/01\/Logo-SK8net_Clrs_2017.png","width":865,"height":250,"caption":"SK8.NET"},"image":{"@id":"https:\/\/www.sk8.net\/wp\/#\/schema\/logo\/image\/"},"sameAs":["https:\/\/www.facebook.com\/sk8pointnet\/","https:\/\/x.com\/sk8net","https:\/\/www.instagram.com\/sk8pointnet\/","https:\/\/www.linkedin.com\/in\/sk8-net-030404a9\/"]}]}},"amp_enabled":true,"_links":{"self":[{"href":"https:\/\/www.sk8.net\/wp\/index.php?rest_route=\/wp\/v2\/pages\/18","targetHints":{"allow":["GET"]}}],"collection":[{"href":"https:\/\/www.sk8.net\/wp\/index.php?rest_route=\/wp\/v2\/pages"}],"about":[{"href":"https:\/\/www.sk8.net\/wp\/index.php?rest_route=\/wp\/v2\/types\/page"}],"author":[{"embeddable":true,"href":"https:\/\/www.sk8.net\/wp\/index.php?rest_route=\/wp\/v2\/users\/1"}],"replies":[{"embeddable":true,"href":"https:\/\/www.sk8.net\/wp\/index.php?rest_route=%2Fwp%2Fv2%2Fcomments&post=18"}],"version-history":[{"count":0,"href":"https:\/\/www.sk8.net\/wp\/index.php?rest_route=\/wp\/v2\/pages\/18\/revisions"}],"up":[{"embeddable":true,"href":"https:\/\/www.sk8.net\/wp\/index.php?rest_route=\/wp\/v2\/pages\/21232"}],"wp:attachment":[{"href":"https:\/\/www.sk8.net\/wp\/index.php?rest_route=%2Fwp%2Fv2%2Fmedia&parent=18"}],"curies":[{"name":"wp","href":"https:\/\/api.w.org\/{rel}","templated":true}]}}