{"id":1416,"date":"2010-01-18T13:02:19","date_gmt":"2010-01-18T11:02:19","guid":{"rendered":"http:\/\/www.sk8.net\/wp\/?page_id=1416"},"modified":"2026-04-03T12:13:57","modified_gmt":"2026-04-03T10:13:57","slug":"skatepark-de-bordeaux-33","status":"publish","type":"page","link":"https:\/\/www.sk8.net\/wp\/?page_id=1416","title":{"rendered":"BORDEAUX (33)"},"content":{"rendered":"\n<figure class=\"wp-block-image aligncenter is-resized\"><img loading=\"lazy\" decoding=\"async\" width=\"590\" height=\"300\" sizes=\"auto, (max-width: 590px) 100vw, 590px\" src=\"http:\/\/www.sk8.net\/wp\/wp-content\/uploads\/2010\/01\/Skatepark-bordeaux_590x300.jpg\" alt=\"Skatepark-bordeaux_590x300\" class=\"wp-image-21275\" style=\"width:900px\" srcset=\"https:\/\/www.sk8.net\/wp\/wp-content\/uploads\/2010\/01\/Skatepark-bordeaux_590x300.jpg 590w, https:\/\/www.sk8.net\/wp\/wp-content\/uploads\/2010\/01\/Skatepark-bordeaux_590x300-92x47.jpg 92w, https:\/\/www.sk8.net\/wp\/wp-content\/uploads\/2010\/01\/Skatepark-bordeaux_590x300-300x153.jpg 300w\" \/><\/figure>\n\n\n\n<p>Le Skatepark des Chartrons &#8211; Bordeaux (33)<\/p>\n\n\n\n<h4 class=\"wp-block-heading has-cm-color-2-color has-text-color has-link-color wp-elements-5b1756489135a73a065741a21473a4bc\"><strong>Skatepark refait \u00e0 neuf en 2022<\/strong><\/h4>\n\n\n\n<p>&gt; Install\u00e9 sur les quais des Chartrons. Avec une surface de 2400m2 sur 110m de long <s>vous trouverez 4 sections. \u00ab\u00a0Bowl\/Minirampe\u00a0\u00bb, \u00ab\u00a0Cascade\u00a0\u00bb avec de gros modules (plut\u00f4t orient\u00e9 Bmx et Roller), \u00ab\u00a0Urbaines\u00a0\u00bb Skatepark Street avec modules en B\u00e9ton et une aire r\u00e9serv\u00e9 au enfants avec minibowl et mini modules.<\/s><\/p>\n\n\n\n<p>&gt; Acc\u00e8s libre, Point d&rsquo;eau, Eclairage, Bon esprit&#8230; A skater absolument.<br \/><iframe loading=\"lazy\" src=\"https:\/\/www.google.com\/maps\/d\/embed?mid=z86aT6R3CXek.k3VSRC1acAH8\" width=\"800\" height=\"380\"><\/iframe><\/p>\n\n\n\n<figure class=\"wp-block-embed is-type-video is-provider-youtube wp-block-embed-youtube wp-embed-aspect-16-9 wp-has-aspect-ratio\"><div class=\"wp-block-embed__wrapper\">\n<iframe loading=\"lazy\" title=\"Pr\u00e9sentation du Hangar Darwin Skatepark - 2021\" width=\"800\" height=\"450\" src=\"https:\/\/www.youtube.com\/embed\/8PBAa2BgAYY?feature=oembed\" frameborder=\"0\" allow=\"accelerometer; autoplay; clipboard-write; encrypted-media; gyroscope; picture-in-picture; web-share\" referrerpolicy=\"strict-origin-when-cross-origin\" allowfullscreen><\/iframe>\n<\/div><\/figure>\n\n\n\n<figure class=\"wp-block-embed is-type-rich is-provider-flickr wp-block-embed-flickr\"><div class=\"wp-block-embed__wrapper\">\n<a data-flickr-embed='true' href='https:\/\/www.flickr.com\/photos\/sk8net\/albums\/72157600171274324\/' title='V7 Teenage Tour 07 - BORDEAUX by www.sk8.net, on Flickr'><img src='https:\/\/live.staticflickr.com\/190\/482440264_02df01bb6a_c.jpg' width='800' height='600' alt='Maxime Genin - Stickers job'><\/a><script async src='https:\/\/embedr.flickr.com\/assets\/client-code.js' charset='utf-8'><\/script>\n<\/div><\/figure>\n\n\n\n<p>Spoted\/Txt&amp;Photos: 2-fre\u00a9 &#8211; www.sk8.net &#8211;&nbsp;Ne pas utiliser sans autorisations.<\/p>\n","protected":false},"excerpt":{"rendered":"<p>Le Skatepark des Chartrons &#8211; Bordeaux (33) Skatepark refait \u00e0 neuf en 2022 &gt; Install\u00e9 sur les quais des Chartrons.<\/p>\n","protected":false},"author":2,"featured_media":0,"parent":15,"menu_order":0,"comment_status":"closed","ping_status":"open","template":"","meta":{"colormag_page_container_layout":"default_layout","colormag_page_sidebar_layout":"default_layout","footnotes":""},"class_list":["post-1416","page","type-page","status-publish","hentry"],"yoast_head":"<!-- This site is optimized with the Yoast SEO plugin v27.4 - https:\/\/yoast.com\/product\/yoast-seo-wordpress\/ -->\n<title>BORDEAUX (33) - SK8.NET<\/title>\n<meta name=\"robots\" content=\"index, follow, max-snippet:-1, max-image-preview:large, max-video-preview:-1\" \/>\n<link rel=\"canonical\" href=\"https:\/\/www.sk8.net\/wp\/?page_id=1416\" \/>\n<meta property=\"og:locale\" content=\"fr_FR\" \/>\n<meta property=\"og:type\" content=\"article\" \/>\n<meta property=\"og:title\" content=\"BORDEAUX (33) - SK8.NET\" \/>\n<meta property=\"og:description\" content=\"Le Skatepark des Chartrons &#8211; Bordeaux (33) Skatepark refait \u00e0 neuf en 2022 &gt; Install\u00e9 sur les quais des Chartrons.\" \/>\n<meta property=\"og:url\" content=\"https:\/\/www.sk8.net\/wp\/?page_id=1416\" \/>\n<meta property=\"og:site_name\" content=\"SK8.NET\" \/>\n<meta property=\"article:publisher\" content=\"https:\/\/www.facebook.com\/sk8pointnet\/\" \/>\n<meta property=\"article:modified_time\" content=\"2026-04-03T10:13:57+00:00\" \/>\n<meta property=\"og:image\" content=\"https:\/\/www.sk8.net\/wp\/wp-content\/uploads\/2021\/11\/Skatepark-bordeaux_590x300.jpg\" \/>\n\t<meta property=\"og:image:width\" content=\"590\" \/>\n\t<meta property=\"og:image:height\" content=\"300\" \/>\n\t<meta property=\"og:image:type\" content=\"image\/jpeg\" \/>\n<meta name=\"twitter:card\" content=\"summary_large_image\" \/>\n<meta name=\"twitter:site\" content=\"@sk8net\" \/>\n<meta name=\"twitter:label1\" content=\"Dur\u00e9e de lecture estim\u00e9e\" \/>\n\t<meta name=\"twitter:data1\" content=\"1 minute\" \/>\n<script type=\"application\/ld+json\" class=\"yoast-schema-graph\">{\"@context\":\"https:\\\/\\\/schema.org\",\"@graph\":[{\"@type\":\"WebPage\",\"@id\":\"https:\\\/\\\/www.sk8.net\\\/wp\\\/?page_id=1416\",\"url\":\"https:\\\/\\\/www.sk8.net\\\/wp\\\/?page_id=1416\",\"name\":\"BORDEAUX (33) - SK8.NET\",\"isPartOf\":{\"@id\":\"https:\\\/\\\/www.sk8.net\\\/wp\\\/#website\"},\"primaryImageOfPage\":{\"@id\":\"https:\\\/\\\/www.sk8.net\\\/wp\\\/?page_id=1416#primaryimage\"},\"image\":{\"@id\":\"https:\\\/\\\/www.sk8.net\\\/wp\\\/?page_id=1416#primaryimage\"},\"thumbnailUrl\":\"http:\\\/\\\/www.sk8.net\\\/wp\\\/wp-content\\\/uploads\\\/2010\\\/01\\\/Skatepark-bordeaux_590x300.jpg\",\"datePublished\":\"2010-01-18T11:02:19+00:00\",\"dateModified\":\"2026-04-03T10:13:57+00:00\",\"breadcrumb\":{\"@id\":\"https:\\\/\\\/www.sk8.net\\\/wp\\\/?page_id=1416#breadcrumb\"},\"inLanguage\":\"fr-FR\",\"potentialAction\":[{\"@type\":\"ReadAction\",\"target\":[\"https:\\\/\\\/www.sk8.net\\\/wp\\\/?page_id=1416\"]}]},{\"@type\":\"ImageObject\",\"inLanguage\":\"fr-FR\",\"@id\":\"https:\\\/\\\/www.sk8.net\\\/wp\\\/?page_id=1416#primaryimage\",\"url\":\"http:\\\/\\\/www.sk8.net\\\/wp\\\/wp-content\\\/uploads\\\/2010\\\/01\\\/Skatepark-bordeaux_590x300.jpg\",\"contentUrl\":\"http:\\\/\\\/www.sk8.net\\\/wp\\\/wp-content\\\/uploads\\\/2010\\\/01\\\/Skatepark-bordeaux_590x300.jpg\"},{\"@type\":\"BreadcrumbList\",\"@id\":\"https:\\\/\\\/www.sk8.net\\\/wp\\\/?page_id=1416#breadcrumb\",\"itemListElement\":[{\"@type\":\"ListItem\",\"position\":1,\"name\":\"SKATEPARK LISTE\",\"item\":\"https:\\\/\\\/www.sk8.net\\\/wp\\\/?page_id=27163\"},{\"@type\":\"ListItem\",\"position\":2,\"name\":\"SKATEPARKS_A>H\",\"item\":\"https:\\\/\\\/www.sk8.net\\\/wp\\\/?page_id=15\"},{\"@type\":\"ListItem\",\"position\":3,\"name\":\"BORDEAUX (33)\"}]},{\"@type\":\"WebSite\",\"@id\":\"https:\\\/\\\/www.sk8.net\\\/wp\\\/#website\",\"url\":\"https:\\\/\\\/www.sk8.net\\\/wp\\\/\",\"name\":\"SK8.NET\",\"description\":\"Skateboard Mag.\",\"publisher\":{\"@id\":\"https:\\\/\\\/www.sk8.net\\\/wp\\\/#organization\"},\"alternateName\":\"www.sk8.net\",\"potentialAction\":[{\"@type\":\"SearchAction\",\"target\":{\"@type\":\"EntryPoint\",\"urlTemplate\":\"https:\\\/\\\/www.sk8.net\\\/wp\\\/?s={search_term_string}\"},\"query-input\":{\"@type\":\"PropertyValueSpecification\",\"valueRequired\":true,\"valueName\":\"search_term_string\"}}],\"inLanguage\":\"fr-FR\"},{\"@type\":\"Organization\",\"@id\":\"https:\\\/\\\/www.sk8.net\\\/wp\\\/#organization\",\"name\":\"SK8.NET\",\"url\":\"https:\\\/\\\/www.sk8.net\\\/wp\\\/\",\"logo\":{\"@type\":\"ImageObject\",\"inLanguage\":\"fr-FR\",\"@id\":\"https:\\\/\\\/www.sk8.net\\\/wp\\\/#\\\/schema\\\/logo\\\/image\\\/\",\"url\":\"https:\\\/\\\/www.sk8.net\\\/wp\\\/wp-content\\\/uploads\\\/2023\\\/01\\\/Logo-SK8net_Clrs_2017.png\",\"contentUrl\":\"https:\\\/\\\/www.sk8.net\\\/wp\\\/wp-content\\\/uploads\\\/2023\\\/01\\\/Logo-SK8net_Clrs_2017.png\",\"width\":865,\"height\":250,\"caption\":\"SK8.NET\"},\"image\":{\"@id\":\"https:\\\/\\\/www.sk8.net\\\/wp\\\/#\\\/schema\\\/logo\\\/image\\\/\"},\"sameAs\":[\"https:\\\/\\\/www.facebook.com\\\/sk8pointnet\\\/\",\"https:\\\/\\\/x.com\\\/sk8net\",\"https:\\\/\\\/www.instagram.com\\\/sk8pointnet\\\/\",\"https:\\\/\\\/www.linkedin.com\\\/in\\\/sk8-net-030404a9\\\/\"]}]}<\/script>\n<!-- \/ Yoast SEO plugin. -->","yoast_head_json":{"title":"BORDEAUX (33) - SK8.NET","robots":{"index":"index","follow":"follow","max-snippet":"max-snippet:-1","max-image-preview":"max-image-preview:large","max-video-preview":"max-video-preview:-1"},"canonical":"https:\/\/www.sk8.net\/wp\/?page_id=1416","og_locale":"fr_FR","og_type":"article","og_title":"BORDEAUX (33) - SK8.NET","og_description":"Le Skatepark des Chartrons &#8211; Bordeaux (33) Skatepark refait \u00e0 neuf en 2022 &gt; Install\u00e9 sur les quais des Chartrons.","og_url":"https:\/\/www.sk8.net\/wp\/?page_id=1416","og_site_name":"SK8.NET","article_publisher":"https:\/\/www.facebook.com\/sk8pointnet\/","article_modified_time":"2026-04-03T10:13:57+00:00","og_image":[{"width":590,"height":300,"url":"https:\/\/www.sk8.net\/wp\/wp-content\/uploads\/2021\/11\/Skatepark-bordeaux_590x300.jpg","type":"image\/jpeg"}],"twitter_card":"summary_large_image","twitter_site":"@sk8net","twitter_misc":{"Dur\u00e9e de lecture estim\u00e9e":"1 minute"},"schema":{"@context":"https:\/\/schema.org","@graph":[{"@type":"WebPage","@id":"https:\/\/www.sk8.net\/wp\/?page_id=1416","url":"https:\/\/www.sk8.net\/wp\/?page_id=1416","name":"BORDEAUX (33) - SK8.NET","isPartOf":{"@id":"https:\/\/www.sk8.net\/wp\/#website"},"primaryImageOfPage":{"@id":"https:\/\/www.sk8.net\/wp\/?page_id=1416#primaryimage"},"image":{"@id":"https:\/\/www.sk8.net\/wp\/?page_id=1416#primaryimage"},"thumbnailUrl":"http:\/\/www.sk8.net\/wp\/wp-content\/uploads\/2010\/01\/Skatepark-bordeaux_590x300.jpg","datePublished":"2010-01-18T11:02:19+00:00","dateModified":"2026-04-03T10:13:57+00:00","breadcrumb":{"@id":"https:\/\/www.sk8.net\/wp\/?page_id=1416#breadcrumb"},"inLanguage":"fr-FR","potentialAction":[{"@type":"ReadAction","target":["https:\/\/www.sk8.net\/wp\/?page_id=1416"]}]},{"@type":"ImageObject","inLanguage":"fr-FR","@id":"https:\/\/www.sk8.net\/wp\/?page_id=1416#primaryimage","url":"http:\/\/www.sk8.net\/wp\/wp-content\/uploads\/2010\/01\/Skatepark-bordeaux_590x300.jpg","contentUrl":"http:\/\/www.sk8.net\/wp\/wp-content\/uploads\/2010\/01\/Skatepark-bordeaux_590x300.jpg"},{"@type":"BreadcrumbList","@id":"https:\/\/www.sk8.net\/wp\/?page_id=1416#breadcrumb","itemListElement":[{"@type":"ListItem","position":1,"name":"SKATEPARK LISTE","item":"https:\/\/www.sk8.net\/wp\/?page_id=27163"},{"@type":"ListItem","position":2,"name":"SKATEPARKS_A>H","item":"https:\/\/www.sk8.net\/wp\/?page_id=15"},{"@type":"ListItem","position":3,"name":"BORDEAUX (33)"}]},{"@type":"WebSite","@id":"https:\/\/www.sk8.net\/wp\/#website","url":"https:\/\/www.sk8.net\/wp\/","name":"SK8.NET","description":"Skateboard Mag.","publisher":{"@id":"https:\/\/www.sk8.net\/wp\/#organization"},"alternateName":"www.sk8.net","potentialAction":[{"@type":"SearchAction","target":{"@type":"EntryPoint","urlTemplate":"https:\/\/www.sk8.net\/wp\/?s={search_term_string}"},"query-input":{"@type":"PropertyValueSpecification","valueRequired":true,"valueName":"search_term_string"}}],"inLanguage":"fr-FR"},{"@type":"Organization","@id":"https:\/\/www.sk8.net\/wp\/#organization","name":"SK8.NET","url":"https:\/\/www.sk8.net\/wp\/","logo":{"@type":"ImageObject","inLanguage":"fr-FR","@id":"https:\/\/www.sk8.net\/wp\/#\/schema\/logo\/image\/","url":"https:\/\/www.sk8.net\/wp\/wp-content\/uploads\/2023\/01\/Logo-SK8net_Clrs_2017.png","contentUrl":"https:\/\/www.sk8.net\/wp\/wp-content\/uploads\/2023\/01\/Logo-SK8net_Clrs_2017.png","width":865,"height":250,"caption":"SK8.NET"},"image":{"@id":"https:\/\/www.sk8.net\/wp\/#\/schema\/logo\/image\/"},"sameAs":["https:\/\/www.facebook.com\/sk8pointnet\/","https:\/\/x.com\/sk8net","https:\/\/www.instagram.com\/sk8pointnet\/","https:\/\/www.linkedin.com\/in\/sk8-net-030404a9\/"]}]}},"amp_enabled":true,"_links":{"self":[{"href":"https:\/\/www.sk8.net\/wp\/index.php?rest_route=\/wp\/v2\/pages\/1416","targetHints":{"allow":["GET"]}}],"collection":[{"href":"https:\/\/www.sk8.net\/wp\/index.php?rest_route=\/wp\/v2\/pages"}],"about":[{"href":"https:\/\/www.sk8.net\/wp\/index.php?rest_route=\/wp\/v2\/types\/page"}],"author":[{"embeddable":true,"href":"https:\/\/www.sk8.net\/wp\/index.php?rest_route=\/wp\/v2\/users\/2"}],"replies":[{"embeddable":true,"href":"https:\/\/www.sk8.net\/wp\/index.php?rest_route=%2Fwp%2Fv2%2Fcomments&post=1416"}],"version-history":[{"count":0,"href":"https:\/\/www.sk8.net\/wp\/index.php?rest_route=\/wp\/v2\/pages\/1416\/revisions"}],"up":[{"embeddable":true,"href":"https:\/\/www.sk8.net\/wp\/index.php?rest_route=\/wp\/v2\/pages\/15"}],"wp:attachment":[{"href":"https:\/\/www.sk8.net\/wp\/index.php?rest_route=%2Fwp%2Fv2%2Fmedia&parent=1416"}],"curies":[{"name":"wp","href":"https:\/\/api.w.org\/{rel}","templated":true}]}}