{"id":1386,"date":"2010-01-15T15:35:36","date_gmt":"2010-01-15T13:35:36","guid":{"rendered":"http:\/\/www.sk8.net\/wp\/?page_id=1386"},"modified":"2026-02-12T10:30:57","modified_gmt":"2026-02-12T09:30:57","slug":"le-bowl-damiens-80","status":"publish","type":"page","link":"https:\/\/www.sk8.net\/wp\/?page_id=1386","title":{"rendered":"AMIENS (80)"},"content":{"rendered":"\n<figure class=\"wp-block-image aligncenter size-full is-resized\"><picture class=\"wp-picture-41678\" style=\"display: contents;\"><source type=\"image\/webp\" srcset=\"https:\/\/www.sk8.net\/wp\/wp-content\/uploads\/2026\/01\/Skatepark_590x300-jpg.webp\"><img loading=\"lazy\" decoding=\"async\" width=\"590\" height=\"300\" sizes=\"auto, (max-width: 590px) 100vw, 590px\" src=\"https:\/\/www.sk8.net\/wp\/wp-content\/uploads\/2026\/01\/Skatepark_590x300.jpg\" alt=\"\" class=\"wp-image-41678\" style=\"aspect-ratio:1.9667361366515468;object-fit:cover;width:900px\"\/><\/picture><\/figure>\n\n\n\n<p>Skatepark \u00ab\u00a0Le Grand Marais\u00a0\u00bb<\/p>\n\n\n\n<div>&gt; Fini et ouvert au public depuis le mois de D\u00e9cembre 2006. Situ\u00e9 \u00e0 Etouvie, commune au Nord-Ouest d&rsquo;Amiens, le skatepark est dans le quartier \u00ab\u00a0Le Grand Marais\u00a0\u00bb \u00e0 proximit\u00e9e du complexe sportif.&nbsp;Vraiment un excellent spot, skatepark tous b\u00e9ton, \u00e0 aprivoiser, il se m\u00e9rite, pleins de lignes \u00e0 prendre. Une perle !<\/div>\n\n\n\n<div>&gt; A skater absoluement. <a href=\"http:\/\/bowlamiens.blogspot.com\" target=\"_blank\" rel=\"noopener\">bowlamiens.blogspot.com<\/a>\/ &#8211; <a href=\"http:\/\/www.ftbx.net\" target=\"_blank\" rel=\"noopener\">www.ftbx.net<\/a> &lt;<\/div>\n\n\n\n<figure class=\"wp-block-image is-resized\"><a href=\"https:\/\/www.sk8.net\/wp\/wp-content\/uploads\/2010\/01\/amien-02.jpg\" data-src=\"https:\/\/www.sk8.net\/wp\/wp-content\/uploads\/2010\/01\/amien-02.jpg\" data-thumb=\"http:\/\/www.sk8.net\/wp\/wp-content\/uploads\/2010\/01\/amien-02.jpg\" class=\"ml-lightbox-enabled\"><img loading=\"lazy\" decoding=\"async\" width=\"605\" height=\"481\" sizes=\"auto, (max-width: 605px) 100vw, 605px\" src=\"http:\/\/www.sk8.net\/wp\/wp-content\/uploads\/2010\/01\/amien-02.jpg\" alt=\"amien-02\" class=\"wp-image-1388\" style=\"width:900px\" title=\"amien-02\" srcset=\"https:\/\/www.sk8.net\/wp\/wp-content\/uploads\/2010\/01\/amien-02.jpg 605w, https:\/\/www.sk8.net\/wp\/wp-content\/uploads\/2010\/01\/amien-02-92x73.jpg 92w, https:\/\/www.sk8.net\/wp\/wp-content\/uploads\/2010\/01\/amien-02-300x238.jpg 300w, https:\/\/www.sk8.net\/wp\/wp-content\/uploads\/2010\/01\/amien-02-590x469.jpg 590w\" \/><\/a><\/figure>\n\n\n\n<p><iframe loading=\"lazy\" src=\"https:\/\/www.google.com\/maps\/d\/embed?mid=z86aT6R3CXek.k6cKvMDOg184\" width=\"800\" height=\"400\"><\/iframe>\n\n\n\n<figure class=\"wp-block-embed is-type-rich is-provider-flickr wp-block-embed-flickr\"><div class=\"wp-block-embed__wrapper\">\n<a data-flickr-embed='true' href='https:\/\/www.flickr.com\/photos\/sk8net\/albums\/72157623901895935\/' title='La Coupe au Bowl 2010 by www.sk8.net, on Flickr'><img src='https:\/\/live.staticflickr.com\/3388\/4593180888_60794014e8_c.jpg' width='800' height='600' alt='La Coupe au Bowl 2010'><\/a><script async src='https:\/\/embedr.flickr.com\/assets\/client-code.js' charset='utf-8'><\/script>\n<\/div><\/figure>\n\n\n\n<\/p><p>Spoted \/ Txt &amp; photos: 2-fre\u00a9 &#8211; www.sk8.net\u2028&gt; Ne pas utiliser sans autorisations.<\/p>\n\n\n\n<p><\/p>\n","protected":false},"excerpt":{"rendered":"<p>Skatepark \u00ab\u00a0Le Grand Marais\u00a0\u00bb &gt; Fini et ouvert au public depuis le mois de D\u00e9cembre 2006. Situ\u00e9 \u00e0 Etouvie, commune<\/p>\n","protected":false},"author":2,"featured_media":0,"parent":15,"menu_order":0,"comment_status":"closed","ping_status":"open","template":"","meta":{"colormag_page_container_layout":"default_layout","colormag_page_sidebar_layout":"default_layout","footnotes":""},"class_list":["post-1386","page","type-page","status-publish","hentry"],"yoast_head":"<!-- This site is optimized with the Yoast SEO plugin v27.4 - https:\/\/yoast.com\/product\/yoast-seo-wordpress\/ -->\n<title>Amiens (80) -<\/title>\n<meta name=\"robots\" content=\"index, follow, max-snippet:-1, max-image-preview:large, max-video-preview:-1\" \/>\n<link rel=\"canonical\" href=\"https:\/\/www.sk8.net\/wp\/?page_id=1386\" \/>\n<meta property=\"og:locale\" content=\"fr_FR\" \/>\n<meta property=\"og:type\" content=\"article\" \/>\n<meta property=\"og:title\" content=\"Amiens (80) -\" \/>\n<meta property=\"og:description\" content=\"Skatepark \u00ab\u00a0Le Grand Marais\u00a0\u00bb &gt; Fini et ouvert au public depuis le mois de D\u00e9cembre 2006. Situ\u00e9 \u00e0 Etouvie, commune\" \/>\n<meta property=\"og:url\" content=\"https:\/\/www.sk8.net\/wp\/?page_id=1386\" \/>\n<meta property=\"og:site_name\" content=\"SK8.NET\" \/>\n<meta property=\"article:publisher\" content=\"https:\/\/www.facebook.com\/www.sk8.net\" \/>\n<meta property=\"article:modified_time\" content=\"2026-02-12T09:30:57+00:00\" \/>\n<meta property=\"og:image\" content=\"https:\/\/www.sk8.net\/wp\/wp-content\/uploads\/2021\/11\/Skatepark-amiens_590x300.jpg\" \/>\n\t<meta property=\"og:image:width\" content=\"590\" \/>\n\t<meta property=\"og:image:height\" content=\"300\" \/>\n\t<meta property=\"og:image:type\" content=\"image\/jpeg\" \/>\n<meta name=\"twitter:card\" content=\"summary_large_image\" \/>\n<meta name=\"twitter:site\" content=\"@sk8net\" \/>\n<meta name=\"twitter:label1\" content=\"Dur\u00e9e de lecture estim\u00e9e\" \/>\n\t<meta name=\"twitter:data1\" content=\"1 minute\" \/>\n<script type=\"application\/ld+json\" class=\"yoast-schema-graph\">{\"@context\":\"https:\\\/\\\/schema.org\",\"@graph\":[{\"@type\":\"WebPage\",\"@id\":\"https:\\\/\\\/www.sk8.net\\\/wp\\\/?page_id=1386\",\"url\":\"https:\\\/\\\/www.sk8.net\\\/wp\\\/?page_id=1386\",\"name\":\"Amiens (80) -\",\"isPartOf\":{\"@id\":\"https:\\\/\\\/www.sk8.net\\\/wp\\\/#website\"},\"primaryImageOfPage\":{\"@id\":\"https:\\\/\\\/www.sk8.net\\\/wp\\\/?page_id=1386#primaryimage\"},\"image\":{\"@id\":\"https:\\\/\\\/www.sk8.net\\\/wp\\\/?page_id=1386#primaryimage\"},\"thumbnailUrl\":\"https:\\\/\\\/www.sk8.net\\\/wp\\\/wp-content\\\/uploads\\\/2026\\\/01\\\/Skatepark_590x300.jpg\",\"datePublished\":\"2010-01-15T13:35:36+00:00\",\"dateModified\":\"2026-02-12T09:30:57+00:00\",\"breadcrumb\":{\"@id\":\"https:\\\/\\\/www.sk8.net\\\/wp\\\/?page_id=1386#breadcrumb\"},\"inLanguage\":\"fr-FR\",\"potentialAction\":[{\"@type\":\"ReadAction\",\"target\":[\"https:\\\/\\\/www.sk8.net\\\/wp\\\/?page_id=1386\"]}]},{\"@type\":\"ImageObject\",\"inLanguage\":\"fr-FR\",\"@id\":\"https:\\\/\\\/www.sk8.net\\\/wp\\\/?page_id=1386#primaryimage\",\"url\":\"https:\\\/\\\/www.sk8.net\\\/wp\\\/wp-content\\\/uploads\\\/2026\\\/01\\\/Skatepark_590x300.jpg\",\"contentUrl\":\"https:\\\/\\\/www.sk8.net\\\/wp\\\/wp-content\\\/uploads\\\/2026\\\/01\\\/Skatepark_590x300.jpg\",\"width\":590,\"height\":300},{\"@type\":\"BreadcrumbList\",\"@id\":\"https:\\\/\\\/www.sk8.net\\\/wp\\\/?page_id=1386#breadcrumb\",\"itemListElement\":[{\"@type\":\"ListItem\",\"position\":1,\"name\":\"SKATEPARK LISTE\",\"item\":\"https:\\\/\\\/www.sk8.net\\\/wp\\\/?page_id=27163\"},{\"@type\":\"ListItem\",\"position\":2,\"name\":\"SKATEPARKS_A>H\",\"item\":\"https:\\\/\\\/www.sk8.net\\\/wp\\\/?page_id=15\"},{\"@type\":\"ListItem\",\"position\":3,\"name\":\"AMIENS (80)\"}]},{\"@type\":\"WebSite\",\"@id\":\"https:\\\/\\\/www.sk8.net\\\/wp\\\/#website\",\"url\":\"https:\\\/\\\/www.sk8.net\\\/wp\\\/\",\"name\":\"SK8.NET\",\"description\":\"Skateboard Mag.\",\"publisher\":{\"@id\":\"https:\\\/\\\/www.sk8.net\\\/wp\\\/#\\\/schema\\\/person\\\/cf7f51a71a4228606919be51c1276846\"},\"alternateName\":\"www.sk8.net\",\"potentialAction\":[{\"@type\":\"SearchAction\",\"target\":{\"@type\":\"EntryPoint\",\"urlTemplate\":\"https:\\\/\\\/www.sk8.net\\\/wp\\\/?s={search_term_string}\"},\"query-input\":{\"@type\":\"PropertyValueSpecification\",\"valueRequired\":true,\"valueName\":\"search_term_string\"}}],\"inLanguage\":\"fr-FR\"},{\"@type\":[\"Person\",\"Organization\"],\"@id\":\"https:\\\/\\\/www.sk8.net\\\/wp\\\/#\\\/schema\\\/person\\\/cf7f51a71a4228606919be51c1276846\",\"name\":\"2-fre\",\"logo\":{\"@id\":\"https:\\\/\\\/www.sk8.net\\\/wp\\\/#\\\/schema\\\/person\\\/image\\\/\"},\"sameAs\":[\"http:\\\/\\\/www.sk8.net\",\"https:\\\/\\\/www.facebook.com\\\/www.sk8.net\",\"https:\\\/\\\/www.instagram.com\\\/skhuitpointnet\",\"https:\\\/\\\/www.youtube.com\\\/@sk8pointnet277\"]}]}<\/script>\n<!-- \/ Yoast SEO plugin. -->","yoast_head_json":{"title":"Amiens (80) -","robots":{"index":"index","follow":"follow","max-snippet":"max-snippet:-1","max-image-preview":"max-image-preview:large","max-video-preview":"max-video-preview:-1"},"canonical":"https:\/\/www.sk8.net\/wp\/?page_id=1386","og_locale":"fr_FR","og_type":"article","og_title":"Amiens (80) -","og_description":"Skatepark \u00ab\u00a0Le Grand Marais\u00a0\u00bb &gt; Fini et ouvert au public depuis le mois de D\u00e9cembre 2006. Situ\u00e9 \u00e0 Etouvie, commune","og_url":"https:\/\/www.sk8.net\/wp\/?page_id=1386","og_site_name":"SK8.NET","article_publisher":"https:\/\/www.facebook.com\/www.sk8.net","article_modified_time":"2026-02-12T09:30:57+00:00","og_image":[{"width":590,"height":300,"url":"https:\/\/www.sk8.net\/wp\/wp-content\/uploads\/2021\/11\/Skatepark-amiens_590x300.jpg","type":"image\/jpeg"}],"twitter_card":"summary_large_image","twitter_site":"@sk8net","twitter_misc":{"Dur\u00e9e de lecture estim\u00e9e":"1 minute"},"schema":{"@context":"https:\/\/schema.org","@graph":[{"@type":"WebPage","@id":"https:\/\/www.sk8.net\/wp\/?page_id=1386","url":"https:\/\/www.sk8.net\/wp\/?page_id=1386","name":"Amiens (80) -","isPartOf":{"@id":"https:\/\/www.sk8.net\/wp\/#website"},"primaryImageOfPage":{"@id":"https:\/\/www.sk8.net\/wp\/?page_id=1386#primaryimage"},"image":{"@id":"https:\/\/www.sk8.net\/wp\/?page_id=1386#primaryimage"},"thumbnailUrl":"https:\/\/www.sk8.net\/wp\/wp-content\/uploads\/2026\/01\/Skatepark_590x300.jpg","datePublished":"2010-01-15T13:35:36+00:00","dateModified":"2026-02-12T09:30:57+00:00","breadcrumb":{"@id":"https:\/\/www.sk8.net\/wp\/?page_id=1386#breadcrumb"},"inLanguage":"fr-FR","potentialAction":[{"@type":"ReadAction","target":["https:\/\/www.sk8.net\/wp\/?page_id=1386"]}]},{"@type":"ImageObject","inLanguage":"fr-FR","@id":"https:\/\/www.sk8.net\/wp\/?page_id=1386#primaryimage","url":"https:\/\/www.sk8.net\/wp\/wp-content\/uploads\/2026\/01\/Skatepark_590x300.jpg","contentUrl":"https:\/\/www.sk8.net\/wp\/wp-content\/uploads\/2026\/01\/Skatepark_590x300.jpg","width":590,"height":300},{"@type":"BreadcrumbList","@id":"https:\/\/www.sk8.net\/wp\/?page_id=1386#breadcrumb","itemListElement":[{"@type":"ListItem","position":1,"name":"SKATEPARK LISTE","item":"https:\/\/www.sk8.net\/wp\/?page_id=27163"},{"@type":"ListItem","position":2,"name":"SKATEPARKS_A>H","item":"https:\/\/www.sk8.net\/wp\/?page_id=15"},{"@type":"ListItem","position":3,"name":"AMIENS (80)"}]},{"@type":"WebSite","@id":"https:\/\/www.sk8.net\/wp\/#website","url":"https:\/\/www.sk8.net\/wp\/","name":"SK8.NET","description":"Skateboard Mag.","publisher":{"@id":"https:\/\/www.sk8.net\/wp\/#\/schema\/person\/cf7f51a71a4228606919be51c1276846"},"alternateName":"www.sk8.net","potentialAction":[{"@type":"SearchAction","target":{"@type":"EntryPoint","urlTemplate":"https:\/\/www.sk8.net\/wp\/?s={search_term_string}"},"query-input":{"@type":"PropertyValueSpecification","valueRequired":true,"valueName":"search_term_string"}}],"inLanguage":"fr-FR"},{"@type":["Person","Organization"],"@id":"https:\/\/www.sk8.net\/wp\/#\/schema\/person\/cf7f51a71a4228606919be51c1276846","name":"2-fre","logo":{"@id":"https:\/\/www.sk8.net\/wp\/#\/schema\/person\/image\/"},"sameAs":["http:\/\/www.sk8.net","https:\/\/www.facebook.com\/www.sk8.net","https:\/\/www.instagram.com\/skhuitpointnet","https:\/\/www.youtube.com\/@sk8pointnet277"]}]}},"amp_enabled":true,"_links":{"self":[{"href":"https:\/\/www.sk8.net\/wp\/index.php?rest_route=\/wp\/v2\/pages\/1386","targetHints":{"allow":["GET"]}}],"collection":[{"href":"https:\/\/www.sk8.net\/wp\/index.php?rest_route=\/wp\/v2\/pages"}],"about":[{"href":"https:\/\/www.sk8.net\/wp\/index.php?rest_route=\/wp\/v2\/types\/page"}],"author":[{"embeddable":true,"href":"https:\/\/www.sk8.net\/wp\/index.php?rest_route=\/wp\/v2\/users\/2"}],"replies":[{"embeddable":true,"href":"https:\/\/www.sk8.net\/wp\/index.php?rest_route=%2Fwp%2Fv2%2Fcomments&post=1386"}],"version-history":[{"count":0,"href":"https:\/\/www.sk8.net\/wp\/index.php?rest_route=\/wp\/v2\/pages\/1386\/revisions"}],"up":[{"embeddable":true,"href":"https:\/\/www.sk8.net\/wp\/index.php?rest_route=\/wp\/v2\/pages\/15"}],"wp:attachment":[{"href":"https:\/\/www.sk8.net\/wp\/index.php?rest_route=%2Fwp%2Fv2%2Fmedia&parent=1386"}],"curies":[{"name":"wp","href":"https:\/\/api.w.org\/{rel}","templated":true}]}}