{"id":1262,"date":"2010-01-15T15:20:38","date_gmt":"2010-01-15T13:20:38","guid":{"rendered":"http:\/\/www.sk8.net\/wp\/?page_id=1262"},"modified":"2026-02-14T16:50:15","modified_gmt":"2026-02-14T15:50:15","slug":"le-bowl-de-bastia-20","status":"publish","type":"page","link":"https:\/\/www.sk8.net\/wp\/?page_id=1262","title":{"rendered":"BASTIA (20)"},"content":{"rendered":"\n<figure class=\"wp-block-image aligncenter is-resized\"><img loading=\"lazy\" decoding=\"async\" width=\"590\" height=\"300\" sizes=\"auto, (max-width: 590px) 100vw, 590px\" src=\"http:\/\/www.sk8.net\/wp\/wp-content\/uploads\/2010\/01\/Skatepark-bastia_590x300.jpg\" alt=\"Skatepark-bastia_590x300\" class=\"wp-image-21269\" style=\"aspect-ratio:1.9666753179340772;width:900px\" srcset=\"https:\/\/www.sk8.net\/wp\/wp-content\/uploads\/2010\/01\/Skatepark-bastia_590x300.jpg 590w, https:\/\/www.sk8.net\/wp\/wp-content\/uploads\/2010\/01\/Skatepark-bastia_590x300-92x47.jpg 92w, https:\/\/www.sk8.net\/wp\/wp-content\/uploads\/2010\/01\/Skatepark-bastia_590x300-300x153.jpg 300w\" \/><\/figure>\n\n\n\n<p>La Corse est bien connue de tous pour sa charcuterie, ces chataignes, ces plages et son litoral encore sauvage, mais dor\u00e9navant il faudra aussi parler du Bowl de Bastia&#8230; le JVB Bowl.<\/p>\n\n\n\n<figure class=\"wp-block-image alignleft\"><img loading=\"lazy\" decoding=\"async\" width=\"200\" height=\"200\" sizes=\"auto, (max-width: 200px) 100vw, 200px\" src=\"http:\/\/www.sk8.net\/wp\/wp-content\/uploads\/2010\/01\/accesbastia-a.jpg\" alt=\"accesbastia-a\" class=\"wp-image-20901\" srcset=\"https:\/\/www.sk8.net\/wp\/wp-content\/uploads\/2010\/01\/accesbastia-a.jpg 200w, https:\/\/www.sk8.net\/wp\/wp-content\/uploads\/2010\/01\/accesbastia-a-92x92.jpg 92w, https:\/\/www.sk8.net\/wp\/wp-content\/uploads\/2010\/01\/accesbastia-a-150x150.jpg 150w\" \/><\/figure>\n\n\n\n<p>&gt; Plage de l\u2019Arinella, \u00e0 c\u00f4t\u00e9 de la Base Nautique. De Bastia, prendre le tunnel sortie Sud, suivre route du front de Mer, acc\u00e8s Base Nautique.<br \/>&gt; Acc\u00e8s libre, point d&rsquo;eau, \u00e9clairage, bon esprit&#8230; \u00c0 skater absolument.<\/p>\n\n\n\n<p>Photos &amp; Conception : R\u00e9cr\u00e9ation Urbaine\u00a9 &#8211;&nbsp;&gt; Ne pas utiliser sans autorisations.<\/p>\n\n\n\n<figure class=\"wp-block-image aligncenter is-resized\"><img loading=\"lazy\" decoding=\"async\" width=\"605\" height=\"225\" sizes=\"auto, (max-width: 605px) 100vw, 605px\" src=\"http:\/\/www.sk8.net\/wp\/wp-content\/uploads\/2010\/01\/bastia-02.jpg\" alt=\"bastia-02\" class=\"wp-image-1384\" style=\"width:900px\" title=\"bastia-02\" srcset=\"https:\/\/www.sk8.net\/wp\/wp-content\/uploads\/2010\/01\/bastia-02.jpg 605w, https:\/\/www.sk8.net\/wp\/wp-content\/uploads\/2010\/01\/bastia-02-92x34.jpg 92w, https:\/\/www.sk8.net\/wp\/wp-content\/uploads\/2010\/01\/bastia-02-300x111.jpg 300w, https:\/\/www.sk8.net\/wp\/wp-content\/uploads\/2010\/01\/bastia-02-590x219.jpg 590w\" \/><\/figure>\n\n\n\n<p><br \/><iframe loading=\"lazy\" src=\"https:\/\/www.google.com\/maps\/d\/embed?mid=z86aT6R3CXek.krZKRlqY3YsE\" width=\"900\" height=\"380\"><\/iframe><\/p>\n\n\n\n<p>Spoted \/ Txt &amp; photos: 2-fre\u00a9 &#8211; www.sk8.net\u2028&gt; Ne pas utiliser sans autorisations.<\/p>\n","protected":false},"excerpt":{"rendered":"<p>La Corse est bien connue de tous pour sa charcuterie, ces chataignes, ces plages et son litoral encore sauvage, mais<\/p>\n","protected":false},"author":2,"featured_media":0,"parent":15,"menu_order":0,"comment_status":"closed","ping_status":"open","template":"","meta":{"colormag_page_container_layout":"default_layout","colormag_page_sidebar_layout":"default_layout","footnotes":""},"class_list":["post-1262","page","type-page","status-publish","hentry"],"yoast_head":"<!-- This site is optimized with the Yoast SEO plugin v27.4 - https:\/\/yoast.com\/product\/yoast-seo-wordpress\/ -->\n<title>BASTIA (20) - SK8.NET<\/title>\n<meta name=\"robots\" content=\"index, follow, max-snippet:-1, max-image-preview:large, max-video-preview:-1\" \/>\n<link rel=\"canonical\" href=\"https:\/\/www.sk8.net\/wp\/?page_id=1262\" \/>\n<meta property=\"og:locale\" content=\"fr_FR\" \/>\n<meta property=\"og:type\" content=\"article\" \/>\n<meta property=\"og:title\" content=\"BASTIA (20) - SK8.NET\" \/>\n<meta property=\"og:description\" content=\"La Corse est bien connue de tous pour sa charcuterie, ces chataignes, ces plages et son litoral encore sauvage, mais\" \/>\n<meta property=\"og:url\" content=\"https:\/\/www.sk8.net\/wp\/?page_id=1262\" \/>\n<meta property=\"og:site_name\" content=\"SK8.NET\" \/>\n<meta property=\"article:publisher\" content=\"https:\/\/www.facebook.com\/sk8pointnet\/\" \/>\n<meta property=\"article:modified_time\" content=\"2026-02-14T15:50:15+00:00\" \/>\n<meta property=\"og:image\" content=\"https:\/\/www.sk8.net\/wp\/wp-content\/uploads\/2021\/11\/Skatepark-bastia_590x300.jpg\" \/>\n\t<meta property=\"og:image:width\" content=\"590\" \/>\n\t<meta property=\"og:image:height\" content=\"300\" \/>\n\t<meta property=\"og:image:type\" content=\"image\/jpeg\" \/>\n<meta name=\"twitter:card\" content=\"summary_large_image\" \/>\n<meta name=\"twitter:site\" content=\"@sk8net\" \/>\n<meta name=\"twitter:label1\" content=\"Dur\u00e9e de lecture estim\u00e9e\" \/>\n\t<meta name=\"twitter:data1\" content=\"2 minutes\" \/>\n<script type=\"application\/ld+json\" class=\"yoast-schema-graph\">{\"@context\":\"https:\\\/\\\/schema.org\",\"@graph\":[{\"@type\":\"WebPage\",\"@id\":\"https:\\\/\\\/www.sk8.net\\\/wp\\\/?page_id=1262\",\"url\":\"https:\\\/\\\/www.sk8.net\\\/wp\\\/?page_id=1262\",\"name\":\"BASTIA (20) - SK8.NET\",\"isPartOf\":{\"@id\":\"https:\\\/\\\/www.sk8.net\\\/wp\\\/#website\"},\"primaryImageOfPage\":{\"@id\":\"https:\\\/\\\/www.sk8.net\\\/wp\\\/?page_id=1262#primaryimage\"},\"image\":{\"@id\":\"https:\\\/\\\/www.sk8.net\\\/wp\\\/?page_id=1262#primaryimage\"},\"thumbnailUrl\":\"http:\\\/\\\/www.sk8.net\\\/wp\\\/wp-content\\\/uploads\\\/2010\\\/01\\\/Skatepark-bastia_590x300.jpg\",\"datePublished\":\"2010-01-15T13:20:38+00:00\",\"dateModified\":\"2026-02-14T15:50:15+00:00\",\"breadcrumb\":{\"@id\":\"https:\\\/\\\/www.sk8.net\\\/wp\\\/?page_id=1262#breadcrumb\"},\"inLanguage\":\"fr-FR\",\"potentialAction\":[{\"@type\":\"ReadAction\",\"target\":[\"https:\\\/\\\/www.sk8.net\\\/wp\\\/?page_id=1262\"]}]},{\"@type\":\"ImageObject\",\"inLanguage\":\"fr-FR\",\"@id\":\"https:\\\/\\\/www.sk8.net\\\/wp\\\/?page_id=1262#primaryimage\",\"url\":\"http:\\\/\\\/www.sk8.net\\\/wp\\\/wp-content\\\/uploads\\\/2010\\\/01\\\/Skatepark-bastia_590x300.jpg\",\"contentUrl\":\"http:\\\/\\\/www.sk8.net\\\/wp\\\/wp-content\\\/uploads\\\/2010\\\/01\\\/Skatepark-bastia_590x300.jpg\"},{\"@type\":\"BreadcrumbList\",\"@id\":\"https:\\\/\\\/www.sk8.net\\\/wp\\\/?page_id=1262#breadcrumb\",\"itemListElement\":[{\"@type\":\"ListItem\",\"position\":1,\"name\":\"SKATEPARK LISTE\",\"item\":\"https:\\\/\\\/www.sk8.net\\\/wp\\\/?page_id=27163\"},{\"@type\":\"ListItem\",\"position\":2,\"name\":\"SKATEPARKS_A>H\",\"item\":\"https:\\\/\\\/www.sk8.net\\\/wp\\\/?page_id=15\"},{\"@type\":\"ListItem\",\"position\":3,\"name\":\"BASTIA (20)\"}]},{\"@type\":\"WebSite\",\"@id\":\"https:\\\/\\\/www.sk8.net\\\/wp\\\/#website\",\"url\":\"https:\\\/\\\/www.sk8.net\\\/wp\\\/\",\"name\":\"SK8.NET\",\"description\":\"Skateboard Mag.\",\"publisher\":{\"@id\":\"https:\\\/\\\/www.sk8.net\\\/wp\\\/#organization\"},\"alternateName\":\"www.sk8.net\",\"potentialAction\":[{\"@type\":\"SearchAction\",\"target\":{\"@type\":\"EntryPoint\",\"urlTemplate\":\"https:\\\/\\\/www.sk8.net\\\/wp\\\/?s={search_term_string}\"},\"query-input\":{\"@type\":\"PropertyValueSpecification\",\"valueRequired\":true,\"valueName\":\"search_term_string\"}}],\"inLanguage\":\"fr-FR\"},{\"@type\":\"Organization\",\"@id\":\"https:\\\/\\\/www.sk8.net\\\/wp\\\/#organization\",\"name\":\"SK8.NET\",\"url\":\"https:\\\/\\\/www.sk8.net\\\/wp\\\/\",\"logo\":{\"@type\":\"ImageObject\",\"inLanguage\":\"fr-FR\",\"@id\":\"https:\\\/\\\/www.sk8.net\\\/wp\\\/#\\\/schema\\\/logo\\\/image\\\/\",\"url\":\"https:\\\/\\\/www.sk8.net\\\/wp\\\/wp-content\\\/uploads\\\/2023\\\/01\\\/Logo-SK8net_Clrs_2017.png\",\"contentUrl\":\"https:\\\/\\\/www.sk8.net\\\/wp\\\/wp-content\\\/uploads\\\/2023\\\/01\\\/Logo-SK8net_Clrs_2017.png\",\"width\":865,\"height\":250,\"caption\":\"SK8.NET\"},\"image\":{\"@id\":\"https:\\\/\\\/www.sk8.net\\\/wp\\\/#\\\/schema\\\/logo\\\/image\\\/\"},\"sameAs\":[\"https:\\\/\\\/www.facebook.com\\\/sk8pointnet\\\/\",\"https:\\\/\\\/x.com\\\/sk8net\",\"https:\\\/\\\/www.instagram.com\\\/sk8pointnet\\\/\",\"https:\\\/\\\/www.linkedin.com\\\/in\\\/sk8-net-030404a9\\\/\"]}]}<\/script>\n<!-- \/ Yoast SEO plugin. -->","yoast_head_json":{"title":"BASTIA (20) - SK8.NET","robots":{"index":"index","follow":"follow","max-snippet":"max-snippet:-1","max-image-preview":"max-image-preview:large","max-video-preview":"max-video-preview:-1"},"canonical":"https:\/\/www.sk8.net\/wp\/?page_id=1262","og_locale":"fr_FR","og_type":"article","og_title":"BASTIA (20) - SK8.NET","og_description":"La Corse est bien connue de tous pour sa charcuterie, ces chataignes, ces plages et son litoral encore sauvage, mais","og_url":"https:\/\/www.sk8.net\/wp\/?page_id=1262","og_site_name":"SK8.NET","article_publisher":"https:\/\/www.facebook.com\/sk8pointnet\/","article_modified_time":"2026-02-14T15:50:15+00:00","og_image":[{"width":590,"height":300,"url":"https:\/\/www.sk8.net\/wp\/wp-content\/uploads\/2021\/11\/Skatepark-bastia_590x300.jpg","type":"image\/jpeg"}],"twitter_card":"summary_large_image","twitter_site":"@sk8net","twitter_misc":{"Dur\u00e9e de lecture estim\u00e9e":"2 minutes"},"schema":{"@context":"https:\/\/schema.org","@graph":[{"@type":"WebPage","@id":"https:\/\/www.sk8.net\/wp\/?page_id=1262","url":"https:\/\/www.sk8.net\/wp\/?page_id=1262","name":"BASTIA (20) - SK8.NET","isPartOf":{"@id":"https:\/\/www.sk8.net\/wp\/#website"},"primaryImageOfPage":{"@id":"https:\/\/www.sk8.net\/wp\/?page_id=1262#primaryimage"},"image":{"@id":"https:\/\/www.sk8.net\/wp\/?page_id=1262#primaryimage"},"thumbnailUrl":"http:\/\/www.sk8.net\/wp\/wp-content\/uploads\/2010\/01\/Skatepark-bastia_590x300.jpg","datePublished":"2010-01-15T13:20:38+00:00","dateModified":"2026-02-14T15:50:15+00:00","breadcrumb":{"@id":"https:\/\/www.sk8.net\/wp\/?page_id=1262#breadcrumb"},"inLanguage":"fr-FR","potentialAction":[{"@type":"ReadAction","target":["https:\/\/www.sk8.net\/wp\/?page_id=1262"]}]},{"@type":"ImageObject","inLanguage":"fr-FR","@id":"https:\/\/www.sk8.net\/wp\/?page_id=1262#primaryimage","url":"http:\/\/www.sk8.net\/wp\/wp-content\/uploads\/2010\/01\/Skatepark-bastia_590x300.jpg","contentUrl":"http:\/\/www.sk8.net\/wp\/wp-content\/uploads\/2010\/01\/Skatepark-bastia_590x300.jpg"},{"@type":"BreadcrumbList","@id":"https:\/\/www.sk8.net\/wp\/?page_id=1262#breadcrumb","itemListElement":[{"@type":"ListItem","position":1,"name":"SKATEPARK LISTE","item":"https:\/\/www.sk8.net\/wp\/?page_id=27163"},{"@type":"ListItem","position":2,"name":"SKATEPARKS_A>H","item":"https:\/\/www.sk8.net\/wp\/?page_id=15"},{"@type":"ListItem","position":3,"name":"BASTIA (20)"}]},{"@type":"WebSite","@id":"https:\/\/www.sk8.net\/wp\/#website","url":"https:\/\/www.sk8.net\/wp\/","name":"SK8.NET","description":"Skateboard Mag.","publisher":{"@id":"https:\/\/www.sk8.net\/wp\/#organization"},"alternateName":"www.sk8.net","potentialAction":[{"@type":"SearchAction","target":{"@type":"EntryPoint","urlTemplate":"https:\/\/www.sk8.net\/wp\/?s={search_term_string}"},"query-input":{"@type":"PropertyValueSpecification","valueRequired":true,"valueName":"search_term_string"}}],"inLanguage":"fr-FR"},{"@type":"Organization","@id":"https:\/\/www.sk8.net\/wp\/#organization","name":"SK8.NET","url":"https:\/\/www.sk8.net\/wp\/","logo":{"@type":"ImageObject","inLanguage":"fr-FR","@id":"https:\/\/www.sk8.net\/wp\/#\/schema\/logo\/image\/","url":"https:\/\/www.sk8.net\/wp\/wp-content\/uploads\/2023\/01\/Logo-SK8net_Clrs_2017.png","contentUrl":"https:\/\/www.sk8.net\/wp\/wp-content\/uploads\/2023\/01\/Logo-SK8net_Clrs_2017.png","width":865,"height":250,"caption":"SK8.NET"},"image":{"@id":"https:\/\/www.sk8.net\/wp\/#\/schema\/logo\/image\/"},"sameAs":["https:\/\/www.facebook.com\/sk8pointnet\/","https:\/\/x.com\/sk8net","https:\/\/www.instagram.com\/sk8pointnet\/","https:\/\/www.linkedin.com\/in\/sk8-net-030404a9\/"]}]}},"amp_enabled":true,"_links":{"self":[{"href":"https:\/\/www.sk8.net\/wp\/index.php?rest_route=\/wp\/v2\/pages\/1262","targetHints":{"allow":["GET"]}}],"collection":[{"href":"https:\/\/www.sk8.net\/wp\/index.php?rest_route=\/wp\/v2\/pages"}],"about":[{"href":"https:\/\/www.sk8.net\/wp\/index.php?rest_route=\/wp\/v2\/types\/page"}],"author":[{"embeddable":true,"href":"https:\/\/www.sk8.net\/wp\/index.php?rest_route=\/wp\/v2\/users\/2"}],"replies":[{"embeddable":true,"href":"https:\/\/www.sk8.net\/wp\/index.php?rest_route=%2Fwp%2Fv2%2Fcomments&post=1262"}],"version-history":[{"count":0,"href":"https:\/\/www.sk8.net\/wp\/index.php?rest_route=\/wp\/v2\/pages\/1262\/revisions"}],"up":[{"embeddable":true,"href":"https:\/\/www.sk8.net\/wp\/index.php?rest_route=\/wp\/v2\/pages\/15"}],"wp:attachment":[{"href":"https:\/\/www.sk8.net\/wp\/index.php?rest_route=%2Fwp%2Fv2%2Fmedia&parent=1262"}],"curies":[{"name":"wp","href":"https:\/\/api.w.org\/{rel}","templated":true}]}}