{"id":1217,"date":"2009-12-03T17:41:31","date_gmt":"2009-12-03T15:41:31","guid":{"rendered":"http:\/\/www.sk8.net\/wp\/?page_id=1217"},"modified":"2026-02-14T17:27:16","modified_gmt":"2026-02-14T16:27:16","slug":"skatepark-de-troyes-10","status":"publish","type":"page","link":"https:\/\/www.sk8.net\/wp\/?page_id=1217","title":{"rendered":"TROYES (10)"},"content":{"rendered":"\n<figure class=\"wp-block-image aligncenter is-resized\"><img loading=\"lazy\" decoding=\"async\" width=\"590\" height=\"219\" sizes=\"auto, (max-width: 590px) 100vw, 590px\" src=\"http:\/\/www.sk8.net\/wp\/wp-content\/uploads\/2009\/12\/troyes-1.jpg\" alt=\"troyes\" class=\"wp-image-20906\" style=\"width:900px\" srcset=\"https:\/\/www.sk8.net\/wp\/wp-content\/uploads\/2009\/12\/troyes-1.jpg 590w, https:\/\/www.sk8.net\/wp\/wp-content\/uploads\/2009\/12\/troyes-1-92x34.jpg 92w, https:\/\/www.sk8.net\/wp\/wp-content\/uploads\/2009\/12\/troyes-1-300x111.jpg 300w\" \/><\/figure>\n\n\n\n<div id=\"_mcePaste\" style=\"position: absolute; left: -10000px; top: 0px; width: 1px; height: 1px; overflow-x: hidden; overflow-y: hidden;\">&gt;\u00a0\u00bbLe bowl : pour tous les styles de glisse urbaine.\u2028&gt; Amoureux de glisse urbaine (rollers, skate et BMX), les travaux de construction du bowl ont d\u00e9but\u00e9 le 12 septembre 2006. Equipement sportif nouvelle g\u00e9n\u00e9ration, ouvert \u00e0 tous &#8211; amateurs et professionnels -.\u2028Inscrit dans le projet de requalification urbaine du quartier Pasteur-Coulommi\u00e8re, cet \u00e9quipement sportif aura la forme de plusieurs cuvettes creus\u00e9es dans le sol, reli\u00e9es entre elles, et dont les courbes autoriseront toutes sortes de figures de style. Cofinanc\u00e9 par la CAT, le D\u00e9partement et la R\u00e9gion, le bowl sera compl\u00e9t\u00e9 par des modules du skate parc, offrant ainsi un p\u00f4le de glisse urbaine d\u2019une superficie de 1000 m2.\u00a0\u00bb<\/div>\n\n\n\n<div id=\"_mcePaste\" style=\"position: absolute; left: -10000px; top: 0px; width: 1px; height: 1px; overflow-x: hidden; overflow-y: hidden;\">Spoted\/Txt&amp;Photos: 2-fre\u00a9 &#8211; www.sk8.net\u2028&gt; Ne pas utiliser sans autorisations.<\/div>\n\n\n\n<p>&gt;\u00a0\u00bbLe bowl : pour tous les styles de glisse urbaine.\u2028&gt; Amoureux de glisse urbaine (rollers, skate et BMX), les travaux de construction du bowl ont d\u00e9but\u00e9 le 12 septembre 2006. Equipement sportif nouvelle g\u00e9n\u00e9ration, ouvert \u00e0 tous &#8211; amateurs et professionnels -.\u2028Inscrit dans le projet de requalification urbaine du quartier Pasteur-Coulommi\u00e8re, cet \u00e9quipement sportif aura la forme de plusieurs cuvettes creus\u00e9es dans le sol, reli\u00e9es entre elles, et dont les courbes autoriseront toutes sortes de figures de style. Cofinanc\u00e9 par la CAT, le D\u00e9partement et la R\u00e9gion, le bowl sera compl\u00e9t\u00e9 par des modules du skate parc, offrant ainsi un p\u00f4le de glisse urbaine d\u2019une superficie de 1000 m2.\u00a0\u00bb<\/p>\n\n\n\n<figure class=\"wp-block-image aligncenter is-resized\"><img loading=\"lazy\" decoding=\"async\" width=\"640\" height=\"206\" sizes=\"auto, (max-width: 640px) 100vw, 640px\" src=\"http:\/\/www.sk8.net\/wp\/wp-content\/uploads\/2009\/12\/troyes.jpg\" alt=\"troyes\" class=\"wp-image-1218\" style=\"width:900px\" title=\"troyes\" srcset=\"https:\/\/www.sk8.net\/wp\/wp-content\/uploads\/2009\/12\/troyes.jpg 640w, https:\/\/www.sk8.net\/wp\/wp-content\/uploads\/2009\/12\/troyes-92x29.jpg 92w, https:\/\/www.sk8.net\/wp\/wp-content\/uploads\/2009\/12\/troyes-300x96.jpg 300w, https:\/\/www.sk8.net\/wp\/wp-content\/uploads\/2009\/12\/troyes-590x189.jpg 590w\" \/><\/figure>\n\n\n\n<figure class=\"wp-block-image aligncenter is-resized\"><img loading=\"lazy\" decoding=\"async\" width=\"590\" height=\"197\" sizes=\"auto, (max-width: 590px) 100vw, 590px\" src=\"http:\/\/www.sk8.net\/wp\/wp-content\/uploads\/2009\/12\/troyes-02.jpg\" alt=\"troyes-02\" class=\"wp-image-20910\" style=\"width:900px\" srcset=\"https:\/\/www.sk8.net\/wp\/wp-content\/uploads\/2009\/12\/troyes-02.jpg 590w, https:\/\/www.sk8.net\/wp\/wp-content\/uploads\/2009\/12\/troyes-02-92x31.jpg 92w, https:\/\/www.sk8.net\/wp\/wp-content\/uploads\/2009\/12\/troyes-02-300x100.jpg 300w\" \/><\/figure>\n\n\n\n<p>Spoted\/Txt&amp;Photos: 2-fre\u00a9 &#8211; www.sk8.net\u2028&gt; Ne pas utiliser sans autorisations.<\/p>\n\n\n\n<p>&gt; Nldr: Situ\u00e9 \u00e0 quelques m\u00e8tres sur la droite de la Gare de Troyes. Dans un endroit agr\u00e9able, le skatepark de Troyes est l\u00e0 et bien l\u00e0, magnifiquement d\u00e9cor\u00e9 par les graffeurs locaux. Ce park \u00e0 \u00e9t\u00e9 con\u00e7u sous l&rsquo;impulsion de Bmxeurs. Ce qui donne des courbes de bonne hauteurs et un plat en cons\u00e9quence. De plus la surface de roulement est accident\u00e9 d\u00fb \u00e0 la technique utilis\u00e9 lors de sa conception. Pr\u00e9f\u00e9rez des roues molle pour rider le park.<br \/><iframe loading=\"lazy\" src=\"https:\/\/www.google.com\/maps\/d\/embed?mid=z86aT6R3CXek.k-y0pwugxD0c\" width=\"900\" height=\"380\"><\/iframe><\/p>\n\n\n\n<p>&gt; Ne ratez pas le Streetpark de La Chapelle St-Luc, situ\u00e9 \u00e0 quelques Km est vivement recommand\u00e9.<\/p>\n\n\n\n<figure class=\"wp-block-image aligncenter is-resized\"><img loading=\"lazy\" decoding=\"async\" width=\"590\" height=\"342\" sizes=\"auto, (max-width: 590px) 100vw, 590px\" src=\"http:\/\/www.sk8.net\/wp\/wp-content\/uploads\/2009\/12\/la-chapelle.jpg\" alt=\"la-chapelle\" class=\"wp-image-20908\" style=\"width:900px\" srcset=\"https:\/\/www.sk8.net\/wp\/wp-content\/uploads\/2009\/12\/la-chapelle.jpg 590w, https:\/\/www.sk8.net\/wp\/wp-content\/uploads\/2009\/12\/la-chapelle-92x53.jpg 92w, https:\/\/www.sk8.net\/wp\/wp-content\/uploads\/2009\/12\/la-chapelle-300x174.jpg 300w\" \/><\/figure>\n\n\n\n<p><\/p>\n\n\n\n<p><\/p>\n","protected":false},"excerpt":{"rendered":"<p>&gt;\u00a0\u00bbLe bowl : pour tous les styles de glisse urbaine.\u2028&gt; Amoureux de glisse urbaine (rollers, skate et BMX), les travaux<\/p>\n","protected":false},"author":2,"featured_media":0,"parent":21232,"menu_order":0,"comment_status":"closed","ping_status":"closed","template":"","meta":{"colormag_page_container_layout":"default_layout","colormag_page_sidebar_layout":"default_layout","footnotes":""},"class_list":["post-1217","page","type-page","status-publish","hentry"],"yoast_head":"<!-- This site is optimized with the Yoast SEO plugin v27.4 - https:\/\/yoast.com\/product\/yoast-seo-wordpress\/ -->\n<title>TROYES (10) - SK8.NET<\/title>\n<meta name=\"robots\" content=\"index, follow, max-snippet:-1, max-image-preview:large, max-video-preview:-1\" \/>\n<link rel=\"canonical\" href=\"https:\/\/www.sk8.net\/wp\/?page_id=1217\" \/>\n<meta property=\"og:locale\" content=\"fr_FR\" \/>\n<meta property=\"og:type\" content=\"article\" \/>\n<meta property=\"og:title\" content=\"TROYES (10) - SK8.NET\" \/>\n<meta property=\"og:description\" content=\"&gt;\u00a0\u00bbLe bowl : pour tous les styles de glisse urbaine.\u2028&gt; Amoureux de glisse urbaine (rollers, skate et BMX), les travaux\" \/>\n<meta property=\"og:url\" content=\"https:\/\/www.sk8.net\/wp\/?page_id=1217\" \/>\n<meta property=\"og:site_name\" content=\"SK8.NET\" \/>\n<meta property=\"article:publisher\" content=\"https:\/\/www.facebook.com\/www.sk8.net\" \/>\n<meta property=\"article:modified_time\" content=\"2026-02-14T16:27:16+00:00\" \/>\n<meta property=\"og:image\" content=\"https:\/\/www.sk8.net\/wp\/wp-content\/uploads\/2009\/12\/troyes-1.jpg\" \/>\n\t<meta property=\"og:image:width\" content=\"590\" \/>\n\t<meta property=\"og:image:height\" content=\"219\" \/>\n\t<meta property=\"og:image:type\" content=\"image\/jpeg\" \/>\n<meta name=\"twitter:card\" content=\"summary_large_image\" \/>\n<meta name=\"twitter:site\" content=\"@sk8net\" \/>\n<meta name=\"twitter:label1\" content=\"Dur\u00e9e de lecture estim\u00e9e\" \/>\n\t<meta name=\"twitter:data1\" content=\"3 minutes\" \/>\n<script type=\"application\/ld+json\" class=\"yoast-schema-graph\">{\"@context\":\"https:\\\/\\\/schema.org\",\"@graph\":[{\"@type\":\"WebPage\",\"@id\":\"https:\\\/\\\/www.sk8.net\\\/wp\\\/?page_id=1217\",\"url\":\"https:\\\/\\\/www.sk8.net\\\/wp\\\/?page_id=1217\",\"name\":\"TROYES (10) - SK8.NET\",\"isPartOf\":{\"@id\":\"https:\\\/\\\/www.sk8.net\\\/wp\\\/#website\"},\"primaryImageOfPage\":{\"@id\":\"https:\\\/\\\/www.sk8.net\\\/wp\\\/?page_id=1217#primaryimage\"},\"image\":{\"@id\":\"https:\\\/\\\/www.sk8.net\\\/wp\\\/?page_id=1217#primaryimage\"},\"thumbnailUrl\":\"http:\\\/\\\/www.sk8.net\\\/wp\\\/wp-content\\\/uploads\\\/2009\\\/12\\\/troyes-1.jpg\",\"datePublished\":\"2009-12-03T15:41:31+00:00\",\"dateModified\":\"2026-02-14T16:27:16+00:00\",\"breadcrumb\":{\"@id\":\"https:\\\/\\\/www.sk8.net\\\/wp\\\/?page_id=1217#breadcrumb\"},\"inLanguage\":\"fr-FR\",\"potentialAction\":[{\"@type\":\"ReadAction\",\"target\":[\"https:\\\/\\\/www.sk8.net\\\/wp\\\/?page_id=1217\"]}]},{\"@type\":\"ImageObject\",\"inLanguage\":\"fr-FR\",\"@id\":\"https:\\\/\\\/www.sk8.net\\\/wp\\\/?page_id=1217#primaryimage\",\"url\":\"http:\\\/\\\/www.sk8.net\\\/wp\\\/wp-content\\\/uploads\\\/2009\\\/12\\\/troyes-1.jpg\",\"contentUrl\":\"http:\\\/\\\/www.sk8.net\\\/wp\\\/wp-content\\\/uploads\\\/2009\\\/12\\\/troyes-1.jpg\"},{\"@type\":\"BreadcrumbList\",\"@id\":\"https:\\\/\\\/www.sk8.net\\\/wp\\\/?page_id=1217#breadcrumb\",\"itemListElement\":[{\"@type\":\"ListItem\",\"position\":1,\"name\":\"SKATEPARK LISTE\",\"item\":\"https:\\\/\\\/www.sk8.net\\\/wp\\\/?page_id=27163\"},{\"@type\":\"ListItem\",\"position\":2,\"name\":\"SKATEPARKS_M>Z\",\"item\":\"https:\\\/\\\/www.sk8.net\\\/wp\\\/?page_id=21232\"},{\"@type\":\"ListItem\",\"position\":3,\"name\":\"TROYES (10)\"}]},{\"@type\":\"WebSite\",\"@id\":\"https:\\\/\\\/www.sk8.net\\\/wp\\\/#website\",\"url\":\"https:\\\/\\\/www.sk8.net\\\/wp\\\/\",\"name\":\"SK8.NET\",\"description\":\"Skateboard Mag.\",\"publisher\":{\"@id\":\"https:\\\/\\\/www.sk8.net\\\/wp\\\/#\\\/schema\\\/person\\\/cf7f51a71a4228606919be51c1276846\"},\"alternateName\":\"www.sk8.net\",\"potentialAction\":[{\"@type\":\"SearchAction\",\"target\":{\"@type\":\"EntryPoint\",\"urlTemplate\":\"https:\\\/\\\/www.sk8.net\\\/wp\\\/?s={search_term_string}\"},\"query-input\":{\"@type\":\"PropertyValueSpecification\",\"valueRequired\":true,\"valueName\":\"search_term_string\"}}],\"inLanguage\":\"fr-FR\"},{\"@type\":[\"Person\",\"Organization\"],\"@id\":\"https:\\\/\\\/www.sk8.net\\\/wp\\\/#\\\/schema\\\/person\\\/cf7f51a71a4228606919be51c1276846\",\"name\":\"2-fre\",\"logo\":{\"@id\":\"https:\\\/\\\/www.sk8.net\\\/wp\\\/#\\\/schema\\\/person\\\/image\\\/\"},\"sameAs\":[\"http:\\\/\\\/www.sk8.net\",\"https:\\\/\\\/www.facebook.com\\\/www.sk8.net\",\"https:\\\/\\\/www.instagram.com\\\/skhuitpointnet\",\"https:\\\/\\\/www.youtube.com\\\/@sk8pointnet277\"]}]}<\/script>\n<!-- \/ Yoast SEO plugin. -->","yoast_head_json":{"title":"TROYES (10) - SK8.NET","robots":{"index":"index","follow":"follow","max-snippet":"max-snippet:-1","max-image-preview":"max-image-preview:large","max-video-preview":"max-video-preview:-1"},"canonical":"https:\/\/www.sk8.net\/wp\/?page_id=1217","og_locale":"fr_FR","og_type":"article","og_title":"TROYES (10) - SK8.NET","og_description":"&gt;\u00a0\u00bbLe bowl : pour tous les styles de glisse urbaine.\u2028&gt; Amoureux de glisse urbaine (rollers, skate et BMX), les travaux","og_url":"https:\/\/www.sk8.net\/wp\/?page_id=1217","og_site_name":"SK8.NET","article_publisher":"https:\/\/www.facebook.com\/www.sk8.net","article_modified_time":"2026-02-14T16:27:16+00:00","og_image":[{"width":590,"height":219,"url":"https:\/\/www.sk8.net\/wp\/wp-content\/uploads\/2009\/12\/troyes-1.jpg","type":"image\/jpeg"}],"twitter_card":"summary_large_image","twitter_site":"@sk8net","twitter_misc":{"Dur\u00e9e de lecture estim\u00e9e":"3 minutes"},"schema":{"@context":"https:\/\/schema.org","@graph":[{"@type":"WebPage","@id":"https:\/\/www.sk8.net\/wp\/?page_id=1217","url":"https:\/\/www.sk8.net\/wp\/?page_id=1217","name":"TROYES (10) - SK8.NET","isPartOf":{"@id":"https:\/\/www.sk8.net\/wp\/#website"},"primaryImageOfPage":{"@id":"https:\/\/www.sk8.net\/wp\/?page_id=1217#primaryimage"},"image":{"@id":"https:\/\/www.sk8.net\/wp\/?page_id=1217#primaryimage"},"thumbnailUrl":"http:\/\/www.sk8.net\/wp\/wp-content\/uploads\/2009\/12\/troyes-1.jpg","datePublished":"2009-12-03T15:41:31+00:00","dateModified":"2026-02-14T16:27:16+00:00","breadcrumb":{"@id":"https:\/\/www.sk8.net\/wp\/?page_id=1217#breadcrumb"},"inLanguage":"fr-FR","potentialAction":[{"@type":"ReadAction","target":["https:\/\/www.sk8.net\/wp\/?page_id=1217"]}]},{"@type":"ImageObject","inLanguage":"fr-FR","@id":"https:\/\/www.sk8.net\/wp\/?page_id=1217#primaryimage","url":"http:\/\/www.sk8.net\/wp\/wp-content\/uploads\/2009\/12\/troyes-1.jpg","contentUrl":"http:\/\/www.sk8.net\/wp\/wp-content\/uploads\/2009\/12\/troyes-1.jpg"},{"@type":"BreadcrumbList","@id":"https:\/\/www.sk8.net\/wp\/?page_id=1217#breadcrumb","itemListElement":[{"@type":"ListItem","position":1,"name":"SKATEPARK LISTE","item":"https:\/\/www.sk8.net\/wp\/?page_id=27163"},{"@type":"ListItem","position":2,"name":"SKATEPARKS_M>Z","item":"https:\/\/www.sk8.net\/wp\/?page_id=21232"},{"@type":"ListItem","position":3,"name":"TROYES (10)"}]},{"@type":"WebSite","@id":"https:\/\/www.sk8.net\/wp\/#website","url":"https:\/\/www.sk8.net\/wp\/","name":"SK8.NET","description":"Skateboard Mag.","publisher":{"@id":"https:\/\/www.sk8.net\/wp\/#\/schema\/person\/cf7f51a71a4228606919be51c1276846"},"alternateName":"www.sk8.net","potentialAction":[{"@type":"SearchAction","target":{"@type":"EntryPoint","urlTemplate":"https:\/\/www.sk8.net\/wp\/?s={search_term_string}"},"query-input":{"@type":"PropertyValueSpecification","valueRequired":true,"valueName":"search_term_string"}}],"inLanguage":"fr-FR"},{"@type":["Person","Organization"],"@id":"https:\/\/www.sk8.net\/wp\/#\/schema\/person\/cf7f51a71a4228606919be51c1276846","name":"2-fre","logo":{"@id":"https:\/\/www.sk8.net\/wp\/#\/schema\/person\/image\/"},"sameAs":["http:\/\/www.sk8.net","https:\/\/www.facebook.com\/www.sk8.net","https:\/\/www.instagram.com\/skhuitpointnet","https:\/\/www.youtube.com\/@sk8pointnet277"]}]}},"amp_enabled":true,"_links":{"self":[{"href":"https:\/\/www.sk8.net\/wp\/index.php?rest_route=\/wp\/v2\/pages\/1217","targetHints":{"allow":["GET"]}}],"collection":[{"href":"https:\/\/www.sk8.net\/wp\/index.php?rest_route=\/wp\/v2\/pages"}],"about":[{"href":"https:\/\/www.sk8.net\/wp\/index.php?rest_route=\/wp\/v2\/types\/page"}],"author":[{"embeddable":true,"href":"https:\/\/www.sk8.net\/wp\/index.php?rest_route=\/wp\/v2\/users\/2"}],"replies":[{"embeddable":true,"href":"https:\/\/www.sk8.net\/wp\/index.php?rest_route=%2Fwp%2Fv2%2Fcomments&post=1217"}],"version-history":[{"count":0,"href":"https:\/\/www.sk8.net\/wp\/index.php?rest_route=\/wp\/v2\/pages\/1217\/revisions"}],"up":[{"embeddable":true,"href":"https:\/\/www.sk8.net\/wp\/index.php?rest_route=\/wp\/v2\/pages\/21232"}],"wp:attachment":[{"href":"https:\/\/www.sk8.net\/wp\/index.php?rest_route=%2Fwp%2Fv2%2Fmedia&parent=1217"}],"curies":[{"name":"wp","href":"https:\/\/api.w.org\/{rel}","templated":true}]}}