{"id":1204,"date":"2009-12-03T13:55:36","date_gmt":"2009-12-03T11:55:36","guid":{"rendered":"http:\/\/www.sk8.net\/wp\/?page_id=1204"},"modified":"2026-02-14T17:25:49","modified_gmt":"2026-02-14T16:25:49","slug":"skatepark-du-val-dorge-94","status":"publish","type":"page","link":"https:\/\/www.sk8.net\/wp\/?page_id=1204","title":{"rendered":"VAL D&rsquo;ORGE (91)"},"content":{"rendered":"\n<figure class=\"wp-block-image aligncenter size-full is-resized\"><picture class=\"wp-picture-41375\" style=\"display: contents;\"><source type=\"image\/webp\" srcset=\"https:\/\/www.sk8.net\/wp\/wp-content\/uploads\/2026\/01\/Skatepark_VALDORGE_590x300-jpg.webp\"><img loading=\"lazy\" decoding=\"async\" width=\"590\" height=\"300\" sizes=\"auto, (max-width: 590px) 100vw, 590px\" src=\"https:\/\/www.sk8.net\/wp\/wp-content\/uploads\/2026\/01\/Skatepark_VALDORGE_590x300.jpg\" alt=\"\" class=\"wp-image-41375\" style=\"width:900px\"\/><\/picture><\/figure>\n\n\n\n<div class=\"wp-block-media-text is-stacked-on-mobile\"><figure class=\"wp-block-media-text__media\"><picture class=\"wp-picture-41876\" style=\"display: contents;\"><source type=\"image\/webp\" srcset=\"https:\/\/www.sk8.net\/wp\/wp-content\/uploads\/2026\/01\/valdorge-jpg.webp\"><img loading=\"lazy\" decoding=\"async\" width=\"333\" height=\"500\" src=\"https:\/\/www.sk8.net\/wp\/wp-content\/uploads\/2026\/01\/valdorge.jpg\" alt=\"\" class=\"wp-image-41876 size-full\"\/><\/picture><\/figure><div class=\"wp-block-media-text__content\">\n<p>&gt; La Halle a \u00e9t\u00e9 construite par la Communaut\u00e9 d\u2019agglom\u00e9ration de Val d&rsquo;Orge et install\u00e9 sur la commune de Villiers-sur-Orge. Le skatepark s\u2019\u00e9tend sur une superficie de 768 m\u00b2.<\/p>\n\n\n\n<p>La Halle de skate du Val d\u2019Orge &#8211; Voie des Pr\u00e9s &#8211; 91700 Villiers-sur-Orge<br \/><a href=\"http:\/\/skatepark-valdorge.over-blog.fr\" target=\"_blank\" rel=\"noopener noreferrer\">Skatepark-valdorge.over-blog.fr<\/a> &#8211;&nbsp;<a href=\"http:\/\/www.familyskateasso.com\" target=\"_blank\" rel=\"noopener noreferrer\">www.familyskateasso.com<\/a><br \/><\/p>\n<\/div><\/div>\n\n\n\n<p><br \/><iframe loading=\"lazy\" src=\"https:\/\/www.google.com\/maps\/d\/embed?mid=z86aT6R3CXek.kSJwEIODwWRM\" width=\"900\" height=\"380\"><\/iframe><\/p>\n\n\n\n<figure class=\"wp-block-embed is-type-rich is-provider-flickr wp-block-embed-flickr\"><div class=\"wp-block-embed__wrapper\">\n<a data-flickr-embed='true' href='https:\/\/www.flickr.com\/photos\/sk8net\/albums\/72157630043426781\/' title='Far&#039;N High 2012 by www.sk8.net, on Flickr'><img src='https:\/\/live.staticflickr.com\/8027\/7177441827_54d38d5fe3_c.jpg' width='800' height='600' alt=''><\/a><script async src='https:\/\/embedr.flickr.com\/assets\/client-code.js' charset='utf-8'><\/script>\n<\/div><\/figure>\n\n\n\n<figure class=\"wp-block-embed is-type-video is-provider-youtube wp-block-embed-youtube wp-embed-aspect-16-9 wp-has-aspect-ratio\"><div class=\"wp-block-embed__wrapper\">\n<iframe loading=\"lazy\" title=\"Championnat de France Street 2025 - Villiers-sur-Orge\" width=\"800\" height=\"450\" src=\"https:\/\/www.youtube.com\/embed\/PhfAk-Gbq_4?feature=oembed\" frameborder=\"0\" allow=\"accelerometer; autoplay; clipboard-write; encrypted-media; gyroscope; picture-in-picture; web-share\" referrerpolicy=\"strict-origin-when-cross-origin\" allowfullscreen><\/iframe>\n<\/div><\/figure>\n\n\n\n<p>Spoted by 2-fre\u00a9 &#8211; Txt&amp;Photos: www.sk8.net\u00a9 &gt; Ne pas utiliser sans autorisations.<\/p>\n","protected":false},"excerpt":{"rendered":"<p>&gt; La Halle a \u00e9t\u00e9 construite par la Communaut\u00e9 d\u2019agglom\u00e9ration de Val d&rsquo;Orge et install\u00e9 sur la commune de Villiers-sur-Orge.<\/p>\n","protected":false},"author":2,"featured_media":0,"parent":21232,"menu_order":0,"comment_status":"closed","ping_status":"open","template":"","meta":{"colormag_page_container_layout":"default_layout","colormag_page_sidebar_layout":"default_layout","footnotes":""},"class_list":["post-1204","page","type-page","status-publish","hentry"],"yoast_head":"<!-- This site is optimized with the Yoast SEO plugin v27.4 - https:\/\/yoast.com\/product\/yoast-seo-wordpress\/ -->\n<title>VAL D&#039;ORGE (91) - SK8.NET<\/title>\n<meta name=\"robots\" content=\"index, follow, max-snippet:-1, max-image-preview:large, max-video-preview:-1\" \/>\n<link rel=\"canonical\" href=\"https:\/\/www.sk8.net\/wp\/?page_id=1204\" \/>\n<meta property=\"og:locale\" content=\"fr_FR\" \/>\n<meta property=\"og:type\" content=\"article\" \/>\n<meta property=\"og:title\" content=\"VAL D&#039;ORGE (91) - SK8.NET\" \/>\n<meta property=\"og:description\" content=\"&gt; La Halle a \u00e9t\u00e9 construite par la Communaut\u00e9 d\u2019agglom\u00e9ration de Val d&rsquo;Orge et install\u00e9 sur la commune de Villiers-sur-Orge.\" \/>\n<meta property=\"og:url\" content=\"https:\/\/www.sk8.net\/wp\/?page_id=1204\" \/>\n<meta property=\"og:site_name\" content=\"SK8.NET\" \/>\n<meta property=\"article:publisher\" content=\"https:\/\/www.facebook.com\/sk8pointnet\/\" \/>\n<meta property=\"article:modified_time\" content=\"2026-02-14T16:25:49+00:00\" \/>\n<meta property=\"og:image\" content=\"https:\/\/www.sk8.net\/wp\/wp-content\/uploads\/2021\/11\/Skatepark-ValdOrge_590x300.jpg\" \/>\n\t<meta property=\"og:image:width\" content=\"590\" \/>\n\t<meta property=\"og:image:height\" content=\"300\" \/>\n\t<meta property=\"og:image:type\" content=\"image\/jpeg\" \/>\n<meta name=\"twitter:card\" content=\"summary_large_image\" \/>\n<meta name=\"twitter:site\" content=\"@sk8net\" \/>\n<meta name=\"twitter:label1\" content=\"Dur\u00e9e de lecture estim\u00e9e\" \/>\n\t<meta name=\"twitter:data1\" content=\"2 minutes\" \/>\n<script type=\"application\/ld+json\" class=\"yoast-schema-graph\">{\"@context\":\"https:\\\/\\\/schema.org\",\"@graph\":[{\"@type\":\"WebPage\",\"@id\":\"https:\\\/\\\/www.sk8.net\\\/wp\\\/?page_id=1204\",\"url\":\"https:\\\/\\\/www.sk8.net\\\/wp\\\/?page_id=1204\",\"name\":\"VAL D'ORGE (91) - SK8.NET\",\"isPartOf\":{\"@id\":\"https:\\\/\\\/www.sk8.net\\\/wp\\\/#website\"},\"primaryImageOfPage\":{\"@id\":\"https:\\\/\\\/www.sk8.net\\\/wp\\\/?page_id=1204#primaryimage\"},\"image\":{\"@id\":\"https:\\\/\\\/www.sk8.net\\\/wp\\\/?page_id=1204#primaryimage\"},\"thumbnailUrl\":\"https:\\\/\\\/www.sk8.net\\\/wp\\\/wp-content\\\/uploads\\\/2026\\\/01\\\/Skatepark_VALDORGE_590x300.jpg\",\"datePublished\":\"2009-12-03T11:55:36+00:00\",\"dateModified\":\"2026-02-14T16:25:49+00:00\",\"breadcrumb\":{\"@id\":\"https:\\\/\\\/www.sk8.net\\\/wp\\\/?page_id=1204#breadcrumb\"},\"inLanguage\":\"fr-FR\",\"potentialAction\":[{\"@type\":\"ReadAction\",\"target\":[\"https:\\\/\\\/www.sk8.net\\\/wp\\\/?page_id=1204\"]}]},{\"@type\":\"ImageObject\",\"inLanguage\":\"fr-FR\",\"@id\":\"https:\\\/\\\/www.sk8.net\\\/wp\\\/?page_id=1204#primaryimage\",\"url\":\"https:\\\/\\\/www.sk8.net\\\/wp\\\/wp-content\\\/uploads\\\/2026\\\/01\\\/Skatepark_VALDORGE_590x300.jpg\",\"contentUrl\":\"https:\\\/\\\/www.sk8.net\\\/wp\\\/wp-content\\\/uploads\\\/2026\\\/01\\\/Skatepark_VALDORGE_590x300.jpg\",\"width\":590,\"height\":300},{\"@type\":\"BreadcrumbList\",\"@id\":\"https:\\\/\\\/www.sk8.net\\\/wp\\\/?page_id=1204#breadcrumb\",\"itemListElement\":[{\"@type\":\"ListItem\",\"position\":1,\"name\":\"SKATEPARK LISTE\",\"item\":\"https:\\\/\\\/www.sk8.net\\\/wp\\\/?page_id=27163\"},{\"@type\":\"ListItem\",\"position\":2,\"name\":\"SKATEPARKS_M>Z\",\"item\":\"https:\\\/\\\/www.sk8.net\\\/wp\\\/?page_id=21232\"},{\"@type\":\"ListItem\",\"position\":3,\"name\":\"VAL D&rsquo;ORGE (91)\"}]},{\"@type\":\"WebSite\",\"@id\":\"https:\\\/\\\/www.sk8.net\\\/wp\\\/#website\",\"url\":\"https:\\\/\\\/www.sk8.net\\\/wp\\\/\",\"name\":\"SK8.NET\",\"description\":\"Skateboard Mag.\",\"publisher\":{\"@id\":\"https:\\\/\\\/www.sk8.net\\\/wp\\\/#organization\"},\"alternateName\":\"www.sk8.net\",\"potentialAction\":[{\"@type\":\"SearchAction\",\"target\":{\"@type\":\"EntryPoint\",\"urlTemplate\":\"https:\\\/\\\/www.sk8.net\\\/wp\\\/?s={search_term_string}\"},\"query-input\":{\"@type\":\"PropertyValueSpecification\",\"valueRequired\":true,\"valueName\":\"search_term_string\"}}],\"inLanguage\":\"fr-FR\"},{\"@type\":\"Organization\",\"@id\":\"https:\\\/\\\/www.sk8.net\\\/wp\\\/#organization\",\"name\":\"SK8.NET\",\"url\":\"https:\\\/\\\/www.sk8.net\\\/wp\\\/\",\"logo\":{\"@type\":\"ImageObject\",\"inLanguage\":\"fr-FR\",\"@id\":\"https:\\\/\\\/www.sk8.net\\\/wp\\\/#\\\/schema\\\/logo\\\/image\\\/\",\"url\":\"https:\\\/\\\/www.sk8.net\\\/wp\\\/wp-content\\\/uploads\\\/2023\\\/01\\\/Logo-SK8net_Clrs_2017.png\",\"contentUrl\":\"https:\\\/\\\/www.sk8.net\\\/wp\\\/wp-content\\\/uploads\\\/2023\\\/01\\\/Logo-SK8net_Clrs_2017.png\",\"width\":865,\"height\":250,\"caption\":\"SK8.NET\"},\"image\":{\"@id\":\"https:\\\/\\\/www.sk8.net\\\/wp\\\/#\\\/schema\\\/logo\\\/image\\\/\"},\"sameAs\":[\"https:\\\/\\\/www.facebook.com\\\/sk8pointnet\\\/\",\"https:\\\/\\\/x.com\\\/sk8net\",\"https:\\\/\\\/www.instagram.com\\\/sk8pointnet\\\/\",\"https:\\\/\\\/www.linkedin.com\\\/in\\\/sk8-net-030404a9\\\/\"]}]}<\/script>\n<!-- \/ Yoast SEO plugin. -->","yoast_head_json":{"title":"VAL D'ORGE (91) - SK8.NET","robots":{"index":"index","follow":"follow","max-snippet":"max-snippet:-1","max-image-preview":"max-image-preview:large","max-video-preview":"max-video-preview:-1"},"canonical":"https:\/\/www.sk8.net\/wp\/?page_id=1204","og_locale":"fr_FR","og_type":"article","og_title":"VAL D'ORGE (91) - SK8.NET","og_description":"&gt; La Halle a \u00e9t\u00e9 construite par la Communaut\u00e9 d\u2019agglom\u00e9ration de Val d&rsquo;Orge et install\u00e9 sur la commune de Villiers-sur-Orge.","og_url":"https:\/\/www.sk8.net\/wp\/?page_id=1204","og_site_name":"SK8.NET","article_publisher":"https:\/\/www.facebook.com\/sk8pointnet\/","article_modified_time":"2026-02-14T16:25:49+00:00","og_image":[{"width":590,"height":300,"url":"https:\/\/www.sk8.net\/wp\/wp-content\/uploads\/2021\/11\/Skatepark-ValdOrge_590x300.jpg","type":"image\/jpeg"}],"twitter_card":"summary_large_image","twitter_site":"@sk8net","twitter_misc":{"Dur\u00e9e de lecture estim\u00e9e":"2 minutes"},"schema":{"@context":"https:\/\/schema.org","@graph":[{"@type":"WebPage","@id":"https:\/\/www.sk8.net\/wp\/?page_id=1204","url":"https:\/\/www.sk8.net\/wp\/?page_id=1204","name":"VAL D'ORGE (91) - SK8.NET","isPartOf":{"@id":"https:\/\/www.sk8.net\/wp\/#website"},"primaryImageOfPage":{"@id":"https:\/\/www.sk8.net\/wp\/?page_id=1204#primaryimage"},"image":{"@id":"https:\/\/www.sk8.net\/wp\/?page_id=1204#primaryimage"},"thumbnailUrl":"https:\/\/www.sk8.net\/wp\/wp-content\/uploads\/2026\/01\/Skatepark_VALDORGE_590x300.jpg","datePublished":"2009-12-03T11:55:36+00:00","dateModified":"2026-02-14T16:25:49+00:00","breadcrumb":{"@id":"https:\/\/www.sk8.net\/wp\/?page_id=1204#breadcrumb"},"inLanguage":"fr-FR","potentialAction":[{"@type":"ReadAction","target":["https:\/\/www.sk8.net\/wp\/?page_id=1204"]}]},{"@type":"ImageObject","inLanguage":"fr-FR","@id":"https:\/\/www.sk8.net\/wp\/?page_id=1204#primaryimage","url":"https:\/\/www.sk8.net\/wp\/wp-content\/uploads\/2026\/01\/Skatepark_VALDORGE_590x300.jpg","contentUrl":"https:\/\/www.sk8.net\/wp\/wp-content\/uploads\/2026\/01\/Skatepark_VALDORGE_590x300.jpg","width":590,"height":300},{"@type":"BreadcrumbList","@id":"https:\/\/www.sk8.net\/wp\/?page_id=1204#breadcrumb","itemListElement":[{"@type":"ListItem","position":1,"name":"SKATEPARK LISTE","item":"https:\/\/www.sk8.net\/wp\/?page_id=27163"},{"@type":"ListItem","position":2,"name":"SKATEPARKS_M>Z","item":"https:\/\/www.sk8.net\/wp\/?page_id=21232"},{"@type":"ListItem","position":3,"name":"VAL D&rsquo;ORGE (91)"}]},{"@type":"WebSite","@id":"https:\/\/www.sk8.net\/wp\/#website","url":"https:\/\/www.sk8.net\/wp\/","name":"SK8.NET","description":"Skateboard Mag.","publisher":{"@id":"https:\/\/www.sk8.net\/wp\/#organization"},"alternateName":"www.sk8.net","potentialAction":[{"@type":"SearchAction","target":{"@type":"EntryPoint","urlTemplate":"https:\/\/www.sk8.net\/wp\/?s={search_term_string}"},"query-input":{"@type":"PropertyValueSpecification","valueRequired":true,"valueName":"search_term_string"}}],"inLanguage":"fr-FR"},{"@type":"Organization","@id":"https:\/\/www.sk8.net\/wp\/#organization","name":"SK8.NET","url":"https:\/\/www.sk8.net\/wp\/","logo":{"@type":"ImageObject","inLanguage":"fr-FR","@id":"https:\/\/www.sk8.net\/wp\/#\/schema\/logo\/image\/","url":"https:\/\/www.sk8.net\/wp\/wp-content\/uploads\/2023\/01\/Logo-SK8net_Clrs_2017.png","contentUrl":"https:\/\/www.sk8.net\/wp\/wp-content\/uploads\/2023\/01\/Logo-SK8net_Clrs_2017.png","width":865,"height":250,"caption":"SK8.NET"},"image":{"@id":"https:\/\/www.sk8.net\/wp\/#\/schema\/logo\/image\/"},"sameAs":["https:\/\/www.facebook.com\/sk8pointnet\/","https:\/\/x.com\/sk8net","https:\/\/www.instagram.com\/sk8pointnet\/","https:\/\/www.linkedin.com\/in\/sk8-net-030404a9\/"]}]}},"amp_enabled":true,"_links":{"self":[{"href":"https:\/\/www.sk8.net\/wp\/index.php?rest_route=\/wp\/v2\/pages\/1204","targetHints":{"allow":["GET"]}}],"collection":[{"href":"https:\/\/www.sk8.net\/wp\/index.php?rest_route=\/wp\/v2\/pages"}],"about":[{"href":"https:\/\/www.sk8.net\/wp\/index.php?rest_route=\/wp\/v2\/types\/page"}],"author":[{"embeddable":true,"href":"https:\/\/www.sk8.net\/wp\/index.php?rest_route=\/wp\/v2\/users\/2"}],"replies":[{"embeddable":true,"href":"https:\/\/www.sk8.net\/wp\/index.php?rest_route=%2Fwp%2Fv2%2Fcomments&post=1204"}],"version-history":[{"count":0,"href":"https:\/\/www.sk8.net\/wp\/index.php?rest_route=\/wp\/v2\/pages\/1204\/revisions"}],"up":[{"embeddable":true,"href":"https:\/\/www.sk8.net\/wp\/index.php?rest_route=\/wp\/v2\/pages\/21232"}],"wp:attachment":[{"href":"https:\/\/www.sk8.net\/wp\/index.php?rest_route=%2Fwp%2Fv2%2Fmedia&parent=1204"}],"curies":[{"name":"wp","href":"https:\/\/api.w.org\/{rel}","templated":true}]}}