{"id":1197,"date":"2009-12-03T13:44:14","date_gmt":"2009-12-03T11:44:14","guid":{"rendered":"http:\/\/www.sk8.net\/wp\/?page_id=1197"},"modified":"2026-02-14T17:31:58","modified_gmt":"2026-02-14T16:31:58","slug":"skatepark-de-saubion-40","status":"publish","type":"page","link":"https:\/\/www.sk8.net\/wp\/?page_id=1197","title":{"rendered":"SAUBION (40)"},"content":{"rendered":"\n<figure class=\"wp-block-image aligncenter is-resized\"><img loading=\"lazy\" decoding=\"async\" width=\"645\" height=\"165\" sizes=\"auto, (max-width: 645px) 100vw, 645px\" src=\"http:\/\/www.sk8.net\/wp\/wp-content\/uploads\/2009\/12\/saubionpano-1.jpg\" alt=\"saubionpano\" class=\"wp-image-20913\" style=\"width:900px\" srcset=\"https:\/\/www.sk8.net\/wp\/wp-content\/uploads\/2009\/12\/saubionpano-1.jpg 645w, https:\/\/www.sk8.net\/wp\/wp-content\/uploads\/2009\/12\/saubionpano-1-92x24.jpg 92w, https:\/\/www.sk8.net\/wp\/wp-content\/uploads\/2009\/12\/saubionpano-1-300x77.jpg 300w, https:\/\/www.sk8.net\/wp\/wp-content\/uploads\/2009\/12\/saubionpano-1-590x151.jpg 590w\" \/><\/figure>\n\n\n\n<p>Le Skatepark de Saubion (40)<br \/>&gt; Un petit park en b\u00e9ton aussi bien foutu dans un si petit village. 300 m2 vraiment bien pens\u00e9s et int\u00e9gr\u00e9s au lieu compos\u00e9s de divers curbs, tables, courbes, plans inclin\u00e9s, mini bowl, barre&#8230; Saubion se situe a c\u00f4t\u00e9 de Saint Vincent de Tyrosse et le park se trouve facilement dans le village (plaine de jeux apr\u00e8s l&rsquo;\u00e9glise).<\/p>\n\n\n\n<figure class=\"wp-block-image aligncenter is-resized\"><img loading=\"lazy\" decoding=\"async\" width=\"645\" height=\"236\" sizes=\"auto, (max-width: 645px) 100vw, 645px\" src=\"http:\/\/www.sk8.net\/wp\/wp-content\/uploads\/2009\/12\/saubionpano.jpg\" alt=\"saubionpano\" class=\"wp-image-1198\" style=\"width:900px\" title=\"saubionpano\" srcset=\"https:\/\/www.sk8.net\/wp\/wp-content\/uploads\/2009\/12\/saubionpano.jpg 645w, https:\/\/www.sk8.net\/wp\/wp-content\/uploads\/2009\/12\/saubionpano-92x33.jpg 92w, https:\/\/www.sk8.net\/wp\/wp-content\/uploads\/2009\/12\/saubionpano-300x109.jpg 300w, https:\/\/www.sk8.net\/wp\/wp-content\/uploads\/2009\/12\/saubionpano-590x215.jpg 590w\" \/><\/figure>\n\n\n\n<p>Ce skatepark est une r\u00e9alisation de <a href=\"http:\/\/www.hall04.net\" target=\"_blank\" rel=\"noopener\">www.hall04.net<br \/><\/a>Spoted\/Txt&amp;Photos: Riti\u00e9\u00a9 &#8211; www.sk8.net &gt; Ne pas utiliser sans autorisations.<br \/><iframe loading=\"lazy\" src=\"https:\/\/www.google.com\/maps\/d\/embed?mid=z86aT6R3CXek.ky9WIH3poW3w\" width=\"900\" height=\"380\"><br \/>\n\n\n\n<p><\/p>\n<\/iframe><\/p>","protected":false},"excerpt":{"rendered":"<p>Le Skatepark de Saubion (40)&gt; Un petit park en b\u00e9ton aussi bien foutu dans un si petit village. 300 m2<\/p>\n","protected":false},"author":2,"featured_media":0,"parent":21232,"menu_order":0,"comment_status":"open","ping_status":"open","template":"","meta":{"colormag_page_container_layout":"no_sidebar_full_width","colormag_page_sidebar_layout":"right_sidebar","footnotes":""},"class_list":["post-1197","page","type-page","status-publish","hentry"],"yoast_head":"<!-- This site is optimized with the Yoast SEO plugin v27.4 - https:\/\/yoast.com\/product\/yoast-seo-wordpress\/ -->\n<title>SAUBION (40) - SK8.NET<\/title>\n<meta name=\"robots\" content=\"index, follow, max-snippet:-1, max-image-preview:large, max-video-preview:-1\" \/>\n<link rel=\"canonical\" href=\"https:\/\/www.sk8.net\/wp\/?page_id=1197\" \/>\n<meta property=\"og:locale\" content=\"fr_FR\" \/>\n<meta property=\"og:type\" content=\"article\" \/>\n<meta property=\"og:title\" content=\"SAUBION (40) - SK8.NET\" \/>\n<meta property=\"og:description\" content=\"Le Skatepark de Saubion (40)&gt; Un petit park en b\u00e9ton aussi bien foutu dans un si petit village. 300 m2\" \/>\n<meta property=\"og:url\" content=\"https:\/\/www.sk8.net\/wp\/?page_id=1197\" \/>\n<meta property=\"og:site_name\" content=\"SK8.NET\" \/>\n<meta property=\"article:publisher\" content=\"https:\/\/www.facebook.com\/sk8pointnet\/\" \/>\n<meta property=\"article:modified_time\" content=\"2026-02-14T16:31:58+00:00\" \/>\n<meta property=\"og:image\" content=\"https:\/\/www.sk8.net\/wp\/wp-content\/uploads\/2009\/12\/saubionpano-1.jpg\" \/>\n\t<meta property=\"og:image:width\" content=\"645\" \/>\n\t<meta property=\"og:image:height\" content=\"165\" \/>\n\t<meta property=\"og:image:type\" content=\"image\/jpeg\" \/>\n<meta name=\"twitter:card\" content=\"summary_large_image\" \/>\n<meta name=\"twitter:site\" content=\"@sk8net\" \/>\n<meta name=\"twitter:label1\" content=\"Dur\u00e9e de lecture estim\u00e9e\" \/>\n\t<meta name=\"twitter:data1\" content=\"1 minute\" \/>\n<script type=\"application\/ld+json\" class=\"yoast-schema-graph\">{\"@context\":\"https:\\\/\\\/schema.org\",\"@graph\":[{\"@type\":\"WebPage\",\"@id\":\"https:\\\/\\\/www.sk8.net\\\/wp\\\/?page_id=1197\",\"url\":\"https:\\\/\\\/www.sk8.net\\\/wp\\\/?page_id=1197\",\"name\":\"SAUBION (40) - SK8.NET\",\"isPartOf\":{\"@id\":\"https:\\\/\\\/www.sk8.net\\\/wp\\\/#website\"},\"primaryImageOfPage\":{\"@id\":\"https:\\\/\\\/www.sk8.net\\\/wp\\\/?page_id=1197#primaryimage\"},\"image\":{\"@id\":\"https:\\\/\\\/www.sk8.net\\\/wp\\\/?page_id=1197#primaryimage\"},\"thumbnailUrl\":\"http:\\\/\\\/www.sk8.net\\\/wp\\\/wp-content\\\/uploads\\\/2009\\\/12\\\/saubionpano-1.jpg\",\"datePublished\":\"2009-12-03T11:44:14+00:00\",\"dateModified\":\"2026-02-14T16:31:58+00:00\",\"breadcrumb\":{\"@id\":\"https:\\\/\\\/www.sk8.net\\\/wp\\\/?page_id=1197#breadcrumb\"},\"inLanguage\":\"fr-FR\",\"potentialAction\":[{\"@type\":\"ReadAction\",\"target\":[\"https:\\\/\\\/www.sk8.net\\\/wp\\\/?page_id=1197\"]}]},{\"@type\":\"ImageObject\",\"inLanguage\":\"fr-FR\",\"@id\":\"https:\\\/\\\/www.sk8.net\\\/wp\\\/?page_id=1197#primaryimage\",\"url\":\"http:\\\/\\\/www.sk8.net\\\/wp\\\/wp-content\\\/uploads\\\/2009\\\/12\\\/saubionpano-1.jpg\",\"contentUrl\":\"http:\\\/\\\/www.sk8.net\\\/wp\\\/wp-content\\\/uploads\\\/2009\\\/12\\\/saubionpano-1.jpg\"},{\"@type\":\"BreadcrumbList\",\"@id\":\"https:\\\/\\\/www.sk8.net\\\/wp\\\/?page_id=1197#breadcrumb\",\"itemListElement\":[{\"@type\":\"ListItem\",\"position\":1,\"name\":\"SKATEPARK LISTE\",\"item\":\"https:\\\/\\\/www.sk8.net\\\/wp\\\/?page_id=27163\"},{\"@type\":\"ListItem\",\"position\":2,\"name\":\"SKATEPARKS_M>Z\",\"item\":\"https:\\\/\\\/www.sk8.net\\\/wp\\\/?page_id=21232\"},{\"@type\":\"ListItem\",\"position\":3,\"name\":\"SAUBION (40)\"}]},{\"@type\":\"WebSite\",\"@id\":\"https:\\\/\\\/www.sk8.net\\\/wp\\\/#website\",\"url\":\"https:\\\/\\\/www.sk8.net\\\/wp\\\/\",\"name\":\"SK8.NET\",\"description\":\"Skateboard Mag.\",\"publisher\":{\"@id\":\"https:\\\/\\\/www.sk8.net\\\/wp\\\/#organization\"},\"alternateName\":\"www.sk8.net\",\"potentialAction\":[{\"@type\":\"SearchAction\",\"target\":{\"@type\":\"EntryPoint\",\"urlTemplate\":\"https:\\\/\\\/www.sk8.net\\\/wp\\\/?s={search_term_string}\"},\"query-input\":{\"@type\":\"PropertyValueSpecification\",\"valueRequired\":true,\"valueName\":\"search_term_string\"}}],\"inLanguage\":\"fr-FR\"},{\"@type\":\"Organization\",\"@id\":\"https:\\\/\\\/www.sk8.net\\\/wp\\\/#organization\",\"name\":\"SK8.NET\",\"url\":\"https:\\\/\\\/www.sk8.net\\\/wp\\\/\",\"logo\":{\"@type\":\"ImageObject\",\"inLanguage\":\"fr-FR\",\"@id\":\"https:\\\/\\\/www.sk8.net\\\/wp\\\/#\\\/schema\\\/logo\\\/image\\\/\",\"url\":\"https:\\\/\\\/www.sk8.net\\\/wp\\\/wp-content\\\/uploads\\\/2023\\\/01\\\/Logo-SK8net_Clrs_2017.png\",\"contentUrl\":\"https:\\\/\\\/www.sk8.net\\\/wp\\\/wp-content\\\/uploads\\\/2023\\\/01\\\/Logo-SK8net_Clrs_2017.png\",\"width\":865,\"height\":250,\"caption\":\"SK8.NET\"},\"image\":{\"@id\":\"https:\\\/\\\/www.sk8.net\\\/wp\\\/#\\\/schema\\\/logo\\\/image\\\/\"},\"sameAs\":[\"https:\\\/\\\/www.facebook.com\\\/sk8pointnet\\\/\",\"https:\\\/\\\/x.com\\\/sk8net\",\"https:\\\/\\\/www.instagram.com\\\/sk8pointnet\\\/\",\"https:\\\/\\\/www.linkedin.com\\\/in\\\/sk8-net-030404a9\\\/\"]}]}<\/script>\n<!-- \/ Yoast SEO plugin. -->","yoast_head_json":{"title":"SAUBION (40) - SK8.NET","robots":{"index":"index","follow":"follow","max-snippet":"max-snippet:-1","max-image-preview":"max-image-preview:large","max-video-preview":"max-video-preview:-1"},"canonical":"https:\/\/www.sk8.net\/wp\/?page_id=1197","og_locale":"fr_FR","og_type":"article","og_title":"SAUBION (40) - SK8.NET","og_description":"Le Skatepark de Saubion (40)&gt; Un petit park en b\u00e9ton aussi bien foutu dans un si petit village. 300 m2","og_url":"https:\/\/www.sk8.net\/wp\/?page_id=1197","og_site_name":"SK8.NET","article_publisher":"https:\/\/www.facebook.com\/sk8pointnet\/","article_modified_time":"2026-02-14T16:31:58+00:00","og_image":[{"width":645,"height":165,"url":"https:\/\/www.sk8.net\/wp\/wp-content\/uploads\/2009\/12\/saubionpano-1.jpg","type":"image\/jpeg"}],"twitter_card":"summary_large_image","twitter_site":"@sk8net","twitter_misc":{"Dur\u00e9e de lecture estim\u00e9e":"1 minute"},"schema":{"@context":"https:\/\/schema.org","@graph":[{"@type":"WebPage","@id":"https:\/\/www.sk8.net\/wp\/?page_id=1197","url":"https:\/\/www.sk8.net\/wp\/?page_id=1197","name":"SAUBION (40) - SK8.NET","isPartOf":{"@id":"https:\/\/www.sk8.net\/wp\/#website"},"primaryImageOfPage":{"@id":"https:\/\/www.sk8.net\/wp\/?page_id=1197#primaryimage"},"image":{"@id":"https:\/\/www.sk8.net\/wp\/?page_id=1197#primaryimage"},"thumbnailUrl":"http:\/\/www.sk8.net\/wp\/wp-content\/uploads\/2009\/12\/saubionpano-1.jpg","datePublished":"2009-12-03T11:44:14+00:00","dateModified":"2026-02-14T16:31:58+00:00","breadcrumb":{"@id":"https:\/\/www.sk8.net\/wp\/?page_id=1197#breadcrumb"},"inLanguage":"fr-FR","potentialAction":[{"@type":"ReadAction","target":["https:\/\/www.sk8.net\/wp\/?page_id=1197"]}]},{"@type":"ImageObject","inLanguage":"fr-FR","@id":"https:\/\/www.sk8.net\/wp\/?page_id=1197#primaryimage","url":"http:\/\/www.sk8.net\/wp\/wp-content\/uploads\/2009\/12\/saubionpano-1.jpg","contentUrl":"http:\/\/www.sk8.net\/wp\/wp-content\/uploads\/2009\/12\/saubionpano-1.jpg"},{"@type":"BreadcrumbList","@id":"https:\/\/www.sk8.net\/wp\/?page_id=1197#breadcrumb","itemListElement":[{"@type":"ListItem","position":1,"name":"SKATEPARK LISTE","item":"https:\/\/www.sk8.net\/wp\/?page_id=27163"},{"@type":"ListItem","position":2,"name":"SKATEPARKS_M>Z","item":"https:\/\/www.sk8.net\/wp\/?page_id=21232"},{"@type":"ListItem","position":3,"name":"SAUBION (40)"}]},{"@type":"WebSite","@id":"https:\/\/www.sk8.net\/wp\/#website","url":"https:\/\/www.sk8.net\/wp\/","name":"SK8.NET","description":"Skateboard Mag.","publisher":{"@id":"https:\/\/www.sk8.net\/wp\/#organization"},"alternateName":"www.sk8.net","potentialAction":[{"@type":"SearchAction","target":{"@type":"EntryPoint","urlTemplate":"https:\/\/www.sk8.net\/wp\/?s={search_term_string}"},"query-input":{"@type":"PropertyValueSpecification","valueRequired":true,"valueName":"search_term_string"}}],"inLanguage":"fr-FR"},{"@type":"Organization","@id":"https:\/\/www.sk8.net\/wp\/#organization","name":"SK8.NET","url":"https:\/\/www.sk8.net\/wp\/","logo":{"@type":"ImageObject","inLanguage":"fr-FR","@id":"https:\/\/www.sk8.net\/wp\/#\/schema\/logo\/image\/","url":"https:\/\/www.sk8.net\/wp\/wp-content\/uploads\/2023\/01\/Logo-SK8net_Clrs_2017.png","contentUrl":"https:\/\/www.sk8.net\/wp\/wp-content\/uploads\/2023\/01\/Logo-SK8net_Clrs_2017.png","width":865,"height":250,"caption":"SK8.NET"},"image":{"@id":"https:\/\/www.sk8.net\/wp\/#\/schema\/logo\/image\/"},"sameAs":["https:\/\/www.facebook.com\/sk8pointnet\/","https:\/\/x.com\/sk8net","https:\/\/www.instagram.com\/sk8pointnet\/","https:\/\/www.linkedin.com\/in\/sk8-net-030404a9\/"]}]}},"amp_enabled":true,"_links":{"self":[{"href":"https:\/\/www.sk8.net\/wp\/index.php?rest_route=\/wp\/v2\/pages\/1197","targetHints":{"allow":["GET"]}}],"collection":[{"href":"https:\/\/www.sk8.net\/wp\/index.php?rest_route=\/wp\/v2\/pages"}],"about":[{"href":"https:\/\/www.sk8.net\/wp\/index.php?rest_route=\/wp\/v2\/types\/page"}],"author":[{"embeddable":true,"href":"https:\/\/www.sk8.net\/wp\/index.php?rest_route=\/wp\/v2\/users\/2"}],"replies":[{"embeddable":true,"href":"https:\/\/www.sk8.net\/wp\/index.php?rest_route=%2Fwp%2Fv2%2Fcomments&post=1197"}],"version-history":[{"count":0,"href":"https:\/\/www.sk8.net\/wp\/index.php?rest_route=\/wp\/v2\/pages\/1197\/revisions"}],"up":[{"embeddable":true,"href":"https:\/\/www.sk8.net\/wp\/index.php?rest_route=\/wp\/v2\/pages\/21232"}],"wp:attachment":[{"href":"https:\/\/www.sk8.net\/wp\/index.php?rest_route=%2Fwp%2Fv2%2Fmedia&parent=1197"}],"curies":[{"name":"wp","href":"https:\/\/api.w.org\/{rel}","templated":true}]}}